{"id":21553,"date":"2025-12-04T14:56:31","date_gmt":"2025-12-04T20:56:31","guid":{"rendered":"https:\/\/maiglobal.org\/?page_id=21553"},"modified":"2025-12-28T21:25:39","modified_gmt":"2025-12-29T03:25:39","slug":"stephane-kapitaniuk","status":"publish","type":"page","link":"https:\/\/maiglobal.org\/ar\/stephane-kapitaniuk\/","title":{"rendered":"St\u00e9phane Kapitaniuk"},"content":{"rendered":"<div id=\"fb-root\"><\/div>\n\t\t<div data-elementor-type=\"wp-page\" data-elementor-id=\"21553\" class=\"elementor elementor-21553\" data-elementor-post-type=\"page\">\n\t\t\t\t<div class=\"elementor-element elementor-element-8bd3eec e-flex e-con-boxed e-con e-parent\" data-id=\"8bd3eec\" data-element_type=\"container\">\n\t\t\t\t\t<div class=\"e-con-inner\">\n\t\t\t\t<div class=\"elementor-element elementor-element-d2385e0 elementor-widget elementor-widget-link-in-bio\" data-id=\"d2385e0\" data-element_type=\"widget\" data-widget_type=\"link-in-bio.default\">\n\t\t\t\t<div class=\"elementor-widget-container\">\n\t\t\t\t\t\t\t<div class=\"e-link-in-bio e-link-in-bio\">\n\t\t\t<div class=\"e-link-in-bio__content\">\n\n\t\t\t\t\t\t<div class=\"e-link-in-bio__identity\">\n\t\t\t\t\t\t\t\t\t<div class=\"e-link-in-bio__identity-image e-link-in-bio__identity-image-cover\">\n\t\t\t\t\t\t\t<img decoding=\"async\" width=\"200\" height=\"200\" src=\"https:\/\/maiglobal.org\/wp-content\/uploads\/2025\/11\/BLF-Editions.png\" class=\"e-link-in-bio__identity-image-element\" alt=\"\" srcset=\"https:\/\/maiglobal.org\/wp-content\/uploads\/2025\/11\/BLF-Editions.png 200w, https:\/\/maiglobal.org\/wp-content\/uploads\/2025\/11\/BLF-Editions-150x150.png 150w, https:\/\/maiglobal.org\/wp-content\/uploads\/2025\/11\/BLF-Editions-100x100.png 100w\" sizes=\"(max-width: 200px) 100vw, 200px\" \/>\t\t\t\t\t\t\t\t\t\t\t\t\t<\/div>\n\t\t\t\t\t\t\t<\/div>\n\t\t\t\t\t<div class=\"e-link-in-bio__bio\">\n\t\t\t\t<h2 class=\"e-link-in-bio__heading\">St\u00e9phane Kapitaniuk<\/h2>\t\t\t\t<h3 class=\"e-link-in-bio__title\">BLF \u00c9ditions<\/h3>\t\t\t\t\t\t\t\t<p class=\"e-link-in-bio__description\">BLF Editions is a not-for-profit Christian ministry which publishes resources for France and the French-speaking world. We exist to help fuel a passion for God in the French-speaking world by creating and distributing Gospel-centered resources.\nToday the ministry focuses on:\n\nIdentifying and publishing French-speaking authors who could write Gospel-centered books.\nTranslating English books to French (we have translated authors such as Paul Tripp, Nancy Guthrie, Francis Chan, John Piper, Simon Guillebaud, Catalina Echeverri among others)\nForming partnerships in the French-speaking world to help with other mission needs (in France we have partnered with the CNEF, JPC France, Portes Ouvertes, SEL)\nIn 2020, we distributed over 200,000 books in the French-speaking world. Our store: blfstore.com<\/p>\t\t\t<\/div>\n\t\t\t\t\t<div class=\"e-link-in-bio__icons has-size-small\">\n\t\t\t\t\t\t\t<div class=\"e-link-in-bio__icon is-size-small\">\n\t\t\t\t\t<a aria-label=\"Email\" class=\"e-link-in-bio__icon-link\" href=\"mailto:stephane@blfeditions.com\">\n\t\t\t\t\t\t<span class=\"e-link-in-bio__icon-svg\">\n\t\t\t\t\t\t\t<i aria-hidden=\"true\" class=\"fas fa-envelope\"><\/i>\t\t\t\t\t\t<\/span>\n\t\t\t\t\t\t\t\t\t\t\t<\/a>\n\t\t\t\t<\/div>\n\t\t\t\t\t<\/div>\n\t\t\n\t\t<div class=\"e-link-in-bio__ctas has-type-button\">\n\t\t\t\t\t\t\t<a href=\"http:\/\/blfstore.com\" target=\"_blank\" rel=\"noopener \" class=\"e-link-in-bio__cta is-type-button has-corners-rounded\">\n\t\t\t\t\t\t\t\t\t\t<span class=\"e-link-in-bio__cta-text\">\n\t\t\t\t\t\tVisit Website\t\t\t\t\t<\/span>\n\t\t\t\t<\/a>\n\t\t\t\t\t<\/div>\n\t\t\n\t\t\t<\/div>\n\t\t\t<div class=\"e-link-in-bio__bg\">\n\t\t\t\t<div class=\"e-link-in-bio__bg-overlay\"><\/div>\n\t\t\t<\/div>\n\t\t<\/div>\n\t\t\t\t\t\t<\/div>\n\t\t\t\t<\/div>\n\t\t\t\t\t<\/div>\n\t\t\t\t<\/div>\n\t\t\t\t<\/div>","protected":false},"excerpt":{"rendered":"<p>St\u00e9phane Kapitaniuk BLF \u00c9ditions BLF Editions is a not-for-profit Christian ministry which publishes resources for France and the French-speaking world. We exist to help fuel a passion for God in the French-speaking world by creating and distributing Gospel-centered resources. Today the ministry focuses on: Identifying and publishing French-speaking authors who could write Gospel-centered books. Translating [&hellip;]<\/p>","protected":false},"author":2000,"featured_media":0,"parent":0,"menu_order":0,"comment_status":"closed","ping_status":"closed","template":"","meta":{"give_campaign_id":0,"site-sidebar-layout":"no-sidebar","site-content-layout":"page-builder","ast-site-content-layout":"full-width-container","site-content-style":"default","site-sidebar-style":"default","ast-global-header-display":"","ast-banner-title-visibility":"","ast-main-header-display":"","ast-hfb-above-header-display":"","ast-hfb-below-header-display":"","ast-hfb-mobile-header-display":"","site-post-title":"disabled","ast-breadcrumbs-content":"","ast-featured-img":"disabled","footer-sml-layout":"","theme-transparent-header-meta":"","adv-header-id-meta":"","stick-header-meta":"","header-above-stick-meta":"","header-main-stick-meta":"","header-below-stick-meta":"","astra-migrate-meta-layouts":"default","ast-page-background-enabled":"default","ast-page-background-meta":{"desktop":{"background-color":"","background-image":"","background-repeat":"repeat","background-position":"center center","background-size":"auto","background-attachment":"scroll","background-type":"","background-media":"","overlay-type":"","overlay-color":"","overlay-opacity":"","overlay-gradient":""},"tablet":{"background-color":"","background-image":"","background-repeat":"repeat","background-position":"center center","background-size":"auto","background-attachment":"scroll","background-type":"","background-media":"","overlay-type":"","overlay-color":"","overlay-opacity":"","overlay-gradient":""},"mobile":{"background-color":"","background-image":"","background-repeat":"repeat","background-position":"center center","background-size":"auto","background-attachment":"scroll","background-type":"","background-media":"","overlay-type":"","overlay-color":"","overlay-opacity":"","overlay-gradient":""}},"ast-content-background-meta":{"desktop":{"background-color":"var(--ast-global-color-5)","background-image":"","background-repeat":"repeat","background-position":"center center","background-size":"auto","background-attachment":"scroll","background-type":"","background-media":"","overlay-type":"","overlay-color":"","overlay-opacity":"","overlay-gradient":""},"tablet":{"background-color":"var(--ast-global-color-5)","background-image":"","background-repeat":"repeat","background-position":"center center","background-size":"auto","background-attachment":"scroll","background-type":"","background-media":"","overlay-type":"","overlay-color":"","overlay-opacity":"","overlay-gradient":""},"mobile":{"background-color":"var(--ast-global-color-5)","background-image":"","background-repeat":"repeat","background-position":"center center","background-size":"auto","background-attachment":"scroll","background-type":"","background-media":"","overlay-type":"","overlay-color":"","overlay-opacity":"","overlay-gradient":""}},"iawp_total_views":17,"footnotes":""},"class_list":["post-21553","page","type-page","status-publish","hentry"],"yoast_head":"<!-- This site is optimized with the Yoast SEO plugin v26.9 - https:\/\/yoast.com\/product\/yoast-seo-wordpress\/ -->\n<title>St\u00e9phane Kapitaniuk - Media Associates International<\/title>\n<meta name=\"robots\" content=\"index, follow, max-snippet:-1, max-image-preview:large, max-video-preview:-1\" \/>\n<link rel=\"canonical\" href=\"https:\/\/maiglobal.org\/ar\/stephane-kapitaniuk\/\" \/>\n<meta property=\"og:locale\" content=\"ar_AR\" \/>\n<meta property=\"og:type\" content=\"article\" \/>\n<meta property=\"og:title\" content=\"St\u00e9phane Kapitaniuk - Media Associates International\" \/>\n<meta property=\"og:description\" content=\"St\u00e9phane Kapitaniuk BLF \u00c9ditions BLF Editions is a not-for-profit Christian ministry which publishes resources for France and the French-speaking world. We exist to help fuel a passion for God in the French-speaking world by creating and distributing Gospel-centered resources. Today the ministry focuses on: Identifying and publishing French-speaking authors who could write Gospel-centered books. Translating [&hellip;]\" \/>\n<meta property=\"og:url\" content=\"https:\/\/maiglobal.org\/ar\/stephane-kapitaniuk\/\" \/>\n<meta property=\"og:site_name\" content=\"Media Associates International\" \/>\n<meta property=\"article:modified_time\" content=\"2025-12-29T03:25:39+00:00\" \/>\n<meta property=\"og:image\" content=\"https:\/\/maiglobal.org\/wp-content\/uploads\/2025\/11\/BLF-Editions.png\" \/>\n<meta name=\"twitter:card\" content=\"summary_large_image\" \/>\n<meta name=\"twitter:label1\" content=\"\u0648\u0642\u062a \u0627\u0644\u0642\u0631\u0627\u0621\u0629 \u0627\u0644\u0645\u064f\u0642\u062f\u0651\u0631\" \/>\n\t<meta name=\"twitter:data1\" content=\"\u062f\u0642\u064a\u0642\u0629 \u0648\u0627\u062d\u062f\u0629\" \/>\n<script type=\"application\/ld+json\" class=\"yoast-schema-graph\">{\"@context\":\"https:\/\/schema.org\",\"@graph\":[{\"@type\":\"WebPage\",\"@id\":\"https:\/\/maiglobal.org\/stephane-kapitaniuk\/\",\"url\":\"https:\/\/maiglobal.org\/stephane-kapitaniuk\/\",\"name\":\"St\u00e9phane Kapitaniuk - Media Associates International\",\"isPartOf\":{\"@id\":\"https:\/\/maiglobal.org\/#website\"},\"primaryImageOfPage\":{\"@id\":\"https:\/\/maiglobal.org\/stephane-kapitaniuk\/#primaryimage\"},\"image\":{\"@id\":\"https:\/\/maiglobal.org\/stephane-kapitaniuk\/#primaryimage\"},\"thumbnailUrl\":\"https:\/\/maiglobal.org\/wp-content\/uploads\/2025\/11\/BLF-Editions.png\",\"datePublished\":\"2025-12-04T20:56:31+00:00\",\"dateModified\":\"2025-12-29T03:25:39+00:00\",\"breadcrumb\":{\"@id\":\"https:\/\/maiglobal.org\/stephane-kapitaniuk\/#breadcrumb\"},\"inLanguage\":\"ar\",\"potentialAction\":[{\"@type\":\"ReadAction\",\"target\":[\"https:\/\/maiglobal.org\/stephane-kapitaniuk\/\"]}]},{\"@type\":\"ImageObject\",\"inLanguage\":\"ar\",\"@id\":\"https:\/\/maiglobal.org\/stephane-kapitaniuk\/#primaryimage\",\"url\":\"https:\/\/maiglobal.org\/wp-content\/uploads\/2025\/11\/BLF-Editions.png\",\"contentUrl\":\"https:\/\/maiglobal.org\/wp-content\/uploads\/2025\/11\/BLF-Editions.png\"},{\"@type\":\"BreadcrumbList\",\"@id\":\"https:\/\/maiglobal.org\/stephane-kapitaniuk\/#breadcrumb\",\"itemListElement\":[{\"@type\":\"ListItem\",\"position\":1,\"name\":\"Home\",\"item\":\"https:\/\/maiglobal.org\/\"},{\"@type\":\"ListItem\",\"position\":2,\"name\":\"St\u00e9phane Kapitaniuk\"}]},{\"@type\":\"WebSite\",\"@id\":\"https:\/\/maiglobal.org\/#website\",\"url\":\"https:\/\/maiglobal.org\/\",\"name\":\"Media Associates International\",\"description\":\"The power of the written word transforms lives.\",\"publisher\":{\"@id\":\"https:\/\/maiglobal.org\/#organization\"},\"potentialAction\":[{\"@type\":\"SearchAction\",\"target\":{\"@type\":\"EntryPoint\",\"urlTemplate\":\"https:\/\/maiglobal.org\/?s={search_term_string}\"},\"query-input\":{\"@type\":\"PropertyValueSpecification\",\"valueRequired\":true,\"valueName\":\"search_term_string\"}}],\"inLanguage\":\"ar\"},{\"@type\":\"Organization\",\"@id\":\"https:\/\/maiglobal.org\/#organization\",\"name\":\"Media Associates International\",\"url\":\"https:\/\/maiglobal.org\/\",\"logo\":{\"@type\":\"ImageObject\",\"inLanguage\":\"ar\",\"@id\":\"https:\/\/maiglobal.org\/#\/schema\/logo\/image\/\",\"url\":\"https:\/\/maiglobal.org\/wp-content\/uploads\/2017\/01\/maismall.jpg\",\"contentUrl\":\"https:\/\/maiglobal.org\/wp-content\/uploads\/2017\/01\/maismall.jpg\",\"width\":145,\"height\":60,\"caption\":\"Media Associates International\"},\"image\":{\"@id\":\"https:\/\/maiglobal.org\/#\/schema\/logo\/image\/\"}}]}<\/script>\n<!-- \/ Yoast SEO plugin. -->","yoast_head_json":{"title":"St\u00e9phane Kapitaniuk - Media Associates International","robots":{"index":"index","follow":"follow","max-snippet":"max-snippet:-1","max-image-preview":"max-image-preview:large","max-video-preview":"max-video-preview:-1"},"canonical":"https:\/\/maiglobal.org\/ar\/stephane-kapitaniuk\/","og_locale":"ar_AR","og_type":"article","og_title":"St\u00e9phane Kapitaniuk - Media Associates International","og_description":"St\u00e9phane Kapitaniuk BLF \u00c9ditions BLF Editions is a not-for-profit Christian ministry which publishes resources for France and the French-speaking world. We exist to help fuel a passion for God in the French-speaking world by creating and distributing Gospel-centered resources. Today the ministry focuses on: Identifying and publishing French-speaking authors who could write Gospel-centered books. Translating [&hellip;]","og_url":"https:\/\/maiglobal.org\/ar\/stephane-kapitaniuk\/","og_site_name":"Media Associates International","article_modified_time":"2025-12-29T03:25:39+00:00","og_image":[{"url":"https:\/\/maiglobal.org\/wp-content\/uploads\/2025\/11\/BLF-Editions.png","type":"","width":"","height":""}],"twitter_card":"summary_large_image","twitter_misc":{"\u0648\u0642\u062a \u0627\u0644\u0642\u0631\u0627\u0621\u0629 \u0627\u0644\u0645\u064f\u0642\u062f\u0651\u0631":"\u062f\u0642\u064a\u0642\u0629 \u0648\u0627\u062d\u062f\u0629"},"schema":{"@context":"https:\/\/schema.org","@graph":[{"@type":"WebPage","@id":"https:\/\/maiglobal.org\/stephane-kapitaniuk\/","url":"https:\/\/maiglobal.org\/stephane-kapitaniuk\/","name":"St\u00e9phane Kapitaniuk - Media Associates International","isPartOf":{"@id":"https:\/\/maiglobal.org\/#website"},"primaryImageOfPage":{"@id":"https:\/\/maiglobal.org\/stephane-kapitaniuk\/#primaryimage"},"image":{"@id":"https:\/\/maiglobal.org\/stephane-kapitaniuk\/#primaryimage"},"thumbnailUrl":"https:\/\/maiglobal.org\/wp-content\/uploads\/2025\/11\/BLF-Editions.png","datePublished":"2025-12-04T20:56:31+00:00","dateModified":"2025-12-29T03:25:39+00:00","breadcrumb":{"@id":"https:\/\/maiglobal.org\/stephane-kapitaniuk\/#breadcrumb"},"inLanguage":"ar","potentialAction":[{"@type":"ReadAction","target":["https:\/\/maiglobal.org\/stephane-kapitaniuk\/"]}]},{"@type":"ImageObject","inLanguage":"ar","@id":"https:\/\/maiglobal.org\/stephane-kapitaniuk\/#primaryimage","url":"https:\/\/maiglobal.org\/wp-content\/uploads\/2025\/11\/BLF-Editions.png","contentUrl":"https:\/\/maiglobal.org\/wp-content\/uploads\/2025\/11\/BLF-Editions.png"},{"@type":"BreadcrumbList","@id":"https:\/\/maiglobal.org\/stephane-kapitaniuk\/#breadcrumb","itemListElement":[{"@type":"ListItem","position":1,"name":"Home","item":"https:\/\/maiglobal.org\/"},{"@type":"ListItem","position":2,"name":"St\u00e9phane Kapitaniuk"}]},{"@type":"WebSite","@id":"https:\/\/maiglobal.org\/#website","url":"https:\/\/maiglobal.org\/","name":"Media Associates International","description":"The power of the written word transforms lives.","publisher":{"@id":"https:\/\/maiglobal.org\/#organization"},"potentialAction":[{"@type":"SearchAction","target":{"@type":"EntryPoint","urlTemplate":"https:\/\/maiglobal.org\/?s={search_term_string}"},"query-input":{"@type":"PropertyValueSpecification","valueRequired":true,"valueName":"search_term_string"}}],"inLanguage":"ar"},{"@type":"Organization","@id":"https:\/\/maiglobal.org\/#organization","name":"Media Associates International","url":"https:\/\/maiglobal.org\/","logo":{"@type":"ImageObject","inLanguage":"ar","@id":"https:\/\/maiglobal.org\/#\/schema\/logo\/image\/","url":"https:\/\/maiglobal.org\/wp-content\/uploads\/2017\/01\/maismall.jpg","contentUrl":"https:\/\/maiglobal.org\/wp-content\/uploads\/2017\/01\/maismall.jpg","width":145,"height":60,"caption":"Media Associates International"},"image":{"@id":"https:\/\/maiglobal.org\/#\/schema\/logo\/image\/"}}]}},"campaignId":"","_links":{"self":[{"href":"https:\/\/maiglobal.org\/ar\/wp-json\/wp\/v2\/pages\/21553","targetHints":{"allow":["GET"]}}],"collection":[{"href":"https:\/\/maiglobal.org\/ar\/wp-json\/wp\/v2\/pages"}],"about":[{"href":"https:\/\/maiglobal.org\/ar\/wp-json\/wp\/v2\/types\/page"}],"author":[{"embeddable":true,"href":"https:\/\/maiglobal.org\/ar\/wp-json\/wp\/v2\/users\/2000"}],"replies":[{"embeddable":true,"href":"https:\/\/maiglobal.org\/ar\/wp-json\/wp\/v2\/comments?post=21553"}],"version-history":[{"count":4,"href":"https:\/\/maiglobal.org\/ar\/wp-json\/wp\/v2\/pages\/21553\/revisions"}],"predecessor-version":[{"id":22889,"href":"https:\/\/maiglobal.org\/ar\/wp-json\/wp\/v2\/pages\/21553\/revisions\/22889"}],"wp:attachment":[{"href":"https:\/\/maiglobal.org\/ar\/wp-json\/wp\/v2\/media?parent=21553"}],"curies":[{"name":"wp","href":"https:\/\/api.w.org\/{rel}","templated":true}]}}