{"id":9089,"date":"2020-08-17T13:38:24","date_gmt":"2020-08-17T18:38:24","guid":{"rendered":"https:\/\/maiglobal.org\/?page_id=9089"},"modified":"2020-08-17T13:54:32","modified_gmt":"2020-08-17T18:54:32","slug":"segundo-lugar-lo-que-sostiene-nuestra-esperanza","status":"publish","type":"page","link":"https:\/\/maiglobal.org\/ar\/writing-contest\/segundo-lugar-lo-que-sostiene-nuestra-esperanza\/","title":{"rendered":"\u0627\u0644\u0645\u0631\u0643\u0632 \u0627\u0644\u062b\u0627\u0646\u064a: \u0644\u0648 que sostiene nuestra esperanza"},"content":{"rendered":"<div id=\"fb-root\"><\/div>\n<p><span lang=\"ES-CL\"><strong>Nos complace anunciar que Nataly Vergara Adrianz\u00e9n del Peru gan\u00f3 el segundo lugar\u00a0en nuestro primer <a href=\"http:\/\/bit.ly\/2XulzgF\">concurso de escritores<\/a>.\u00a0<\/strong> La jueza del concurso, Sally Is\u00e1is Ram\u00edrez, es editora, autora y directora del ministerio MILAMEX en Mexico. De la par\u00e1bola de Nataly, Sally coment\u00f3:\u00a0<\/span><strong><span lang=\"ES-CL\">\u201cOriginal, fresca, aplicable. Entendible y bien escrita\u201d. <\/span><\/strong><span lang=\"ES-CL\">Unos 58 participants de muchos pa\u00edses de Am\u00e9rica Latina enviaron sus escritos.<\/span><\/p>\n<p>Por Nataly Vergara Adrianz\u00e9n<\/p>\n<div>Una ni\u00f1a que jugaba en el bosque decidi\u00f3 construir un jard\u00edn donde pudiera sembrar las plantas m\u00e1s maravillosas que jam\u00e1s podr\u00eda imaginar y para que sean sus amigas y crecieran juntas. La ni\u00f1a lo construy\u00f3 con gran esfuerzo y luego fue a buscar las semillas. Primero se dirigi\u00f3 al r\u00edo donde encontr\u00f3 los \u00e1rboles con los frutos m\u00e1s hermosos que hab\u00eda en el bosque, pero ten\u00eda que cruzar y el r\u00edo era caudaloso. As\u00ed que tuvo que esperar, minutos, horas, d\u00edas, pero cuando el r\u00edo baj\u00f3 su cauce, ella cruz\u00f3, obtuvo la semilla y la sembr\u00f3 en su jard\u00edn. \u201cT\u00fa te llamar\u00e1s paciencia, por lo que me ense\u00f1aste a esperar\u201d le dijo. Luego fue al monte en donde vio en lo alto un \u00e1rbol recio y esbelto que hac\u00eda la sombra m\u00e1s frondosa. La ni\u00f1a intent\u00f3 trepar y cay\u00f3, lo volvi\u00f3 a intentar y volvi\u00f3 caer. Lo hizo 3, 4, 5, 6, 7 veces y volvi\u00f3 a caer, pero no se rindi\u00f3. Y tras mucho esfuerzo al fin lleg\u00f3 a la cima y la consigui\u00f3. Al sembrarla le dijo \u201cT\u00fa ser\u00e1s perseverancia por lo que me ense\u00f1aste a nunca rendirme\u201d. Luego la ni\u00f1a decidi\u00f3 ir por la \u00faltima semilla, aquella de ese \u00e1rbol que solo aparec\u00eda en la noche cuando una verdaderamente cre\u00eda. Esa noche la ni\u00f1a esper\u00f3 creyendo sin ver hasta que el \u00e1rbol apareci\u00f3. Ella tom\u00f3 una semilla y la sembr\u00f3, \u201cT\u00fa ser\u00e1s fe porque tuve que creer para conseguirte\u201d.<\/div>\n<div><\/div>\n<div>La ni\u00f1a cuid\u00f3 de las semillas por largo tiempo, \u00e9stas empezaron a crecer y ella tambi\u00e9n. Se volvieron plantas con tallos, crecieron hojas y empezaron a florecer. Un d\u00eda empez\u00f3 una tormenta que inund\u00f3 el bosque, la ni\u00f1a no pudo ir al jard\u00edn a visitar a sus amigas por muchos d\u00edas, preocupada por ellas apenas la tormenta amain\u00f3 fue a verlas. El jard\u00edn estaba destruido y las plantas desaparecidas. La ni\u00f1a llor\u00f3, pero al volver a mirar se dio cuenta que quedaban las ra\u00edces. Excav\u00f3 y encontr\u00f3 que las ra\u00edces de fe hab\u00edan sostenido a paciencia y perseverancia. La tormenta hab\u00eda arrasado, pero fe hab\u00eda resistido y sostenido a sus otras dos amigas. La ni\u00f1a llena de alegr\u00eda agradeci\u00f3 porque ten\u00eda esperanza que ellas volver\u00edan a crecer, solo ten\u00eda que tener paciencia, ser perseverante y creer, pues la esperanza nace de esas tres cosas, pero es la fe en Dios la que la mantiene viva.<\/div>\n<p><img decoding=\"async\" class=\"wp-image-9090 alignleft\" src=\"https:\/\/maiglobal.org\/wp-content\/uploads\/2020\/08\/Nataly-cropped.jpg\" alt=\"\" width=\"200\" height=\"189\" srcset=\"https:\/\/maiglobal.org\/wp-content\/uploads\/2020\/08\/Nataly-cropped.jpg 399w, https:\/\/maiglobal.org\/wp-content\/uploads\/2020\/08\/Nataly-cropped-300x283.jpg 300w, https:\/\/maiglobal.org\/wp-content\/uploads\/2020\/08\/Nataly-cropped-198x187.jpg 198w\" sizes=\"(max-width: 200px) 100vw, 200px\" \/><strong><em>Nataly Vergara Adrianz\u00e9n, artista, cineasta y guionista de Lima, Per\u00fa. Co-Fundadora de La Taberna Studios, casa productora de cine, televisi\u00f3n y nuevos medios. Es miembro de la Iglesia iCaf\u00e9 Lima y ha trabajado en teatro, cine, publicidad y medios digitales.<\/em><\/strong><\/p>\n<p><strong>\u00bb<a href=\"https:\/\/maiglobal.org\/ar\/writing-contest\/primer-premio-parabola-de-las-esperanzas\/\">Lea <span lang=\"ES-CL\">la par\u00e1bola que gan\u00f3\u00a0<\/span>el primer premio<\/a><\/strong> por\u00a0<span lang=\"ES-CL\">Katherine Alvarado de Estrada de Guatemala. <\/span><\/p>","protected":false},"excerpt":{"rendered":"<p>Nos complace anunciar que Nataly Vergara Adrianz\u00e9n del Peru gan\u00f3 el segundo lugar\u00a0en nuestro primer concurso de escritores.\u00a0 La jueza del concurso, Sally Is\u00e1is Ram\u00edrez, es editora, autora y directora del ministerio MILAMEX en Mexico. De la par\u00e1bola de Nataly, Sally coment\u00f3:\u00a0\u201cOriginal, fresca, aplicable. Entendible y bien escrita\u201d. Unos 58 participants de muchos pa\u00edses de [&hellip;]<\/p>","protected":false},"author":4,"featured_media":9096,"parent":9021,"menu_order":5,"comment_status":"closed","ping_status":"closed","template":"","meta":{"give_campaign_id":0,"site-sidebar-layout":"default","site-content-layout":"","ast-site-content-layout":"","site-content-style":"default","site-sidebar-style":"default","ast-global-header-display":"","ast-banner-title-visibility":"","ast-main-header-display":"","ast-hfb-above-header-display":"","ast-hfb-below-header-display":"","ast-hfb-mobile-header-display":"","site-post-title":"","ast-breadcrumbs-content":"","ast-featured-img":"","footer-sml-layout":"","theme-transparent-header-meta":"","adv-header-id-meta":"","stick-header-meta":"","header-above-stick-meta":"","header-main-stick-meta":"","header-below-stick-meta":"","astra-migrate-meta-layouts":"default","ast-page-background-enabled":"default","ast-page-background-meta":{"desktop":{"background-color":"","background-image":"","background-repeat":"repeat","background-position":"center center","background-size":"auto","background-attachment":"scroll","background-type":"","background-media":"","overlay-type":"","overlay-color":"","overlay-opacity":"","overlay-gradient":""},"tablet":{"background-color":"","background-image":"","background-repeat":"repeat","background-position":"center center","background-size":"auto","background-attachment":"scroll","background-type":"","background-media":"","overlay-type":"","overlay-color":"","overlay-opacity":"","overlay-gradient":""},"mobile":{"background-color":"","background-image":"","background-repeat":"repeat","background-position":"center center","background-size":"auto","background-attachment":"scroll","background-type":"","background-media":"","overlay-type":"","overlay-color":"","overlay-opacity":"","overlay-gradient":""}},"ast-content-background-meta":{"desktop":{"background-color":"var(--ast-global-color-5)","background-image":"","background-repeat":"repeat","background-position":"center center","background-size":"auto","background-attachment":"scroll","background-type":"","background-media":"","overlay-type":"","overlay-color":"","overlay-opacity":"","overlay-gradient":""},"tablet":{"background-color":"var(--ast-global-color-5)","background-image":"","background-repeat":"repeat","background-position":"center center","background-size":"auto","background-attachment":"scroll","background-type":"","background-media":"","overlay-type":"","overlay-color":"","overlay-opacity":"","overlay-gradient":""},"mobile":{"background-color":"var(--ast-global-color-5)","background-image":"","background-repeat":"repeat","background-position":"center center","background-size":"auto","background-attachment":"scroll","background-type":"","background-media":"","overlay-type":"","overlay-color":"","overlay-opacity":"","overlay-gradient":""}},"iawp_total_views":11,"footnotes":""},"class_list":["post-9089","page","type-page","status-publish","has-post-thumbnail","hentry"],"yoast_head":"<!-- This site is optimized with the Yoast SEO plugin v26.9 - https:\/\/yoast.com\/product\/yoast-seo-wordpress\/ -->\n<title>Segundo lugar: Lo que sostiene nuestra esperanza - Media Associates International<\/title>\n<meta name=\"robots\" content=\"index, follow, max-snippet:-1, max-image-preview:large, max-video-preview:-1\" \/>\n<link rel=\"canonical\" href=\"https:\/\/maiglobal.org\/ar\/writing-contest\/segundo-lugar-lo-que-sostiene-nuestra-esperanza\/\" \/>\n<meta property=\"og:locale\" content=\"ar_AR\" \/>\n<meta property=\"og:type\" content=\"article\" \/>\n<meta property=\"og:title\" content=\"Segundo lugar: Lo que sostiene nuestra esperanza - Media Associates International\" \/>\n<meta property=\"og:description\" content=\"Nos complace anunciar que Nataly Vergara Adrianz\u00e9n del Peru gan\u00f3 el segundo lugar\u00a0en nuestro primer concurso de escritores.\u00a0 La jueza del concurso, Sally Is\u00e1is Ram\u00edrez, es editora, autora y directora del ministerio MILAMEX en Mexico. De la par\u00e1bola de Nataly, Sally coment\u00f3:\u00a0\u201cOriginal, fresca, aplicable. Entendible y bien escrita\u201d. Unos 58 participants de muchos pa\u00edses de [&hellip;]\" \/>\n<meta property=\"og:url\" content=\"https:\/\/maiglobal.org\/ar\/writing-contest\/segundo-lugar-lo-que-sostiene-nuestra-esperanza\/\" \/>\n<meta property=\"og:site_name\" content=\"Media Associates International\" \/>\n<meta property=\"article:modified_time\" content=\"2020-08-17T18:54:32+00:00\" \/>\n<meta property=\"og:image\" content=\"https:\/\/maiglobal.org\/wp-content\/uploads\/2020\/08\/Nataly-Vergara-.jpg\" \/>\n\t<meta property=\"og:image:width\" content=\"773\" \/>\n\t<meta property=\"og:image:height\" content=\"773\" \/>\n\t<meta property=\"og:image:type\" content=\"image\/jpeg\" \/>\n<meta name=\"twitter:card\" content=\"summary_large_image\" \/>\n<meta name=\"twitter:label1\" content=\"\u0648\u0642\u062a \u0627\u0644\u0642\u0631\u0627\u0621\u0629 \u0627\u0644\u0645\u064f\u0642\u062f\u0651\u0631\" \/>\n\t<meta name=\"twitter:data1\" content=\"3 \u062f\u0642\u0627\u0626\u0642\" \/>\n<script type=\"application\/ld+json\" class=\"yoast-schema-graph\">{\"@context\":\"https:\/\/schema.org\",\"@graph\":[{\"@type\":\"WebPage\",\"@id\":\"https:\/\/maiglobal.org\/writing-contest\/segundo-lugar-lo-que-sostiene-nuestra-esperanza\/\",\"url\":\"https:\/\/maiglobal.org\/writing-contest\/segundo-lugar-lo-que-sostiene-nuestra-esperanza\/\",\"name\":\"Segundo lugar: Lo que sostiene nuestra esperanza - Media Associates International\",\"isPartOf\":{\"@id\":\"https:\/\/maiglobal.org\/#website\"},\"primaryImageOfPage\":{\"@id\":\"https:\/\/maiglobal.org\/writing-contest\/segundo-lugar-lo-que-sostiene-nuestra-esperanza\/#primaryimage\"},\"image\":{\"@id\":\"https:\/\/maiglobal.org\/writing-contest\/segundo-lugar-lo-que-sostiene-nuestra-esperanza\/#primaryimage\"},\"thumbnailUrl\":\"https:\/\/maiglobal.org\/wp-content\/uploads\/2020\/08\/Nataly-Vergara-.jpg\",\"datePublished\":\"2020-08-17T18:38:24+00:00\",\"dateModified\":\"2020-08-17T18:54:32+00:00\",\"breadcrumb\":{\"@id\":\"https:\/\/maiglobal.org\/writing-contest\/segundo-lugar-lo-que-sostiene-nuestra-esperanza\/#breadcrumb\"},\"inLanguage\":\"ar\",\"potentialAction\":[{\"@type\":\"ReadAction\",\"target\":[\"https:\/\/maiglobal.org\/writing-contest\/segundo-lugar-lo-que-sostiene-nuestra-esperanza\/\"]}]},{\"@type\":\"ImageObject\",\"inLanguage\":\"ar\",\"@id\":\"https:\/\/maiglobal.org\/writing-contest\/segundo-lugar-lo-que-sostiene-nuestra-esperanza\/#primaryimage\",\"url\":\"https:\/\/maiglobal.org\/wp-content\/uploads\/2020\/08\/Nataly-Vergara-.jpg\",\"contentUrl\":\"https:\/\/maiglobal.org\/wp-content\/uploads\/2020\/08\/Nataly-Vergara-.jpg\",\"width\":773,\"height\":773},{\"@type\":\"BreadcrumbList\",\"@id\":\"https:\/\/maiglobal.org\/writing-contest\/segundo-lugar-lo-que-sostiene-nuestra-esperanza\/#breadcrumb\",\"itemListElement\":[{\"@type\":\"ListItem\",\"position\":1,\"name\":\"Home\",\"item\":\"https:\/\/maiglobal.org\/\"},{\"@type\":\"ListItem\",\"position\":2,\"name\":\"Writing Contest\",\"item\":\"https:\/\/maiglobal.org\/writing-contest\/\"},{\"@type\":\"ListItem\",\"position\":3,\"name\":\"Segundo lugar: Lo que sostiene nuestra esperanza\"}]},{\"@type\":\"WebSite\",\"@id\":\"https:\/\/maiglobal.org\/#website\",\"url\":\"https:\/\/maiglobal.org\/\",\"name\":\"Media Associates International\",\"description\":\"The power of the written word transforms lives.\",\"publisher\":{\"@id\":\"https:\/\/maiglobal.org\/#organization\"},\"potentialAction\":[{\"@type\":\"SearchAction\",\"target\":{\"@type\":\"EntryPoint\",\"urlTemplate\":\"https:\/\/maiglobal.org\/?s={search_term_string}\"},\"query-input\":{\"@type\":\"PropertyValueSpecification\",\"valueRequired\":true,\"valueName\":\"search_term_string\"}}],\"inLanguage\":\"ar\"},{\"@type\":\"Organization\",\"@id\":\"https:\/\/maiglobal.org\/#organization\",\"name\":\"Media Associates International\",\"url\":\"https:\/\/maiglobal.org\/\",\"logo\":{\"@type\":\"ImageObject\",\"inLanguage\":\"ar\",\"@id\":\"https:\/\/maiglobal.org\/#\/schema\/logo\/image\/\",\"url\":\"https:\/\/maiglobal.org\/wp-content\/uploads\/2017\/01\/maismall.jpg\",\"contentUrl\":\"https:\/\/maiglobal.org\/wp-content\/uploads\/2017\/01\/maismall.jpg\",\"width\":145,\"height\":60,\"caption\":\"Media Associates International\"},\"image\":{\"@id\":\"https:\/\/maiglobal.org\/#\/schema\/logo\/image\/\"}}]}<\/script>\n<!-- \/ Yoast SEO plugin. -->","yoast_head_json":{"title":"Segundo lugar: Lo que sostiene nuestra esperanza - Media Associates International","robots":{"index":"index","follow":"follow","max-snippet":"max-snippet:-1","max-image-preview":"max-image-preview:large","max-video-preview":"max-video-preview:-1"},"canonical":"https:\/\/maiglobal.org\/ar\/writing-contest\/segundo-lugar-lo-que-sostiene-nuestra-esperanza\/","og_locale":"ar_AR","og_type":"article","og_title":"Segundo lugar: Lo que sostiene nuestra esperanza - Media Associates International","og_description":"Nos complace anunciar que Nataly Vergara Adrianz\u00e9n del Peru gan\u00f3 el segundo lugar\u00a0en nuestro primer concurso de escritores.\u00a0 La jueza del concurso, Sally Is\u00e1is Ram\u00edrez, es editora, autora y directora del ministerio MILAMEX en Mexico. De la par\u00e1bola de Nataly, Sally coment\u00f3:\u00a0\u201cOriginal, fresca, aplicable. Entendible y bien escrita\u201d. Unos 58 participants de muchos pa\u00edses de [&hellip;]","og_url":"https:\/\/maiglobal.org\/ar\/writing-contest\/segundo-lugar-lo-que-sostiene-nuestra-esperanza\/","og_site_name":"Media Associates International","article_modified_time":"2020-08-17T18:54:32+00:00","og_image":[{"width":773,"height":773,"url":"https:\/\/maiglobal.org\/wp-content\/uploads\/2020\/08\/Nataly-Vergara-.jpg","type":"image\/jpeg"}],"twitter_card":"summary_large_image","twitter_misc":{"\u0648\u0642\u062a \u0627\u0644\u0642\u0631\u0627\u0621\u0629 \u0627\u0644\u0645\u064f\u0642\u062f\u0651\u0631":"3 \u062f\u0642\u0627\u0626\u0642"},"schema":{"@context":"https:\/\/schema.org","@graph":[{"@type":"WebPage","@id":"https:\/\/maiglobal.org\/writing-contest\/segundo-lugar-lo-que-sostiene-nuestra-esperanza\/","url":"https:\/\/maiglobal.org\/writing-contest\/segundo-lugar-lo-que-sostiene-nuestra-esperanza\/","name":"Segundo lugar: Lo que sostiene nuestra esperanza - Media Associates International","isPartOf":{"@id":"https:\/\/maiglobal.org\/#website"},"primaryImageOfPage":{"@id":"https:\/\/maiglobal.org\/writing-contest\/segundo-lugar-lo-que-sostiene-nuestra-esperanza\/#primaryimage"},"image":{"@id":"https:\/\/maiglobal.org\/writing-contest\/segundo-lugar-lo-que-sostiene-nuestra-esperanza\/#primaryimage"},"thumbnailUrl":"https:\/\/maiglobal.org\/wp-content\/uploads\/2020\/08\/Nataly-Vergara-.jpg","datePublished":"2020-08-17T18:38:24+00:00","dateModified":"2020-08-17T18:54:32+00:00","breadcrumb":{"@id":"https:\/\/maiglobal.org\/writing-contest\/segundo-lugar-lo-que-sostiene-nuestra-esperanza\/#breadcrumb"},"inLanguage":"ar","potentialAction":[{"@type":"ReadAction","target":["https:\/\/maiglobal.org\/writing-contest\/segundo-lugar-lo-que-sostiene-nuestra-esperanza\/"]}]},{"@type":"ImageObject","inLanguage":"ar","@id":"https:\/\/maiglobal.org\/writing-contest\/segundo-lugar-lo-que-sostiene-nuestra-esperanza\/#primaryimage","url":"https:\/\/maiglobal.org\/wp-content\/uploads\/2020\/08\/Nataly-Vergara-.jpg","contentUrl":"https:\/\/maiglobal.org\/wp-content\/uploads\/2020\/08\/Nataly-Vergara-.jpg","width":773,"height":773},{"@type":"BreadcrumbList","@id":"https:\/\/maiglobal.org\/writing-contest\/segundo-lugar-lo-que-sostiene-nuestra-esperanza\/#breadcrumb","itemListElement":[{"@type":"ListItem","position":1,"name":"Home","item":"https:\/\/maiglobal.org\/"},{"@type":"ListItem","position":2,"name":"Writing Contest","item":"https:\/\/maiglobal.org\/writing-contest\/"},{"@type":"ListItem","position":3,"name":"Segundo lugar: Lo que sostiene nuestra esperanza"}]},{"@type":"WebSite","@id":"https:\/\/maiglobal.org\/#website","url":"https:\/\/maiglobal.org\/","name":"Media Associates International","description":"The power of the written word transforms lives.","publisher":{"@id":"https:\/\/maiglobal.org\/#organization"},"potentialAction":[{"@type":"SearchAction","target":{"@type":"EntryPoint","urlTemplate":"https:\/\/maiglobal.org\/?s={search_term_string}"},"query-input":{"@type":"PropertyValueSpecification","valueRequired":true,"valueName":"search_term_string"}}],"inLanguage":"ar"},{"@type":"Organization","@id":"https:\/\/maiglobal.org\/#organization","name":"Media Associates International","url":"https:\/\/maiglobal.org\/","logo":{"@type":"ImageObject","inLanguage":"ar","@id":"https:\/\/maiglobal.org\/#\/schema\/logo\/image\/","url":"https:\/\/maiglobal.org\/wp-content\/uploads\/2017\/01\/maismall.jpg","contentUrl":"https:\/\/maiglobal.org\/wp-content\/uploads\/2017\/01\/maismall.jpg","width":145,"height":60,"caption":"Media Associates International"},"image":{"@id":"https:\/\/maiglobal.org\/#\/schema\/logo\/image\/"}}]}},"campaignId":"","_links":{"self":[{"href":"https:\/\/maiglobal.org\/ar\/wp-json\/wp\/v2\/pages\/9089","targetHints":{"allow":["GET"]}}],"collection":[{"href":"https:\/\/maiglobal.org\/ar\/wp-json\/wp\/v2\/pages"}],"about":[{"href":"https:\/\/maiglobal.org\/ar\/wp-json\/wp\/v2\/types\/page"}],"author":[{"embeddable":true,"href":"https:\/\/maiglobal.org\/ar\/wp-json\/wp\/v2\/users\/4"}],"replies":[{"embeddable":true,"href":"https:\/\/maiglobal.org\/ar\/wp-json\/wp\/v2\/comments?post=9089"}],"version-history":[{"count":0,"href":"https:\/\/maiglobal.org\/ar\/wp-json\/wp\/v2\/pages\/9089\/revisions"}],"up":[{"embeddable":true,"href":"https:\/\/maiglobal.org\/ar\/wp-json\/wp\/v2\/pages\/9021"}],"wp:featuredmedia":[{"embeddable":true,"href":"https:\/\/maiglobal.org\/ar\/wp-json\/wp\/v2\/media\/9096"}],"wp:attachment":[{"href":"https:\/\/maiglobal.org\/ar\/wp-json\/wp\/v2\/media?parent=9089"}],"curies":[{"name":"wp","href":"https:\/\/api.w.org\/{rel}","templated":true}]}}