{"id":151,"date":"2016-03-20T13:30:36","date_gmt":"2016-03-20T13:30:36","guid":{"rendered":"http:\/\/littworld.webfactional.com\/?post_type=product&#038;p=151"},"modified":"2025-01-22T16:34:45","modified_gmt":"2025-01-22T22:34:45","slug":"la-aventura-de-escribir","status":"publish","type":"product","link":"https:\/\/maiglobal.org\/ar\/product\/la-aventura-de-escribir\/","title":{"rendered":"La aventura de escribir"},"content":{"rendered":"<div id=\"fb-root\"><\/div>\n<p><span style=\"font-size: 16px;\">Adriana Powell, ed.<\/span><\/p>\n<p><span style=\"font-size: 16px;\">Fourteen Latin writers with a passion for books tell of their own writing experiences. Available in Spanish only. 2003, paperback, 229 pp.<\/span><\/p>\n<p>Disfrute del testimonio de hombres y mujeres, algunos j\u00f3venes y otros maduros, que comparten un desaf\u00edo: comunicarse <span class=\"st\">a trav\u00e9s<\/span> de la palabra escrita. Las circunstancias son diversas: grandes ciudades o peque\u00f1as aldeas, formaci\u00f3n acad\u00e9mica o carrera autodidacta, poes\u00eda o ciencia. Pero todos ellos est\u00e1n hechos de fibra similar: <span class=\"st\">pasi\u00f3n<\/span>, perseverancia, amor a los libros, compromiso con Dios, b\u00fasqueda de excelencia.<br \/>\nConozca sus historias: como comenzaros, d\u00f3nde encontraron est\u00edmulo, como se formaron y por qu\u00e9 escriben.<\/p>\n<p>&gt;&gt;Si tienes ese impulso a escribir que no puedes parar, si ya escribes y no puedes dejar de hacerlo, hay buena materia prima: tienes el don.&gt;&gt;<br \/>\n-Dr. Samuel Escobar, profesor de misionolog\u00eda en el Seminario Bautista del Este, Filadelfia, Estados Unidos y en el Seminario Bautista de Madrid, Espa\u00f1a.<\/p>\n<p>&nbsp;<\/p>","protected":false},"excerpt":{"rendered":"<p>Fourteen Latin writers with a passion for books tell of their own writing experiences. Available in Spanish only. 2003, paperback, 229 pp.<br \/>\nDisfrute del testimonio de hombres y mujeres, algunos j\u00f3venes y otros maduros, que comparten un desaf\u00edo: comunicarse <span class=\"st\">a trav\u00e9s<\/span> de la palabra escrita. Las circunstancias son diversas: grandes ciudades o peque\u00f1as aldeas, formaci\u00f3n acad\u00e9mica o carrera autodidacta, poes\u00eda o ciencia. Pero todos ellos est\u00e1n hechos de fibra similar: <span class=\"st\">pasi\u00f3n<\/span>, perseverancia, amor a los libros, compromiso con Dios, b\u00fasqueda de excelencia.<br \/>\nConozca sus historias: como comenzaros, d\u00f3nde encontraron est\u00edmulo, como se formaron y por qu\u00e9 escriben.<\/p>","protected":false},"featured_media":4618,"comment_status":"open","ping_status":"closed","template":"","meta":{"give_campaign_id":0,"site-sidebar-layout":"default","site-content-layout":"default","ast-site-content-layout":"","site-content-style":"default","site-sidebar-style":"default","ast-global-header-display":"","ast-banner-title-visibility":"","ast-main-header-display":"","ast-hfb-above-header-display":"","ast-hfb-below-header-display":"","ast-hfb-mobile-header-display":"","site-post-title":"","ast-breadcrumbs-content":"","ast-featured-img":"","footer-sml-layout":"","theme-transparent-header-meta":"default","adv-header-id-meta":"","stick-header-meta":"","header-above-stick-meta":"","header-main-stick-meta":"","header-below-stick-meta":"","astra-migrate-meta-layouts":"default","ast-page-background-enabled":"default","ast-page-background-meta":{"desktop":{"background-color":"","background-image":"","background-repeat":"repeat","background-position":"center center","background-size":"auto","background-attachment":"scroll","background-type":"","background-media":"","overlay-type":"","overlay-color":"","overlay-opacity":"","overlay-gradient":""},"tablet":{"background-color":"","background-image":"","background-repeat":"repeat","background-position":"center center","background-size":"auto","background-attachment":"scroll","background-type":"","background-media":"","overlay-type":"","overlay-color":"","overlay-opacity":"","overlay-gradient":""},"mobile":{"background-color":"","background-image":"","background-repeat":"repeat","background-position":"center center","background-size":"auto","background-attachment":"scroll","background-type":"","background-media":"","overlay-type":"","overlay-color":"","overlay-opacity":"","overlay-gradient":""}},"ast-content-background-meta":{"desktop":{"background-color":"var(--ast-global-color-5)","background-image":"","background-repeat":"repeat","background-position":"center center","background-size":"auto","background-attachment":"scroll","background-type":"","background-media":"","overlay-type":"","overlay-color":"","overlay-opacity":"","overlay-gradient":""},"tablet":{"background-color":"var(--ast-global-color-5)","background-image":"","background-repeat":"repeat","background-position":"center center","background-size":"auto","background-attachment":"scroll","background-type":"","background-media":"","overlay-type":"","overlay-color":"","overlay-opacity":"","overlay-gradient":""},"mobile":{"background-color":"var(--ast-global-color-5)","background-image":"","background-repeat":"repeat","background-position":"center center","background-size":"auto","background-attachment":"scroll","background-type":"","background-media":"","overlay-type":"","overlay-color":"","overlay-opacity":"","overlay-gradient":""}},"iawp_total_views":39},"product_brand":[],"product_cat":[8],"product_tag":[539,540],"class_list":{"0":"post-151","1":"product","2":"type-product","3":"status-publish","4":"has-post-thumbnail","6":"product_cat-books","7":"product_tag-escritores-cristianos","8":"product_tag-testimonio","9":"product_shipping_class-usps","10":"desktop-align-left","11":"tablet-align-left","12":"mobile-align-left","13":"ast-product-gallery-layout-horizontal-slider","14":"ast-product-gallery-with-no-image","15":"ast-product-tabs-layout-horizontal","16":"ast-qv-on-image","18":"first","19":"instock","20":"shipping-taxable","21":"product-type-external"},"yoast_head":"<!-- This site is optimized with the Yoast SEO plugin v26.9 - https:\/\/yoast.com\/product\/yoast-seo-wordpress\/ -->\n<title>La aventura de escribir - Media Associates International<\/title>\n<meta name=\"robots\" content=\"index, follow, max-snippet:-1, max-image-preview:large, max-video-preview:-1\" \/>\n<link rel=\"canonical\" href=\"https:\/\/maiglobal.org\/ar\/product\/la-aventura-de-escribir\/\" \/>\n<meta property=\"og:locale\" content=\"ar_AR\" \/>\n<meta property=\"og:type\" content=\"article\" \/>\n<meta property=\"og:title\" content=\"La aventura de escribir - Media Associates International\" \/>\n<meta property=\"og:description\" content=\"Fourteen Latin writers with a passion for books tell of their own writing experiences. Available in Spanish only. 2003, paperback, 229 pp. Disfrute del testimonio de hombres y mujeres, algunos j\u00f3venes y otros maduros, que comparten un desaf\u00edo: comunicarse a trav\u00e9s de la palabra escrita. Las circunstancias son diversas: grandes ciudades o peque\u00f1as aldeas, formaci\u00f3n acad\u00e9mica o carrera autodidacta, poes\u00eda o ciencia. Pero todos ellos est\u00e1n hechos de fibra similar: pasi\u00f3n, perseverancia, amor a los libros, compromiso con Dios, b\u00fasqueda de excelencia. Conozca sus historias: como comenzaros, d\u00f3nde encontraron est\u00edmulo, como se formaron y por qu\u00e9 escriben.\" \/>\n<meta property=\"og:url\" content=\"https:\/\/maiglobal.org\/ar\/product\/la-aventura-de-escribir\/\" \/>\n<meta property=\"og:site_name\" content=\"Media Associates International\" \/>\n<meta property=\"article:modified_time\" content=\"2025-01-22T22:34:45+00:00\" \/>\n<meta property=\"og:image\" content=\"https:\/\/maiglobal.org\/wp-content\/uploads\/2016\/03\/preview-full-La-Aventura-de-escribir-cover.jpg\" \/>\n\t<meta property=\"og:image:width\" content=\"816\" \/>\n\t<meta property=\"og:image:height\" content=\"1240\" \/>\n\t<meta property=\"og:image:type\" content=\"image\/jpeg\" \/>\n<meta name=\"twitter:card\" content=\"summary_large_image\" \/>\n<meta name=\"twitter:label1\" content=\"\u0648\u0642\u062a \u0627\u0644\u0642\u0631\u0627\u0621\u0629 \u0627\u0644\u0645\u064f\u0642\u062f\u0651\u0631\" \/>\n\t<meta name=\"twitter:data1\" content=\"\u062f\u0642\u064a\u0642\u0629 \u0648\u0627\u062d\u062f\u0629\" \/>\n<script type=\"application\/ld+json\" class=\"yoast-schema-graph\">{\"@context\":\"https:\/\/schema.org\",\"@graph\":[{\"@type\":\"WebPage\",\"@id\":\"https:\/\/maiglobal.org\/product\/la-aventura-de-escribir\/\",\"url\":\"https:\/\/maiglobal.org\/product\/la-aventura-de-escribir\/\",\"name\":\"La aventura de escribir - Media Associates International\",\"isPartOf\":{\"@id\":\"https:\/\/maiglobal.org\/#website\"},\"primaryImageOfPage\":{\"@id\":\"https:\/\/maiglobal.org\/product\/la-aventura-de-escribir\/#primaryimage\"},\"image\":{\"@id\":\"https:\/\/maiglobal.org\/product\/la-aventura-de-escribir\/#primaryimage\"},\"thumbnailUrl\":\"https:\/\/maiglobal.org\/wp-content\/uploads\/2016\/03\/preview-full-La-Aventura-de-escribir-cover.jpg\",\"datePublished\":\"2016-03-20T13:30:36+00:00\",\"dateModified\":\"2025-01-22T22:34:45+00:00\",\"breadcrumb\":{\"@id\":\"https:\/\/maiglobal.org\/product\/la-aventura-de-escribir\/#breadcrumb\"},\"inLanguage\":\"ar\",\"potentialAction\":[{\"@type\":\"ReadAction\",\"target\":[\"https:\/\/maiglobal.org\/product\/la-aventura-de-escribir\/\"]}]},{\"@type\":\"ImageObject\",\"inLanguage\":\"ar\",\"@id\":\"https:\/\/maiglobal.org\/product\/la-aventura-de-escribir\/#primaryimage\",\"url\":\"https:\/\/maiglobal.org\/wp-content\/uploads\/2016\/03\/preview-full-La-Aventura-de-escribir-cover.jpg\",\"contentUrl\":\"https:\/\/maiglobal.org\/wp-content\/uploads\/2016\/03\/preview-full-La-Aventura-de-escribir-cover.jpg\",\"width\":816,\"height\":1240},{\"@type\":\"BreadcrumbList\",\"@id\":\"https:\/\/maiglobal.org\/product\/la-aventura-de-escribir\/#breadcrumb\",\"itemListElement\":[{\"@type\":\"ListItem\",\"position\":1,\"name\":\"Home\",\"item\":\"https:\/\/maiglobal.org\/\"},{\"@type\":\"ListItem\",\"position\":2,\"name\":\"Shop\",\"item\":\"https:\/\/maiglobal.org\/shop\/\"},{\"@type\":\"ListItem\",\"position\":3,\"name\":\"La aventura de escribir\"}]},{\"@type\":\"WebSite\",\"@id\":\"https:\/\/maiglobal.org\/#website\",\"url\":\"https:\/\/maiglobal.org\/\",\"name\":\"Media Associates International\",\"description\":\"The power of the written word transforms lives.\",\"publisher\":{\"@id\":\"https:\/\/maiglobal.org\/#organization\"},\"potentialAction\":[{\"@type\":\"SearchAction\",\"target\":{\"@type\":\"EntryPoint\",\"urlTemplate\":\"https:\/\/maiglobal.org\/?s={search_term_string}\"},\"query-input\":{\"@type\":\"PropertyValueSpecification\",\"valueRequired\":true,\"valueName\":\"search_term_string\"}}],\"inLanguage\":\"ar\"},{\"@type\":\"Organization\",\"@id\":\"https:\/\/maiglobal.org\/#organization\",\"name\":\"Media Associates International\",\"url\":\"https:\/\/maiglobal.org\/\",\"logo\":{\"@type\":\"ImageObject\",\"inLanguage\":\"ar\",\"@id\":\"https:\/\/maiglobal.org\/#\/schema\/logo\/image\/\",\"url\":\"https:\/\/maiglobal.org\/wp-content\/uploads\/2017\/01\/maismall.jpg\",\"contentUrl\":\"https:\/\/maiglobal.org\/wp-content\/uploads\/2017\/01\/maismall.jpg\",\"width\":145,\"height\":60,\"caption\":\"Media Associates International\"},\"image\":{\"@id\":\"https:\/\/maiglobal.org\/#\/schema\/logo\/image\/\"}}]}<\/script>\n<!-- \/ Yoast SEO plugin. -->","yoast_head_json":{"title":"La aventura de escribir - Media Associates International","robots":{"index":"index","follow":"follow","max-snippet":"max-snippet:-1","max-image-preview":"max-image-preview:large","max-video-preview":"max-video-preview:-1"},"canonical":"https:\/\/maiglobal.org\/ar\/product\/la-aventura-de-escribir\/","og_locale":"ar_AR","og_type":"article","og_title":"La aventura de escribir - Media Associates International","og_description":"Fourteen Latin writers with a passion for books tell of their own writing experiences. Available in Spanish only. 2003, paperback, 229 pp. Disfrute del testimonio de hombres y mujeres, algunos j\u00f3venes y otros maduros, que comparten un desaf\u00edo: comunicarse a trav\u00e9s de la palabra escrita. Las circunstancias son diversas: grandes ciudades o peque\u00f1as aldeas, formaci\u00f3n acad\u00e9mica o carrera autodidacta, poes\u00eda o ciencia. Pero todos ellos est\u00e1n hechos de fibra similar: pasi\u00f3n, perseverancia, amor a los libros, compromiso con Dios, b\u00fasqueda de excelencia. Conozca sus historias: como comenzaros, d\u00f3nde encontraron est\u00edmulo, como se formaron y por qu\u00e9 escriben.","og_url":"https:\/\/maiglobal.org\/ar\/product\/la-aventura-de-escribir\/","og_site_name":"Media Associates International","article_modified_time":"2025-01-22T22:34:45+00:00","og_image":[{"width":816,"height":1240,"url":"https:\/\/maiglobal.org\/wp-content\/uploads\/2016\/03\/preview-full-La-Aventura-de-escribir-cover.jpg","type":"image\/jpeg"}],"twitter_card":"summary_large_image","twitter_misc":{"\u0648\u0642\u062a \u0627\u0644\u0642\u0631\u0627\u0621\u0629 \u0627\u0644\u0645\u064f\u0642\u062f\u0651\u0631":"\u062f\u0642\u064a\u0642\u0629 \u0648\u0627\u062d\u062f\u0629"},"schema":{"@context":"https:\/\/schema.org","@graph":[{"@type":"WebPage","@id":"https:\/\/maiglobal.org\/product\/la-aventura-de-escribir\/","url":"https:\/\/maiglobal.org\/product\/la-aventura-de-escribir\/","name":"La aventura de escribir - Media Associates International","isPartOf":{"@id":"https:\/\/maiglobal.org\/#website"},"primaryImageOfPage":{"@id":"https:\/\/maiglobal.org\/product\/la-aventura-de-escribir\/#primaryimage"},"image":{"@id":"https:\/\/maiglobal.org\/product\/la-aventura-de-escribir\/#primaryimage"},"thumbnailUrl":"https:\/\/maiglobal.org\/wp-content\/uploads\/2016\/03\/preview-full-La-Aventura-de-escribir-cover.jpg","datePublished":"2016-03-20T13:30:36+00:00","dateModified":"2025-01-22T22:34:45+00:00","breadcrumb":{"@id":"https:\/\/maiglobal.org\/product\/la-aventura-de-escribir\/#breadcrumb"},"inLanguage":"ar","potentialAction":[{"@type":"ReadAction","target":["https:\/\/maiglobal.org\/product\/la-aventura-de-escribir\/"]}]},{"@type":"ImageObject","inLanguage":"ar","@id":"https:\/\/maiglobal.org\/product\/la-aventura-de-escribir\/#primaryimage","url":"https:\/\/maiglobal.org\/wp-content\/uploads\/2016\/03\/preview-full-La-Aventura-de-escribir-cover.jpg","contentUrl":"https:\/\/maiglobal.org\/wp-content\/uploads\/2016\/03\/preview-full-La-Aventura-de-escribir-cover.jpg","width":816,"height":1240},{"@type":"BreadcrumbList","@id":"https:\/\/maiglobal.org\/product\/la-aventura-de-escribir\/#breadcrumb","itemListElement":[{"@type":"ListItem","position":1,"name":"Home","item":"https:\/\/maiglobal.org\/"},{"@type":"ListItem","position":2,"name":"Shop","item":"https:\/\/maiglobal.org\/shop\/"},{"@type":"ListItem","position":3,"name":"La aventura de escribir"}]},{"@type":"WebSite","@id":"https:\/\/maiglobal.org\/#website","url":"https:\/\/maiglobal.org\/","name":"Media Associates International","description":"The power of the written word transforms lives.","publisher":{"@id":"https:\/\/maiglobal.org\/#organization"},"potentialAction":[{"@type":"SearchAction","target":{"@type":"EntryPoint","urlTemplate":"https:\/\/maiglobal.org\/?s={search_term_string}"},"query-input":{"@type":"PropertyValueSpecification","valueRequired":true,"valueName":"search_term_string"}}],"inLanguage":"ar"},{"@type":"Organization","@id":"https:\/\/maiglobal.org\/#organization","name":"Media Associates International","url":"https:\/\/maiglobal.org\/","logo":{"@type":"ImageObject","inLanguage":"ar","@id":"https:\/\/maiglobal.org\/#\/schema\/logo\/image\/","url":"https:\/\/maiglobal.org\/wp-content\/uploads\/2017\/01\/maismall.jpg","contentUrl":"https:\/\/maiglobal.org\/wp-content\/uploads\/2017\/01\/maismall.jpg","width":145,"height":60,"caption":"Media Associates International"},"image":{"@id":"https:\/\/maiglobal.org\/#\/schema\/logo\/image\/"}}]}},"_links":{"self":[{"href":"https:\/\/maiglobal.org\/ar\/wp-json\/wp\/v2\/product\/151","targetHints":{"allow":["GET"]}}],"collection":[{"href":"https:\/\/maiglobal.org\/ar\/wp-json\/wp\/v2\/product"}],"about":[{"href":"https:\/\/maiglobal.org\/ar\/wp-json\/wp\/v2\/types\/product"}],"replies":[{"embeddable":true,"href":"https:\/\/maiglobal.org\/ar\/wp-json\/wp\/v2\/comments?post=151"}],"wp:featuredmedia":[{"embeddable":true,"href":"https:\/\/maiglobal.org\/ar\/wp-json\/wp\/v2\/media\/4618"}],"wp:attachment":[{"href":"https:\/\/maiglobal.org\/ar\/wp-json\/wp\/v2\/media?parent=151"}],"wp:term":[{"taxonomy":"product_brand","embeddable":true,"href":"https:\/\/maiglobal.org\/ar\/wp-json\/wp\/v2\/product_brand?post=151"},{"taxonomy":"product_cat","embeddable":true,"href":"https:\/\/maiglobal.org\/ar\/wp-json\/wp\/v2\/product_cat?post=151"},{"taxonomy":"product_tag","embeddable":true,"href":"https:\/\/maiglobal.org\/ar\/wp-json\/wp\/v2\/product_tag?post=151"}],"curies":[{"name":"wp","href":"https:\/\/api.w.org\/{rel}","templated":true}]}}