{"id":23762,"date":"2026-03-09T05:02:33","date_gmt":"2026-03-09T10:02:33","guid":{"rendered":"https:\/\/maiglobal.org\/?page_id=23762"},"modified":"2026-03-24T15:24:09","modified_gmt":"2026-03-24T20:24:09","slug":"fortaleciendo-a-las-editoriales-cristianas","status":"publish","type":"page","link":"https:\/\/maiglobal.org\/es\/fortaleciendo-a-las-editoriales-cristianas\/","title":{"rendered":"Fortaleciendo a las editoriales cristianas"},"content":{"rendered":"<div id=\"fb-root\"><\/div>\n\t\t<div data-elementor-type=\"wp-page\" data-elementor-id=\"23762\" class=\"elementor elementor-23762\" data-elementor-post-type=\"page\">\n\t\t\t\t<div class=\"elementor-element elementor-element-c0efe62 e-flex e-con-boxed e-con e-parent\" data-id=\"c0efe62\" data-element_type=\"container\">\n\t\t\t\t\t<div class=\"e-con-inner\">\n\t\t<div class=\"elementor-element elementor-element-c8ae5df e-con-full e-flex e-con e-child\" data-id=\"c8ae5df\" data-element_type=\"container\">\n\t\t\t\t<div class=\"elementor-element elementor-element-fc70a1d elementor-widget elementor-widget-image\" data-id=\"fc70a1d\" data-element_type=\"widget\" data-widget_type=\"image.default\">\n\t\t\t\t\t\t\t\t\t\t\t\t\t\t\t<img fetchpriority=\"high\" decoding=\"async\" width=\"600\" height=\"600\" src=\"https:\/\/maiglobal.org\/wp-content\/uploads\/2026\/03\/2026-Mayo-Fortaleciendo-a-las-editoriales-cristianas.jpg\" class=\"attachment-large size-large wp-image-23991\" alt=\"\" srcset=\"https:\/\/maiglobal.org\/wp-content\/uploads\/2026\/03\/2026-Mayo-Fortaleciendo-a-las-editoriales-cristianas.jpg 600w, https:\/\/maiglobal.org\/wp-content\/uploads\/2026\/03\/2026-Mayo-Fortaleciendo-a-las-editoriales-cristianas-300x300.jpg 300w, https:\/\/maiglobal.org\/wp-content\/uploads\/2026\/03\/2026-Mayo-Fortaleciendo-a-las-editoriales-cristianas-150x150.jpg 150w, https:\/\/maiglobal.org\/wp-content\/uploads\/2026\/03\/2026-Mayo-Fortaleciendo-a-las-editoriales-cristianas-12x12.jpg 12w, https:\/\/maiglobal.org\/wp-content\/uploads\/2026\/03\/2026-Mayo-Fortaleciendo-a-las-editoriales-cristianas-100x100.jpg 100w\" sizes=\"(max-width: 600px) 100vw, 600px\" \/>\t\t\t\t\t\t\t\t\t\t\t\t\t\t\t<\/div>\n\t\t\t\t<div class=\"elementor-element elementor-element-13df444 elementor-align-justify elementor-widget elementor-widget-button\" data-id=\"13df444\" data-element_type=\"widget\" data-widget_type=\"button.default\">\n\t\t\t\t\t\t\t\t\t\t<a class=\"elementor-button elementor-button-link elementor-size-lg\" href=\"https:\/\/docs.google.com\/forms\/d\/e\/1FAIpQLSctX3-LIe_XuI8qSzyEl1tLzRkud_ZqJQsMSkTlmu1NoF5C0Q\/viewform?usp=sharing&#038;ouid=112208522400951196644%20\">\n\t\t\t\t\t\t<span class=\"elementor-button-content-wrapper\">\n\t\t\t\t\t\t\t\t\t<span class=\"elementor-button-text\">CHILE 11 DE MAYO<\/span>\n\t\t\t\t\t<\/span>\n\t\t\t\t\t<\/a>\n\t\t\t\t\t\t\t\t<\/div>\n\t\t\t\t<div class=\"elementor-element elementor-element-75b5174 elementor-align-justify elementor-widget elementor-widget-button\" data-id=\"75b5174\" data-element_type=\"widget\" data-widget_type=\"button.default\">\n\t\t\t\t\t\t\t\t\t\t<a class=\"elementor-button elementor-button-link elementor-size-lg\" href=\"https:\/\/docs.google.com\/forms\/d\/e\/1FAIpQLSdu2Uzi_-sYi7MYloPYPoKhBt1-gIbd9z2kOY9FaLe0zqDrSg\/viewform?usp=sharing&#038;ouid=112208522400951196644%20\">\n\t\t\t\t\t\t<span class=\"elementor-button-content-wrapper\">\n\t\t\t\t\t\t\t\t\t<span class=\"elementor-button-text\">ARGENTINA 15 DE MAYO<\/span>\n\t\t\t\t\t<\/span>\n\t\t\t\t\t<\/a>\n\t\t\t\t\t\t\t\t<\/div>\n\t\t\t\t<\/div>\n\t\t<div class=\"elementor-element elementor-element-9c52c7c e-con-full e-flex e-con e-child\" data-id=\"9c52c7c\" data-element_type=\"container\">\n\t\t\t\t<div class=\"elementor-element elementor-element-7597eae elementor-widget elementor-widget-text-editor\" data-id=\"7597eae\" data-element_type=\"widget\" data-widget_type=\"text-editor.default\">\n\t\t\t\t\t\t\t\t\t<h2><strong>Fortaleciendo a las editoriales cristianas<\/strong><\/h2><p>Una jornada para aprender a lograr la sostenibilidad financiera y crear dise\u00f1os eficaces.<\/p><p><strong>Ram\u00f3n Rocha<\/strong> compartir\u00e1 ejemplos de planificaci\u00f3n estrat\u00e9gica y analizar\u00e1 c\u00f3mo establecer directrices para lograr la excelencia en las \u00e1reas editorial, de marketing, distribuci\u00f3n, finanzas y liderazgo.<\/p><p><strong>Jos\u00e9 Carlos Guti\u00e9rrez M.<\/strong> hablar\u00e1 sobre el tema \u00abCreaci\u00f3n de dise\u00f1os e im\u00e1genes atractivas y eficaces\u00bb. Pod\u00e9s traer proyectos de dise\u00f1o reales en los que est\u00e9s trabajando para que te asesoren al respecto.<\/p><p><strong>Inscr\u00edbase antes del 8 de mayo.<\/strong> Para obtener m\u00e1s informaci\u00f3n, p\u00f3ngase en contacto con <a href=\"mailto:mai-americalatina@maiglobal.org\">mai-americalatina@maiglobal.org.<\/a><\/p>\t\t\t\t\t\t\t\t<\/div>\n\t\t\t\t<\/div>\n\t\t\t\t\t<\/div>\n\t\t\t\t<\/div>\n\t\t\t\t<\/div>","protected":false},"excerpt":{"rendered":"<p>CHILE 11 DE MAYO ARGENTINA 15 DE MAYO Fortaleciendo a las editoriales cristianas Una jornada para aprender a lograr la sostenibilidad financiera y crear dise\u00f1os eficaces. Ram\u00f3n Rocha compartir\u00e1 ejemplos de planificaci\u00f3n estrat\u00e9gica y analizar\u00e1 c\u00f3mo establecer directrices para lograr la excelencia en las \u00e1reas editorial, de marketing, distribuci\u00f3n, finanzas y liderazgo. Jos\u00e9 Carlos Guti\u00e9rrez [&hellip;]<\/p>","protected":false},"author":2000,"featured_media":0,"parent":0,"menu_order":0,"comment_status":"closed","ping_status":"closed","template":"","meta":{"give_campaign_id":0,"site-sidebar-layout":"no-sidebar","site-content-layout":"page-builder","ast-site-content-layout":"full-width-container","site-content-style":"unboxed","site-sidebar-style":"unboxed","ast-global-header-display":"","ast-banner-title-visibility":"","ast-main-header-display":"","ast-hfb-above-header-display":"","ast-hfb-below-header-display":"","ast-hfb-mobile-header-display":"","site-post-title":"disabled","ast-breadcrumbs-content":"","ast-featured-img":"disabled","footer-sml-layout":"","theme-transparent-header-meta":"default","adv-header-id-meta":"","stick-header-meta":"","header-above-stick-meta":"","header-main-stick-meta":"","header-below-stick-meta":"","astra-migrate-meta-layouts":"set","ast-page-background-enabled":"default","ast-page-background-meta":{"desktop":{"background-color":"","background-image":"","background-repeat":"repeat","background-position":"center center","background-size":"auto","background-attachment":"scroll","background-type":"","background-media":"","overlay-type":"","overlay-color":"","overlay-opacity":"","overlay-gradient":""},"tablet":{"background-color":"","background-image":"","background-repeat":"repeat","background-position":"center center","background-size":"auto","background-attachment":"scroll","background-type":"","background-media":"","overlay-type":"","overlay-color":"","overlay-opacity":"","overlay-gradient":""},"mobile":{"background-color":"","background-image":"","background-repeat":"repeat","background-position":"center center","background-size":"auto","background-attachment":"scroll","background-type":"","background-media":"","overlay-type":"","overlay-color":"","overlay-opacity":"","overlay-gradient":""}},"ast-content-background-meta":{"desktop":{"background-color":"var(--ast-global-color-5)","background-image":"","background-repeat":"repeat","background-position":"center center","background-size":"auto","background-attachment":"scroll","background-type":"","background-media":"","overlay-type":"","overlay-color":"","overlay-opacity":"","overlay-gradient":""},"tablet":{"background-color":"var(--ast-global-color-5)","background-image":"","background-repeat":"repeat","background-position":"center center","background-size":"auto","background-attachment":"scroll","background-type":"","background-media":"","overlay-type":"","overlay-color":"","overlay-opacity":"","overlay-gradient":""},"mobile":{"background-color":"var(--ast-global-color-5)","background-image":"","background-repeat":"repeat","background-position":"center center","background-size":"auto","background-attachment":"scroll","background-type":"","background-media":"","overlay-type":"","overlay-color":"","overlay-opacity":"","overlay-gradient":""}},"iawp_total_views":7,"footnotes":""},"class_list":["post-23762","page","type-page","status-publish","hentry"],"yoast_head":"<!-- This site is optimized with the Yoast SEO plugin v26.9 - https:\/\/yoast.com\/product\/yoast-seo-wordpress\/ -->\n<title>Fortaleciendo a las editoriales cristianas - Media Associates International<\/title>\n<meta name=\"description\" content=\"Fortaleciendo a las editoriales cristianas: Una jornada para aprender a lograr la sostenibilidad financiera y crear dise\u00f1os eficaces.\" \/>\n<meta name=\"robots\" content=\"index, follow, max-snippet:-1, max-image-preview:large, max-video-preview:-1\" \/>\n<link rel=\"canonical\" href=\"https:\/\/maiglobal.org\/es\/fortaleciendo-a-las-editoriales-cristianas\/\" \/>\n<meta property=\"og:locale\" content=\"es_MX\" \/>\n<meta property=\"og:type\" content=\"article\" \/>\n<meta property=\"og:title\" content=\"Fortaleciendo a las editoriales cristianas - Media Associates International\" \/>\n<meta property=\"og:description\" content=\"Fortaleciendo a las editoriales cristianas: Una jornada para aprender a lograr la sostenibilidad financiera y crear dise\u00f1os eficaces.\" \/>\n<meta property=\"og:url\" content=\"https:\/\/maiglobal.org\/es\/fortaleciendo-a-las-editoriales-cristianas\/\" \/>\n<meta property=\"og:site_name\" content=\"Media Associates International\" \/>\n<meta property=\"article:modified_time\" content=\"2026-03-24T20:24:09+00:00\" \/>\n<meta property=\"og:image\" content=\"https:\/\/maiglobal.org\/wp-content\/uploads\/2026\/03\/2026-Mayo-Fortaleciendo-a-las-editoriales-cristianas.jpg\" \/>\n<meta name=\"twitter:card\" content=\"summary_large_image\" \/>\n<meta name=\"twitter:label1\" content=\"Tiempo de lectura\" \/>\n\t<meta name=\"twitter:data1\" content=\"1 minuto\" \/>\n<script type=\"application\/ld+json\" class=\"yoast-schema-graph\">{\"@context\":\"https:\/\/schema.org\",\"@graph\":[{\"@type\":\"WebPage\",\"@id\":\"https:\/\/maiglobal.org\/fortaleciendo-a-las-editoriales-cristianas\/\",\"url\":\"https:\/\/maiglobal.org\/fortaleciendo-a-las-editoriales-cristianas\/\",\"name\":\"Fortaleciendo a las editoriales cristianas - Media Associates International\",\"isPartOf\":{\"@id\":\"https:\/\/maiglobal.org\/#website\"},\"primaryImageOfPage\":{\"@id\":\"https:\/\/maiglobal.org\/fortaleciendo-a-las-editoriales-cristianas\/#primaryimage\"},\"image\":{\"@id\":\"https:\/\/maiglobal.org\/fortaleciendo-a-las-editoriales-cristianas\/#primaryimage\"},\"thumbnailUrl\":\"https:\/\/maiglobal.org\/wp-content\/uploads\/2026\/03\/2026-Mayo-Fortaleciendo-a-las-editoriales-cristianas.jpg\",\"datePublished\":\"2026-03-09T10:02:33+00:00\",\"dateModified\":\"2026-03-24T20:24:09+00:00\",\"description\":\"Fortaleciendo a las editoriales cristianas: Una jornada para aprender a lograr la sostenibilidad financiera y crear dise\u00f1os eficaces.\",\"breadcrumb\":{\"@id\":\"https:\/\/maiglobal.org\/fortaleciendo-a-las-editoriales-cristianas\/#breadcrumb\"},\"inLanguage\":\"es\",\"potentialAction\":[{\"@type\":\"ReadAction\",\"target\":[\"https:\/\/maiglobal.org\/fortaleciendo-a-las-editoriales-cristianas\/\"]}]},{\"@type\":\"ImageObject\",\"inLanguage\":\"es\",\"@id\":\"https:\/\/maiglobal.org\/fortaleciendo-a-las-editoriales-cristianas\/#primaryimage\",\"url\":\"https:\/\/maiglobal.org\/wp-content\/uploads\/2026\/03\/2026-Mayo-Fortaleciendo-a-las-editoriales-cristianas.jpg\",\"contentUrl\":\"https:\/\/maiglobal.org\/wp-content\/uploads\/2026\/03\/2026-Mayo-Fortaleciendo-a-las-editoriales-cristianas.jpg\"},{\"@type\":\"BreadcrumbList\",\"@id\":\"https:\/\/maiglobal.org\/fortaleciendo-a-las-editoriales-cristianas\/#breadcrumb\",\"itemListElement\":[{\"@type\":\"ListItem\",\"position\":1,\"name\":\"Home\",\"item\":\"https:\/\/maiglobal.org\/\"},{\"@type\":\"ListItem\",\"position\":2,\"name\":\"Fortaleciendo a las editoriales cristianas\"}]},{\"@type\":\"WebSite\",\"@id\":\"https:\/\/maiglobal.org\/#website\",\"url\":\"https:\/\/maiglobal.org\/\",\"name\":\"Media Associates International\",\"description\":\"The power of the written word transforms lives.\",\"publisher\":{\"@id\":\"https:\/\/maiglobal.org\/#organization\"},\"potentialAction\":[{\"@type\":\"SearchAction\",\"target\":{\"@type\":\"EntryPoint\",\"urlTemplate\":\"https:\/\/maiglobal.org\/?s={search_term_string}\"},\"query-input\":{\"@type\":\"PropertyValueSpecification\",\"valueRequired\":true,\"valueName\":\"search_term_string\"}}],\"inLanguage\":\"es\"},{\"@type\":\"Organization\",\"@id\":\"https:\/\/maiglobal.org\/#organization\",\"name\":\"Media Associates International\",\"url\":\"https:\/\/maiglobal.org\/\",\"logo\":{\"@type\":\"ImageObject\",\"inLanguage\":\"es\",\"@id\":\"https:\/\/maiglobal.org\/#\/schema\/logo\/image\/\",\"url\":\"https:\/\/maiglobal.org\/wp-content\/uploads\/2017\/01\/maismall.jpg\",\"contentUrl\":\"https:\/\/maiglobal.org\/wp-content\/uploads\/2017\/01\/maismall.jpg\",\"width\":145,\"height\":60,\"caption\":\"Media Associates International\"},\"image\":{\"@id\":\"https:\/\/maiglobal.org\/#\/schema\/logo\/image\/\"}}]}<\/script>\n<!-- \/ Yoast SEO plugin. -->","yoast_head_json":{"title":"Fortaleciendo a las editoriales cristianas - Media Associates International","description":"Fortaleciendo a las editoriales cristianas: Una jornada para aprender a lograr la sostenibilidad financiera y crear dise\u00f1os eficaces.","robots":{"index":"index","follow":"follow","max-snippet":"max-snippet:-1","max-image-preview":"max-image-preview:large","max-video-preview":"max-video-preview:-1"},"canonical":"https:\/\/maiglobal.org\/es\/fortaleciendo-a-las-editoriales-cristianas\/","og_locale":"es_MX","og_type":"article","og_title":"Fortaleciendo a las editoriales cristianas - Media Associates International","og_description":"Fortaleciendo a las editoriales cristianas: Una jornada para aprender a lograr la sostenibilidad financiera y crear dise\u00f1os eficaces.","og_url":"https:\/\/maiglobal.org\/es\/fortaleciendo-a-las-editoriales-cristianas\/","og_site_name":"Media Associates International","article_modified_time":"2026-03-24T20:24:09+00:00","og_image":[{"url":"https:\/\/maiglobal.org\/wp-content\/uploads\/2026\/03\/2026-Mayo-Fortaleciendo-a-las-editoriales-cristianas.jpg","type":"","width":"","height":""}],"twitter_card":"summary_large_image","twitter_misc":{"Tiempo de lectura":"1 minuto"},"schema":{"@context":"https:\/\/schema.org","@graph":[{"@type":"WebPage","@id":"https:\/\/maiglobal.org\/fortaleciendo-a-las-editoriales-cristianas\/","url":"https:\/\/maiglobal.org\/fortaleciendo-a-las-editoriales-cristianas\/","name":"Fortaleciendo a las editoriales cristianas - Media Associates International","isPartOf":{"@id":"https:\/\/maiglobal.org\/#website"},"primaryImageOfPage":{"@id":"https:\/\/maiglobal.org\/fortaleciendo-a-las-editoriales-cristianas\/#primaryimage"},"image":{"@id":"https:\/\/maiglobal.org\/fortaleciendo-a-las-editoriales-cristianas\/#primaryimage"},"thumbnailUrl":"https:\/\/maiglobal.org\/wp-content\/uploads\/2026\/03\/2026-Mayo-Fortaleciendo-a-las-editoriales-cristianas.jpg","datePublished":"2026-03-09T10:02:33+00:00","dateModified":"2026-03-24T20:24:09+00:00","description":"Fortaleciendo a las editoriales cristianas: Una jornada para aprender a lograr la sostenibilidad financiera y crear dise\u00f1os eficaces.","breadcrumb":{"@id":"https:\/\/maiglobal.org\/fortaleciendo-a-las-editoriales-cristianas\/#breadcrumb"},"inLanguage":"es","potentialAction":[{"@type":"ReadAction","target":["https:\/\/maiglobal.org\/fortaleciendo-a-las-editoriales-cristianas\/"]}]},{"@type":"ImageObject","inLanguage":"es","@id":"https:\/\/maiglobal.org\/fortaleciendo-a-las-editoriales-cristianas\/#primaryimage","url":"https:\/\/maiglobal.org\/wp-content\/uploads\/2026\/03\/2026-Mayo-Fortaleciendo-a-las-editoriales-cristianas.jpg","contentUrl":"https:\/\/maiglobal.org\/wp-content\/uploads\/2026\/03\/2026-Mayo-Fortaleciendo-a-las-editoriales-cristianas.jpg"},{"@type":"BreadcrumbList","@id":"https:\/\/maiglobal.org\/fortaleciendo-a-las-editoriales-cristianas\/#breadcrumb","itemListElement":[{"@type":"ListItem","position":1,"name":"Home","item":"https:\/\/maiglobal.org\/"},{"@type":"ListItem","position":2,"name":"Fortaleciendo a las editoriales cristianas"}]},{"@type":"WebSite","@id":"https:\/\/maiglobal.org\/#website","url":"https:\/\/maiglobal.org\/","name":"Media Associates International","description":"The power of the written word transforms lives.","publisher":{"@id":"https:\/\/maiglobal.org\/#organization"},"potentialAction":[{"@type":"SearchAction","target":{"@type":"EntryPoint","urlTemplate":"https:\/\/maiglobal.org\/?s={search_term_string}"},"query-input":{"@type":"PropertyValueSpecification","valueRequired":true,"valueName":"search_term_string"}}],"inLanguage":"es"},{"@type":"Organization","@id":"https:\/\/maiglobal.org\/#organization","name":"Media Associates International","url":"https:\/\/maiglobal.org\/","logo":{"@type":"ImageObject","inLanguage":"es","@id":"https:\/\/maiglobal.org\/#\/schema\/logo\/image\/","url":"https:\/\/maiglobal.org\/wp-content\/uploads\/2017\/01\/maismall.jpg","contentUrl":"https:\/\/maiglobal.org\/wp-content\/uploads\/2017\/01\/maismall.jpg","width":145,"height":60,"caption":"Media Associates International"},"image":{"@id":"https:\/\/maiglobal.org\/#\/schema\/logo\/image\/"}}]}},"campaignId":"","_links":{"self":[{"href":"https:\/\/maiglobal.org\/es\/wp-json\/wp\/v2\/pages\/23762","targetHints":{"allow":["GET"]}}],"collection":[{"href":"https:\/\/maiglobal.org\/es\/wp-json\/wp\/v2\/pages"}],"about":[{"href":"https:\/\/maiglobal.org\/es\/wp-json\/wp\/v2\/types\/page"}],"author":[{"embeddable":true,"href":"https:\/\/maiglobal.org\/es\/wp-json\/wp\/v2\/users\/2000"}],"replies":[{"embeddable":true,"href":"https:\/\/maiglobal.org\/es\/wp-json\/wp\/v2\/comments?post=23762"}],"version-history":[{"count":16,"href":"https:\/\/maiglobal.org\/es\/wp-json\/wp\/v2\/pages\/23762\/revisions"}],"predecessor-version":[{"id":23994,"href":"https:\/\/maiglobal.org\/es\/wp-json\/wp\/v2\/pages\/23762\/revisions\/23994"}],"wp:attachment":[{"href":"https:\/\/maiglobal.org\/es\/wp-json\/wp\/v2\/media?parent=23762"}],"curies":[{"name":"wp","href":"https:\/\/api.w.org\/{rel}","templated":true}]}}