{"id":24146,"date":"2026-04-07T15:42:10","date_gmt":"2026-04-07T20:42:10","guid":{"rendered":"https:\/\/maiglobal.org\/?page_id=24146"},"modified":"2026-04-07T15:59:49","modified_gmt":"2026-04-07T20:59:49","slug":"creacion-de-disenos-e-imagenes-eficaces-para-publicaciones","status":"publish","type":"page","link":"https:\/\/maiglobal.org\/es\/creacion-de-disenos-e-imagenes-eficaces-para-publicaciones\/","title":{"rendered":"Creaci\u00f3n de dise\u00f1os e im\u00e1genes eficaces para publicaciones"},"content":{"rendered":"<div id=\"fb-root\"><\/div>\n\t\t<div data-elementor-type=\"wp-page\" data-elementor-id=\"24146\" class=\"elementor elementor-24146\" data-elementor-post-type=\"page\">\n\t\t\t\t<div class=\"elementor-element elementor-element-815ecd6 e-flex e-con-boxed e-con e-parent\" data-id=\"815ecd6\" data-element_type=\"container\">\n\t\t\t\t\t<div class=\"e-con-inner\">\n\t\t<div class=\"elementor-element elementor-element-e5c04f0 e-con-full e-flex e-con e-child\" data-id=\"e5c04f0\" data-element_type=\"container\">\n\t\t\t\t<div class=\"elementor-element elementor-element-f9809ce elementor-widget elementor-widget-image\" data-id=\"f9809ce\" data-element_type=\"widget\" data-widget_type=\"image.default\">\n\t\t\t\t\t\t\t\t\t\t\t\t\t\t\t\t<a href=\"https:\/\/bit.ly\/2026MAIPeru%20\">\n\t\t\t\t\t\t\t<img fetchpriority=\"high\" decoding=\"async\" width=\"838\" height=\"1024\" src=\"https:\/\/maiglobal.org\/wp-content\/uploads\/2026\/04\/MAI-CAPACITACION-PERU-838x1024.jpg\" class=\"attachment-large size-large wp-image-24122\" alt=\"\" srcset=\"https:\/\/maiglobal.org\/wp-content\/uploads\/2026\/04\/MAI-CAPACITACION-PERU-838x1024.jpg 838w, https:\/\/maiglobal.org\/wp-content\/uploads\/2026\/04\/MAI-CAPACITACION-PERU-245x300.jpg 245w, https:\/\/maiglobal.org\/wp-content\/uploads\/2026\/04\/MAI-CAPACITACION-PERU-768x939.jpg 768w, https:\/\/maiglobal.org\/wp-content\/uploads\/2026\/04\/MAI-CAPACITACION-PERU-1257x1536.jpg 1257w, https:\/\/maiglobal.org\/wp-content\/uploads\/2026\/04\/MAI-CAPACITACION-PERU-1676x2048.jpg 1676w, https:\/\/maiglobal.org\/wp-content\/uploads\/2026\/04\/MAI-CAPACITACION-PERU-10x12.jpg 10w, https:\/\/maiglobal.org\/wp-content\/uploads\/2026\/04\/MAI-CAPACITACION-PERU-300x367.jpg 300w, https:\/\/maiglobal.org\/wp-content\/uploads\/2026\/04\/MAI-CAPACITACION-PERU-600x733.jpg 600w\" sizes=\"(max-width: 838px) 100vw, 838px\" \/>\t\t\t\t\t\t\t\t<\/a>\n\t\t\t\t\t\t\t\t\t\t\t\t\t\t\t<\/div>\n\t\t\t\t<div class=\"elementor-element elementor-element-1889fa1 elementor-align-justify elementor-widget elementor-widget-button\" data-id=\"1889fa1\" data-element_type=\"widget\" data-widget_type=\"button.default\">\n\t\t\t\t\t\t\t\t\t\t<a class=\"elementor-button elementor-button-link elementor-size-lg\" href=\"https:\/\/bit.ly\/2026MAIPeru%20\">\n\t\t\t\t\t\t<span class=\"elementor-button-content-wrapper\">\n\t\t\t\t\t\t\t\t\t<span class=\"elementor-button-text\">REG\u00cdSTRESE 9 DE MAYO EN PER\u00da<\/span>\n\t\t\t\t\t<\/span>\n\t\t\t\t\t<\/a>\n\t\t\t\t\t\t\t\t<\/div>\n\t\t\t\t<\/div>\n\t\t<div class=\"elementor-element elementor-element-f94b52b e-con-full e-flex e-con e-child\" data-id=\"f94b52b\" data-element_type=\"container\">\n\t\t\t\t<div class=\"elementor-element elementor-element-af8c60a elementor-widget elementor-widget-text-editor\" data-id=\"af8c60a\" data-element_type=\"widget\" data-widget_type=\"text-editor.default\">\n\t\t\t\t\t\t\t\t\t<h2><strong>Creaci\u00f3n de dise\u00f1os e im\u00e1genes eficaces para publicaciones<\/strong><\/h2><p>Dirigido a profesionales y p\u00fablico en general que quiera profundizar en el dise\u00f1o gr\u00e1fico e ilustraci\u00f3n editorial en la era digital.<\/p><p>9 de mayo de 2026\u00a0 \u00a0I\u00a0 \u00a0 9 a. m. &#8211; 11.30 a. m.<br \/>Sociedad B\u00edblica Peruana, Av. Petit Thouars 969 Santa Beatriz, Lima 1<span style=\"font-style: inherit; font-weight: inherit;\"><br \/><\/span><\/p><p><span style=\"font-style: inherit;\"><b>Jos\u00e9 Carlos Guti\u00e9rrez M.<\/b><\/span><span style=\"font-style: inherit; font-weight: inherit;\"> hablar\u00e1 sobre el tema \u00abCreaci\u00f3n de dise\u00f1os e im\u00e1genes atractivas y eficaces\u00bb. Pod\u00e9s traer proyectos de dise\u00f1o reales en los que est\u00e9s trabajando para que te asesoren al respecto.<\/span><\/p><p>INSCRIPCI\u00d3N GRATUITA I Incluye un refrigerio<\/p><p>Para m\u00e1s informaci\u00f3n, ponte en contacto con\u00a0<a href=\"mailto:mai-americalatina@maiglobal.org\">mai-americalatina@maiglobal.org<\/a>.\u00a0<\/p>\t\t\t\t\t\t\t\t<\/div>\n\t\t\t\t<\/div>\n\t\t\t\t\t<\/div>\n\t\t\t\t<\/div>\n\t\t\t\t<\/div>","protected":false},"excerpt":{"rendered":"<p>REG\u00cdSTRESE 9 DE MAYO EN PER\u00da Creaci\u00f3n de dise\u00f1os e im\u00e1genes eficaces para publicaciones Dirigido a profesionales y p\u00fablico en general que quiera profundizar en el dise\u00f1o gr\u00e1fico e ilustraci\u00f3n editorial en la era digital. 9 de mayo de 2026\u00a0 \u00a0I\u00a0 \u00a0 9 a. m. &#8211; 11.30 a. m.Sociedad B\u00edblica Peruana, Av. Petit Thouars 969 [&hellip;]<\/p>","protected":false},"author":1998,"featured_media":0,"parent":0,"menu_order":0,"comment_status":"closed","ping_status":"closed","template":"","meta":{"give_campaign_id":0,"site-sidebar-layout":"no-sidebar","site-content-layout":"page-builder","ast-site-content-layout":"full-width-container","site-content-style":"default","site-sidebar-style":"default","ast-global-header-display":"","ast-banner-title-visibility":"","ast-main-header-display":"","ast-hfb-above-header-display":"","ast-hfb-below-header-display":"","ast-hfb-mobile-header-display":"","site-post-title":"disabled","ast-breadcrumbs-content":"","ast-featured-img":"disabled","footer-sml-layout":"","theme-transparent-header-meta":"","adv-header-id-meta":"","stick-header-meta":"","header-above-stick-meta":"","header-main-stick-meta":"","header-below-stick-meta":"","astra-migrate-meta-layouts":"default","ast-page-background-enabled":"default","ast-page-background-meta":{"desktop":{"background-color":"","background-image":"","background-repeat":"repeat","background-position":"center center","background-size":"auto","background-attachment":"scroll","background-type":"","background-media":"","overlay-type":"","overlay-color":"","overlay-opacity":"","overlay-gradient":""},"tablet":{"background-color":"","background-image":"","background-repeat":"repeat","background-position":"center center","background-size":"auto","background-attachment":"scroll","background-type":"","background-media":"","overlay-type":"","overlay-color":"","overlay-opacity":"","overlay-gradient":""},"mobile":{"background-color":"","background-image":"","background-repeat":"repeat","background-position":"center center","background-size":"auto","background-attachment":"scroll","background-type":"","background-media":"","overlay-type":"","overlay-color":"","overlay-opacity":"","overlay-gradient":""}},"ast-content-background-meta":{"desktop":{"background-color":"var(--ast-global-color-5)","background-image":"","background-repeat":"repeat","background-position":"center center","background-size":"auto","background-attachment":"scroll","background-type":"","background-media":"","overlay-type":"","overlay-color":"","overlay-opacity":"","overlay-gradient":""},"tablet":{"background-color":"var(--ast-global-color-5)","background-image":"","background-repeat":"repeat","background-position":"center center","background-size":"auto","background-attachment":"scroll","background-type":"","background-media":"","overlay-type":"","overlay-color":"","overlay-opacity":"","overlay-gradient":""},"mobile":{"background-color":"var(--ast-global-color-5)","background-image":"","background-repeat":"repeat","background-position":"center center","background-size":"auto","background-attachment":"scroll","background-type":"","background-media":"","overlay-type":"","overlay-color":"","overlay-opacity":"","overlay-gradient":""}},"iawp_total_views":1,"footnotes":""},"class_list":["post-24146","page","type-page","status-publish","hentry"],"yoast_head":"<!-- This site is optimized with the Yoast SEO plugin v26.9 - https:\/\/yoast.com\/product\/yoast-seo-wordpress\/ -->\n<title>Creaci\u00f3n de dise\u00f1os e im\u00e1genes eficaces para publicaciones - Media Associates International<\/title>\n<meta name=\"robots\" content=\"index, follow, max-snippet:-1, max-image-preview:large, max-video-preview:-1\" \/>\n<link rel=\"canonical\" href=\"https:\/\/maiglobal.org\/es\/creacion-de-disenos-e-imagenes-eficaces-para-publicaciones\/\" \/>\n<meta property=\"og:locale\" content=\"es_MX\" \/>\n<meta property=\"og:type\" content=\"article\" \/>\n<meta property=\"og:title\" content=\"Creaci\u00f3n de dise\u00f1os e im\u00e1genes eficaces para publicaciones - Media Associates International\" \/>\n<meta property=\"og:description\" content=\"REG\u00cdSTRESE 9 DE MAYO EN PER\u00da Creaci\u00f3n de dise\u00f1os e im\u00e1genes eficaces para publicaciones Dirigido a profesionales y p\u00fablico en general que quiera profundizar en el dise\u00f1o gr\u00e1fico e ilustraci\u00f3n editorial en la era digital. 9 de mayo de 2026\u00a0 \u00a0I\u00a0 \u00a0 9 a. m. &#8211; 11.30 a. m.Sociedad B\u00edblica Peruana, Av. Petit Thouars 969 [&hellip;]\" \/>\n<meta property=\"og:url\" content=\"https:\/\/maiglobal.org\/es\/creacion-de-disenos-e-imagenes-eficaces-para-publicaciones\/\" \/>\n<meta property=\"og:site_name\" content=\"Media Associates International\" \/>\n<meta property=\"article:modified_time\" content=\"2026-04-07T20:59:49+00:00\" \/>\n<meta property=\"og:image\" content=\"https:\/\/maiglobal.org\/wp-content\/uploads\/2026\/04\/MAI-CAPACITACION-PERU-scaled.jpg\" \/>\n\t<meta property=\"og:image:width\" content=\"2095\" \/>\n\t<meta property=\"og:image:height\" content=\"2560\" \/>\n\t<meta property=\"og:image:type\" content=\"image\/jpeg\" \/>\n<meta name=\"twitter:card\" content=\"summary_large_image\" \/>\n<meta name=\"twitter:label1\" content=\"Tiempo de lectura\" \/>\n\t<meta name=\"twitter:data1\" content=\"1 minuto\" \/>\n<script type=\"application\/ld+json\" class=\"yoast-schema-graph\">{\"@context\":\"https:\/\/schema.org\",\"@graph\":[{\"@type\":\"WebPage\",\"@id\":\"https:\/\/maiglobal.org\/creacion-de-disenos-e-imagenes-eficaces-para-publicaciones\/\",\"url\":\"https:\/\/maiglobal.org\/creacion-de-disenos-e-imagenes-eficaces-para-publicaciones\/\",\"name\":\"Creaci\u00f3n de dise\u00f1os e im\u00e1genes eficaces para publicaciones - Media Associates International\",\"isPartOf\":{\"@id\":\"https:\/\/maiglobal.org\/#website\"},\"primaryImageOfPage\":{\"@id\":\"https:\/\/maiglobal.org\/creacion-de-disenos-e-imagenes-eficaces-para-publicaciones\/#primaryimage\"},\"image\":{\"@id\":\"https:\/\/maiglobal.org\/creacion-de-disenos-e-imagenes-eficaces-para-publicaciones\/#primaryimage\"},\"thumbnailUrl\":\"https:\/\/maiglobal.org\/wp-content\/uploads\/2026\/04\/MAI-CAPACITACION-PERU-838x1024.jpg\",\"datePublished\":\"2026-04-07T20:42:10+00:00\",\"dateModified\":\"2026-04-07T20:59:49+00:00\",\"breadcrumb\":{\"@id\":\"https:\/\/maiglobal.org\/creacion-de-disenos-e-imagenes-eficaces-para-publicaciones\/#breadcrumb\"},\"inLanguage\":\"es\",\"potentialAction\":[{\"@type\":\"ReadAction\",\"target\":[\"https:\/\/maiglobal.org\/creacion-de-disenos-e-imagenes-eficaces-para-publicaciones\/\"]}]},{\"@type\":\"ImageObject\",\"inLanguage\":\"es\",\"@id\":\"https:\/\/maiglobal.org\/creacion-de-disenos-e-imagenes-eficaces-para-publicaciones\/#primaryimage\",\"url\":\"https:\/\/maiglobal.org\/wp-content\/uploads\/2026\/04\/MAI-CAPACITACION-PERU-838x1024.jpg\",\"contentUrl\":\"https:\/\/maiglobal.org\/wp-content\/uploads\/2026\/04\/MAI-CAPACITACION-PERU-838x1024.jpg\"},{\"@type\":\"BreadcrumbList\",\"@id\":\"https:\/\/maiglobal.org\/creacion-de-disenos-e-imagenes-eficaces-para-publicaciones\/#breadcrumb\",\"itemListElement\":[{\"@type\":\"ListItem\",\"position\":1,\"name\":\"Home\",\"item\":\"https:\/\/maiglobal.org\/\"},{\"@type\":\"ListItem\",\"position\":2,\"name\":\"Creaci\u00f3n de dise\u00f1os e im\u00e1genes eficaces para publicaciones\"}]},{\"@type\":\"WebSite\",\"@id\":\"https:\/\/maiglobal.org\/#website\",\"url\":\"https:\/\/maiglobal.org\/\",\"name\":\"Media Associates International\",\"description\":\"The power of the written word transforms lives.\",\"publisher\":{\"@id\":\"https:\/\/maiglobal.org\/#organization\"},\"potentialAction\":[{\"@type\":\"SearchAction\",\"target\":{\"@type\":\"EntryPoint\",\"urlTemplate\":\"https:\/\/maiglobal.org\/?s={search_term_string}\"},\"query-input\":{\"@type\":\"PropertyValueSpecification\",\"valueRequired\":true,\"valueName\":\"search_term_string\"}}],\"inLanguage\":\"es\"},{\"@type\":\"Organization\",\"@id\":\"https:\/\/maiglobal.org\/#organization\",\"name\":\"Media Associates International\",\"url\":\"https:\/\/maiglobal.org\/\",\"logo\":{\"@type\":\"ImageObject\",\"inLanguage\":\"es\",\"@id\":\"https:\/\/maiglobal.org\/#\/schema\/logo\/image\/\",\"url\":\"https:\/\/maiglobal.org\/wp-content\/uploads\/2017\/01\/maismall.jpg\",\"contentUrl\":\"https:\/\/maiglobal.org\/wp-content\/uploads\/2017\/01\/maismall.jpg\",\"width\":145,\"height\":60,\"caption\":\"Media Associates International\"},\"image\":{\"@id\":\"https:\/\/maiglobal.org\/#\/schema\/logo\/image\/\"}}]}<\/script>\n<!-- \/ Yoast SEO plugin. -->","yoast_head_json":{"title":"Creaci\u00f3n de dise\u00f1os e im\u00e1genes eficaces para publicaciones - Media Associates International","robots":{"index":"index","follow":"follow","max-snippet":"max-snippet:-1","max-image-preview":"max-image-preview:large","max-video-preview":"max-video-preview:-1"},"canonical":"https:\/\/maiglobal.org\/es\/creacion-de-disenos-e-imagenes-eficaces-para-publicaciones\/","og_locale":"es_MX","og_type":"article","og_title":"Creaci\u00f3n de dise\u00f1os e im\u00e1genes eficaces para publicaciones - Media Associates International","og_description":"REG\u00cdSTRESE 9 DE MAYO EN PER\u00da Creaci\u00f3n de dise\u00f1os e im\u00e1genes eficaces para publicaciones Dirigido a profesionales y p\u00fablico en general que quiera profundizar en el dise\u00f1o gr\u00e1fico e ilustraci\u00f3n editorial en la era digital. 9 de mayo de 2026\u00a0 \u00a0I\u00a0 \u00a0 9 a. m. &#8211; 11.30 a. m.Sociedad B\u00edblica Peruana, Av. Petit Thouars 969 [&hellip;]","og_url":"https:\/\/maiglobal.org\/es\/creacion-de-disenos-e-imagenes-eficaces-para-publicaciones\/","og_site_name":"Media Associates International","article_modified_time":"2026-04-07T20:59:49+00:00","og_image":[{"width":2095,"height":2560,"url":"https:\/\/maiglobal.org\/wp-content\/uploads\/2026\/04\/MAI-CAPACITACION-PERU-scaled.jpg","type":"image\/jpeg"}],"twitter_card":"summary_large_image","twitter_misc":{"Tiempo de lectura":"1 minuto"},"schema":{"@context":"https:\/\/schema.org","@graph":[{"@type":"WebPage","@id":"https:\/\/maiglobal.org\/creacion-de-disenos-e-imagenes-eficaces-para-publicaciones\/","url":"https:\/\/maiglobal.org\/creacion-de-disenos-e-imagenes-eficaces-para-publicaciones\/","name":"Creaci\u00f3n de dise\u00f1os e im\u00e1genes eficaces para publicaciones - Media Associates International","isPartOf":{"@id":"https:\/\/maiglobal.org\/#website"},"primaryImageOfPage":{"@id":"https:\/\/maiglobal.org\/creacion-de-disenos-e-imagenes-eficaces-para-publicaciones\/#primaryimage"},"image":{"@id":"https:\/\/maiglobal.org\/creacion-de-disenos-e-imagenes-eficaces-para-publicaciones\/#primaryimage"},"thumbnailUrl":"https:\/\/maiglobal.org\/wp-content\/uploads\/2026\/04\/MAI-CAPACITACION-PERU-838x1024.jpg","datePublished":"2026-04-07T20:42:10+00:00","dateModified":"2026-04-07T20:59:49+00:00","breadcrumb":{"@id":"https:\/\/maiglobal.org\/creacion-de-disenos-e-imagenes-eficaces-para-publicaciones\/#breadcrumb"},"inLanguage":"es","potentialAction":[{"@type":"ReadAction","target":["https:\/\/maiglobal.org\/creacion-de-disenos-e-imagenes-eficaces-para-publicaciones\/"]}]},{"@type":"ImageObject","inLanguage":"es","@id":"https:\/\/maiglobal.org\/creacion-de-disenos-e-imagenes-eficaces-para-publicaciones\/#primaryimage","url":"https:\/\/maiglobal.org\/wp-content\/uploads\/2026\/04\/MAI-CAPACITACION-PERU-838x1024.jpg","contentUrl":"https:\/\/maiglobal.org\/wp-content\/uploads\/2026\/04\/MAI-CAPACITACION-PERU-838x1024.jpg"},{"@type":"BreadcrumbList","@id":"https:\/\/maiglobal.org\/creacion-de-disenos-e-imagenes-eficaces-para-publicaciones\/#breadcrumb","itemListElement":[{"@type":"ListItem","position":1,"name":"Home","item":"https:\/\/maiglobal.org\/"},{"@type":"ListItem","position":2,"name":"Creaci\u00f3n de dise\u00f1os e im\u00e1genes eficaces para publicaciones"}]},{"@type":"WebSite","@id":"https:\/\/maiglobal.org\/#website","url":"https:\/\/maiglobal.org\/","name":"Media Associates International","description":"The power of the written word transforms lives.","publisher":{"@id":"https:\/\/maiglobal.org\/#organization"},"potentialAction":[{"@type":"SearchAction","target":{"@type":"EntryPoint","urlTemplate":"https:\/\/maiglobal.org\/?s={search_term_string}"},"query-input":{"@type":"PropertyValueSpecification","valueRequired":true,"valueName":"search_term_string"}}],"inLanguage":"es"},{"@type":"Organization","@id":"https:\/\/maiglobal.org\/#organization","name":"Media Associates International","url":"https:\/\/maiglobal.org\/","logo":{"@type":"ImageObject","inLanguage":"es","@id":"https:\/\/maiglobal.org\/#\/schema\/logo\/image\/","url":"https:\/\/maiglobal.org\/wp-content\/uploads\/2017\/01\/maismall.jpg","contentUrl":"https:\/\/maiglobal.org\/wp-content\/uploads\/2017\/01\/maismall.jpg","width":145,"height":60,"caption":"Media Associates International"},"image":{"@id":"https:\/\/maiglobal.org\/#\/schema\/logo\/image\/"}}]}},"campaignId":"","_links":{"self":[{"href":"https:\/\/maiglobal.org\/es\/wp-json\/wp\/v2\/pages\/24146","targetHints":{"allow":["GET"]}}],"collection":[{"href":"https:\/\/maiglobal.org\/es\/wp-json\/wp\/v2\/pages"}],"about":[{"href":"https:\/\/maiglobal.org\/es\/wp-json\/wp\/v2\/types\/page"}],"author":[{"embeddable":true,"href":"https:\/\/maiglobal.org\/es\/wp-json\/wp\/v2\/users\/1998"}],"replies":[{"embeddable":true,"href":"https:\/\/maiglobal.org\/es\/wp-json\/wp\/v2\/comments?post=24146"}],"version-history":[{"count":12,"href":"https:\/\/maiglobal.org\/es\/wp-json\/wp\/v2\/pages\/24146\/revisions"}],"predecessor-version":[{"id":24173,"href":"https:\/\/maiglobal.org\/es\/wp-json\/wp\/v2\/pages\/24146\/revisions\/24173"}],"wp:attachment":[{"href":"https:\/\/maiglobal.org\/es\/wp-json\/wp\/v2\/media?parent=24146"}],"curies":[{"name":"wp","href":"https:\/\/api.w.org\/{rel}","templated":true}]}}