{"id":9085,"date":"2020-08-17T13:47:15","date_gmt":"2020-08-17T18:47:15","guid":{"rendered":"https:\/\/maiglobal.org\/?page_id=9085"},"modified":"2020-08-17T13:48:38","modified_gmt":"2020-08-17T18:48:38","slug":"primer-premio-parabola-de-las-esperanzas","status":"publish","type":"page","link":"https:\/\/maiglobal.org\/es\/writing-contest\/primer-premio-parabola-de-las-esperanzas\/","title":{"rendered":"Primer premio: Par\u00e1bola de las esperanzas"},"content":{"rendered":"<div id=\"fb-root\"><\/div>\n<p class=\"ydp698e7b61yiv3468244915qt-msonospacing\"><span lang=\"ES-CL\">Nos complace anunciar que Katherine de Estrada de Guatemala es ganadora de nuestro primer <a href=\"http:\/\/bit.ly\/2XulzgF\">concurso de escritores<\/a>.\u00a0 La jueza del concurso, Sally Is\u00e1is Ram\u00edrez, es editora, autora y directora del ministerio MILAMEX en Mexico. De la par\u00e1bola de Katherine, Sally coment\u00f3: \u201cMuy original, actual y bien escrita. Todos nos podemos identificar con el escrito.\u201d Unos 58 participants de muchos pa\u00edses de Am\u00e9rica Latina enviaron sus escritos.<\/span><\/p>\n<p>Por Katherine de Estrada<\/p>\n<p>Todos se miraban en la sala del consultorio, mientras esperaban los resultados del hisopado: Fondo de inversi\u00f3n, Seguro de vida, Competencia laboral, Apego emocional y Fe cristiana. Ninguno usaba mascarilla ni guardaba el distanciamiento social, pues cada uno alegaba ser intocable por el virus.<\/p>\n<p>Fondo de inversi\u00f3n, quien vest\u00eda de etiqueta formal, estaba muy relajado, con la pierna cruzada y recostado sobre el brazo. \u2014No hay duda de que todos ustedes dar\u00e1n positivo, ninguno otorga verdadera seguridad, solo yo \u2014alardeaba.<\/p>\n<p>\u2014\u00bfConque puedes dar verdadera seguridad? \u2014lo cuestion\u00f3 Apego emocional\u2014. \u00bfC\u00f3mo prometes protecci\u00f3n si solo ofreces ayuda a quienes est\u00e1n dispuestos a creer que el dinero lo es todo? Adem\u00e1s, solo hace falta que la econom\u00eda se infle o que alguien se declare en quiebra para que te desvanezcas.<\/p>\n<p>Fondo de inversi\u00f3n no pudo evitar hacer un gesto de asombro, pero mantuvo la compostura. \u2014\u00bfY t\u00fa qu\u00e9 ofreces? \u00bfLa falsa expectativa de que alguien te proteger\u00e1 y cuidar\u00e1 a\u00fan sabiendo que nadie dura por siempre?<\/p>\n<p>Se carcaje\u00f3 Competencia laboral \u2014Ya se han destruido mutuamente. Su problema es que ponen su esperanza en algo fuera de ustedes, en cambio yo, les propongo seguridad confiando en s\u00ed mismos, en sus capacidades&#8230;<\/p>\n<p>\u2014Pero nadie te garantiza que sobrevivir\u00e1s a tus fracasos \u2014replic\u00f3 Seguro de vida\u2014, por eso solo yo vendo una confianza verdadera, yo les aseguro \u00a1la vida!<\/p>\n<p>Todos se desternillaron al mismo tiempo. \u2014\u00bfSeguro de vida? \u00a1Seguro de muerte! \u2014la abucheaban.<\/p>\n<p>Mientras todos se burlaban unos de otros, mostrando sus m\u00faltiples debilidades, alguien pregunt\u00f3 \u00bfy qu\u00e9 de Fe cristiana?<\/p>\n<p>\u2014 Fe cristiana ni siquiera ofrece una certeza \u2014dijo Competencia laboral\u2014, ella se llena la boca de que tiene todo cuando no da nada&#8230;<\/p>\n<p>\u2014Tenemos los resultados \u2014interrumpi\u00f3 el laboratorista.<\/p>\n<p>\u2014L\u00e9alos en voz alta \u2014solicit\u00f3 vigorizada Fe cristiana\u2014. Que se evidencie qui\u00e9n puede dar una verdadera seguridad, qui\u00e9n ofrece una verdadera esperanza.<\/p>\n<p>\u2014Seguro de vida, positivo; Fondo de inversi\u00f3n, positivo; Competencia laboral, positivo; Apego emocional; positivo; Fe cristiana, negativo.<\/p>\n<p>Un alboroto se cre\u00f3 en la sala. Despu\u00e9s de que todos levantaron sus cuestionamientos y se demostr\u00f3 que los resultados eran correctos, cuestionaron a Fe cristiana: \u00bfC\u00f3mo das una esperanza verdadera?<\/p>\n<p>\u2014Mi cuidado es firme y atemporal porque se arraiga en alguien seguro: Dios. Aun quien pierde su estabilidad financiera, relacional o personal estar\u00e1 afianzado si su esperanza es Dios mismo \u2014respondi\u00f3 Fe cristiana, con una gran sonrisa y los brazos abiertos.<\/p>\n<p><em><img decoding=\"async\" class=\"wp-image-9082 alignleft\" src=\"https:\/\/maiglobal.org\/wp-content\/uploads\/2020\/08\/Kathy-perfil.jpg\" alt=\"\" width=\"197\" height=\"211\" srcset=\"https:\/\/maiglobal.org\/wp-content\/uploads\/2020\/08\/Kathy-perfil.jpg 460w, https:\/\/maiglobal.org\/wp-content\/uploads\/2020\/08\/Kathy-perfil-300x321.jpg 300w, https:\/\/maiglobal.org\/wp-content\/uploads\/2020\/08\/Kathy-perfil-280x300.jpg 280w, https:\/\/maiglobal.org\/wp-content\/uploads\/2020\/08\/Kathy-perfil-175x187.jpg 175w\" sizes=\"(max-width: 197px) 100vw, 197px\" \/><strong>Katherine de Estrada es guatemalteca, casada con Mario. Tiene pasi\u00f3n por la ense\u00f1anza b\u00edblica y su aplicaci\u00f3n contempor\u00e1nea. Desea amar a Cristo mientras vive y ser \u00fatil para su gloria. Actualmente sirve a trav\u00e9s de la docencia acad\u00e9mica y el desarrollo curricular.<\/strong><\/em><\/p>\n<p><strong>\u00bbLea l<\/strong><span lang=\"ES-CL\"><strong>a par\u00e1bola de Nataly Vergara Adrianz\u00e9n del Peru que gan\u00f3 el segundo lugar,<\/strong> &#8220;<a href=\"https:\/\/maiglobal.org\/es\/writing-contest\/segundo-lugar-lo-que-sostiene-nuestra-esperanza\/\">Lo que sostiene nuestra esperanza<\/a>&#8220;.\u00a0<\/span><\/p>\n<p>&nbsp;<\/p>","protected":false},"excerpt":{"rendered":"<p>Nos complace anunciar que Katherine de Estrada de Guatemala es ganadora de nuestro primer concurso de escritores.\u00a0 La jueza del concurso, Sally Is\u00e1is Ram\u00edrez, es editora, autora y directora del ministerio MILAMEX en Mexico. De la par\u00e1bola de Katherine, Sally coment\u00f3: \u201cMuy original, actual y bien escrita. Todos nos podemos identificar con el escrito.\u201d Unos [&hellip;]<\/p>","protected":false},"author":4,"featured_media":9094,"parent":9021,"menu_order":0,"comment_status":"closed","ping_status":"closed","template":"","meta":{"give_campaign_id":0,"site-sidebar-layout":"default","site-content-layout":"","ast-site-content-layout":"","site-content-style":"default","site-sidebar-style":"default","ast-global-header-display":"","ast-banner-title-visibility":"","ast-main-header-display":"","ast-hfb-above-header-display":"","ast-hfb-below-header-display":"","ast-hfb-mobile-header-display":"","site-post-title":"","ast-breadcrumbs-content":"","ast-featured-img":"","footer-sml-layout":"","theme-transparent-header-meta":"","adv-header-id-meta":"","stick-header-meta":"","header-above-stick-meta":"","header-main-stick-meta":"","header-below-stick-meta":"","astra-migrate-meta-layouts":"default","ast-page-background-enabled":"default","ast-page-background-meta":{"desktop":{"background-color":"","background-image":"","background-repeat":"repeat","background-position":"center center","background-size":"auto","background-attachment":"scroll","background-type":"","background-media":"","overlay-type":"","overlay-color":"","overlay-opacity":"","overlay-gradient":""},"tablet":{"background-color":"","background-image":"","background-repeat":"repeat","background-position":"center center","background-size":"auto","background-attachment":"scroll","background-type":"","background-media":"","overlay-type":"","overlay-color":"","overlay-opacity":"","overlay-gradient":""},"mobile":{"background-color":"","background-image":"","background-repeat":"repeat","background-position":"center center","background-size":"auto","background-attachment":"scroll","background-type":"","background-media":"","overlay-type":"","overlay-color":"","overlay-opacity":"","overlay-gradient":""}},"ast-content-background-meta":{"desktop":{"background-color":"var(--ast-global-color-5)","background-image":"","background-repeat":"repeat","background-position":"center center","background-size":"auto","background-attachment":"scroll","background-type":"","background-media":"","overlay-type":"","overlay-color":"","overlay-opacity":"","overlay-gradient":""},"tablet":{"background-color":"var(--ast-global-color-5)","background-image":"","background-repeat":"repeat","background-position":"center center","background-size":"auto","background-attachment":"scroll","background-type":"","background-media":"","overlay-type":"","overlay-color":"","overlay-opacity":"","overlay-gradient":""},"mobile":{"background-color":"var(--ast-global-color-5)","background-image":"","background-repeat":"repeat","background-position":"center center","background-size":"auto","background-attachment":"scroll","background-type":"","background-media":"","overlay-type":"","overlay-color":"","overlay-opacity":"","overlay-gradient":""}},"iawp_total_views":20,"footnotes":""},"class_list":["post-9085","page","type-page","status-publish","has-post-thumbnail","hentry"],"yoast_head":"<!-- This site is optimized with the Yoast SEO plugin v26.9 - https:\/\/yoast.com\/product\/yoast-seo-wordpress\/ -->\n<title>Primer premio: Par\u00e1bola de las esperanzas - Media Associates International<\/title>\n<meta name=\"robots\" content=\"index, follow, max-snippet:-1, max-image-preview:large, max-video-preview:-1\" \/>\n<link rel=\"canonical\" href=\"https:\/\/maiglobal.org\/es\/writing-contest\/primer-premio-parabola-de-las-esperanzas\/\" \/>\n<meta property=\"og:locale\" content=\"es_MX\" \/>\n<meta property=\"og:type\" content=\"article\" \/>\n<meta property=\"og:title\" content=\"Primer premio: Par\u00e1bola de las esperanzas - Media Associates International\" \/>\n<meta property=\"og:description\" content=\"Nos complace anunciar que Katherine de Estrada de Guatemala es ganadora de nuestro primer concurso de escritores.\u00a0 La jueza del concurso, Sally Is\u00e1is Ram\u00edrez, es editora, autora y directora del ministerio MILAMEX en Mexico. De la par\u00e1bola de Katherine, Sally coment\u00f3: \u201cMuy original, actual y bien escrita. Todos nos podemos identificar con el escrito.\u201d Unos [&hellip;]\" \/>\n<meta property=\"og:url\" content=\"https:\/\/maiglobal.org\/es\/writing-contest\/primer-premio-parabola-de-las-esperanzas\/\" \/>\n<meta property=\"og:site_name\" content=\"Media Associates International\" \/>\n<meta property=\"article:modified_time\" content=\"2020-08-17T18:48:38+00:00\" \/>\n<meta property=\"og:image\" content=\"https:\/\/maiglobal.org\/wp-content\/uploads\/2020\/08\/Kathy-Completa.gif\" \/>\n\t<meta property=\"og:image:width\" content=\"456\" \/>\n\t<meta property=\"og:image:height\" content=\"756\" \/>\n\t<meta property=\"og:image:type\" content=\"image\/gif\" \/>\n<meta name=\"twitter:card\" content=\"summary_large_image\" \/>\n<meta name=\"twitter:label1\" content=\"Tiempo de lectura\" \/>\n\t<meta name=\"twitter:data1\" content=\"3 minutos\" \/>\n<script type=\"application\/ld+json\" class=\"yoast-schema-graph\">{\"@context\":\"https:\/\/schema.org\",\"@graph\":[{\"@type\":\"WebPage\",\"@id\":\"https:\/\/maiglobal.org\/writing-contest\/primer-premio-parabola-de-las-esperanzas\/\",\"url\":\"https:\/\/maiglobal.org\/writing-contest\/primer-premio-parabola-de-las-esperanzas\/\",\"name\":\"Primer premio: Par\u00e1bola de las esperanzas - Media Associates International\",\"isPartOf\":{\"@id\":\"https:\/\/maiglobal.org\/#website\"},\"primaryImageOfPage\":{\"@id\":\"https:\/\/maiglobal.org\/writing-contest\/primer-premio-parabola-de-las-esperanzas\/#primaryimage\"},\"image\":{\"@id\":\"https:\/\/maiglobal.org\/writing-contest\/primer-premio-parabola-de-las-esperanzas\/#primaryimage\"},\"thumbnailUrl\":\"https:\/\/maiglobal.org\/wp-content\/uploads\/2020\/08\/Kathy-Completa.gif\",\"datePublished\":\"2020-08-17T18:47:15+00:00\",\"dateModified\":\"2020-08-17T18:48:38+00:00\",\"breadcrumb\":{\"@id\":\"https:\/\/maiglobal.org\/writing-contest\/primer-premio-parabola-de-las-esperanzas\/#breadcrumb\"},\"inLanguage\":\"es\",\"potentialAction\":[{\"@type\":\"ReadAction\",\"target\":[\"https:\/\/maiglobal.org\/writing-contest\/primer-premio-parabola-de-las-esperanzas\/\"]}]},{\"@type\":\"ImageObject\",\"inLanguage\":\"es\",\"@id\":\"https:\/\/maiglobal.org\/writing-contest\/primer-premio-parabola-de-las-esperanzas\/#primaryimage\",\"url\":\"https:\/\/maiglobal.org\/wp-content\/uploads\/2020\/08\/Kathy-Completa.gif\",\"contentUrl\":\"https:\/\/maiglobal.org\/wp-content\/uploads\/2020\/08\/Kathy-Completa.gif\",\"width\":456,\"height\":756},{\"@type\":\"BreadcrumbList\",\"@id\":\"https:\/\/maiglobal.org\/writing-contest\/primer-premio-parabola-de-las-esperanzas\/#breadcrumb\",\"itemListElement\":[{\"@type\":\"ListItem\",\"position\":1,\"name\":\"Home\",\"item\":\"https:\/\/maiglobal.org\/\"},{\"@type\":\"ListItem\",\"position\":2,\"name\":\"Writing Contest\",\"item\":\"https:\/\/maiglobal.org\/writing-contest\/\"},{\"@type\":\"ListItem\",\"position\":3,\"name\":\"Primer premio: Par\u00e1bola de las esperanzas\"}]},{\"@type\":\"WebSite\",\"@id\":\"https:\/\/maiglobal.org\/#website\",\"url\":\"https:\/\/maiglobal.org\/\",\"name\":\"Media Associates International\",\"description\":\"The power of the written word transforms lives.\",\"publisher\":{\"@id\":\"https:\/\/maiglobal.org\/#organization\"},\"potentialAction\":[{\"@type\":\"SearchAction\",\"target\":{\"@type\":\"EntryPoint\",\"urlTemplate\":\"https:\/\/maiglobal.org\/?s={search_term_string}\"},\"query-input\":{\"@type\":\"PropertyValueSpecification\",\"valueRequired\":true,\"valueName\":\"search_term_string\"}}],\"inLanguage\":\"es\"},{\"@type\":\"Organization\",\"@id\":\"https:\/\/maiglobal.org\/#organization\",\"name\":\"Media Associates International\",\"url\":\"https:\/\/maiglobal.org\/\",\"logo\":{\"@type\":\"ImageObject\",\"inLanguage\":\"es\",\"@id\":\"https:\/\/maiglobal.org\/#\/schema\/logo\/image\/\",\"url\":\"https:\/\/maiglobal.org\/wp-content\/uploads\/2017\/01\/maismall.jpg\",\"contentUrl\":\"https:\/\/maiglobal.org\/wp-content\/uploads\/2017\/01\/maismall.jpg\",\"width\":145,\"height\":60,\"caption\":\"Media Associates International\"},\"image\":{\"@id\":\"https:\/\/maiglobal.org\/#\/schema\/logo\/image\/\"}}]}<\/script>\n<!-- \/ Yoast SEO plugin. -->","yoast_head_json":{"title":"Primer premio: Par\u00e1bola de las esperanzas - Media Associates International","robots":{"index":"index","follow":"follow","max-snippet":"max-snippet:-1","max-image-preview":"max-image-preview:large","max-video-preview":"max-video-preview:-1"},"canonical":"https:\/\/maiglobal.org\/es\/writing-contest\/primer-premio-parabola-de-las-esperanzas\/","og_locale":"es_MX","og_type":"article","og_title":"Primer premio: Par\u00e1bola de las esperanzas - Media Associates International","og_description":"Nos complace anunciar que Katherine de Estrada de Guatemala es ganadora de nuestro primer concurso de escritores.\u00a0 La jueza del concurso, Sally Is\u00e1is Ram\u00edrez, es editora, autora y directora del ministerio MILAMEX en Mexico. De la par\u00e1bola de Katherine, Sally coment\u00f3: \u201cMuy original, actual y bien escrita. Todos nos podemos identificar con el escrito.\u201d Unos [&hellip;]","og_url":"https:\/\/maiglobal.org\/es\/writing-contest\/primer-premio-parabola-de-las-esperanzas\/","og_site_name":"Media Associates International","article_modified_time":"2020-08-17T18:48:38+00:00","og_image":[{"width":456,"height":756,"url":"https:\/\/maiglobal.org\/wp-content\/uploads\/2020\/08\/Kathy-Completa.gif","type":"image\/gif"}],"twitter_card":"summary_large_image","twitter_misc":{"Tiempo de lectura":"3 minutos"},"schema":{"@context":"https:\/\/schema.org","@graph":[{"@type":"WebPage","@id":"https:\/\/maiglobal.org\/writing-contest\/primer-premio-parabola-de-las-esperanzas\/","url":"https:\/\/maiglobal.org\/writing-contest\/primer-premio-parabola-de-las-esperanzas\/","name":"Primer premio: Par\u00e1bola de las esperanzas - Media Associates International","isPartOf":{"@id":"https:\/\/maiglobal.org\/#website"},"primaryImageOfPage":{"@id":"https:\/\/maiglobal.org\/writing-contest\/primer-premio-parabola-de-las-esperanzas\/#primaryimage"},"image":{"@id":"https:\/\/maiglobal.org\/writing-contest\/primer-premio-parabola-de-las-esperanzas\/#primaryimage"},"thumbnailUrl":"https:\/\/maiglobal.org\/wp-content\/uploads\/2020\/08\/Kathy-Completa.gif","datePublished":"2020-08-17T18:47:15+00:00","dateModified":"2020-08-17T18:48:38+00:00","breadcrumb":{"@id":"https:\/\/maiglobal.org\/writing-contest\/primer-premio-parabola-de-las-esperanzas\/#breadcrumb"},"inLanguage":"es","potentialAction":[{"@type":"ReadAction","target":["https:\/\/maiglobal.org\/writing-contest\/primer-premio-parabola-de-las-esperanzas\/"]}]},{"@type":"ImageObject","inLanguage":"es","@id":"https:\/\/maiglobal.org\/writing-contest\/primer-premio-parabola-de-las-esperanzas\/#primaryimage","url":"https:\/\/maiglobal.org\/wp-content\/uploads\/2020\/08\/Kathy-Completa.gif","contentUrl":"https:\/\/maiglobal.org\/wp-content\/uploads\/2020\/08\/Kathy-Completa.gif","width":456,"height":756},{"@type":"BreadcrumbList","@id":"https:\/\/maiglobal.org\/writing-contest\/primer-premio-parabola-de-las-esperanzas\/#breadcrumb","itemListElement":[{"@type":"ListItem","position":1,"name":"Home","item":"https:\/\/maiglobal.org\/"},{"@type":"ListItem","position":2,"name":"Writing Contest","item":"https:\/\/maiglobal.org\/writing-contest\/"},{"@type":"ListItem","position":3,"name":"Primer premio: Par\u00e1bola de las esperanzas"}]},{"@type":"WebSite","@id":"https:\/\/maiglobal.org\/#website","url":"https:\/\/maiglobal.org\/","name":"Media Associates International","description":"The power of the written word transforms lives.","publisher":{"@id":"https:\/\/maiglobal.org\/#organization"},"potentialAction":[{"@type":"SearchAction","target":{"@type":"EntryPoint","urlTemplate":"https:\/\/maiglobal.org\/?s={search_term_string}"},"query-input":{"@type":"PropertyValueSpecification","valueRequired":true,"valueName":"search_term_string"}}],"inLanguage":"es"},{"@type":"Organization","@id":"https:\/\/maiglobal.org\/#organization","name":"Media Associates International","url":"https:\/\/maiglobal.org\/","logo":{"@type":"ImageObject","inLanguage":"es","@id":"https:\/\/maiglobal.org\/#\/schema\/logo\/image\/","url":"https:\/\/maiglobal.org\/wp-content\/uploads\/2017\/01\/maismall.jpg","contentUrl":"https:\/\/maiglobal.org\/wp-content\/uploads\/2017\/01\/maismall.jpg","width":145,"height":60,"caption":"Media Associates International"},"image":{"@id":"https:\/\/maiglobal.org\/#\/schema\/logo\/image\/"}}]}},"campaignId":"","_links":{"self":[{"href":"https:\/\/maiglobal.org\/es\/wp-json\/wp\/v2\/pages\/9085","targetHints":{"allow":["GET"]}}],"collection":[{"href":"https:\/\/maiglobal.org\/es\/wp-json\/wp\/v2\/pages"}],"about":[{"href":"https:\/\/maiglobal.org\/es\/wp-json\/wp\/v2\/types\/page"}],"author":[{"embeddable":true,"href":"https:\/\/maiglobal.org\/es\/wp-json\/wp\/v2\/users\/4"}],"replies":[{"embeddable":true,"href":"https:\/\/maiglobal.org\/es\/wp-json\/wp\/v2\/comments?post=9085"}],"version-history":[{"count":0,"href":"https:\/\/maiglobal.org\/es\/wp-json\/wp\/v2\/pages\/9085\/revisions"}],"up":[{"embeddable":true,"href":"https:\/\/maiglobal.org\/es\/wp-json\/wp\/v2\/pages\/9021"}],"wp:featuredmedia":[{"embeddable":true,"href":"https:\/\/maiglobal.org\/es\/wp-json\/wp\/v2\/media\/9094"}],"wp:attachment":[{"href":"https:\/\/maiglobal.org\/es\/wp-json\/wp\/v2\/media?parent=9085"}],"curies":[{"name":"wp","href":"https:\/\/api.w.org\/{rel}","templated":true}]}}