{"id":20733,"date":"2025-12-04T14:55:36","date_gmt":"2025-12-04T20:55:36","guid":{"rendered":"https:\/\/maiglobal.org\/?page_id=20733"},"modified":"2025-12-19T13:53:54","modified_gmt":"2025-12-19T19:53:54","slug":"efrain-ocampo","status":"publish","type":"page","link":"https:\/\/maiglobal.org\/fr\/efrain-ocampo\/","title":{"rendered":"Efra\u00edn Ocampo"},"content":{"rendered":"<div id=\"fb-root\"><\/div>\n\t\t<div data-elementor-type=\"wp-page\" data-elementor-id=\"20733\" class=\"elementor elementor-20733\" data-elementor-post-type=\"page\">\n\t\t\t\t<div class=\"elementor-element elementor-element-b389dc4 e-flex e-con-boxed e-con e-parent\" data-id=\"b389dc4\" data-element_type=\"container\">\n\t\t\t\t\t<div class=\"e-con-inner\">\n\t\t\t\t<div class=\"elementor-element elementor-element-b6ded21 elementor-widget elementor-widget-link-in-bio\" data-id=\"b6ded21\" data-element_type=\"widget\" data-widget_type=\"link-in-bio.default\">\n\t\t\t\t<div class=\"elementor-widget-container\">\n\t\t\t\t\t\t\t<div class=\"e-link-in-bio e-link-in-bio\">\n\t\t\t<div class=\"e-link-in-bio__content\">\n\n\t\t\t\t\t\t<div class=\"e-link-in-bio__identity\">\n\t\t\t\t\t\t\t\t\t<div class=\"e-link-in-bio__identity-image e-link-in-bio__identity-image-profile has-style-circle\">\n\t\t\t\t\t\t\t<img decoding=\"async\" width=\"200\" height=\"200\" src=\"https:\/\/maiglobal.org\/wp-content\/uploads\/2025\/09\/Efrain-Ocampo.png\" class=\"e-link-in-bio__identity-image-element\" alt=\"\" srcset=\"https:\/\/maiglobal.org\/wp-content\/uploads\/2025\/09\/Efrain-Ocampo.png 200w, https:\/\/maiglobal.org\/wp-content\/uploads\/2025\/09\/Efrain-Ocampo-150x150.png 150w, https:\/\/maiglobal.org\/wp-content\/uploads\/2025\/09\/Efrain-Ocampo-100x100.png 100w\" sizes=\"(max-width: 200px) 100vw, 200px\" \/>\t\t\t\t\t\t\t\t\t\t\t\t\t<\/div>\n\t\t\t\t\t\t\t<\/div>\n\t\t\t\t\t<div class=\"e-link-in-bio__bio\">\n\t\t\t\t<h2 class=\"e-link-in-bio__heading\">Efra\u00edn Ocampo<\/h2>\t\t\t\t<h3 class=\"e-link-in-bio__title\">Revitaliza tu Iglesia<\/h3>\t\t\t\t\t\t\t\t<p class=\"e-link-in-bio__description\">My name is Efra\u00edn Ocampo, I&#039;m from M\u00e9xico and this is my story:\n\nI started writing as part of my personal spiritual journey. My wife and I was just a newleyweds and I had to recognize my poor character, bad judgment and inconsistency as a christian. I didn&#039;t understand why, in spite of my &quot;christian knowledge&quot;, I wasn&#039;t able to live out my faith. So, I look out for answers in the Bible, prayed and wrote my findings and thoughts. As I began to heal by really knowing my God (as opposed my experience was), I shared with my friends what God were doing in my life. Imagine my surprised when their reaction was &quot;I need this too!&quot;. My answer was to offer my fellowship and my notes become a book I gave them as a tool, so they can think in answers to their multitude of questions.\n\nAs I helped one of my friends, he introduced me another person in similar circumstances, and that person introduced me to another, and then a couple, and then a family, and then a church. They asked me to talk to them, and after that another church, and then another. I started to write another book, this time, with the goal to address church issues, I a few years later I wrote another book about relationships centered in Christ. With my wife we launched Revitalize your church to share with others resources to do so.\n\nMy vision is to continue writing resources to christians and their churches that help them to grow their spirituality by encouraging them to understand and live out the gospel of Jesus Christ in a way that they can experience the healing that brings a new life renewing their minds with the Word, submitting the emotions to their renewed minds and offering their bodies as a living sacrifice as their true and proper worship. All these based in a structured process that has Christ as the goal of spiritual maturity as sons of God.<\/p>\t\t\t<\/div>\n\t\t\t\t\t<div class=\"e-link-in-bio__icons has-size-small\">\n\t\t\t\t\t\t\t<div class=\"e-link-in-bio__icon is-size-small\">\n\t\t\t\t\t<a href=\"https:\/\/www.facebook.com\/efrain.ocampo\" target=\"_blank\" rel=\"noopener \" aria-label=\"Facebook\" class=\"e-link-in-bio__icon-link\">\n\t\t\t\t\t\t<span class=\"e-link-in-bio__icon-svg\">\n\t\t\t\t\t\t\t<i aria-hidden=\"true\" class=\"fab fa-facebook\"><\/i>\t\t\t\t\t\t<\/span>\n\t\t\t\t\t\t\t\t\t\t\t<\/a>\n\t\t\t\t<\/div>\n\t\t\t\t\t\t\t<div class=\"e-link-in-bio__icon is-size-small\">\n\t\t\t\t\t<a href=\"https:\/\/www.youtube.com\/@revitalizatuiglesia\" target=\"_blank\" rel=\"noopener \" aria-label=\"YouTube\" class=\"e-link-in-bio__icon-link\">\n\t\t\t\t\t\t<span class=\"e-link-in-bio__icon-svg\">\n\t\t\t\t\t\t\t<i aria-hidden=\"true\" class=\"fab fa-youtube\"><\/i>\t\t\t\t\t\t<\/span>\n\t\t\t\t\t\t\t\t\t\t\t<\/a>\n\t\t\t\t<\/div>\n\t\t\t\t\t<\/div>\n\t\t\n\t\t<div class=\"e-link-in-bio__ctas has-type-button\">\n\t\t\t\t\t\t\t<a href=\"http:\/\/efrainocampo@gmail.com\" target=\"_blank\" rel=\"noopener \" class=\"e-link-in-bio__cta is-type-button has-corners-rounded\">\n\t\t\t\t\t\t\t\t\t\t<span class=\"e-link-in-bio__cta-text\">\n\t\t\t\t\t\tContact\t\t\t\t\t<\/span>\n\t\t\t\t<\/a>\n\t\t\t\t\t<\/div>\n\t\t\n\t\t\t<\/div>\n\t\t\t<div class=\"e-link-in-bio__bg\">\n\t\t\t\t<div class=\"e-link-in-bio__bg-overlay\"><\/div>\n\t\t\t<\/div>\n\t\t<\/div>\n\t\t\t\t\t\t<\/div>\n\t\t\t\t<\/div>\n\t\t\t\t\t<\/div>\n\t\t\t\t<\/div>\n\t\t\t\t<\/div>","protected":false},"excerpt":{"rendered":"<p>Efra\u00edn Ocampo Revitaliza tu Iglesia My name is Efra\u00edn Ocampo, I&#039;m from M\u00e9xico and this is my story: I started writing as part of my personal spiritual journey. My wife and I was just a newleyweds and I had to recognize my poor character, bad judgment and inconsistency as a christian. I didn&#039;t understand why, [&hellip;]<\/p>","protected":false},"author":2000,"featured_media":0,"parent":0,"menu_order":0,"comment_status":"closed","ping_status":"closed","template":"","meta":{"give_campaign_id":0,"site-sidebar-layout":"no-sidebar","site-content-layout":"page-builder","ast-site-content-layout":"full-width-container","site-content-style":"default","site-sidebar-style":"default","ast-global-header-display":"","ast-banner-title-visibility":"","ast-main-header-display":"","ast-hfb-above-header-display":"","ast-hfb-below-header-display":"","ast-hfb-mobile-header-display":"","site-post-title":"disabled","ast-breadcrumbs-content":"","ast-featured-img":"disabled","footer-sml-layout":"","theme-transparent-header-meta":"","adv-header-id-meta":"","stick-header-meta":"","header-above-stick-meta":"","header-main-stick-meta":"","header-below-stick-meta":"","astra-migrate-meta-layouts":"default","ast-page-background-enabled":"default","ast-page-background-meta":{"desktop":{"background-color":"","background-image":"","background-repeat":"repeat","background-position":"center center","background-size":"auto","background-attachment":"scroll","background-type":"","background-media":"","overlay-type":"","overlay-color":"","overlay-opacity":"","overlay-gradient":""},"tablet":{"background-color":"","background-image":"","background-repeat":"repeat","background-position":"center center","background-size":"auto","background-attachment":"scroll","background-type":"","background-media":"","overlay-type":"","overlay-color":"","overlay-opacity":"","overlay-gradient":""},"mobile":{"background-color":"","background-image":"","background-repeat":"repeat","background-position":"center center","background-size":"auto","background-attachment":"scroll","background-type":"","background-media":"","overlay-type":"","overlay-color":"","overlay-opacity":"","overlay-gradient":""}},"ast-content-background-meta":{"desktop":{"background-color":"var(--ast-global-color-5)","background-image":"","background-repeat":"repeat","background-position":"center center","background-size":"auto","background-attachment":"scroll","background-type":"","background-media":"","overlay-type":"","overlay-color":"","overlay-opacity":"","overlay-gradient":""},"tablet":{"background-color":"var(--ast-global-color-5)","background-image":"","background-repeat":"repeat","background-position":"center center","background-size":"auto","background-attachment":"scroll","background-type":"","background-media":"","overlay-type":"","overlay-color":"","overlay-opacity":"","overlay-gradient":""},"mobile":{"background-color":"var(--ast-global-color-5)","background-image":"","background-repeat":"repeat","background-position":"center center","background-size":"auto","background-attachment":"scroll","background-type":"","background-media":"","overlay-type":"","overlay-color":"","overlay-opacity":"","overlay-gradient":""}},"iawp_total_views":31,"footnotes":""},"class_list":["post-20733","page","type-page","status-publish","hentry"],"yoast_head":"<!-- This site is optimized with the Yoast SEO plugin v26.9 - https:\/\/yoast.com\/product\/yoast-seo-wordpress\/ -->\n<title>Efra\u00edn Ocampo - Media Associates International<\/title>\n<meta name=\"robots\" content=\"index, follow, max-snippet:-1, max-image-preview:large, max-video-preview:-1\" \/>\n<link rel=\"canonical\" href=\"https:\/\/maiglobal.org\/fr\/efrain-ocampo\/\" \/>\n<meta property=\"og:locale\" content=\"fr_FR\" \/>\n<meta property=\"og:type\" content=\"article\" \/>\n<meta property=\"og:title\" content=\"Efra\u00edn Ocampo - Media Associates International\" \/>\n<meta property=\"og:description\" content=\"Efra\u00edn Ocampo Revitaliza tu Iglesia My name is Efra\u00edn Ocampo, I&#039;m from M\u00e9xico and this is my story: I started writing as part of my personal spiritual journey. My wife and I was just a newleyweds and I had to recognize my poor character, bad judgment and inconsistency as a christian. I didn&#039;t understand why, [&hellip;]\" \/>\n<meta property=\"og:url\" content=\"https:\/\/maiglobal.org\/fr\/efrain-ocampo\/\" \/>\n<meta property=\"og:site_name\" content=\"Media Associates International\" \/>\n<meta property=\"article:modified_time\" content=\"2025-12-19T19:53:54+00:00\" \/>\n<meta property=\"og:image\" content=\"https:\/\/maiglobal.org\/wp-content\/uploads\/2025\/09\/Efrain-Ocampo.png\" \/>\n<meta name=\"twitter:card\" content=\"summary_large_image\" \/>\n<meta name=\"twitter:label1\" content=\"Dur\u00e9e de lecture estim\u00e9e\" \/>\n\t<meta name=\"twitter:data1\" content=\"2 minutes\" \/>\n<script type=\"application\/ld+json\" class=\"yoast-schema-graph\">{\"@context\":\"https:\/\/schema.org\",\"@graph\":[{\"@type\":\"WebPage\",\"@id\":\"https:\/\/maiglobal.org\/efrain-ocampo\/\",\"url\":\"https:\/\/maiglobal.org\/efrain-ocampo\/\",\"name\":\"Efra\u00edn Ocampo - Media Associates International\",\"isPartOf\":{\"@id\":\"https:\/\/maiglobal.org\/#website\"},\"primaryImageOfPage\":{\"@id\":\"https:\/\/maiglobal.org\/efrain-ocampo\/#primaryimage\"},\"image\":{\"@id\":\"https:\/\/maiglobal.org\/efrain-ocampo\/#primaryimage\"},\"thumbnailUrl\":\"https:\/\/maiglobal.org\/wp-content\/uploads\/2025\/09\/Efrain-Ocampo.png\",\"datePublished\":\"2025-12-04T20:55:36+00:00\",\"dateModified\":\"2025-12-19T19:53:54+00:00\",\"breadcrumb\":{\"@id\":\"https:\/\/maiglobal.org\/efrain-ocampo\/#breadcrumb\"},\"inLanguage\":\"fr-FR\",\"potentialAction\":[{\"@type\":\"ReadAction\",\"target\":[\"https:\/\/maiglobal.org\/efrain-ocampo\/\"]}]},{\"@type\":\"ImageObject\",\"inLanguage\":\"fr-FR\",\"@id\":\"https:\/\/maiglobal.org\/efrain-ocampo\/#primaryimage\",\"url\":\"https:\/\/maiglobal.org\/wp-content\/uploads\/2025\/09\/Efrain-Ocampo.png\",\"contentUrl\":\"https:\/\/maiglobal.org\/wp-content\/uploads\/2025\/09\/Efrain-Ocampo.png\"},{\"@type\":\"BreadcrumbList\",\"@id\":\"https:\/\/maiglobal.org\/efrain-ocampo\/#breadcrumb\",\"itemListElement\":[{\"@type\":\"ListItem\",\"position\":1,\"name\":\"Home\",\"item\":\"https:\/\/maiglobal.org\/\"},{\"@type\":\"ListItem\",\"position\":2,\"name\":\"Efra\u00edn Ocampo\"}]},{\"@type\":\"WebSite\",\"@id\":\"https:\/\/maiglobal.org\/#website\",\"url\":\"https:\/\/maiglobal.org\/\",\"name\":\"Media Associates International\",\"description\":\"The power of the written word transforms lives.\",\"publisher\":{\"@id\":\"https:\/\/maiglobal.org\/#organization\"},\"potentialAction\":[{\"@type\":\"SearchAction\",\"target\":{\"@type\":\"EntryPoint\",\"urlTemplate\":\"https:\/\/maiglobal.org\/?s={search_term_string}\"},\"query-input\":{\"@type\":\"PropertyValueSpecification\",\"valueRequired\":true,\"valueName\":\"search_term_string\"}}],\"inLanguage\":\"fr-FR\"},{\"@type\":\"Organization\",\"@id\":\"https:\/\/maiglobal.org\/#organization\",\"name\":\"Media Associates International\",\"url\":\"https:\/\/maiglobal.org\/\",\"logo\":{\"@type\":\"ImageObject\",\"inLanguage\":\"fr-FR\",\"@id\":\"https:\/\/maiglobal.org\/#\/schema\/logo\/image\/\",\"url\":\"https:\/\/maiglobal.org\/wp-content\/uploads\/2017\/01\/maismall.jpg\",\"contentUrl\":\"https:\/\/maiglobal.org\/wp-content\/uploads\/2017\/01\/maismall.jpg\",\"width\":145,\"height\":60,\"caption\":\"Media Associates International\"},\"image\":{\"@id\":\"https:\/\/maiglobal.org\/#\/schema\/logo\/image\/\"}}]}<\/script>\n<!-- \/ Yoast SEO plugin. -->","yoast_head_json":{"title":"Efra\u00edn Ocampo - Media Associates International","robots":{"index":"index","follow":"follow","max-snippet":"max-snippet:-1","max-image-preview":"max-image-preview:large","max-video-preview":"max-video-preview:-1"},"canonical":"https:\/\/maiglobal.org\/fr\/efrain-ocampo\/","og_locale":"fr_FR","og_type":"article","og_title":"Efra\u00edn Ocampo - Media Associates International","og_description":"Efra\u00edn Ocampo Revitaliza tu Iglesia My name is Efra\u00edn Ocampo, I&#039;m from M\u00e9xico and this is my story: I started writing as part of my personal spiritual journey. My wife and I was just a newleyweds and I had to recognize my poor character, bad judgment and inconsistency as a christian. I didn&#039;t understand why, [&hellip;]","og_url":"https:\/\/maiglobal.org\/fr\/efrain-ocampo\/","og_site_name":"Media Associates International","article_modified_time":"2025-12-19T19:53:54+00:00","og_image":[{"url":"https:\/\/maiglobal.org\/wp-content\/uploads\/2025\/09\/Efrain-Ocampo.png","type":"","width":"","height":""}],"twitter_card":"summary_large_image","twitter_misc":{"Dur\u00e9e de lecture estim\u00e9e":"2 minutes"},"schema":{"@context":"https:\/\/schema.org","@graph":[{"@type":"WebPage","@id":"https:\/\/maiglobal.org\/efrain-ocampo\/","url":"https:\/\/maiglobal.org\/efrain-ocampo\/","name":"Efra\u00edn Ocampo - Media Associates International","isPartOf":{"@id":"https:\/\/maiglobal.org\/#website"},"primaryImageOfPage":{"@id":"https:\/\/maiglobal.org\/efrain-ocampo\/#primaryimage"},"image":{"@id":"https:\/\/maiglobal.org\/efrain-ocampo\/#primaryimage"},"thumbnailUrl":"https:\/\/maiglobal.org\/wp-content\/uploads\/2025\/09\/Efrain-Ocampo.png","datePublished":"2025-12-04T20:55:36+00:00","dateModified":"2025-12-19T19:53:54+00:00","breadcrumb":{"@id":"https:\/\/maiglobal.org\/efrain-ocampo\/#breadcrumb"},"inLanguage":"fr-FR","potentialAction":[{"@type":"ReadAction","target":["https:\/\/maiglobal.org\/efrain-ocampo\/"]}]},{"@type":"ImageObject","inLanguage":"fr-FR","@id":"https:\/\/maiglobal.org\/efrain-ocampo\/#primaryimage","url":"https:\/\/maiglobal.org\/wp-content\/uploads\/2025\/09\/Efrain-Ocampo.png","contentUrl":"https:\/\/maiglobal.org\/wp-content\/uploads\/2025\/09\/Efrain-Ocampo.png"},{"@type":"BreadcrumbList","@id":"https:\/\/maiglobal.org\/efrain-ocampo\/#breadcrumb","itemListElement":[{"@type":"ListItem","position":1,"name":"Home","item":"https:\/\/maiglobal.org\/"},{"@type":"ListItem","position":2,"name":"Efra\u00edn Ocampo"}]},{"@type":"WebSite","@id":"https:\/\/maiglobal.org\/#website","url":"https:\/\/maiglobal.org\/","name":"Media Associates International","description":"The power of the written word transforms lives.","publisher":{"@id":"https:\/\/maiglobal.org\/#organization"},"potentialAction":[{"@type":"SearchAction","target":{"@type":"EntryPoint","urlTemplate":"https:\/\/maiglobal.org\/?s={search_term_string}"},"query-input":{"@type":"PropertyValueSpecification","valueRequired":true,"valueName":"search_term_string"}}],"inLanguage":"fr-FR"},{"@type":"Organization","@id":"https:\/\/maiglobal.org\/#organization","name":"Media Associates International","url":"https:\/\/maiglobal.org\/","logo":{"@type":"ImageObject","inLanguage":"fr-FR","@id":"https:\/\/maiglobal.org\/#\/schema\/logo\/image\/","url":"https:\/\/maiglobal.org\/wp-content\/uploads\/2017\/01\/maismall.jpg","contentUrl":"https:\/\/maiglobal.org\/wp-content\/uploads\/2017\/01\/maismall.jpg","width":145,"height":60,"caption":"Media Associates International"},"image":{"@id":"https:\/\/maiglobal.org\/#\/schema\/logo\/image\/"}}]}},"campaignId":"","_links":{"self":[{"href":"https:\/\/maiglobal.org\/fr\/wp-json\/wp\/v2\/pages\/20733","targetHints":{"allow":["GET"]}}],"collection":[{"href":"https:\/\/maiglobal.org\/fr\/wp-json\/wp\/v2\/pages"}],"about":[{"href":"https:\/\/maiglobal.org\/fr\/wp-json\/wp\/v2\/types\/page"}],"author":[{"embeddable":true,"href":"https:\/\/maiglobal.org\/fr\/wp-json\/wp\/v2\/users\/2000"}],"replies":[{"embeddable":true,"href":"https:\/\/maiglobal.org\/fr\/wp-json\/wp\/v2\/comments?post=20733"}],"version-history":[{"count":4,"href":"https:\/\/maiglobal.org\/fr\/wp-json\/wp\/v2\/pages\/20733\/revisions"}],"predecessor-version":[{"id":22777,"href":"https:\/\/maiglobal.org\/fr\/wp-json\/wp\/v2\/pages\/20733\/revisions\/22777"}],"wp:attachment":[{"href":"https:\/\/maiglobal.org\/fr\/wp-json\/wp\/v2\/media?parent=20733"}],"curies":[{"name":"wp","href":"https:\/\/api.w.org\/{rel}","templated":true}]}}