{"id":4944,"date":"2017-06-07T19:23:34","date_gmt":"2017-06-07T19:23:34","guid":{"rendered":"https:\/\/maiglobal.org\/?page_id=4944"},"modified":"2017-06-07T19:24:03","modified_gmt":"2017-06-07T19:24:03","slug":"manage-recurring-donation","status":"publish","type":"page","link":"https:\/\/maiglobal.org\/fr\/manage-recurring-donation\/","title":{"rendered":"G\u00e9rer les dons r\u00e9currents"},"content":{"rendered":"<div id=\"fb-root\"><\/div>\n\n        \n        \t<div class=\"give-form\">\n\t\t<form method=\"post\" id=\"give-email-access-form\" action=\"\">\n\t\t\t<p>\n\t\t\t\tVeuillez v\u00e9rifier votre adresse e-mail pour acc\u00e9der \u00e0 votre historique de don.\t\t\t<\/p>\n\n\t\t\t<label for=\"give-email\">E-mail du don\u00a0:<\/label>\n\t\t\t<input id=\"give-email\" type=\"email\" name=\"give_email\" value=\"\"\n\t\t\t\t\tplaceholder=\"Adresse e-mail\"\/>\n\t\t\t<input type=\"hidden\" name=\"_wpnonce\" value=\"524fa8a1ee\"\/>\n\t\t\t<input type=\"hidden\" name=\"give_action\" value=\"email_access_form_login\"\/>\n\t\t\t<input type=\"hidden\" name=\"give_access_page\" value=\"4944\"\/>\n\n\t\t\t\n\t\t\t<input type=\"submit\" class=\"give-submit\" value=\"V\u00e9rifier l\u2019e-mail\"\/>\n\t\t<input type=\"hidden\" name=\"trp-form-language\" value=\"fr\"\/><\/form>\n\t<\/div>","protected":false},"excerpt":{"rendered":"","protected":false},"author":1,"featured_media":0,"parent":0,"menu_order":0,"comment_status":"closed","ping_status":"closed","template":"","meta":{"give_campaign_id":0,"site-sidebar-layout":"default","site-content-layout":"","ast-site-content-layout":"","site-content-style":"default","site-sidebar-style":"default","ast-global-header-display":"","ast-banner-title-visibility":"","ast-main-header-display":"","ast-hfb-above-header-display":"","ast-hfb-below-header-display":"","ast-hfb-mobile-header-display":"","site-post-title":"","ast-breadcrumbs-content":"","ast-featured-img":"","footer-sml-layout":"","theme-transparent-header-meta":"","adv-header-id-meta":"","stick-header-meta":"","header-above-stick-meta":"","header-main-stick-meta":"","header-below-stick-meta":"","astra-migrate-meta-layouts":"default","ast-page-background-enabled":"default","ast-page-background-meta":{"desktop":{"background-color":"","background-image":"","background-repeat":"repeat","background-position":"center center","background-size":"auto","background-attachment":"scroll","background-type":"","background-media":"","overlay-type":"","overlay-color":"","overlay-opacity":"","overlay-gradient":""},"tablet":{"background-color":"","background-image":"","background-repeat":"repeat","background-position":"center center","background-size":"auto","background-attachment":"scroll","background-type":"","background-media":"","overlay-type":"","overlay-color":"","overlay-opacity":"","overlay-gradient":""},"mobile":{"background-color":"","background-image":"","background-repeat":"repeat","background-position":"center center","background-size":"auto","background-attachment":"scroll","background-type":"","background-media":"","overlay-type":"","overlay-color":"","overlay-opacity":"","overlay-gradient":""}},"ast-content-background-meta":{"desktop":{"background-color":"var(--ast-global-color-5)","background-image":"","background-repeat":"repeat","background-position":"center center","background-size":"auto","background-attachment":"scroll","background-type":"","background-media":"","overlay-type":"","overlay-color":"","overlay-opacity":"","overlay-gradient":""},"tablet":{"background-color":"var(--ast-global-color-5)","background-image":"","background-repeat":"repeat","background-position":"center center","background-size":"auto","background-attachment":"scroll","background-type":"","background-media":"","overlay-type":"","overlay-color":"","overlay-opacity":"","overlay-gradient":""},"mobile":{"background-color":"var(--ast-global-color-5)","background-image":"","background-repeat":"repeat","background-position":"center center","background-size":"auto","background-attachment":"scroll","background-type":"","background-media":"","overlay-type":"","overlay-color":"","overlay-opacity":"","overlay-gradient":""}},"iawp_total_views":22,"footnotes":""},"class_list":["post-4944","page","type-page","status-publish","hentry"],"yoast_head":"<!-- This site is optimized with the Yoast SEO plugin v26.9 - https:\/\/yoast.com\/product\/yoast-seo-wordpress\/ -->\n<title>Manage Recurring Donation - Media Associates International<\/title>\n<meta name=\"robots\" content=\"index, follow, max-snippet:-1, max-image-preview:large, max-video-preview:-1\" \/>\n<link rel=\"canonical\" href=\"https:\/\/maiglobal.org\/fr\/manage-recurring-donation\/\" \/>\n<meta property=\"og:locale\" content=\"fr_FR\" \/>\n<meta property=\"og:type\" content=\"article\" \/>\n<meta property=\"og:title\" content=\"Manage Recurring Donation - Media Associates International\" \/>\n<meta property=\"og:url\" content=\"https:\/\/maiglobal.org\/fr\/manage-recurring-donation\/\" \/>\n<meta property=\"og:site_name\" content=\"Media Associates International\" \/>\n<meta property=\"article:modified_time\" content=\"2017-06-07T19:24:03+00:00\" \/>\n<meta property=\"og:image\" content=\"https:\/\/maiglobal.org\/wp-content\/uploads\/2016\/12\/preview-full-MAI_582_108_300dpi.jpg\" \/>\n\t<meta property=\"og:image:width\" content=\"1048\" \/>\n\t<meta property=\"og:image:height\" content=\"434\" \/>\n\t<meta property=\"og:image:type\" content=\"image\/jpeg\" \/>\n<meta name=\"twitter:card\" content=\"summary_large_image\" \/>\n<script type=\"application\/ld+json\" class=\"yoast-schema-graph\">{\"@context\":\"https:\/\/schema.org\",\"@graph\":[{\"@type\":\"WebPage\",\"@id\":\"https:\/\/maiglobal.org\/manage-recurring-donation\/\",\"url\":\"https:\/\/maiglobal.org\/manage-recurring-donation\/\",\"name\":\"Manage Recurring Donation - Media Associates International\",\"isPartOf\":{\"@id\":\"https:\/\/maiglobal.org\/#website\"},\"datePublished\":\"2017-06-07T19:23:34+00:00\",\"dateModified\":\"2017-06-07T19:24:03+00:00\",\"breadcrumb\":{\"@id\":\"https:\/\/maiglobal.org\/manage-recurring-donation\/#breadcrumb\"},\"inLanguage\":\"fr-FR\",\"potentialAction\":[{\"@type\":\"ReadAction\",\"target\":[\"https:\/\/maiglobal.org\/manage-recurring-donation\/\"]}]},{\"@type\":\"BreadcrumbList\",\"@id\":\"https:\/\/maiglobal.org\/manage-recurring-donation\/#breadcrumb\",\"itemListElement\":[{\"@type\":\"ListItem\",\"position\":1,\"name\":\"Home\",\"item\":\"https:\/\/maiglobal.org\/\"},{\"@type\":\"ListItem\",\"position\":2,\"name\":\"Manage Recurring Donation\"}]},{\"@type\":\"WebSite\",\"@id\":\"https:\/\/maiglobal.org\/#website\",\"url\":\"https:\/\/maiglobal.org\/\",\"name\":\"Media Associates International\",\"description\":\"The power of the written word transforms lives.\",\"publisher\":{\"@id\":\"https:\/\/maiglobal.org\/#organization\"},\"potentialAction\":[{\"@type\":\"SearchAction\",\"target\":{\"@type\":\"EntryPoint\",\"urlTemplate\":\"https:\/\/maiglobal.org\/?s={search_term_string}\"},\"query-input\":{\"@type\":\"PropertyValueSpecification\",\"valueRequired\":true,\"valueName\":\"search_term_string\"}}],\"inLanguage\":\"fr-FR\"},{\"@type\":\"Organization\",\"@id\":\"https:\/\/maiglobal.org\/#organization\",\"name\":\"Media Associates International\",\"url\":\"https:\/\/maiglobal.org\/\",\"logo\":{\"@type\":\"ImageObject\",\"inLanguage\":\"fr-FR\",\"@id\":\"https:\/\/maiglobal.org\/#\/schema\/logo\/image\/\",\"url\":\"https:\/\/maiglobal.org\/wp-content\/uploads\/2017\/01\/maismall.jpg\",\"contentUrl\":\"https:\/\/maiglobal.org\/wp-content\/uploads\/2017\/01\/maismall.jpg\",\"width\":145,\"height\":60,\"caption\":\"Media Associates International\"},\"image\":{\"@id\":\"https:\/\/maiglobal.org\/#\/schema\/logo\/image\/\"}}]}<\/script>\n<!-- \/ Yoast SEO plugin. -->","yoast_head_json":{"title":"Manage Recurring Donation - Media Associates International","robots":{"index":"index","follow":"follow","max-snippet":"max-snippet:-1","max-image-preview":"max-image-preview:large","max-video-preview":"max-video-preview:-1"},"canonical":"https:\/\/maiglobal.org\/fr\/manage-recurring-donation\/","og_locale":"fr_FR","og_type":"article","og_title":"Manage Recurring Donation - Media Associates International","og_url":"https:\/\/maiglobal.org\/fr\/manage-recurring-donation\/","og_site_name":"Media Associates International","article_modified_time":"2017-06-07T19:24:03+00:00","og_image":[{"width":1048,"height":434,"url":"https:\/\/maiglobal.org\/wp-content\/uploads\/2016\/12\/preview-full-MAI_582_108_300dpi.jpg","type":"image\/jpeg"}],"twitter_card":"summary_large_image","schema":{"@context":"https:\/\/schema.org","@graph":[{"@type":"WebPage","@id":"https:\/\/maiglobal.org\/manage-recurring-donation\/","url":"https:\/\/maiglobal.org\/manage-recurring-donation\/","name":"Manage Recurring Donation - Media Associates International","isPartOf":{"@id":"https:\/\/maiglobal.org\/#website"},"datePublished":"2017-06-07T19:23:34+00:00","dateModified":"2017-06-07T19:24:03+00:00","breadcrumb":{"@id":"https:\/\/maiglobal.org\/manage-recurring-donation\/#breadcrumb"},"inLanguage":"fr-FR","potentialAction":[{"@type":"ReadAction","target":["https:\/\/maiglobal.org\/manage-recurring-donation\/"]}]},{"@type":"BreadcrumbList","@id":"https:\/\/maiglobal.org\/manage-recurring-donation\/#breadcrumb","itemListElement":[{"@type":"ListItem","position":1,"name":"Home","item":"https:\/\/maiglobal.org\/"},{"@type":"ListItem","position":2,"name":"Manage Recurring Donation"}]},{"@type":"WebSite","@id":"https:\/\/maiglobal.org\/#website","url":"https:\/\/maiglobal.org\/","name":"Media Associates International","description":"The power of the written word transforms lives.","publisher":{"@id":"https:\/\/maiglobal.org\/#organization"},"potentialAction":[{"@type":"SearchAction","target":{"@type":"EntryPoint","urlTemplate":"https:\/\/maiglobal.org\/?s={search_term_string}"},"query-input":{"@type":"PropertyValueSpecification","valueRequired":true,"valueName":"search_term_string"}}],"inLanguage":"fr-FR"},{"@type":"Organization","@id":"https:\/\/maiglobal.org\/#organization","name":"Media Associates International","url":"https:\/\/maiglobal.org\/","logo":{"@type":"ImageObject","inLanguage":"fr-FR","@id":"https:\/\/maiglobal.org\/#\/schema\/logo\/image\/","url":"https:\/\/maiglobal.org\/wp-content\/uploads\/2017\/01\/maismall.jpg","contentUrl":"https:\/\/maiglobal.org\/wp-content\/uploads\/2017\/01\/maismall.jpg","width":145,"height":60,"caption":"Media Associates International"},"image":{"@id":"https:\/\/maiglobal.org\/#\/schema\/logo\/image\/"}}]}},"campaignId":"","_links":{"self":[{"href":"https:\/\/maiglobal.org\/fr\/wp-json\/wp\/v2\/pages\/4944","targetHints":{"allow":["GET"]}}],"collection":[{"href":"https:\/\/maiglobal.org\/fr\/wp-json\/wp\/v2\/pages"}],"about":[{"href":"https:\/\/maiglobal.org\/fr\/wp-json\/wp\/v2\/types\/page"}],"author":[{"embeddable":true,"href":"https:\/\/maiglobal.org\/fr\/wp-json\/wp\/v2\/users\/1"}],"replies":[{"embeddable":true,"href":"https:\/\/maiglobal.org\/fr\/wp-json\/wp\/v2\/comments?post=4944"}],"version-history":[{"count":0,"href":"https:\/\/maiglobal.org\/fr\/wp-json\/wp\/v2\/pages\/4944\/revisions"}],"wp:attachment":[{"href":"https:\/\/maiglobal.org\/fr\/wp-json\/wp\/v2\/media?parent=4944"}],"curies":[{"name":"wp","href":"https:\/\/api.w.org\/{rel}","templated":true}]}}