{"id":13021,"date":"2023-04-05T17:51:54","date_gmt":"2023-04-05T22:51:54","guid":{"rendered":"https:\/\/maiglobal.org\/?page_id=13021"},"modified":"2023-05-30T11:49:13","modified_gmt":"2023-05-30T16:49:13","slug":"littafrica-2023-writing-contest-french-version","status":"publish","type":"page","link":"https:\/\/maiglobal.org\/id\/littafrica-2023-writing-contest-french-version\/","title":{"rendered":"Kontes Penulisan LittAfrica 2023: Versi Bahasa Prancis"},"content":{"rendered":"<div id=\"fb-root\"><\/div>\n\t\t<div data-elementor-type=\"wp-page\" data-elementor-id=\"13021\" class=\"elementor elementor-13021\" data-elementor-post-type=\"page\">\n\t\t\t\t\t\t<section class=\"elementor-section elementor-top-section elementor-element elementor-element-939a01 elementor-section-boxed elementor-section-height-default elementor-section-height-default\" data-id=\"939a01\" data-element_type=\"section\">\n\t\t\t\t\t\t<div class=\"elementor-container elementor-column-gap-default\">\n\t\t\t\t\t<div class=\"elementor-column elementor-col-100 elementor-top-column elementor-element elementor-element-4fd84723\" data-id=\"4fd84723\" data-element_type=\"column\">\n\t\t\t<div class=\"elementor-widget-wrap elementor-element-populated\">\n\t\t\t\t\t\t<div class=\"elementor-element elementor-element-1c86ccb0 elementor-widget elementor-widget-heading\" data-id=\"1c86ccb0\" data-element_type=\"widget\" data-widget_type=\"heading.default\">\n\t\t\t\t\t<h2 class=\"elementor-heading-title elementor-size-default\">Kontes Penulisan LittAfrica 2023: Versi Bahasa Prancis<\/h2>\t\t\t\t<\/div>\n\t\t\t\t\t<\/div>\n\t\t<\/div>\n\t\t\t\t\t<\/div>\n\t\t<\/section>\n\t\t\t\t<section class=\"elementor-section elementor-top-section elementor-element elementor-element-2dca8a68 elementor-section-boxed elementor-section-height-default elementor-section-height-default\" data-id=\"2dca8a68\" data-element_type=\"section\">\n\t\t\t\t\t\t<div class=\"elementor-container elementor-column-gap-default\">\n\t\t\t\t\t<div class=\"elementor-column elementor-col-100 elementor-top-column elementor-element elementor-element-d7ec655\" data-id=\"d7ec655\" data-element_type=\"column\">\n\t\t\t<div class=\"elementor-widget-wrap elementor-element-populated\">\n\t\t\t\t\t\t<div class=\"elementor-element elementor-element-4e6a95ff elementor-widget elementor-widget-image\" data-id=\"4e6a95ff\" data-element_type=\"widget\" data-widget_type=\"image.default\">\n\t\t\t\t\t\t\t\t\t\t\t\t\t\t\t<img fetchpriority=\"high\" decoding=\"async\" width=\"728\" height=\"90\" src=\"https:\/\/maiglobal.org\/wp-content\/uploads\/2023\/04\/French-Website-Banner.png\" class=\"attachment-large size-large wp-image-13041\" alt=\"\" srcset=\"https:\/\/maiglobal.org\/wp-content\/uploads\/2023\/04\/French-Website-Banner.png 728w, https:\/\/maiglobal.org\/wp-content\/uploads\/2023\/04\/French-Website-Banner-300x37.png 300w, https:\/\/maiglobal.org\/wp-content\/uploads\/2023\/04\/French-Website-Banner-600x74.png 600w\" sizes=\"(max-width: 728px) 100vw, 728px\" \/>\t\t\t\t\t\t\t\t\t\t\t\t\t\t\t<\/div>\n\t\t\t\t\t<\/div>\n\t\t<\/div>\n\t\t\t\t\t<\/div>\n\t\t<\/section>\n\t\t\t\t<section class=\"elementor-section elementor-top-section elementor-element elementor-element-38745b7b elementor-section-boxed elementor-section-height-default elementor-section-height-default\" data-id=\"38745b7b\" data-element_type=\"section\">\n\t\t\t\t\t\t<div class=\"elementor-container elementor-column-gap-default\">\n\t\t\t\t\t<div class=\"elementor-column elementor-col-100 elementor-top-column elementor-element elementor-element-8722e00\" data-id=\"8722e00\" data-element_type=\"column\">\n\t\t\t<div class=\"elementor-widget-wrap elementor-element-populated\">\n\t\t\t\t\t\t<div class=\"elementor-element elementor-element-57956b14 elementor-widget elementor-widget-text-editor\" data-id=\"57956b14\" data-element_type=\"widget\" data-widget_type=\"text-editor.default\">\n\t\t\t\t\t\t\t\t\t<h2><span lang=\"FR\">R\u00c8GLEMENT DU CONCOURS D&#8217;\u00c9CRITURE<\/span><\/h2><p style=\"font-weight: 400;\"><img decoding=\"async\" class=\"alignright size-full wp-image-12973\" src=\"https:\/\/maiglobal.org\/wp-content\/uploads\/2023\/04\/hope-1.jpg\" alt=\"\" width=\"248\" height=\"212\" \/>Si vous avez entre 18 et 30 ans, nous vous invitons \u00e0 <strong>\u00e9crire une lettre \u00e0 votre g\u00e9n\u00e9ration<\/strong>. Posez-vous la question :\u00a0<\/p><p style=\"font-weight: 400;\"><strong>\u00abSi j&#8217;avais la possibilit\u00e9 d&#8217;\u00e9crire une lettre pour donner de l&#8217;espoir \u00e0 tous les jeunes Africains, qu&#8217;est-ce que j&#8217;\u00e9crirais ?<\/strong> <strong>\u00bb <\/strong><\/p><p style=\"font-weight: 400;\"><em>Vous pouvez aborder des probl\u00e8mes sp\u00e9cifiques qui font perdre espoir aux jeunes Africains, partager votre propre histoire ou celle de quelqu&#8217;un d&#8217;autre, parler d&#8217;un \u00e9v\u00e9nement porteur d&#8217;espoir dans votre pays, \u00e9voquer un verset des \u00c9critures qui donne de l&#8217;espoir, ou m\u00eame \u00e9crire une b\u00e9n\u00e9diction ou un po\u00e8me \u00e0 l&#8217;intention des lecteurs de votre lettre.<\/em><\/p><p style=\"font-weight: 400;\"><strong>Les textes s\u00e9lectionn\u00e9s seront publi\u00e9s dans une anthologie et deux laur\u00e9ats recevront une bourse compl\u00e8te pour la conf\u00e9rence d&#8217;\u00e9dition LittAfrica (du 5 au 9 novembre 2023).<\/strong><\/p><p>Nouveau ! Chaque personne soumettant une candidature recevra une copie num\u00e9rique gratuite du livre,\u00a0<i>African Writers: A Journey in Writing\u00a0<\/i>dans lequel 11 \u00e9crivains chr\u00e9tiens de 7 nations africaines racontent comment ils ont commenc\u00e9 leur cheminement dans le minist\u00e8re de l&#8217;\u00e9criture.<\/p><p style=\"font-weight: 400;\"><u><\/u><strong><u>R\u00e8glement du concours <\/u><\/strong><\/p><p style=\"font-weight: 400;\"><em>Veuillez lire attentivement les instructions suivantes pour vous assurer que votre participation est admissible.<\/em><\/p><p style=\"font-weight: 400;\"><strong>\u00c2ge et nationalit\u00e9: <\/strong>Le concours est ouvert aux r\u00e9sidents des pays africains \u00e2g\u00e9s de 18 \u00e0 30 ans (au <span class=\"Y2IQFc\" lang=\"fr\">30 juin\u00a0<\/span> 2023).<\/p><p style=\"font-weight: 400;\"><strong>Travail original uniquement: L&#8217;article soumis doit \u00eatre votre propre \u0153uvre<\/strong> et ne pas avoir \u00e9t\u00e9 publi\u00e9 auparavant sur papier ou en ligne.<\/p><p style=\"font-weight: 400;\"><strong>Langue de soumission: <\/strong>Les textes peuvent \u00eatre r\u00e9dig\u00e9s en anglais ou en fran\u00e7ais.<\/p><p style=\"font-weight: 400;\"><strong>Nombre de mots:<\/strong> 800 mots au maximum. Les textes d\u00e9passant cette limite seront disqualifi\u00e9s.<\/p><p style=\"font-weight: 400;\"><strong>Soumission de la candidature: <\/strong>Envoyez votre contribution par mail \u00e0 <a href=\"mailto:mai-africa@littworld.org\">mai-africa@littworld.org<\/a>.<\/p><p style=\"font-weight: 400;\">Veuillez respecter le format suivant :<\/p><ol><li>Objet : <strong><em>Participation au concours de la lettre d&#8217;espoir<\/em><\/strong><\/li><li>Informations initiales dans le corps de l&#8217;e-mail :<\/li><\/ol><ul><li>Vos nom et pr\u00e9nom<\/li><li>Votre date de naissance<\/li><li>Votre pays de naissance<\/li><li>Votre pays de r\u00e9sidence (s&#8217;il est diff\u00e9rent du pays de naissance)<\/li><\/ul><ol><li>Copiez ensuite votre lettre d&#8217;espoir (800 mots maximum) dans l&#8217;e-mail. <strong>Ne l&#8217;envoyez pas en pi\u00e8ce jointe<\/strong>.<\/li><\/ol><p style=\"font-weight: 400;\"><strong>Confirmation de la participation:<\/strong> MAI-Africa r\u00e9pondra \u00e0 l&#8217;adresse \u00e9lectronique du destinataire dans les 5 jours pour v\u00e9rifier que nous avons bien re\u00e7u votre candidature. Il n&#8217;y aura pas d&#8217;autre \u00e9change ou interaction \u00e0 moins que la contribution ne soit s\u00e9lectionn\u00e9e pour l&#8217;anthologie.<\/p><p style=\"font-weight: 400;\"><strong>Date limite:<\/strong> Les soumissions seront closes le mercredi <span class=\"Y2IQFc\" lang=\"fr\">30 juin<\/span>\u00a0(minuit, heure d&#8217;Afrique de l&#8217;Est).<\/p><p style=\"font-weight: 400;\"><strong>Crit\u00e8res d&#8217;\u00e9valuation:<\/strong> Les juges du concours \u00e9valueront votre contribution en fonction de son impact et de sa valeur pour un lecteur de votre g\u00e9n\u00e9ration. La cr\u00e9ativit\u00e9 et la qualit\u00e9 de l&#8217;\u00e9criture (clart\u00e9, vocabulaire et style) seront \u00e9galement prises en compte.<\/p><p><strong>Prix:<\/strong> La d\u00e9cision des juges est d\u00e9finitive. Les prix sont les suivants:<\/p><ol><li>Les textes gagnants s\u00e9lectionn\u00e9s seront publi\u00e9s dans l&#8217;anthologie <strong>Lettres d&#8217;espoir<\/strong> qui sera publi\u00e9e par Step Publishing. L&#8217;auteur de chaque texte s\u00e9lectionn\u00e9 recevra un exemplaire du livre imprim\u00e9 (* <em>voir la cession des droits ci-dessous<\/em>).<\/li><li>En outre, les auteurs de deux des textes gagnants (un texte en anglais et un texte en fran\u00e7ais) recevront une bourse compl\u00e8te pour participer \u00e0 LittAfrica 2023, qui se tiendra \u00e0 Lusaka, en Zambie, du 5 au 9 novembre 2023 (** <em>voir les crit\u00e8res suppl\u00e9mentaires ci-dessous<\/em>).<\/li><\/ol><p style=\"font-weight: 400;\"><strong>*<\/strong> <strong>Cession des droits: Si votre texte est s\u00e9lectionn\u00e9 pour l&#8217;anthologie<\/strong>, vous devrez signer un accord avec Step Publishing leur permettant de publier votre lettre et d&#8217;accorder \u00e0 Step Publishing et \u00e0 MAI-Africa la permission de partager des extraits de votre lettre sur leurs plates-formes de r\u00e9seaux sociaux. Vous devrez \u00e9galement fournir une photo, une courte biographie et une preuve de votre \u00e2ge (certificat de naissance ou passeport). Il n&#8217;y a pas de paiement de droits d&#8217;auteur ou de r\u00e9mun\u00e9ration pour les auteurs.<\/p><p style=\"font-weight: 400;\"><strong>**<\/strong> <strong>Crit\u00e8res d&#8217;attribution de la bourse:<\/strong> Si le laur\u00e9at de la bourse ne peut pas assister \u00e0 la conf\u00e9rence en Zambie du 5 au 9 novembre 2023, un prix modeste en esp\u00e8ces lui sera remis \u00e0 la place de la bourse. La bourse compl\u00e8te sera alors accord\u00e9e \u00e0 un autre \u00e9crivain dont la lettre a \u00e9t\u00e9 s\u00e9lectionn\u00e9e pour l&#8217;anthologie.<\/p><p style=\"font-weight: 400;\"><em>Le concours n&#8217;est pas ouvert au personnel de MAI, aux membres du Conseil d&#8217;administration et aux administrateurs, ni aux membres de leur famille imm\u00e9diate.<\/em><\/p><p style=\"font-weight: 400;\"><em>\u00a0<\/em><\/p><p style=\"font-weight: 400;\">\u00a0<\/p>\t\t\t\t\t\t\t\t<\/div>\n\t\t\t\t\t<\/div>\n\t\t<\/div>\n\t\t\t\t\t<\/div>\n\t\t<\/section>\n\t\t\t\t<\/div>","protected":false},"excerpt":{"rendered":"<p>LittAfrica 2023 Writing Contest: French Version R\u00c8GLEMENT DU CONCOURS D&#8217;\u00c9CRITURE Si vous avez entre 18 et 30 ans, nous vous invitons \u00e0 \u00e9crire une lettre \u00e0 votre g\u00e9n\u00e9ration. Posez-vous la question :\u00a0 \u00abSi j&#8217;avais la possibilit\u00e9 d&#8217;\u00e9crire une lettre pour donner de l&#8217;espoir \u00e0 tous les jeunes Africains, qu&#8217;est-ce que j&#8217;\u00e9crirais ? \u00bb Vous pouvez [&hellip;]<\/p>","protected":false},"author":1943,"featured_media":0,"parent":0,"menu_order":0,"comment_status":"closed","ping_status":"closed","template":"","meta":{"give_campaign_id":0,"site-sidebar-layout":"no-sidebar","site-content-layout":"page-builder","ast-site-content-layout":"","site-content-style":"default","site-sidebar-style":"default","ast-global-header-display":"","ast-banner-title-visibility":"","ast-main-header-display":"","ast-hfb-above-header-display":"","ast-hfb-below-header-display":"","ast-hfb-mobile-header-display":"","site-post-title":"disabled","ast-breadcrumbs-content":"","ast-featured-img":"disabled","footer-sml-layout":"","theme-transparent-header-meta":"default","adv-header-id-meta":"","stick-header-meta":"","header-above-stick-meta":"","header-main-stick-meta":"","header-below-stick-meta":"","astra-migrate-meta-layouts":"default","ast-page-background-enabled":"default","ast-page-background-meta":{"desktop":{"background-color":"","background-image":"","background-repeat":"repeat","background-position":"center center","background-size":"auto","background-attachment":"scroll","background-type":"","background-media":"","overlay-type":"","overlay-color":"","overlay-opacity":"","overlay-gradient":""},"tablet":{"background-color":"","background-image":"","background-repeat":"repeat","background-position":"center center","background-size":"auto","background-attachment":"scroll","background-type":"","background-media":"","overlay-type":"","overlay-color":"","overlay-opacity":"","overlay-gradient":""},"mobile":{"background-color":"","background-image":"","background-repeat":"repeat","background-position":"center center","background-size":"auto","background-attachment":"scroll","background-type":"","background-media":"","overlay-type":"","overlay-color":"","overlay-opacity":"","overlay-gradient":""}},"ast-content-background-meta":{"desktop":{"background-color":"var(--ast-global-color-5)","background-image":"","background-repeat":"repeat","background-position":"center center","background-size":"auto","background-attachment":"scroll","background-type":"","background-media":"","overlay-type":"","overlay-color":"","overlay-opacity":"","overlay-gradient":""},"tablet":{"background-color":"var(--ast-global-color-5)","background-image":"","background-repeat":"repeat","background-position":"center center","background-size":"auto","background-attachment":"scroll","background-type":"","background-media":"","overlay-type":"","overlay-color":"","overlay-opacity":"","overlay-gradient":""},"mobile":{"background-color":"var(--ast-global-color-5)","background-image":"","background-repeat":"repeat","background-position":"center center","background-size":"auto","background-attachment":"scroll","background-type":"","background-media":"","overlay-type":"","overlay-color":"","overlay-opacity":"","overlay-gradient":""}},"iawp_total_views":186,"footnotes":""},"class_list":["post-13021","page","type-page","status-publish","hentry"],"yoast_head":"<!-- This site is optimized with the Yoast SEO plugin v26.9 - https:\/\/yoast.com\/product\/yoast-seo-wordpress\/ -->\n<title>LittAfrica 2023 Writing Contest: French Version - Media Associates International<\/title>\n<meta name=\"robots\" content=\"index, follow, max-snippet:-1, max-image-preview:large, max-video-preview:-1\" \/>\n<link rel=\"canonical\" href=\"https:\/\/maiglobal.org\/id\/littafrica-2023-writing-contest-french-version\/\" \/>\n<meta property=\"og:locale\" content=\"id_ID\" \/>\n<meta property=\"og:type\" content=\"article\" \/>\n<meta property=\"og:title\" content=\"LittAfrica 2023 Writing Contest: French Version - Media Associates International\" \/>\n<meta property=\"og:description\" content=\"LittAfrica 2023 Writing Contest: French Version R\u00c8GLEMENT DU CONCOURS D&#8217;\u00c9CRITURE Si vous avez entre 18 et 30 ans, nous vous invitons \u00e0 \u00e9crire une lettre \u00e0 votre g\u00e9n\u00e9ration. Posez-vous la question :\u00a0 \u00abSi j&#8217;avais la possibilit\u00e9 d&#8217;\u00e9crire une lettre pour donner de l&#8217;espoir \u00e0 tous les jeunes Africains, qu&#8217;est-ce que j&#8217;\u00e9crirais ? \u00bb Vous pouvez [&hellip;]\" \/>\n<meta property=\"og:url\" content=\"https:\/\/maiglobal.org\/id\/littafrica-2023-writing-contest-french-version\/\" \/>\n<meta property=\"og:site_name\" content=\"Media Associates International\" \/>\n<meta property=\"article:modified_time\" content=\"2023-05-30T16:49:13+00:00\" \/>\n<meta property=\"og:image\" content=\"https:\/\/maiglobal.org\/wp-content\/uploads\/2023\/04\/French-Website-Banner.png\" \/>\n<meta name=\"twitter:card\" content=\"summary_large_image\" \/>\n<meta name=\"twitter:label1\" content=\"Estimasi waktu membaca\" \/>\n\t<meta name=\"twitter:data1\" content=\"4 menit\" \/>\n<script type=\"application\/ld+json\" class=\"yoast-schema-graph\">{\"@context\":\"https:\/\/schema.org\",\"@graph\":[{\"@type\":\"WebPage\",\"@id\":\"https:\/\/maiglobal.org\/littafrica-2023-writing-contest-french-version\/\",\"url\":\"https:\/\/maiglobal.org\/littafrica-2023-writing-contest-french-version\/\",\"name\":\"LittAfrica 2023 Writing Contest: French Version - Media Associates International\",\"isPartOf\":{\"@id\":\"https:\/\/maiglobal.org\/#website\"},\"primaryImageOfPage\":{\"@id\":\"https:\/\/maiglobal.org\/littafrica-2023-writing-contest-french-version\/#primaryimage\"},\"image\":{\"@id\":\"https:\/\/maiglobal.org\/littafrica-2023-writing-contest-french-version\/#primaryimage\"},\"thumbnailUrl\":\"https:\/\/maiglobal.org\/wp-content\/uploads\/2023\/04\/French-Website-Banner.png\",\"datePublished\":\"2023-04-05T22:51:54+00:00\",\"dateModified\":\"2023-05-30T16:49:13+00:00\",\"breadcrumb\":{\"@id\":\"https:\/\/maiglobal.org\/littafrica-2023-writing-contest-french-version\/#breadcrumb\"},\"inLanguage\":\"id\",\"potentialAction\":[{\"@type\":\"ReadAction\",\"target\":[\"https:\/\/maiglobal.org\/littafrica-2023-writing-contest-french-version\/\"]}]},{\"@type\":\"ImageObject\",\"inLanguage\":\"id\",\"@id\":\"https:\/\/maiglobal.org\/littafrica-2023-writing-contest-french-version\/#primaryimage\",\"url\":\"https:\/\/maiglobal.org\/wp-content\/uploads\/2023\/04\/French-Website-Banner.png\",\"contentUrl\":\"https:\/\/maiglobal.org\/wp-content\/uploads\/2023\/04\/French-Website-Banner.png\"},{\"@type\":\"BreadcrumbList\",\"@id\":\"https:\/\/maiglobal.org\/littafrica-2023-writing-contest-french-version\/#breadcrumb\",\"itemListElement\":[{\"@type\":\"ListItem\",\"position\":1,\"name\":\"Home\",\"item\":\"https:\/\/maiglobal.org\/\"},{\"@type\":\"ListItem\",\"position\":2,\"name\":\"LittAfrica 2023 Writing Contest: French Version\"}]},{\"@type\":\"WebSite\",\"@id\":\"https:\/\/maiglobal.org\/#website\",\"url\":\"https:\/\/maiglobal.org\/\",\"name\":\"Media Associates International\",\"description\":\"The power of the written word transforms lives.\",\"publisher\":{\"@id\":\"https:\/\/maiglobal.org\/#organization\"},\"potentialAction\":[{\"@type\":\"SearchAction\",\"target\":{\"@type\":\"EntryPoint\",\"urlTemplate\":\"https:\/\/maiglobal.org\/?s={search_term_string}\"},\"query-input\":{\"@type\":\"PropertyValueSpecification\",\"valueRequired\":true,\"valueName\":\"search_term_string\"}}],\"inLanguage\":\"id\"},{\"@type\":\"Organization\",\"@id\":\"https:\/\/maiglobal.org\/#organization\",\"name\":\"Media Associates International\",\"url\":\"https:\/\/maiglobal.org\/\",\"logo\":{\"@type\":\"ImageObject\",\"inLanguage\":\"id\",\"@id\":\"https:\/\/maiglobal.org\/#\/schema\/logo\/image\/\",\"url\":\"https:\/\/maiglobal.org\/wp-content\/uploads\/2017\/01\/maismall.jpg\",\"contentUrl\":\"https:\/\/maiglobal.org\/wp-content\/uploads\/2017\/01\/maismall.jpg\",\"width\":145,\"height\":60,\"caption\":\"Media Associates International\"},\"image\":{\"@id\":\"https:\/\/maiglobal.org\/#\/schema\/logo\/image\/\"}}]}<\/script>\n<!-- \/ Yoast SEO plugin. -->","yoast_head_json":{"title":"LittAfrica 2023 Writing Contest: French Version - Media Associates International","robots":{"index":"index","follow":"follow","max-snippet":"max-snippet:-1","max-image-preview":"max-image-preview:large","max-video-preview":"max-video-preview:-1"},"canonical":"https:\/\/maiglobal.org\/id\/littafrica-2023-writing-contest-french-version\/","og_locale":"id_ID","og_type":"article","og_title":"LittAfrica 2023 Writing Contest: French Version - Media Associates International","og_description":"LittAfrica 2023 Writing Contest: French Version R\u00c8GLEMENT DU CONCOURS D&#8217;\u00c9CRITURE Si vous avez entre 18 et 30 ans, nous vous invitons \u00e0 \u00e9crire une lettre \u00e0 votre g\u00e9n\u00e9ration. Posez-vous la question :\u00a0 \u00abSi j&#8217;avais la possibilit\u00e9 d&#8217;\u00e9crire une lettre pour donner de l&#8217;espoir \u00e0 tous les jeunes Africains, qu&#8217;est-ce que j&#8217;\u00e9crirais ? \u00bb Vous pouvez [&hellip;]","og_url":"https:\/\/maiglobal.org\/id\/littafrica-2023-writing-contest-french-version\/","og_site_name":"Media Associates International","article_modified_time":"2023-05-30T16:49:13+00:00","og_image":[{"url":"https:\/\/maiglobal.org\/wp-content\/uploads\/2023\/04\/French-Website-Banner.png","type":"","width":"","height":""}],"twitter_card":"summary_large_image","twitter_misc":{"Estimasi waktu membaca":"4 menit"},"schema":{"@context":"https:\/\/schema.org","@graph":[{"@type":"WebPage","@id":"https:\/\/maiglobal.org\/littafrica-2023-writing-contest-french-version\/","url":"https:\/\/maiglobal.org\/littafrica-2023-writing-contest-french-version\/","name":"LittAfrica 2023 Writing Contest: French Version - Media Associates International","isPartOf":{"@id":"https:\/\/maiglobal.org\/#website"},"primaryImageOfPage":{"@id":"https:\/\/maiglobal.org\/littafrica-2023-writing-contest-french-version\/#primaryimage"},"image":{"@id":"https:\/\/maiglobal.org\/littafrica-2023-writing-contest-french-version\/#primaryimage"},"thumbnailUrl":"https:\/\/maiglobal.org\/wp-content\/uploads\/2023\/04\/French-Website-Banner.png","datePublished":"2023-04-05T22:51:54+00:00","dateModified":"2023-05-30T16:49:13+00:00","breadcrumb":{"@id":"https:\/\/maiglobal.org\/littafrica-2023-writing-contest-french-version\/#breadcrumb"},"inLanguage":"id","potentialAction":[{"@type":"ReadAction","target":["https:\/\/maiglobal.org\/littafrica-2023-writing-contest-french-version\/"]}]},{"@type":"ImageObject","inLanguage":"id","@id":"https:\/\/maiglobal.org\/littafrica-2023-writing-contest-french-version\/#primaryimage","url":"https:\/\/maiglobal.org\/wp-content\/uploads\/2023\/04\/French-Website-Banner.png","contentUrl":"https:\/\/maiglobal.org\/wp-content\/uploads\/2023\/04\/French-Website-Banner.png"},{"@type":"BreadcrumbList","@id":"https:\/\/maiglobal.org\/littafrica-2023-writing-contest-french-version\/#breadcrumb","itemListElement":[{"@type":"ListItem","position":1,"name":"Home","item":"https:\/\/maiglobal.org\/"},{"@type":"ListItem","position":2,"name":"LittAfrica 2023 Writing Contest: French Version"}]},{"@type":"WebSite","@id":"https:\/\/maiglobal.org\/#website","url":"https:\/\/maiglobal.org\/","name":"Media Associates International","description":"The power of the written word transforms lives.","publisher":{"@id":"https:\/\/maiglobal.org\/#organization"},"potentialAction":[{"@type":"SearchAction","target":{"@type":"EntryPoint","urlTemplate":"https:\/\/maiglobal.org\/?s={search_term_string}"},"query-input":{"@type":"PropertyValueSpecification","valueRequired":true,"valueName":"search_term_string"}}],"inLanguage":"id"},{"@type":"Organization","@id":"https:\/\/maiglobal.org\/#organization","name":"Media Associates International","url":"https:\/\/maiglobal.org\/","logo":{"@type":"ImageObject","inLanguage":"id","@id":"https:\/\/maiglobal.org\/#\/schema\/logo\/image\/","url":"https:\/\/maiglobal.org\/wp-content\/uploads\/2017\/01\/maismall.jpg","contentUrl":"https:\/\/maiglobal.org\/wp-content\/uploads\/2017\/01\/maismall.jpg","width":145,"height":60,"caption":"Media Associates International"},"image":{"@id":"https:\/\/maiglobal.org\/#\/schema\/logo\/image\/"}}]}},"campaignId":"","_links":{"self":[{"href":"https:\/\/maiglobal.org\/id\/wp-json\/wp\/v2\/pages\/13021","targetHints":{"allow":["GET"]}}],"collection":[{"href":"https:\/\/maiglobal.org\/id\/wp-json\/wp\/v2\/pages"}],"about":[{"href":"https:\/\/maiglobal.org\/id\/wp-json\/wp\/v2\/types\/page"}],"author":[{"embeddable":true,"href":"https:\/\/maiglobal.org\/id\/wp-json\/wp\/v2\/users\/1943"}],"replies":[{"embeddable":true,"href":"https:\/\/maiglobal.org\/id\/wp-json\/wp\/v2\/comments?post=13021"}],"version-history":[{"count":13,"href":"https:\/\/maiglobal.org\/id\/wp-json\/wp\/v2\/pages\/13021\/revisions"}],"predecessor-version":[{"id":13140,"href":"https:\/\/maiglobal.org\/id\/wp-json\/wp\/v2\/pages\/13021\/revisions\/13140"}],"wp:attachment":[{"href":"https:\/\/maiglobal.org\/id\/wp-json\/wp\/v2\/media?parent=13021"}],"curies":[{"name":"wp","href":"https:\/\/api.w.org\/{rel}","templated":true}]}}