{"id":14936,"date":"2024-01-29T14:18:58","date_gmt":"2024-01-29T20:18:58","guid":{"rendered":"https:\/\/maiglobal.org\/?page_id=14936"},"modified":"2024-06-03T17:07:43","modified_gmt":"2024-06-03T22:07:43","slug":"about-littworld-2024-spanish","status":"publish","type":"page","link":"https:\/\/maiglobal.org\/id\/about-littworld-2024-spanish\/","title":{"rendered":"Tentang LittWorld 2024 (Spanyol)"},"content":{"rendered":"<div id=\"fb-root\"><\/div>\n\t\t<div data-elementor-type=\"wp-page\" data-elementor-id=\"14936\" class=\"elementor elementor-14936\" data-elementor-post-type=\"page\">\n\t\t\t\t\t\t<section class=\"elementor-section elementor-top-section elementor-element elementor-element-9c25955 elementor-section-boxed elementor-section-height-default elementor-section-height-default\" data-id=\"9c25955\" data-element_type=\"section\">\n\t\t\t\t\t\t<div class=\"elementor-container elementor-column-gap-default\">\n\t\t\t\t\t<div class=\"elementor-column elementor-col-100 elementor-top-column elementor-element elementor-element-0de3cee\" data-id=\"0de3cee\" data-element_type=\"column\">\n\t\t\t<div class=\"elementor-widget-wrap elementor-element-populated\">\n\t\t\t\t\t\t<div class=\"elementor-element elementor-element-d217d26 elementor-widget elementor-widget-image\" data-id=\"d217d26\" data-element_type=\"widget\" data-widget_type=\"image.default\">\n\t\t\t\t\t\t\t\t\t\t\t\t\t\t\t<img fetchpriority=\"high\" decoding=\"async\" width=\"255\" height=\"300\" src=\"https:\/\/maiglobal.org\/wp-content\/uploads\/2023\/09\/logo-color-bigger-255x300.png\" class=\"attachment-medium size-medium wp-image-13955\" alt=\"\" srcset=\"https:\/\/maiglobal.org\/wp-content\/uploads\/2023\/09\/logo-color-bigger-255x300.png 255w, https:\/\/maiglobal.org\/wp-content\/uploads\/2023\/09\/logo-color-bigger-300x352.png 300w, https:\/\/maiglobal.org\/wp-content\/uploads\/2023\/09\/logo-color-bigger.png 584w\" sizes=\"(max-width: 255px) 100vw, 255px\" \/>\t\t\t\t\t\t\t\t\t\t\t\t\t\t\t<\/div>\n\t\t\t\t<div class=\"elementor-element elementor-element-59e305a elementor-align-center elementor-widget elementor-widget-button\" data-id=\"59e305a\" data-element_type=\"widget\" data-widget_type=\"button.default\">\n\t\t\t\t\t\t\t\t\t\t<a class=\"elementor-button elementor-button-link elementor-size-lg\" href=\"https:\/\/www.eventbee.com\/v\/littworld-2024\/event?eid=214912434#\/tickets\">\n\t\t\t\t\t\t<span class=\"elementor-button-content-wrapper\">\n\t\t\t\t\t\t\t\t\t<span class=\"elementor-button-text\">REG\u00cdSTRESE PARA LITTWORLD<\/span>\n\t\t\t\t\t<\/span>\n\t\t\t\t\t<\/a>\n\t\t\t\t\t\t\t\t<\/div>\n\t\t\t\t<div class=\"elementor-element elementor-element-40a4faf elementor-widget elementor-widget-text-editor\" data-id=\"40a4faf\" data-element_type=\"widget\" data-widget_type=\"text-editor.default\">\n\t\t\t\t\t\t\t\t\t<h3><strong><span class=\"size\">LittWorld 2024:&nbsp; La Conferencia mundial para la comunidad cristiana editorial<\/span><\/strong><\/h3>\n<p><b><span class=\"font\"><span class=\"size\">LittWorld 2024<\/span><\/span><\/b><span class=\"size\">, la Conferencia mundial para la comunidad Cristiana editorial, se realizar\u00e1 del 3 al 8 de noviembre en Puebla (M\u00e9xico) bajo el lema \u201cPublicar para un impacto perdurable\u201d. Se espera a m\u00e1s de 200 editores y escritores provenientes de m\u00e1s de 40 pa\u00edses.<\/span><\/p>\n<p>La conferencia ofrecer\u00e1 sesiones plenarias para elaborar una visi\u00f3n com\u00fan, talleres explicativos, consultas personales, sesiones de adoraci\u00f3n y devocionales inspiradores, dirigidos por expertos en la industria editorial de todas las regiones del mundo. &nbsp;<\/p>\n<p><strong>LittWorld 2024<\/strong> se llevar\u00e1 a cabo en el <a href=\"https:\/\/www.ihg.com\/intercontinental\/hotels\/us\/en\/puebla\/puegh\/hoteldetail?cm_mmc=GoogleMaps-_-IC-_-MX-_-PUEGH\">Presidente Intercontinental<\/a><em>,<\/em>&nbsp;un moderno hotel 5 estrellas ubicado a pocos minutos del centro hist\u00f3rico de Puebla, ciudad de 3&nbsp;300&nbsp;000 habitantes que se encuentra a 130 kil\u00f3metros al sudeste de la Ciudad de M\u00e9xico.&nbsp;<\/p>\n<h4><strong>La tarifa \u201cReserva anticipada\u201d le ahorra dinero<\/strong><\/h4>\n<p>La tarifa es de US$ 995 para compartir una habitaci\u00f3n doble y US$ 1335 por habitaci\u00f3n individual. El registro a la conferencia finalizar\u00e1 el 15 de octubre. Si no puede pagar en l\u00ednea al momento de registrarse en la conferencia, por favor cont\u00e1ctese con MAI:&nbsp;<u>mai@littworld.org<\/u>&nbsp;para recibir las instrucciones.<\/p>\n<p><em>Descuento especial para participantes mexicanos: En agradecimiento a nuestro pa\u00eds anfitri\u00f3n, los ciudadanos mexicanos que asistan a la conferencia recibir\u00e1n un descuento de 10% de la \u201cReserva anticipada\u201d o de las tarifas est\u00e1ndar para las habitaciones dobles o individuales. Cont\u00e1ctese con MAI si desea pagar en pesos mexicanos.&nbsp;<\/em><\/p>\n<h4><strong>El pago de la inscripci\u00f3n incluye todas las comidas y el alojamiento <\/strong><\/h4>\n<p>La tarifa de inscripci\u00f3n que usted paga cubrir\u00e1 las cinco noches de alojamiento (noches del 3, 4, 5, 6 y 7 de noviembre), todas las comidas y los <em>coffee breaks<\/em> durante la conferencia, adem\u00e1s del registro y los materiales. La conferencia comienza con la cena del domingo 3 de noviembre y concluye con el desayuno del viernes 8 de noviembre. Toda noche o comida adicional, ya sea antes del inicio oficial o despu\u00e9s del final de la conferencia, son por cuenta del participante.&nbsp;<\/p>\n<h4><strong>Planifique su viaje<\/strong><\/h4>\n<p>El aeropuerto principal m\u00e1s cercano a Puebla es el Aeropuerto Internacional Benito Ju\u00e1rez de la Ciudad de M\u00e9xico. MAI brindar\u00e1 m\u00e1s informaci\u00f3n para facilitar el transporte entre los aeropuertos y el hotel de la conferencia en Puebla.<\/p>\n<h4><strong>Visas y vacunas<\/strong><\/h4>\n<p>Usted deber\u00e1 verificar si necesita o no una <a href=\"https:\/\/embamex.sre.gob.mx\/finlandia\/index.php\/traveling\/visas\">visa para visitar M\u00e9xico<\/a>; si en efecto necesita una visa para M\u00e9xico, por favor, solic\u00edtela con el tiempo suficiente antes de la conferencia. Adem\u00e1s, aseg\u00farese de que su pasaporte sea v\u00e1lido al menos seis meses despu\u00e9s de <strong>LittWorld 2024<\/strong>. Tambi\u00e9n le aconsejamos aplicarse todas las vacunas recomendadas, as\u00ed como contratar un seguro personal de viaje previo al mismo.&nbsp; &nbsp;<\/p>\n<p><a href=\"https:\/\/embamex.sre.gob.mx\/finlandia\/index.php\/traveling\/visas\">https:\/\/embamex.sre.gob.mx\/finlandia\/index.php\/traveling\/visas<\/a><\/p>\n<h4><strong>Reserve su espacio en la mesa<\/strong><\/h4>\n<p>Los asistentes a LittWorld pueden obtener un peque\u00f1o espacio para exponer (60 x 90 cm aprox.) en el sal\u00f3n de exposici\u00f3n de libros, solicit\u00e1ndolo previamente y sin ning\u00fan costo. El espacio es limitado, por lo tanto res\u00e9rvelo pronto.&nbsp;<\/p>\n<p>A fin de contar con m\u00e1s espacio y visibilidad para su compa\u00f1\u00eda, puede reservar una mesa completa (180 x 90 cm aprox.) en el sal\u00f3n de exposici\u00f3n de libros, a un costo de US$ 400. Habr\u00e1 disponibles una cantidad limitadas de mesas, seg\u00fan el orden de solicitudes. Cont\u00e1ctese con MAI para reservar su mesa.&nbsp;<\/p>\n<p><span class=\"size\">Acomp\u00e1\u00f1enos en la conferencia editorial cristiana global LittWorld 2024.<\/span><\/p>\t\t\t\t\t\t\t\t<\/div>\n\t\t\t\t\t<\/div>\n\t\t<\/div>\n\t\t\t\t\t<\/div>\n\t\t<\/section>\n\t\t\t\t<section class=\"elementor-section elementor-top-section elementor-element elementor-element-fd181dd elementor-section-boxed elementor-section-height-default elementor-section-height-default\" data-id=\"fd181dd\" data-element_type=\"section\">\n\t\t\t\t\t\t<div class=\"elementor-container elementor-column-gap-default\">\n\t\t\t\t\t<div class=\"elementor-column elementor-col-33 elementor-top-column elementor-element elementor-element-27ae7ce\" data-id=\"27ae7ce\" data-element_type=\"column\">\n\t\t\t<div class=\"elementor-widget-wrap elementor-element-populated\">\n\t\t\t\t\t\t<div class=\"elementor-element elementor-element-9b72a88 elementor-align-justify elementor-widget elementor-widget-button\" data-id=\"9b72a88\" data-element_type=\"widget\" data-widget_type=\"button.default\">\n\t\t\t\t\t\t\t\t\t\t<a class=\"elementor-button elementor-button-link elementor-size-lg\" href=\"https:\/\/maiglobal.org\/id\/orar-por-littworld-2024\/\">\n\t\t\t\t\t\t<span class=\"elementor-button-content-wrapper\">\n\t\t\t\t\t\t\t\t\t<span class=\"elementor-button-text\">ORAR POR LITTWORLD 2024<\/span>\n\t\t\t\t\t<\/span>\n\t\t\t\t\t<\/a>\n\t\t\t\t\t\t\t\t<\/div>\n\t\t\t\t\t<\/div>\n\t\t<\/div>\n\t\t\t\t<div class=\"elementor-column elementor-col-33 elementor-top-column elementor-element elementor-element-dea1ac5\" data-id=\"dea1ac5\" data-element_type=\"column\">\n\t\t\t<div class=\"elementor-widget-wrap elementor-element-populated\">\n\t\t\t\t\t\t<div class=\"elementor-element elementor-element-3a8c172 elementor-align-justify elementor-widget elementor-widget-button\" data-id=\"3a8c172\" data-element_type=\"widget\" data-widget_type=\"button.default\">\n\t\t\t\t\t\t\t\t\t\t<a class=\"elementor-button elementor-button-link elementor-size-lg\" href=\"https:\/\/maiglobal.org\/id\/oradores-de-littworld-2024\/\">\n\t\t\t\t\t\t<span class=\"elementor-button-content-wrapper\">\n\t\t\t\t\t\t\t\t\t<span class=\"elementor-button-text\">ORADORES DE LITTWORLD 2024<\/span>\n\t\t\t\t\t<\/span>\n\t\t\t\t\t<\/a>\n\t\t\t\t\t\t\t\t<\/div>\n\t\t\t\t\t<\/div>\n\t\t<\/div>\n\t\t\t\t<div class=\"elementor-column elementor-col-33 elementor-top-column elementor-element elementor-element-4ccb203\" data-id=\"4ccb203\" data-element_type=\"column\">\n\t\t\t<div class=\"elementor-widget-wrap elementor-element-populated\">\n\t\t\t\t\t\t<div class=\"elementor-element elementor-element-2efc1e2 elementor-align-justify elementor-widget elementor-widget-button\" data-id=\"2efc1e2\" data-element_type=\"widget\" data-widget_type=\"button.default\">\n\t\t\t\t\t\t\t\t\t\t<a class=\"elementor-button elementor-button-link elementor-size-lg\" href=\"https:\/\/maiglobal.org\/id\/preguntas-frecuentes-sobre-littworld-2024\/\">\n\t\t\t\t\t\t<span class=\"elementor-button-content-wrapper\">\n\t\t\t\t\t\t\t\t\t<span class=\"elementor-button-text\">PREGUNTAS FRECUENTES SOBRE LITTWORLD 2024<\/span>\n\t\t\t\t\t<\/span>\n\t\t\t\t\t<\/a>\n\t\t\t\t\t\t\t\t<\/div>\n\t\t\t\t\t<\/div>\n\t\t<\/div>\n\t\t\t\t\t<\/div>\n\t\t<\/section>\n\t\t\t\t<section class=\"elementor-section elementor-top-section elementor-element elementor-element-16c01c7 elementor-section-boxed elementor-section-height-default elementor-section-height-default\" data-id=\"16c01c7\" data-element_type=\"section\">\n\t\t\t\t\t\t<div class=\"elementor-container elementor-column-gap-default\">\n\t\t\t\t\t<div class=\"elementor-column elementor-col-100 elementor-top-column elementor-element elementor-element-1c1eebf\" data-id=\"1c1eebf\" data-element_type=\"column\">\n\t\t\t<div class=\"elementor-widget-wrap elementor-element-populated\">\n\t\t\t\t\t\t<div class=\"elementor-element elementor-element-551867b elementor-widget elementor-widget-spacer\" data-id=\"551867b\" data-element_type=\"widget\" data-widget_type=\"spacer.default\">\n\t\t\t\t\t\t\t<div class=\"elementor-spacer\">\n\t\t\t<div class=\"elementor-spacer-inner\"><\/div>\n\t\t<\/div>\n\t\t\t\t\t\t<\/div>\n\t\t\t\t\t<\/div>\n\t\t<\/div>\n\t\t\t\t\t<\/div>\n\t\t<\/section>\n\t\t\t\t<\/div>","protected":false},"excerpt":{"rendered":"<p>REG\u00cdSTRESE PARA LITTWORLD LittWorld 2024:&nbsp; La Conferencia mundial para la comunidad cristiana editorial LittWorld 2024, la Conferencia mundial para la comunidad Cristiana editorial, se realizar\u00e1 del 3 al 8 de noviembre en Puebla (M\u00e9xico) bajo el lema \u201cPublicar para un impacto perdurable\u201d. Se espera a m\u00e1s de 200 editores y escritores provenientes de m\u00e1s de [&hellip;]<\/p>","protected":false},"author":7,"featured_media":0,"parent":0,"menu_order":0,"comment_status":"closed","ping_status":"closed","template":"","meta":{"give_campaign_id":0,"site-sidebar-layout":"no-sidebar","site-content-layout":"page-builder","ast-site-content-layout":"","site-content-style":"default","site-sidebar-style":"default","ast-global-header-display":"","ast-banner-title-visibility":"","ast-main-header-display":"","ast-hfb-above-header-display":"","ast-hfb-below-header-display":"","ast-hfb-mobile-header-display":"","site-post-title":"disabled","ast-breadcrumbs-content":"","ast-featured-img":"disabled","footer-sml-layout":"","theme-transparent-header-meta":"default","adv-header-id-meta":"","stick-header-meta":"","header-above-stick-meta":"","header-main-stick-meta":"","header-below-stick-meta":"","astra-migrate-meta-layouts":"default","ast-page-background-enabled":"default","ast-page-background-meta":{"desktop":{"background-color":"","background-image":"","background-repeat":"repeat","background-position":"center center","background-size":"auto","background-attachment":"scroll","background-type":"","background-media":"","overlay-type":"","overlay-color":"","overlay-opacity":"","overlay-gradient":""},"tablet":{"background-color":"","background-image":"","background-repeat":"repeat","background-position":"center center","background-size":"auto","background-attachment":"scroll","background-type":"","background-media":"","overlay-type":"","overlay-color":"","overlay-opacity":"","overlay-gradient":""},"mobile":{"background-color":"","background-image":"","background-repeat":"repeat","background-position":"center center","background-size":"auto","background-attachment":"scroll","background-type":"","background-media":"","overlay-type":"","overlay-color":"","overlay-opacity":"","overlay-gradient":""}},"ast-content-background-meta":{"desktop":{"background-color":"var(--ast-global-color-5)","background-image":"","background-repeat":"repeat","background-position":"center center","background-size":"auto","background-attachment":"scroll","background-type":"","background-media":"","overlay-type":"","overlay-color":"","overlay-opacity":"","overlay-gradient":""},"tablet":{"background-color":"var(--ast-global-color-5)","background-image":"","background-repeat":"repeat","background-position":"center center","background-size":"auto","background-attachment":"scroll","background-type":"","background-media":"","overlay-type":"","overlay-color":"","overlay-opacity":"","overlay-gradient":""},"mobile":{"background-color":"var(--ast-global-color-5)","background-image":"","background-repeat":"repeat","background-position":"center center","background-size":"auto","background-attachment":"scroll","background-type":"","background-media":"","overlay-type":"","overlay-color":"","overlay-opacity":"","overlay-gradient":""}},"iawp_total_views":1101,"footnotes":""},"class_list":["post-14936","page","type-page","status-publish","hentry"],"yoast_head":"<!-- This site is optimized with the Yoast SEO plugin v26.9 - https:\/\/yoast.com\/product\/yoast-seo-wordpress\/ -->\n<title>About LittWorld 2024 (Spanish) - Media Associates International<\/title>\n<meta name=\"description\" content=\"LittWorld 2024, la conferencia mundial de la industria editorial, que se realizar\u00e1 del 3 al 8 de noviembre en Puebla (M\u00e9xico) bajo el lema \u201cPublicar para un impacto perdurable\u201d, espera a m\u00e1s de 200 escritores y trabajadores del mundo editorial cristiano, provenientes de m\u00e1s 40 pa\u00edses.\" \/>\n<meta name=\"robots\" content=\"index, follow, max-snippet:-1, max-image-preview:large, max-video-preview:-1\" \/>\n<link rel=\"canonical\" href=\"https:\/\/maiglobal.org\/id\/about-littworld-2024-spanish\/\" \/>\n<meta property=\"og:locale\" content=\"id_ID\" \/>\n<meta property=\"og:type\" content=\"article\" \/>\n<meta property=\"og:title\" content=\"About LittWorld 2024 (Spanish) - Media Associates International\" \/>\n<meta property=\"og:description\" content=\"LittWorld 2024, la conferencia mundial de la industria editorial, que se realizar\u00e1 del 3 al 8 de noviembre en Puebla (M\u00e9xico) bajo el lema \u201cPublicar para un impacto perdurable\u201d, espera a m\u00e1s de 200 escritores y trabajadores del mundo editorial cristiano, provenientes de m\u00e1s 40 pa\u00edses.\" \/>\n<meta property=\"og:url\" content=\"https:\/\/maiglobal.org\/id\/about-littworld-2024-spanish\/\" \/>\n<meta property=\"og:site_name\" content=\"Media Associates International\" \/>\n<meta property=\"article:modified_time\" content=\"2024-06-03T22:07:43+00:00\" \/>\n<meta property=\"og:image\" content=\"https:\/\/maiglobal.org\/wp-content\/uploads\/2023\/09\/logo-color-bigger-255x300.png\" \/>\n<meta name=\"twitter:card\" content=\"summary_large_image\" \/>\n<meta name=\"twitter:label1\" content=\"Estimasi waktu membaca\" \/>\n\t<meta name=\"twitter:data1\" content=\"3 menit\" \/>\n<script type=\"application\/ld+json\" class=\"yoast-schema-graph\">{\"@context\":\"https:\/\/schema.org\",\"@graph\":[{\"@type\":\"WebPage\",\"@id\":\"https:\/\/maiglobal.org\/about-littworld-2024-spanish\/\",\"url\":\"https:\/\/maiglobal.org\/about-littworld-2024-spanish\/\",\"name\":\"About LittWorld 2024 (Spanish) - Media Associates International\",\"isPartOf\":{\"@id\":\"https:\/\/maiglobal.org\/#website\"},\"primaryImageOfPage\":{\"@id\":\"https:\/\/maiglobal.org\/about-littworld-2024-spanish\/#primaryimage\"},\"image\":{\"@id\":\"https:\/\/maiglobal.org\/about-littworld-2024-spanish\/#primaryimage\"},\"thumbnailUrl\":\"https:\/\/maiglobal.org\/wp-content\/uploads\/2023\/09\/logo-color-bigger-255x300.png\",\"datePublished\":\"2024-01-29T20:18:58+00:00\",\"dateModified\":\"2024-06-03T22:07:43+00:00\",\"description\":\"LittWorld 2024, la conferencia mundial de la industria editorial, que se realizar\u00e1 del 3 al 8 de noviembre en Puebla (M\u00e9xico) bajo el lema \u201cPublicar para un impacto perdurable\u201d, espera a m\u00e1s de 200 escritores y trabajadores del mundo editorial cristiano, provenientes de m\u00e1s 40 pa\u00edses.\",\"breadcrumb\":{\"@id\":\"https:\/\/maiglobal.org\/about-littworld-2024-spanish\/#breadcrumb\"},\"inLanguage\":\"id\",\"potentialAction\":[{\"@type\":\"ReadAction\",\"target\":[\"https:\/\/maiglobal.org\/about-littworld-2024-spanish\/\"]}]},{\"@type\":\"ImageObject\",\"inLanguage\":\"id\",\"@id\":\"https:\/\/maiglobal.org\/about-littworld-2024-spanish\/#primaryimage\",\"url\":\"https:\/\/maiglobal.org\/wp-content\/uploads\/2023\/09\/logo-color-bigger-255x300.png\",\"contentUrl\":\"https:\/\/maiglobal.org\/wp-content\/uploads\/2023\/09\/logo-color-bigger-255x300.png\"},{\"@type\":\"BreadcrumbList\",\"@id\":\"https:\/\/maiglobal.org\/about-littworld-2024-spanish\/#breadcrumb\",\"itemListElement\":[{\"@type\":\"ListItem\",\"position\":1,\"name\":\"Home\",\"item\":\"https:\/\/maiglobal.org\/\"},{\"@type\":\"ListItem\",\"position\":2,\"name\":\"About LittWorld 2024 (Spanish)\"}]},{\"@type\":\"WebSite\",\"@id\":\"https:\/\/maiglobal.org\/#website\",\"url\":\"https:\/\/maiglobal.org\/\",\"name\":\"Media Associates International\",\"description\":\"The power of the written word transforms lives.\",\"publisher\":{\"@id\":\"https:\/\/maiglobal.org\/#organization\"},\"potentialAction\":[{\"@type\":\"SearchAction\",\"target\":{\"@type\":\"EntryPoint\",\"urlTemplate\":\"https:\/\/maiglobal.org\/?s={search_term_string}\"},\"query-input\":{\"@type\":\"PropertyValueSpecification\",\"valueRequired\":true,\"valueName\":\"search_term_string\"}}],\"inLanguage\":\"id\"},{\"@type\":\"Organization\",\"@id\":\"https:\/\/maiglobal.org\/#organization\",\"name\":\"Media Associates International\",\"url\":\"https:\/\/maiglobal.org\/\",\"logo\":{\"@type\":\"ImageObject\",\"inLanguage\":\"id\",\"@id\":\"https:\/\/maiglobal.org\/#\/schema\/logo\/image\/\",\"url\":\"https:\/\/maiglobal.org\/wp-content\/uploads\/2017\/01\/maismall.jpg\",\"contentUrl\":\"https:\/\/maiglobal.org\/wp-content\/uploads\/2017\/01\/maismall.jpg\",\"width\":145,\"height\":60,\"caption\":\"Media Associates International\"},\"image\":{\"@id\":\"https:\/\/maiglobal.org\/#\/schema\/logo\/image\/\"}}]}<\/script>\n<!-- \/ Yoast SEO plugin. -->","yoast_head_json":{"title":"About LittWorld 2024 (Spanish) - Media Associates International","description":"LittWorld 2024, la conferencia mundial de la industria editorial, que se realizar\u00e1 del 3 al 8 de noviembre en Puebla (M\u00e9xico) bajo el lema \u201cPublicar para un impacto perdurable\u201d, espera a m\u00e1s de 200 escritores y trabajadores del mundo editorial cristiano, provenientes de m\u00e1s 40 pa\u00edses.","robots":{"index":"index","follow":"follow","max-snippet":"max-snippet:-1","max-image-preview":"max-image-preview:large","max-video-preview":"max-video-preview:-1"},"canonical":"https:\/\/maiglobal.org\/id\/about-littworld-2024-spanish\/","og_locale":"id_ID","og_type":"article","og_title":"About LittWorld 2024 (Spanish) - Media Associates International","og_description":"LittWorld 2024, la conferencia mundial de la industria editorial, que se realizar\u00e1 del 3 al 8 de noviembre en Puebla (M\u00e9xico) bajo el lema \u201cPublicar para un impacto perdurable\u201d, espera a m\u00e1s de 200 escritores y trabajadores del mundo editorial cristiano, provenientes de m\u00e1s 40 pa\u00edses.","og_url":"https:\/\/maiglobal.org\/id\/about-littworld-2024-spanish\/","og_site_name":"Media Associates International","article_modified_time":"2024-06-03T22:07:43+00:00","og_image":[{"url":"https:\/\/maiglobal.org\/wp-content\/uploads\/2023\/09\/logo-color-bigger-255x300.png","type":"","width":"","height":""}],"twitter_card":"summary_large_image","twitter_misc":{"Estimasi waktu membaca":"3 menit"},"schema":{"@context":"https:\/\/schema.org","@graph":[{"@type":"WebPage","@id":"https:\/\/maiglobal.org\/about-littworld-2024-spanish\/","url":"https:\/\/maiglobal.org\/about-littworld-2024-spanish\/","name":"About LittWorld 2024 (Spanish) - Media Associates International","isPartOf":{"@id":"https:\/\/maiglobal.org\/#website"},"primaryImageOfPage":{"@id":"https:\/\/maiglobal.org\/about-littworld-2024-spanish\/#primaryimage"},"image":{"@id":"https:\/\/maiglobal.org\/about-littworld-2024-spanish\/#primaryimage"},"thumbnailUrl":"https:\/\/maiglobal.org\/wp-content\/uploads\/2023\/09\/logo-color-bigger-255x300.png","datePublished":"2024-01-29T20:18:58+00:00","dateModified":"2024-06-03T22:07:43+00:00","description":"LittWorld 2024, la conferencia mundial de la industria editorial, que se realizar\u00e1 del 3 al 8 de noviembre en Puebla (M\u00e9xico) bajo el lema \u201cPublicar para un impacto perdurable\u201d, espera a m\u00e1s de 200 escritores y trabajadores del mundo editorial cristiano, provenientes de m\u00e1s 40 pa\u00edses.","breadcrumb":{"@id":"https:\/\/maiglobal.org\/about-littworld-2024-spanish\/#breadcrumb"},"inLanguage":"id","potentialAction":[{"@type":"ReadAction","target":["https:\/\/maiglobal.org\/about-littworld-2024-spanish\/"]}]},{"@type":"ImageObject","inLanguage":"id","@id":"https:\/\/maiglobal.org\/about-littworld-2024-spanish\/#primaryimage","url":"https:\/\/maiglobal.org\/wp-content\/uploads\/2023\/09\/logo-color-bigger-255x300.png","contentUrl":"https:\/\/maiglobal.org\/wp-content\/uploads\/2023\/09\/logo-color-bigger-255x300.png"},{"@type":"BreadcrumbList","@id":"https:\/\/maiglobal.org\/about-littworld-2024-spanish\/#breadcrumb","itemListElement":[{"@type":"ListItem","position":1,"name":"Home","item":"https:\/\/maiglobal.org\/"},{"@type":"ListItem","position":2,"name":"About LittWorld 2024 (Spanish)"}]},{"@type":"WebSite","@id":"https:\/\/maiglobal.org\/#website","url":"https:\/\/maiglobal.org\/","name":"Media Associates International","description":"The power of the written word transforms lives.","publisher":{"@id":"https:\/\/maiglobal.org\/#organization"},"potentialAction":[{"@type":"SearchAction","target":{"@type":"EntryPoint","urlTemplate":"https:\/\/maiglobal.org\/?s={search_term_string}"},"query-input":{"@type":"PropertyValueSpecification","valueRequired":true,"valueName":"search_term_string"}}],"inLanguage":"id"},{"@type":"Organization","@id":"https:\/\/maiglobal.org\/#organization","name":"Media Associates International","url":"https:\/\/maiglobal.org\/","logo":{"@type":"ImageObject","inLanguage":"id","@id":"https:\/\/maiglobal.org\/#\/schema\/logo\/image\/","url":"https:\/\/maiglobal.org\/wp-content\/uploads\/2017\/01\/maismall.jpg","contentUrl":"https:\/\/maiglobal.org\/wp-content\/uploads\/2017\/01\/maismall.jpg","width":145,"height":60,"caption":"Media Associates International"},"image":{"@id":"https:\/\/maiglobal.org\/#\/schema\/logo\/image\/"}}]}},"campaignId":"","_links":{"self":[{"href":"https:\/\/maiglobal.org\/id\/wp-json\/wp\/v2\/pages\/14936","targetHints":{"allow":["GET"]}}],"collection":[{"href":"https:\/\/maiglobal.org\/id\/wp-json\/wp\/v2\/pages"}],"about":[{"href":"https:\/\/maiglobal.org\/id\/wp-json\/wp\/v2\/types\/page"}],"author":[{"embeddable":true,"href":"https:\/\/maiglobal.org\/id\/wp-json\/wp\/v2\/users\/7"}],"replies":[{"embeddable":true,"href":"https:\/\/maiglobal.org\/id\/wp-json\/wp\/v2\/comments?post=14936"}],"version-history":[{"count":28,"href":"https:\/\/maiglobal.org\/id\/wp-json\/wp\/v2\/pages\/14936\/revisions"}],"predecessor-version":[{"id":15879,"href":"https:\/\/maiglobal.org\/id\/wp-json\/wp\/v2\/pages\/14936\/revisions\/15879"}],"wp:attachment":[{"href":"https:\/\/maiglobal.org\/id\/wp-json\/wp\/v2\/media?parent=14936"}],"curies":[{"name":"wp","href":"https:\/\/api.w.org\/{rel}","templated":true}]}}