{"id":21726,"date":"2025-12-04T14:56:53","date_gmt":"2025-12-04T20:56:53","guid":{"rendered":"https:\/\/maiglobal.org\/?page_id=21726"},"modified":"2025-12-28T21:48:28","modified_gmt":"2025-12-29T03:48:28","slug":"banu-celik","status":"publish","type":"page","link":"https:\/\/maiglobal.org\/id\/banu-celik\/","title":{"rendered":"Banu \u00c7elik"},"content":{"rendered":"<div id=\"fb-root\"><\/div>\n\t\t<div data-elementor-type=\"wp-page\" data-elementor-id=\"21726\" class=\"elementor elementor-21726\" data-elementor-post-type=\"page\">\n\t\t\t\t<div class=\"elementor-element elementor-element-a606a4e e-flex e-con-boxed e-con e-parent\" data-id=\"a606a4e\" data-element_type=\"container\">\n\t\t\t\t\t<div class=\"e-con-inner\">\n\t\t\t\t<div class=\"elementor-element elementor-element-c51ff3a elementor-widget elementor-widget-link-in-bio\" data-id=\"c51ff3a\" data-element_type=\"widget\" data-widget_type=\"link-in-bio.default\">\n\t\t\t\t<div class=\"elementor-widget-container\">\n\t\t\t\t\t\t\t<div class=\"e-link-in-bio e-link-in-bio\">\n\t\t\t<div class=\"e-link-in-bio__content\">\n\n\t\t\t\t\t\t<div class=\"e-link-in-bio__identity\">\n\t\t\t\t\t\t\t\t\t<div class=\"e-link-in-bio__identity-image e-link-in-bio__identity-image-profile has-style-circle\">\n\t\t\t\t\t\t\t<img decoding=\"async\" width=\"200\" height=\"200\" src=\"https:\/\/maiglobal.org\/wp-content\/uploads\/2025\/11\/Banu-Celik.png\" class=\"e-link-in-bio__identity-image-element\" alt=\"\" srcset=\"https:\/\/maiglobal.org\/wp-content\/uploads\/2025\/11\/Banu-Celik.png 200w, https:\/\/maiglobal.org\/wp-content\/uploads\/2025\/11\/Banu-Celik-150x150.png 150w, https:\/\/maiglobal.org\/wp-content\/uploads\/2025\/11\/Banu-Celik-100x100.png 100w\" sizes=\"(max-width: 200px) 100vw, 200px\" \/>\t\t\t\t\t\t\t\t\t\t\t\t\t<\/div>\n\t\t\t\t\t\t\t<\/div>\n\t\t\t\t\t<div class=\"e-link-in-bio__bio\">\n\t\t\t\t<h2 class=\"e-link-in-bio__heading\">Banu \u00c7elik<\/h2>\t\t\t\t<h3 class=\"e-link-in-bio__title\">Derin De\u011fi\u015fim (Deep Change)<\/h3>\t\t\t\t\t\t\t\t<p class=\"e-link-in-bio__description\">In 2015, I began serving in the Derin De\u011fi\u015fim ministry as a writer in a small student development initiative. Today, I serve as the director of the ministry. Derin De\u011fi\u015fim first began by preparing discipleship materials written by Turkish authors and designed to fit the Turkish cultural context. Over time, it expanded through writing workshops, Bible studies, and personal development programs, becoming a multi-faceted ministry.\n\nToday, Derin De\u011fi\u015fim (Deep Change) organizes seminars, produces educational materials, and creates resources on spiritual formation, ethics, and emotional maturity. Our main target audience includes young adults, students, and Christian leaders who seek to deepen their faith, apply biblical principles to daily life, and grow into mature followers of Christ. In addition, we support local churches, groups, and communities by providing culturally contextualized resources and training programs within the context of Turkish society.<\/p>\t\t\t<\/div>\n\t\t\t\t\t<div class=\"e-link-in-bio__icons has-size-small\">\n\t\t\t\t\t\t\t<div class=\"e-link-in-bio__icon is-size-small\">\n\t\t\t\t\t<a href=\"https:\/\/www.instagram.com\/derindegisim\/\" target=\"_blank\" rel=\"noopener \" aria-label=\"Instagram\" class=\"e-link-in-bio__icon-link\">\n\t\t\t\t\t\t<span class=\"e-link-in-bio__icon-svg\">\n\t\t\t\t\t\t\t<i aria-hidden=\"true\" class=\"fab fa-instagram\"><\/i>\t\t\t\t\t\t<\/span>\n\t\t\t\t\t\t\t\t\t\t\t<\/a>\n\t\t\t\t<\/div>\n\t\t\t\t\t<\/div>\n\t\t\n\t\t<div class=\"e-link-in-bio__ctas has-type-button\">\n\t\t\t\t\t\t\t<a href=\"http:\/\/www.derindegisim.com\" target=\"_blank\" rel=\"noopener \" class=\"e-link-in-bio__cta is-type-button has-corners-rounded\">\n\t\t\t\t\t\t\t\t\t\t<span class=\"e-link-in-bio__cta-text\">\n\t\t\t\t\t\tVisite Website\t\t\t\t\t<\/span>\n\t\t\t\t<\/a>\n\t\t\t\t\t\t\t<a class=\"e-link-in-bio__cta is-type-button has-corners-rounded\" href=\"mailto:selalba@gmail.com\">\n\t\t\t\t\t\t\t\t\t\t<span class=\"e-link-in-bio__cta-text\">\n\t\t\t\t\t\tContact\t\t\t\t\t<\/span>\n\t\t\t\t<\/a>\n\t\t\t\t\t<\/div>\n\t\t\n\t\t\t<\/div>\n\t\t\t<div class=\"e-link-in-bio__bg\">\n\t\t\t\t<div class=\"e-link-in-bio__bg-overlay\"><\/div>\n\t\t\t<\/div>\n\t\t<\/div>\n\t\t\t\t\t\t<\/div>\n\t\t\t\t<\/div>\n\t\t\t\t\t<\/div>\n\t\t\t\t<\/div>\n\t\t\t\t<\/div>","protected":false},"excerpt":{"rendered":"<p>Banu \u00c7elik Derin De\u011fi\u015fim (Deep Change) In 2015, I began serving in the Derin De\u011fi\u015fim ministry as a writer in a small student development initiative. Today, I serve as the director of the ministry. Derin De\u011fi\u015fim first began by preparing discipleship materials written by Turkish authors and designed to fit the Turkish cultural context. Over [&hellip;]<\/p>","protected":false},"author":2000,"featured_media":0,"parent":0,"menu_order":0,"comment_status":"closed","ping_status":"closed","template":"","meta":{"give_campaign_id":0,"site-sidebar-layout":"no-sidebar","site-content-layout":"page-builder","ast-site-content-layout":"full-width-container","site-content-style":"default","site-sidebar-style":"default","ast-global-header-display":"","ast-banner-title-visibility":"","ast-main-header-display":"","ast-hfb-above-header-display":"","ast-hfb-below-header-display":"","ast-hfb-mobile-header-display":"","site-post-title":"disabled","ast-breadcrumbs-content":"","ast-featured-img":"disabled","footer-sml-layout":"","theme-transparent-header-meta":"","adv-header-id-meta":"","stick-header-meta":"","header-above-stick-meta":"","header-main-stick-meta":"","header-below-stick-meta":"","astra-migrate-meta-layouts":"default","ast-page-background-enabled":"default","ast-page-background-meta":{"desktop":{"background-color":"","background-image":"","background-repeat":"repeat","background-position":"center center","background-size":"auto","background-attachment":"scroll","background-type":"","background-media":"","overlay-type":"","overlay-color":"","overlay-opacity":"","overlay-gradient":""},"tablet":{"background-color":"","background-image":"","background-repeat":"repeat","background-position":"center center","background-size":"auto","background-attachment":"scroll","background-type":"","background-media":"","overlay-type":"","overlay-color":"","overlay-opacity":"","overlay-gradient":""},"mobile":{"background-color":"","background-image":"","background-repeat":"repeat","background-position":"center center","background-size":"auto","background-attachment":"scroll","background-type":"","background-media":"","overlay-type":"","overlay-color":"","overlay-opacity":"","overlay-gradient":""}},"ast-content-background-meta":{"desktop":{"background-color":"var(--ast-global-color-5)","background-image":"","background-repeat":"repeat","background-position":"center center","background-size":"auto","background-attachment":"scroll","background-type":"","background-media":"","overlay-type":"","overlay-color":"","overlay-opacity":"","overlay-gradient":""},"tablet":{"background-color":"var(--ast-global-color-5)","background-image":"","background-repeat":"repeat","background-position":"center center","background-size":"auto","background-attachment":"scroll","background-type":"","background-media":"","overlay-type":"","overlay-color":"","overlay-opacity":"","overlay-gradient":""},"mobile":{"background-color":"var(--ast-global-color-5)","background-image":"","background-repeat":"repeat","background-position":"center center","background-size":"auto","background-attachment":"scroll","background-type":"","background-media":"","overlay-type":"","overlay-color":"","overlay-opacity":"","overlay-gradient":""}},"iawp_total_views":16,"footnotes":""},"class_list":["post-21726","page","type-page","status-publish","hentry"],"yoast_head":"<!-- This site is optimized with the Yoast SEO plugin v26.9 - https:\/\/yoast.com\/product\/yoast-seo-wordpress\/ -->\n<title>Banu \u00c7elik - Media Associates International<\/title>\n<meta name=\"robots\" content=\"index, follow, max-snippet:-1, max-image-preview:large, max-video-preview:-1\" \/>\n<link rel=\"canonical\" href=\"https:\/\/maiglobal.org\/id\/banu-celik\/\" \/>\n<meta property=\"og:locale\" content=\"id_ID\" \/>\n<meta property=\"og:type\" content=\"article\" \/>\n<meta property=\"og:title\" content=\"Banu \u00c7elik - Media Associates International\" \/>\n<meta property=\"og:description\" content=\"Banu \u00c7elik Derin De\u011fi\u015fim (Deep Change) In 2015, I began serving in the Derin De\u011fi\u015fim ministry as a writer in a small student development initiative. Today, I serve as the director of the ministry. Derin De\u011fi\u015fim first began by preparing discipleship materials written by Turkish authors and designed to fit the Turkish cultural context. Over [&hellip;]\" \/>\n<meta property=\"og:url\" content=\"https:\/\/maiglobal.org\/id\/banu-celik\/\" \/>\n<meta property=\"og:site_name\" content=\"Media Associates International\" \/>\n<meta property=\"article:modified_time\" content=\"2025-12-29T03:48:28+00:00\" \/>\n<meta property=\"og:image\" content=\"https:\/\/maiglobal.org\/wp-content\/uploads\/2025\/11\/Banu-Celik.png\" \/>\n<meta name=\"twitter:card\" content=\"summary_large_image\" \/>\n<meta name=\"twitter:label1\" content=\"Estimasi waktu membaca\" \/>\n\t<meta name=\"twitter:data1\" content=\"1 menit\" \/>\n<script type=\"application\/ld+json\" class=\"yoast-schema-graph\">{\"@context\":\"https:\/\/schema.org\",\"@graph\":[{\"@type\":\"WebPage\",\"@id\":\"https:\/\/maiglobal.org\/banu-celik\/\",\"url\":\"https:\/\/maiglobal.org\/banu-celik\/\",\"name\":\"Banu \u00c7elik - Media Associates International\",\"isPartOf\":{\"@id\":\"https:\/\/maiglobal.org\/#website\"},\"primaryImageOfPage\":{\"@id\":\"https:\/\/maiglobal.org\/banu-celik\/#primaryimage\"},\"image\":{\"@id\":\"https:\/\/maiglobal.org\/banu-celik\/#primaryimage\"},\"thumbnailUrl\":\"https:\/\/maiglobal.org\/wp-content\/uploads\/2025\/11\/Banu-Celik.png\",\"datePublished\":\"2025-12-04T20:56:53+00:00\",\"dateModified\":\"2025-12-29T03:48:28+00:00\",\"breadcrumb\":{\"@id\":\"https:\/\/maiglobal.org\/banu-celik\/#breadcrumb\"},\"inLanguage\":\"id\",\"potentialAction\":[{\"@type\":\"ReadAction\",\"target\":[\"https:\/\/maiglobal.org\/banu-celik\/\"]}]},{\"@type\":\"ImageObject\",\"inLanguage\":\"id\",\"@id\":\"https:\/\/maiglobal.org\/banu-celik\/#primaryimage\",\"url\":\"https:\/\/maiglobal.org\/wp-content\/uploads\/2025\/11\/Banu-Celik.png\",\"contentUrl\":\"https:\/\/maiglobal.org\/wp-content\/uploads\/2025\/11\/Banu-Celik.png\"},{\"@type\":\"BreadcrumbList\",\"@id\":\"https:\/\/maiglobal.org\/banu-celik\/#breadcrumb\",\"itemListElement\":[{\"@type\":\"ListItem\",\"position\":1,\"name\":\"Home\",\"item\":\"https:\/\/maiglobal.org\/\"},{\"@type\":\"ListItem\",\"position\":2,\"name\":\"Banu \u00c7elik\"}]},{\"@type\":\"WebSite\",\"@id\":\"https:\/\/maiglobal.org\/#website\",\"url\":\"https:\/\/maiglobal.org\/\",\"name\":\"Media Associates International\",\"description\":\"The power of the written word transforms lives.\",\"publisher\":{\"@id\":\"https:\/\/maiglobal.org\/#organization\"},\"potentialAction\":[{\"@type\":\"SearchAction\",\"target\":{\"@type\":\"EntryPoint\",\"urlTemplate\":\"https:\/\/maiglobal.org\/?s={search_term_string}\"},\"query-input\":{\"@type\":\"PropertyValueSpecification\",\"valueRequired\":true,\"valueName\":\"search_term_string\"}}],\"inLanguage\":\"id\"},{\"@type\":\"Organization\",\"@id\":\"https:\/\/maiglobal.org\/#organization\",\"name\":\"Media Associates International\",\"url\":\"https:\/\/maiglobal.org\/\",\"logo\":{\"@type\":\"ImageObject\",\"inLanguage\":\"id\",\"@id\":\"https:\/\/maiglobal.org\/#\/schema\/logo\/image\/\",\"url\":\"https:\/\/maiglobal.org\/wp-content\/uploads\/2017\/01\/maismall.jpg\",\"contentUrl\":\"https:\/\/maiglobal.org\/wp-content\/uploads\/2017\/01\/maismall.jpg\",\"width\":145,\"height\":60,\"caption\":\"Media Associates International\"},\"image\":{\"@id\":\"https:\/\/maiglobal.org\/#\/schema\/logo\/image\/\"}}]}<\/script>\n<!-- \/ Yoast SEO plugin. -->","yoast_head_json":{"title":"Banu \u00c7elik - Media Associates International","robots":{"index":"index","follow":"follow","max-snippet":"max-snippet:-1","max-image-preview":"max-image-preview:large","max-video-preview":"max-video-preview:-1"},"canonical":"https:\/\/maiglobal.org\/id\/banu-celik\/","og_locale":"id_ID","og_type":"article","og_title":"Banu \u00c7elik - Media Associates International","og_description":"Banu \u00c7elik Derin De\u011fi\u015fim (Deep Change) In 2015, I began serving in the Derin De\u011fi\u015fim ministry as a writer in a small student development initiative. Today, I serve as the director of the ministry. Derin De\u011fi\u015fim first began by preparing discipleship materials written by Turkish authors and designed to fit the Turkish cultural context. Over [&hellip;]","og_url":"https:\/\/maiglobal.org\/id\/banu-celik\/","og_site_name":"Media Associates International","article_modified_time":"2025-12-29T03:48:28+00:00","og_image":[{"url":"https:\/\/maiglobal.org\/wp-content\/uploads\/2025\/11\/Banu-Celik.png","type":"","width":"","height":""}],"twitter_card":"summary_large_image","twitter_misc":{"Estimasi waktu membaca":"1 menit"},"schema":{"@context":"https:\/\/schema.org","@graph":[{"@type":"WebPage","@id":"https:\/\/maiglobal.org\/banu-celik\/","url":"https:\/\/maiglobal.org\/banu-celik\/","name":"Banu \u00c7elik - Media Associates International","isPartOf":{"@id":"https:\/\/maiglobal.org\/#website"},"primaryImageOfPage":{"@id":"https:\/\/maiglobal.org\/banu-celik\/#primaryimage"},"image":{"@id":"https:\/\/maiglobal.org\/banu-celik\/#primaryimage"},"thumbnailUrl":"https:\/\/maiglobal.org\/wp-content\/uploads\/2025\/11\/Banu-Celik.png","datePublished":"2025-12-04T20:56:53+00:00","dateModified":"2025-12-29T03:48:28+00:00","breadcrumb":{"@id":"https:\/\/maiglobal.org\/banu-celik\/#breadcrumb"},"inLanguage":"id","potentialAction":[{"@type":"ReadAction","target":["https:\/\/maiglobal.org\/banu-celik\/"]}]},{"@type":"ImageObject","inLanguage":"id","@id":"https:\/\/maiglobal.org\/banu-celik\/#primaryimage","url":"https:\/\/maiglobal.org\/wp-content\/uploads\/2025\/11\/Banu-Celik.png","contentUrl":"https:\/\/maiglobal.org\/wp-content\/uploads\/2025\/11\/Banu-Celik.png"},{"@type":"BreadcrumbList","@id":"https:\/\/maiglobal.org\/banu-celik\/#breadcrumb","itemListElement":[{"@type":"ListItem","position":1,"name":"Home","item":"https:\/\/maiglobal.org\/"},{"@type":"ListItem","position":2,"name":"Banu \u00c7elik"}]},{"@type":"WebSite","@id":"https:\/\/maiglobal.org\/#website","url":"https:\/\/maiglobal.org\/","name":"Media Associates International","description":"The power of the written word transforms lives.","publisher":{"@id":"https:\/\/maiglobal.org\/#organization"},"potentialAction":[{"@type":"SearchAction","target":{"@type":"EntryPoint","urlTemplate":"https:\/\/maiglobal.org\/?s={search_term_string}"},"query-input":{"@type":"PropertyValueSpecification","valueRequired":true,"valueName":"search_term_string"}}],"inLanguage":"id"},{"@type":"Organization","@id":"https:\/\/maiglobal.org\/#organization","name":"Media Associates International","url":"https:\/\/maiglobal.org\/","logo":{"@type":"ImageObject","inLanguage":"id","@id":"https:\/\/maiglobal.org\/#\/schema\/logo\/image\/","url":"https:\/\/maiglobal.org\/wp-content\/uploads\/2017\/01\/maismall.jpg","contentUrl":"https:\/\/maiglobal.org\/wp-content\/uploads\/2017\/01\/maismall.jpg","width":145,"height":60,"caption":"Media Associates International"},"image":{"@id":"https:\/\/maiglobal.org\/#\/schema\/logo\/image\/"}}]}},"campaignId":"","_links":{"self":[{"href":"https:\/\/maiglobal.org\/id\/wp-json\/wp\/v2\/pages\/21726","targetHints":{"allow":["GET"]}}],"collection":[{"href":"https:\/\/maiglobal.org\/id\/wp-json\/wp\/v2\/pages"}],"about":[{"href":"https:\/\/maiglobal.org\/id\/wp-json\/wp\/v2\/types\/page"}],"author":[{"embeddable":true,"href":"https:\/\/maiglobal.org\/id\/wp-json\/wp\/v2\/users\/2000"}],"replies":[{"embeddable":true,"href":"https:\/\/maiglobal.org\/id\/wp-json\/wp\/v2\/comments?post=21726"}],"version-history":[{"count":4,"href":"https:\/\/maiglobal.org\/id\/wp-json\/wp\/v2\/pages\/21726\/revisions"}],"predecessor-version":[{"id":22957,"href":"https:\/\/maiglobal.org\/id\/wp-json\/wp\/v2\/pages\/21726\/revisions\/22957"}],"wp:attachment":[{"href":"https:\/\/maiglobal.org\/id\/wp-json\/wp\/v2\/media?parent=21726"}],"curies":[{"name":"wp","href":"https:\/\/api.w.org\/{rel}","templated":true}]}}