{"id":23572,"date":"2026-02-15T13:43:09","date_gmt":"2026-02-15T19:43:09","guid":{"rendered":"https:\/\/maiglobal.org\/?page_id=23572"},"modified":"2026-02-15T13:48:16","modified_gmt":"2026-02-15T19:48:16","slug":"club-de-lectura-comienza-el-2-marzo","status":"publish","type":"page","link":"https:\/\/maiglobal.org\/id\/club-de-lectura-comienza-el-2-marzo\/","title":{"rendered":"Club de lectura: comienza el 2 marzo"},"content":{"rendered":"<div id=\"fb-root\"><\/div>\n\t\t<div data-elementor-type=\"wp-page\" data-elementor-id=\"23572\" class=\"elementor elementor-23572\" data-elementor-post-type=\"page\">\n\t\t\t\t<div class=\"elementor-element elementor-element-d255d99 e-flex e-con-boxed e-con e-parent\" data-id=\"d255d99\" data-element_type=\"container\">\n\t\t\t\t\t<div class=\"e-con-inner\">\n\t\t<div class=\"elementor-element elementor-element-1df6386 e-con-full e-flex e-con e-child\" data-id=\"1df6386\" data-element_type=\"container\">\n\t\t\t\t<div class=\"elementor-element elementor-element-51d2ca0 elementor-widget elementor-widget-image\" data-id=\"51d2ca0\" data-element_type=\"widget\" data-widget_type=\"image.default\">\n\t\t\t\t\t\t\t\t\t\t\t\t\t\t\t\t<a href=\"https:\/\/docs.google.com\/forms\/d\/18ORzhjFAqAI81boUB5z-oGIKrtGWAQsKVveTEKVdbDw\/edit?pli=1%20\">\n\t\t\t\t\t\t\t<img fetchpriority=\"high\" decoding=\"async\" width=\"819\" height=\"1024\" src=\"https:\/\/maiglobal.org\/wp-content\/uploads\/2026\/02\/Club-lectura-Karen-2026-819x1024.jpeg\" class=\"attachment-large size-large wp-image-23574\" alt=\"\" srcset=\"https:\/\/maiglobal.org\/wp-content\/uploads\/2026\/02\/Club-lectura-Karen-2026-819x1024.jpeg 819w, https:\/\/maiglobal.org\/wp-content\/uploads\/2026\/02\/Club-lectura-Karen-2026-240x300.jpeg 240w, https:\/\/maiglobal.org\/wp-content\/uploads\/2026\/02\/Club-lectura-Karen-2026-768x960.jpeg 768w, https:\/\/maiglobal.org\/wp-content\/uploads\/2026\/02\/Club-lectura-Karen-2026-1229x1536.jpeg 1229w, https:\/\/maiglobal.org\/wp-content\/uploads\/2026\/02\/Club-lectura-Karen-2026-10x12.jpeg 10w, https:\/\/maiglobal.org\/wp-content\/uploads\/2026\/02\/Club-lectura-Karen-2026-300x375.jpeg 300w, https:\/\/maiglobal.org\/wp-content\/uploads\/2026\/02\/Club-lectura-Karen-2026-600x750.jpeg 600w, https:\/\/maiglobal.org\/wp-content\/uploads\/2026\/02\/Club-lectura-Karen-2026.jpeg 1280w\" sizes=\"(max-width: 819px) 100vw, 819px\" \/>\t\t\t\t\t\t\t\t<\/a>\n\t\t\t\t\t\t\t\t\t\t\t\t\t\t\t<\/div>\n\t\t\t\t<div class=\"elementor-element elementor-element-fc8468b elementor-align-justify elementor-widget elementor-widget-button\" data-id=\"fc8468b\" data-element_type=\"widget\" data-widget_type=\"button.default\">\n\t\t\t\t\t\t\t\t\t\t<a class=\"elementor-button elementor-button-link elementor-size-lg\" href=\"https:\/\/docs.google.com\/forms\/d\/18ORzhjFAqAI81boUB5z-oGIKrtGWAQsKVveTEKVdbDw\/edit?pli=1%20\">\n\t\t\t\t\t\t<span class=\"elementor-button-content-wrapper\">\n\t\t\t\t\t\t\t\t\t<span class=\"elementor-button-text\">INSCR\u00cdBETE POR MEDIO DE ESTE FORMULARIO<\/span>\n\t\t\t\t\t<\/span>\n\t\t\t\t\t<\/a>\n\t\t\t\t\t\t\t\t<\/div>\n\t\t\t\t<\/div>\n\t\t<div class=\"elementor-element elementor-element-c74ba29 e-con-full e-flex e-con e-child\" data-id=\"c74ba29\" data-element_type=\"container\">\n\t\t\t\t<div class=\"elementor-element elementor-element-28117f4 elementor-widget elementor-widget-text-editor\" data-id=\"28117f4\" data-element_type=\"widget\" data-widget_type=\"text-editor.default\">\n\t\t\t\t\t\t\t\t\t<h2><strong>Club de lectura: comienza el 2 marzo<\/strong><\/h2><p><strong>MAI Am\u00e9rica Latina nos invita a compartir la lectura de <em>Arriesgar y crecer<\/em><\/strong><\/p><p>No somos solo un cuerpo o un envase, tambi\u00e9n somos un alma, o <em>psique,<\/em> y un esp\u00edritu.\u00a0<em>Arriesgar y crecer<\/em>, el primer libro de la serie \u00a1CAMBIAR!, contiene relatos que llegar\u00e1n a tu ni\u00f1o interior para que sientas, disfrutes, r\u00edas y llores.<\/p><p>La autora te invita a correr el riesgo de entrar y completar el texto con tu propia historia. Que puedas CAMBIAR lo que\u00a0te mantiene atascado, encarcelada en esp\u00edritu, cuerpo y alma.<\/p><p>A lo largo de las cuatro sesiones virtuales por Zoom \u2014que ser\u00e1n los lunes cada dos semanas: lunes 2, 16, 30 de marzo y 13 de abril\u2014, Karen Su\u00e1rez nos guiar\u00e1 en la lectura de este libro sencillo, profundo y ricamente inspirador.<\/p><p><a href=\"https:\/\/docs.google.com\/forms\/d\/18ORzhjFAqAI81boUB5z-oGIKrtGWAQsKVveTEKVdbDw\/edit?pli=1\"><strong>Inscr\u00edbete<\/strong> <\/a>en esta actividad gratuita.\u00a0<em>Importante:<\/em>\u00a0llega a cada encuentro con las p\u00e1ginas le\u00eddas para que puedas participar. Prep\u00e1rate para disfrutar de una transformaci\u00f3n emocional y espiritual en buena compa\u00f1\u00eda.<\/p><p>Horarios de las sesiones por Zoom: 6 p. m. (Costa Rica\/Centro de M\u00e9xico) \u2013 9 p. m. (Argentina\/Uruguay)<\/p><p>Puedes comprar el libro en formato digital e impreso.<\/p><h3><strong>DATOS DEL LIBRO<\/strong><\/h3><p><strong>Libro:<\/strong> <em>Arriesgar y crecer<\/em><\/p><p><strong>Autora: <\/strong>Adriana Garibotti &#8211; Instagram @adrigaribotti<\/p><p><strong>Editorial: <\/strong>Certeza Argentina &#8211; Instagram @certeza_online<\/p><p><strong>WhatsApp:<\/strong> (+54911) 2762-4758\u00a0<\/p><p><strong>Tienda en l\u00ednea:<\/strong> <a href=\"http:\/\/www.certezaonline.com\/\">www.certezaonline.com<\/a> \u00a0<\/p><p><strong>E-mail:<\/strong> ventas@certezaonline.com<\/p><p><strong><a href=\"https:\/\/www.amazon.com\/-\/es\/Adriana-Garibotti-ebook\/dp\/B0C6NFKGQ8\">Amazon<\/a><\/strong><\/p><p><a href=\"https:\/\/docs.google.com\/forms\/d\/18ORzhjFAqAI81boUB5z-oGIKrtGWAQsKVveTEKVdbDw\/edit?pli=1\"><strong>Inscr\u00edbete por medio de este formulario<\/strong><\/a><\/p>\t\t\t\t\t\t\t\t<\/div>\n\t\t\t\t<\/div>\n\t\t\t\t\t<\/div>\n\t\t\t\t<\/div>\n\t\t\t\t<\/div>","protected":false},"excerpt":{"rendered":"<p>INSCR\u00cdBETE POR MEDIO DE ESTE FORMULARIO Club de lectura: comienza el 2 marzo MAI Am\u00e9rica Latina nos invita a compartir la lectura de Arriesgar y crecer No somos solo un cuerpo o un envase, tambi\u00e9n somos un alma, o psique, y un esp\u00edritu.\u00a0Arriesgar y crecer, el primer libro de la serie \u00a1CAMBIAR!, contiene relatos que [&hellip;]<\/p>","protected":false},"author":1998,"featured_media":0,"parent":0,"menu_order":0,"comment_status":"closed","ping_status":"closed","template":"","meta":{"give_campaign_id":0,"site-sidebar-layout":"no-sidebar","site-content-layout":"page-builder","ast-site-content-layout":"full-width-container","site-content-style":"default","site-sidebar-style":"default","ast-global-header-display":"","ast-banner-title-visibility":"","ast-main-header-display":"","ast-hfb-above-header-display":"","ast-hfb-below-header-display":"","ast-hfb-mobile-header-display":"","site-post-title":"disabled","ast-breadcrumbs-content":"","ast-featured-img":"disabled","footer-sml-layout":"","theme-transparent-header-meta":"default","adv-header-id-meta":"","stick-header-meta":"","header-above-stick-meta":"","header-main-stick-meta":"","header-below-stick-meta":"","astra-migrate-meta-layouts":"set","ast-page-background-enabled":"default","ast-page-background-meta":{"desktop":{"background-color":"","background-image":"","background-repeat":"repeat","background-position":"center center","background-size":"auto","background-attachment":"scroll","background-type":"","background-media":"","overlay-type":"","overlay-color":"","overlay-opacity":"","overlay-gradient":""},"tablet":{"background-color":"","background-image":"","background-repeat":"repeat","background-position":"center center","background-size":"auto","background-attachment":"scroll","background-type":"","background-media":"","overlay-type":"","overlay-color":"","overlay-opacity":"","overlay-gradient":""},"mobile":{"background-color":"","background-image":"","background-repeat":"repeat","background-position":"center center","background-size":"auto","background-attachment":"scroll","background-type":"","background-media":"","overlay-type":"","overlay-color":"","overlay-opacity":"","overlay-gradient":""}},"ast-content-background-meta":{"desktop":{"background-color":"var(--ast-global-color-5)","background-image":"","background-repeat":"repeat","background-position":"center center","background-size":"auto","background-attachment":"scroll","background-type":"","background-media":"","overlay-type":"","overlay-color":"","overlay-opacity":"","overlay-gradient":""},"tablet":{"background-color":"var(--ast-global-color-5)","background-image":"","background-repeat":"repeat","background-position":"center center","background-size":"auto","background-attachment":"scroll","background-type":"","background-media":"","overlay-type":"","overlay-color":"","overlay-opacity":"","overlay-gradient":""},"mobile":{"background-color":"var(--ast-global-color-5)","background-image":"","background-repeat":"repeat","background-position":"center center","background-size":"auto","background-attachment":"scroll","background-type":"","background-media":"","overlay-type":"","overlay-color":"","overlay-opacity":"","overlay-gradient":""}},"iawp_total_views":32,"footnotes":""},"class_list":["post-23572","page","type-page","status-publish","hentry"],"yoast_head":"<!-- This site is optimized with the Yoast SEO plugin v26.9 - https:\/\/yoast.com\/product\/yoast-seo-wordpress\/ -->\n<title>Club de lectura: comienza el 2 marzo - Media Associates International<\/title>\n<meta name=\"description\" content=\"Club de lectura: comienza el 2 marzo. MAI Am\u00e9rica Latina nos invita a compartir la lectura de Arriesgar y crecer.\" \/>\n<meta name=\"robots\" content=\"index, follow, max-snippet:-1, max-image-preview:large, max-video-preview:-1\" \/>\n<link rel=\"canonical\" href=\"https:\/\/maiglobal.org\/id\/club-de-lectura-comienza-el-2-marzo\/\" \/>\n<meta property=\"og:locale\" content=\"id_ID\" \/>\n<meta property=\"og:type\" content=\"article\" \/>\n<meta property=\"og:title\" content=\"Club de lectura: comienza el 2 marzo - Media Associates International\" \/>\n<meta property=\"og:description\" content=\"Club de lectura: comienza el 2 marzo. MAI Am\u00e9rica Latina nos invita a compartir la lectura de Arriesgar y crecer.\" \/>\n<meta property=\"og:url\" content=\"https:\/\/maiglobal.org\/id\/club-de-lectura-comienza-el-2-marzo\/\" \/>\n<meta property=\"og:site_name\" content=\"Media Associates International\" \/>\n<meta property=\"article:modified_time\" content=\"2026-02-15T19:48:16+00:00\" \/>\n<meta property=\"og:image\" content=\"https:\/\/maiglobal.org\/wp-content\/uploads\/2026\/02\/Club-lectura-Karen-2026.jpeg\" \/>\n\t<meta property=\"og:image:width\" content=\"1280\" \/>\n\t<meta property=\"og:image:height\" content=\"1600\" \/>\n\t<meta property=\"og:image:type\" content=\"image\/jpeg\" \/>\n<meta name=\"twitter:card\" content=\"summary_large_image\" \/>\n<meta name=\"twitter:label1\" content=\"Estimasi waktu membaca\" \/>\n\t<meta name=\"twitter:data1\" content=\"2 menit\" \/>\n<script type=\"application\/ld+json\" class=\"yoast-schema-graph\">{\"@context\":\"https:\/\/schema.org\",\"@graph\":[{\"@type\":\"WebPage\",\"@id\":\"https:\/\/maiglobal.org\/club-de-lectura-comienza-el-2-marzo\/\",\"url\":\"https:\/\/maiglobal.org\/club-de-lectura-comienza-el-2-marzo\/\",\"name\":\"Club de lectura: comienza el 2 marzo - Media Associates International\",\"isPartOf\":{\"@id\":\"https:\/\/maiglobal.org\/#website\"},\"primaryImageOfPage\":{\"@id\":\"https:\/\/maiglobal.org\/club-de-lectura-comienza-el-2-marzo\/#primaryimage\"},\"image\":{\"@id\":\"https:\/\/maiglobal.org\/club-de-lectura-comienza-el-2-marzo\/#primaryimage\"},\"thumbnailUrl\":\"https:\/\/maiglobal.org\/wp-content\/uploads\/2026\/02\/Club-lectura-Karen-2026-819x1024.jpeg\",\"datePublished\":\"2026-02-15T19:43:09+00:00\",\"dateModified\":\"2026-02-15T19:48:16+00:00\",\"description\":\"Club de lectura: comienza el 2 marzo. MAI Am\u00e9rica Latina nos invita a compartir la lectura de Arriesgar y crecer.\",\"breadcrumb\":{\"@id\":\"https:\/\/maiglobal.org\/club-de-lectura-comienza-el-2-marzo\/#breadcrumb\"},\"inLanguage\":\"id\",\"potentialAction\":[{\"@type\":\"ReadAction\",\"target\":[\"https:\/\/maiglobal.org\/club-de-lectura-comienza-el-2-marzo\/\"]}]},{\"@type\":\"ImageObject\",\"inLanguage\":\"id\",\"@id\":\"https:\/\/maiglobal.org\/club-de-lectura-comienza-el-2-marzo\/#primaryimage\",\"url\":\"https:\/\/maiglobal.org\/wp-content\/uploads\/2026\/02\/Club-lectura-Karen-2026-819x1024.jpeg\",\"contentUrl\":\"https:\/\/maiglobal.org\/wp-content\/uploads\/2026\/02\/Club-lectura-Karen-2026-819x1024.jpeg\"},{\"@type\":\"BreadcrumbList\",\"@id\":\"https:\/\/maiglobal.org\/club-de-lectura-comienza-el-2-marzo\/#breadcrumb\",\"itemListElement\":[{\"@type\":\"ListItem\",\"position\":1,\"name\":\"Home\",\"item\":\"https:\/\/maiglobal.org\/\"},{\"@type\":\"ListItem\",\"position\":2,\"name\":\"Club de lectura: comienza el 2 marzo\"}]},{\"@type\":\"WebSite\",\"@id\":\"https:\/\/maiglobal.org\/#website\",\"url\":\"https:\/\/maiglobal.org\/\",\"name\":\"Media Associates International\",\"description\":\"The power of the written word transforms lives.\",\"publisher\":{\"@id\":\"https:\/\/maiglobal.org\/#organization\"},\"potentialAction\":[{\"@type\":\"SearchAction\",\"target\":{\"@type\":\"EntryPoint\",\"urlTemplate\":\"https:\/\/maiglobal.org\/?s={search_term_string}\"},\"query-input\":{\"@type\":\"PropertyValueSpecification\",\"valueRequired\":true,\"valueName\":\"search_term_string\"}}],\"inLanguage\":\"id\"},{\"@type\":\"Organization\",\"@id\":\"https:\/\/maiglobal.org\/#organization\",\"name\":\"Media Associates International\",\"url\":\"https:\/\/maiglobal.org\/\",\"logo\":{\"@type\":\"ImageObject\",\"inLanguage\":\"id\",\"@id\":\"https:\/\/maiglobal.org\/#\/schema\/logo\/image\/\",\"url\":\"https:\/\/maiglobal.org\/wp-content\/uploads\/2017\/01\/maismall.jpg\",\"contentUrl\":\"https:\/\/maiglobal.org\/wp-content\/uploads\/2017\/01\/maismall.jpg\",\"width\":145,\"height\":60,\"caption\":\"Media Associates International\"},\"image\":{\"@id\":\"https:\/\/maiglobal.org\/#\/schema\/logo\/image\/\"}}]}<\/script>\n<!-- \/ Yoast SEO plugin. -->","yoast_head_json":{"title":"Club de lectura: comienza el 2 marzo - Media Associates International","description":"Club de lectura: comienza el 2 marzo. MAI Am\u00e9rica Latina nos invita a compartir la lectura de Arriesgar y crecer.","robots":{"index":"index","follow":"follow","max-snippet":"max-snippet:-1","max-image-preview":"max-image-preview:large","max-video-preview":"max-video-preview:-1"},"canonical":"https:\/\/maiglobal.org\/id\/club-de-lectura-comienza-el-2-marzo\/","og_locale":"id_ID","og_type":"article","og_title":"Club de lectura: comienza el 2 marzo - Media Associates International","og_description":"Club de lectura: comienza el 2 marzo. MAI Am\u00e9rica Latina nos invita a compartir la lectura de Arriesgar y crecer.","og_url":"https:\/\/maiglobal.org\/id\/club-de-lectura-comienza-el-2-marzo\/","og_site_name":"Media Associates International","article_modified_time":"2026-02-15T19:48:16+00:00","og_image":[{"width":1280,"height":1600,"url":"https:\/\/maiglobal.org\/wp-content\/uploads\/2026\/02\/Club-lectura-Karen-2026.jpeg","type":"image\/jpeg"}],"twitter_card":"summary_large_image","twitter_misc":{"Estimasi waktu membaca":"2 menit"},"schema":{"@context":"https:\/\/schema.org","@graph":[{"@type":"WebPage","@id":"https:\/\/maiglobal.org\/club-de-lectura-comienza-el-2-marzo\/","url":"https:\/\/maiglobal.org\/club-de-lectura-comienza-el-2-marzo\/","name":"Club de lectura: comienza el 2 marzo - Media Associates International","isPartOf":{"@id":"https:\/\/maiglobal.org\/#website"},"primaryImageOfPage":{"@id":"https:\/\/maiglobal.org\/club-de-lectura-comienza-el-2-marzo\/#primaryimage"},"image":{"@id":"https:\/\/maiglobal.org\/club-de-lectura-comienza-el-2-marzo\/#primaryimage"},"thumbnailUrl":"https:\/\/maiglobal.org\/wp-content\/uploads\/2026\/02\/Club-lectura-Karen-2026-819x1024.jpeg","datePublished":"2026-02-15T19:43:09+00:00","dateModified":"2026-02-15T19:48:16+00:00","description":"Club de lectura: comienza el 2 marzo. MAI Am\u00e9rica Latina nos invita a compartir la lectura de Arriesgar y crecer.","breadcrumb":{"@id":"https:\/\/maiglobal.org\/club-de-lectura-comienza-el-2-marzo\/#breadcrumb"},"inLanguage":"id","potentialAction":[{"@type":"ReadAction","target":["https:\/\/maiglobal.org\/club-de-lectura-comienza-el-2-marzo\/"]}]},{"@type":"ImageObject","inLanguage":"id","@id":"https:\/\/maiglobal.org\/club-de-lectura-comienza-el-2-marzo\/#primaryimage","url":"https:\/\/maiglobal.org\/wp-content\/uploads\/2026\/02\/Club-lectura-Karen-2026-819x1024.jpeg","contentUrl":"https:\/\/maiglobal.org\/wp-content\/uploads\/2026\/02\/Club-lectura-Karen-2026-819x1024.jpeg"},{"@type":"BreadcrumbList","@id":"https:\/\/maiglobal.org\/club-de-lectura-comienza-el-2-marzo\/#breadcrumb","itemListElement":[{"@type":"ListItem","position":1,"name":"Home","item":"https:\/\/maiglobal.org\/"},{"@type":"ListItem","position":2,"name":"Club de lectura: comienza el 2 marzo"}]},{"@type":"WebSite","@id":"https:\/\/maiglobal.org\/#website","url":"https:\/\/maiglobal.org\/","name":"Media Associates International","description":"The power of the written word transforms lives.","publisher":{"@id":"https:\/\/maiglobal.org\/#organization"},"potentialAction":[{"@type":"SearchAction","target":{"@type":"EntryPoint","urlTemplate":"https:\/\/maiglobal.org\/?s={search_term_string}"},"query-input":{"@type":"PropertyValueSpecification","valueRequired":true,"valueName":"search_term_string"}}],"inLanguage":"id"},{"@type":"Organization","@id":"https:\/\/maiglobal.org\/#organization","name":"Media Associates International","url":"https:\/\/maiglobal.org\/","logo":{"@type":"ImageObject","inLanguage":"id","@id":"https:\/\/maiglobal.org\/#\/schema\/logo\/image\/","url":"https:\/\/maiglobal.org\/wp-content\/uploads\/2017\/01\/maismall.jpg","contentUrl":"https:\/\/maiglobal.org\/wp-content\/uploads\/2017\/01\/maismall.jpg","width":145,"height":60,"caption":"Media Associates International"},"image":{"@id":"https:\/\/maiglobal.org\/#\/schema\/logo\/image\/"}}]}},"campaignId":"","_links":{"self":[{"href":"https:\/\/maiglobal.org\/id\/wp-json\/wp\/v2\/pages\/23572","targetHints":{"allow":["GET"]}}],"collection":[{"href":"https:\/\/maiglobal.org\/id\/wp-json\/wp\/v2\/pages"}],"about":[{"href":"https:\/\/maiglobal.org\/id\/wp-json\/wp\/v2\/types\/page"}],"author":[{"embeddable":true,"href":"https:\/\/maiglobal.org\/id\/wp-json\/wp\/v2\/users\/1998"}],"replies":[{"embeddable":true,"href":"https:\/\/maiglobal.org\/id\/wp-json\/wp\/v2\/comments?post=23572"}],"version-history":[{"count":7,"href":"https:\/\/maiglobal.org\/id\/wp-json\/wp\/v2\/pages\/23572\/revisions"}],"predecessor-version":[{"id":23580,"href":"https:\/\/maiglobal.org\/id\/wp-json\/wp\/v2\/pages\/23572\/revisions\/23580"}],"wp:attachment":[{"href":"https:\/\/maiglobal.org\/id\/wp-json\/wp\/v2\/media?parent=23572"}],"curies":[{"name":"wp","href":"https:\/\/api.w.org\/{rel}","templated":true}]}}