{"id":23781,"date":"2026-03-09T14:41:31","date_gmt":"2026-03-09T19:41:31","guid":{"rendered":"https:\/\/maiglobal.org\/?page_id=23781"},"modified":"2026-03-09T14:43:28","modified_gmt":"2026-03-09T19:43:28","slug":"balazs-zagoni","status":"publish","type":"page","link":"https:\/\/maiglobal.org\/pt\/balazs-zagoni\/","title":{"rendered":"Bal\u00e1zs Z\u00e1goni"},"content":{"rendered":"<div id=\"fb-root\"><\/div>\n\t\t<div data-elementor-type=\"wp-page\" data-elementor-id=\"23781\" class=\"elementor elementor-23781\" data-elementor-post-type=\"page\">\n\t\t\t\t<div class=\"elementor-element elementor-element-0d3653c e-flex e-con-boxed e-con e-parent\" data-id=\"0d3653c\" data-element_type=\"container\">\n\t\t\t\t\t<div class=\"e-con-inner\">\n\t\t\t\t<div class=\"elementor-element elementor-element-ff8ff6b elementor-widget elementor-widget-link-in-bio\" data-id=\"ff8ff6b\" data-element_type=\"widget\" data-widget_type=\"link-in-bio.default\">\n\t\t\t\t<div class=\"elementor-widget-container\">\n\t\t\t\t\t\t\t<div class=\"e-link-in-bio e-link-in-bio\">\n\t\t\t<div class=\"e-link-in-bio__content\">\n\n\t\t\t\t\t\t<div class=\"e-link-in-bio__identity\">\n\t\t\t\t\t\t\t\t\t<div class=\"e-link-in-bio__identity-image e-link-in-bio__identity-image-profile has-style-circle\">\n\t\t\t\t\t\t\t<img decoding=\"async\" width=\"200\" height=\"200\" src=\"https:\/\/maiglobal.org\/wp-content\/uploads\/2026\/03\/Natali-Salva-2.png\" class=\"e-link-in-bio__identity-image-element\" alt=\"\" srcset=\"https:\/\/maiglobal.org\/wp-content\/uploads\/2026\/03\/Natali-Salva-2.png 200w, https:\/\/maiglobal.org\/wp-content\/uploads\/2026\/03\/Natali-Salva-2-150x150.png 150w, https:\/\/maiglobal.org\/wp-content\/uploads\/2026\/03\/Natali-Salva-2-12x12.png 12w, https:\/\/maiglobal.org\/wp-content\/uploads\/2026\/03\/Natali-Salva-2-100x100.png 100w\" sizes=\"(max-width: 200px) 100vw, 200px\" \/>\t\t\t\t\t\t\t\t\t\t\t\t\t<\/div>\n\t\t\t\t\t\t\t<\/div>\n\t\t\t\t\t<div class=\"e-link-in-bio__bio\">\n\t\t\t\t<h2 class=\"e-link-in-bio__heading\">Bal\u00e1zs Z\u00e1goni<\/h2>\t\t\t\t<h3 class=\"e-link-in-bio__title\">Babes-Bolyai University, Cluj, Romania<\/h3>\t\t\t\t\t\t\t\t<p class=\"e-link-in-bio__description\">Bal\u00e1zs Z\u00e1goni is an award-winning writer for children and young audiences, who has so far written 17 books. He lives with his family in Romania, but his mother-tongue is Hungarian. Some of his books have been translated in their entirety to Czech, and some excepts into English, German and Romanian languages.\nHe is also an Associate Professor at the Hungarian Department of Cinema an Media, Babes-Bolyai University in Cluj, Romania, where he teaches creative writing, screenwriting and film history.\nA former MAI-Europe trustee, now he serves as a trainer for MAI writers trainings (So far he taught writers in Greece, Hungary, Italy, Mexico, Montenegro and Romania). \nHis vision is that Christian writers should be able to write literature of the finest quality, on any subject, while openly or subtly revealing some aspect of the kingdom of God.<\/p>\t\t\t<\/div>\n\t\t\t\t\t<div class=\"e-link-in-bio__icons has-size-small\">\n\t\t\t\t\t\t\t<div class=\"e-link-in-bio__icon is-size-small\">\n\t\t\t\t\t<a href=\"https:\/\/www.facebook.com\/balazs.zagoni.1\/\" target=\"_blank\" rel=\"noopener \" aria-label=\"Facebook\" class=\"e-link-in-bio__icon-link\">\n\t\t\t\t\t\t<span class=\"e-link-in-bio__icon-svg\">\n\t\t\t\t\t\t\t<i aria-hidden=\"true\" class=\"fab fa-facebook\"><\/i>\t\t\t\t\t\t<\/span>\n\t\t\t\t\t\t\t\t\t\t\t<\/a>\n\t\t\t\t<\/div>\n\t\t\t\t\t<\/div>\n\t\t\n\t\t<div class=\"e-link-in-bio__ctas has-type-button\">\n\t\t\t\t\t\t\t<a class=\"e-link-in-bio__cta is-type-button has-corners-rounded\" href=\"mailto:zagonibalazs@gmail.com\">\n\t\t\t\t\t\t\t\t\t\t<span class=\"e-link-in-bio__cta-text\">\n\t\t\t\t\t\tContact\t\t\t\t\t<\/span>\n\t\t\t\t<\/a>\n\t\t\t\t\t\t\t<a href=\"http:\/\/www.zagonibalazs.com\" target=\"_blank\" rel=\"noopener \" class=\"e-link-in-bio__cta is-type-button has-corners-rounded\">\n\t\t\t\t\t\t\t\t\t\t<span class=\"e-link-in-bio__cta-text\">\n\t\t\t\t\t\tVisit Website\t\t\t\t\t<\/span>\n\t\t\t\t<\/a>\n\t\t\t\t\t<\/div>\n\t\t\n\t\t\t<\/div>\n\t\t\t<div class=\"e-link-in-bio__bg\">\n\t\t\t\t<div class=\"e-link-in-bio__bg-overlay\"><\/div>\n\t\t\t<\/div>\n\t\t<\/div>\n\t\t\t\t\t\t<\/div>\n\t\t\t\t<\/div>\n\t\t\t\t\t<\/div>\n\t\t\t\t<\/div>\n\t\t\t\t<\/div>","protected":false},"excerpt":{"rendered":"<p>Bal\u00e1zs Z\u00e1goni Babes-Bolyai University, Cluj, Romania Bal\u00e1zs Z\u00e1goni is an award-winning writer for children and young audiences, who has so far written 17 books. He lives with his family in Romania, but his mother-tongue is Hungarian. Some of his books have been translated in their entirety to Czech, and some excepts into English, German and [&hellip;]<\/p>","protected":false},"author":2000,"featured_media":0,"parent":0,"menu_order":0,"comment_status":"closed","ping_status":"closed","template":"","meta":{"give_campaign_id":0,"site-sidebar-layout":"no-sidebar","site-content-layout":"page-builder","ast-site-content-layout":"full-width-container","site-content-style":"default","site-sidebar-style":"default","ast-global-header-display":"","ast-banner-title-visibility":"","ast-main-header-display":"","ast-hfb-above-header-display":"","ast-hfb-below-header-display":"","ast-hfb-mobile-header-display":"","site-post-title":"disabled","ast-breadcrumbs-content":"","ast-featured-img":"disabled","footer-sml-layout":"","theme-transparent-header-meta":"","adv-header-id-meta":"","stick-header-meta":"","header-above-stick-meta":"","header-main-stick-meta":"","header-below-stick-meta":"","astra-migrate-meta-layouts":"default","ast-page-background-enabled":"default","ast-page-background-meta":{"desktop":{"background-color":"","background-image":"","background-repeat":"repeat","background-position":"center center","background-size":"auto","background-attachment":"scroll","background-type":"","background-media":"","overlay-type":"","overlay-color":"","overlay-opacity":"","overlay-gradient":""},"tablet":{"background-color":"","background-image":"","background-repeat":"repeat","background-position":"center center","background-size":"auto","background-attachment":"scroll","background-type":"","background-media":"","overlay-type":"","overlay-color":"","overlay-opacity":"","overlay-gradient":""},"mobile":{"background-color":"","background-image":"","background-repeat":"repeat","background-position":"center center","background-size":"auto","background-attachment":"scroll","background-type":"","background-media":"","overlay-type":"","overlay-color":"","overlay-opacity":"","overlay-gradient":""}},"ast-content-background-meta":{"desktop":{"background-color":"var(--ast-global-color-5)","background-image":"","background-repeat":"repeat","background-position":"center center","background-size":"auto","background-attachment":"scroll","background-type":"","background-media":"","overlay-type":"","overlay-color":"","overlay-opacity":"","overlay-gradient":""},"tablet":{"background-color":"var(--ast-global-color-5)","background-image":"","background-repeat":"repeat","background-position":"center center","background-size":"auto","background-attachment":"scroll","background-type":"","background-media":"","overlay-type":"","overlay-color":"","overlay-opacity":"","overlay-gradient":""},"mobile":{"background-color":"var(--ast-global-color-5)","background-image":"","background-repeat":"repeat","background-position":"center center","background-size":"auto","background-attachment":"scroll","background-type":"","background-media":"","overlay-type":"","overlay-color":"","overlay-opacity":"","overlay-gradient":""}},"iawp_total_views":6,"footnotes":""},"class_list":["post-23781","page","type-page","status-publish","hentry"],"yoast_head":"<!-- This site is optimized with the Yoast SEO plugin v26.9 - https:\/\/yoast.com\/product\/yoast-seo-wordpress\/ -->\n<title>Bal\u00e1zs Z\u00e1goni - Media Associates International<\/title>\n<meta name=\"robots\" content=\"index, follow, max-snippet:-1, max-image-preview:large, max-video-preview:-1\" \/>\n<link rel=\"canonical\" href=\"https:\/\/maiglobal.org\/pt\/balazs-zagoni\/\" \/>\n<meta property=\"og:locale\" content=\"pt_BR\" \/>\n<meta property=\"og:type\" content=\"article\" \/>\n<meta property=\"og:title\" content=\"Bal\u00e1zs Z\u00e1goni - Media Associates International\" \/>\n<meta property=\"og:description\" content=\"Bal\u00e1zs Z\u00e1goni Babes-Bolyai University, Cluj, Romania Bal\u00e1zs Z\u00e1goni is an award-winning writer for children and young audiences, who has so far written 17 books. He lives with his family in Romania, but his mother-tongue is Hungarian. Some of his books have been translated in their entirety to Czech, and some excepts into English, German and [&hellip;]\" \/>\n<meta property=\"og:url\" content=\"https:\/\/maiglobal.org\/pt\/balazs-zagoni\/\" \/>\n<meta property=\"og:site_name\" content=\"Media Associates International\" \/>\n<meta property=\"article:modified_time\" content=\"2026-03-09T19:43:28+00:00\" \/>\n<meta property=\"og:image\" content=\"https:\/\/maiglobal.org\/wp-content\/uploads\/2026\/03\/Natali-Salva-2.png\" \/>\n<meta name=\"twitter:card\" content=\"summary_large_image\" \/>\n<meta name=\"twitter:label1\" content=\"Est. tempo de leitura\" \/>\n\t<meta name=\"twitter:data1\" content=\"1 minuto\" \/>\n<script type=\"application\/ld+json\" class=\"yoast-schema-graph\">{\"@context\":\"https:\/\/schema.org\",\"@graph\":[{\"@type\":\"WebPage\",\"@id\":\"https:\/\/maiglobal.org\/balazs-zagoni\/\",\"url\":\"https:\/\/maiglobal.org\/balazs-zagoni\/\",\"name\":\"Bal\u00e1zs Z\u00e1goni - Media Associates International\",\"isPartOf\":{\"@id\":\"https:\/\/maiglobal.org\/#website\"},\"primaryImageOfPage\":{\"@id\":\"https:\/\/maiglobal.org\/balazs-zagoni\/#primaryimage\"},\"image\":{\"@id\":\"https:\/\/maiglobal.org\/balazs-zagoni\/#primaryimage\"},\"thumbnailUrl\":\"https:\/\/maiglobal.org\/wp-content\/uploads\/2026\/03\/Natali-Salva-2.png\",\"datePublished\":\"2026-03-09T19:41:31+00:00\",\"dateModified\":\"2026-03-09T19:43:28+00:00\",\"breadcrumb\":{\"@id\":\"https:\/\/maiglobal.org\/balazs-zagoni\/#breadcrumb\"},\"inLanguage\":\"pt-BR\",\"potentialAction\":[{\"@type\":\"ReadAction\",\"target\":[\"https:\/\/maiglobal.org\/balazs-zagoni\/\"]}]},{\"@type\":\"ImageObject\",\"inLanguage\":\"pt-BR\",\"@id\":\"https:\/\/maiglobal.org\/balazs-zagoni\/#primaryimage\",\"url\":\"https:\/\/maiglobal.org\/wp-content\/uploads\/2026\/03\/Natali-Salva-2.png\",\"contentUrl\":\"https:\/\/maiglobal.org\/wp-content\/uploads\/2026\/03\/Natali-Salva-2.png\"},{\"@type\":\"BreadcrumbList\",\"@id\":\"https:\/\/maiglobal.org\/balazs-zagoni\/#breadcrumb\",\"itemListElement\":[{\"@type\":\"ListItem\",\"position\":1,\"name\":\"Home\",\"item\":\"https:\/\/maiglobal.org\/\"},{\"@type\":\"ListItem\",\"position\":2,\"name\":\"Bal\u00e1zs Z\u00e1goni\"}]},{\"@type\":\"WebSite\",\"@id\":\"https:\/\/maiglobal.org\/#website\",\"url\":\"https:\/\/maiglobal.org\/\",\"name\":\"Media Associates International\",\"description\":\"The power of the written word transforms lives.\",\"publisher\":{\"@id\":\"https:\/\/maiglobal.org\/#organization\"},\"potentialAction\":[{\"@type\":\"SearchAction\",\"target\":{\"@type\":\"EntryPoint\",\"urlTemplate\":\"https:\/\/maiglobal.org\/?s={search_term_string}\"},\"query-input\":{\"@type\":\"PropertyValueSpecification\",\"valueRequired\":true,\"valueName\":\"search_term_string\"}}],\"inLanguage\":\"pt-BR\"},{\"@type\":\"Organization\",\"@id\":\"https:\/\/maiglobal.org\/#organization\",\"name\":\"Media Associates International\",\"url\":\"https:\/\/maiglobal.org\/\",\"logo\":{\"@type\":\"ImageObject\",\"inLanguage\":\"pt-BR\",\"@id\":\"https:\/\/maiglobal.org\/#\/schema\/logo\/image\/\",\"url\":\"https:\/\/maiglobal.org\/wp-content\/uploads\/2017\/01\/maismall.jpg\",\"contentUrl\":\"https:\/\/maiglobal.org\/wp-content\/uploads\/2017\/01\/maismall.jpg\",\"width\":145,\"height\":60,\"caption\":\"Media Associates International\"},\"image\":{\"@id\":\"https:\/\/maiglobal.org\/#\/schema\/logo\/image\/\"}}]}<\/script>\n<!-- \/ Yoast SEO plugin. -->","yoast_head_json":{"title":"Bal\u00e1zs Z\u00e1goni - Media Associates International","robots":{"index":"index","follow":"follow","max-snippet":"max-snippet:-1","max-image-preview":"max-image-preview:large","max-video-preview":"max-video-preview:-1"},"canonical":"https:\/\/maiglobal.org\/pt\/balazs-zagoni\/","og_locale":"pt_BR","og_type":"article","og_title":"Bal\u00e1zs Z\u00e1goni - Media Associates International","og_description":"Bal\u00e1zs Z\u00e1goni Babes-Bolyai University, Cluj, Romania Bal\u00e1zs Z\u00e1goni is an award-winning writer for children and young audiences, who has so far written 17 books. He lives with his family in Romania, but his mother-tongue is Hungarian. Some of his books have been translated in their entirety to Czech, and some excepts into English, German and [&hellip;]","og_url":"https:\/\/maiglobal.org\/pt\/balazs-zagoni\/","og_site_name":"Media Associates International","article_modified_time":"2026-03-09T19:43:28+00:00","og_image":[{"url":"https:\/\/maiglobal.org\/wp-content\/uploads\/2026\/03\/Natali-Salva-2.png","type":"","width":"","height":""}],"twitter_card":"summary_large_image","twitter_misc":{"Est. tempo de leitura":"1 minuto"},"schema":{"@context":"https:\/\/schema.org","@graph":[{"@type":"WebPage","@id":"https:\/\/maiglobal.org\/balazs-zagoni\/","url":"https:\/\/maiglobal.org\/balazs-zagoni\/","name":"Bal\u00e1zs Z\u00e1goni - Media Associates International","isPartOf":{"@id":"https:\/\/maiglobal.org\/#website"},"primaryImageOfPage":{"@id":"https:\/\/maiglobal.org\/balazs-zagoni\/#primaryimage"},"image":{"@id":"https:\/\/maiglobal.org\/balazs-zagoni\/#primaryimage"},"thumbnailUrl":"https:\/\/maiglobal.org\/wp-content\/uploads\/2026\/03\/Natali-Salva-2.png","datePublished":"2026-03-09T19:41:31+00:00","dateModified":"2026-03-09T19:43:28+00:00","breadcrumb":{"@id":"https:\/\/maiglobal.org\/balazs-zagoni\/#breadcrumb"},"inLanguage":"pt-BR","potentialAction":[{"@type":"ReadAction","target":["https:\/\/maiglobal.org\/balazs-zagoni\/"]}]},{"@type":"ImageObject","inLanguage":"pt-BR","@id":"https:\/\/maiglobal.org\/balazs-zagoni\/#primaryimage","url":"https:\/\/maiglobal.org\/wp-content\/uploads\/2026\/03\/Natali-Salva-2.png","contentUrl":"https:\/\/maiglobal.org\/wp-content\/uploads\/2026\/03\/Natali-Salva-2.png"},{"@type":"BreadcrumbList","@id":"https:\/\/maiglobal.org\/balazs-zagoni\/#breadcrumb","itemListElement":[{"@type":"ListItem","position":1,"name":"Home","item":"https:\/\/maiglobal.org\/"},{"@type":"ListItem","position":2,"name":"Bal\u00e1zs Z\u00e1goni"}]},{"@type":"WebSite","@id":"https:\/\/maiglobal.org\/#website","url":"https:\/\/maiglobal.org\/","name":"Media Associates International","description":"The power of the written word transforms lives.","publisher":{"@id":"https:\/\/maiglobal.org\/#organization"},"potentialAction":[{"@type":"SearchAction","target":{"@type":"EntryPoint","urlTemplate":"https:\/\/maiglobal.org\/?s={search_term_string}"},"query-input":{"@type":"PropertyValueSpecification","valueRequired":true,"valueName":"search_term_string"}}],"inLanguage":"pt-BR"},{"@type":"Organization","@id":"https:\/\/maiglobal.org\/#organization","name":"Media Associates International","url":"https:\/\/maiglobal.org\/","logo":{"@type":"ImageObject","inLanguage":"pt-BR","@id":"https:\/\/maiglobal.org\/#\/schema\/logo\/image\/","url":"https:\/\/maiglobal.org\/wp-content\/uploads\/2017\/01\/maismall.jpg","contentUrl":"https:\/\/maiglobal.org\/wp-content\/uploads\/2017\/01\/maismall.jpg","width":145,"height":60,"caption":"Media Associates International"},"image":{"@id":"https:\/\/maiglobal.org\/#\/schema\/logo\/image\/"}}]}},"campaignId":"","_links":{"self":[{"href":"https:\/\/maiglobal.org\/pt\/wp-json\/wp\/v2\/pages\/23781","targetHints":{"allow":["GET"]}}],"collection":[{"href":"https:\/\/maiglobal.org\/pt\/wp-json\/wp\/v2\/pages"}],"about":[{"href":"https:\/\/maiglobal.org\/pt\/wp-json\/wp\/v2\/types\/page"}],"author":[{"embeddable":true,"href":"https:\/\/maiglobal.org\/pt\/wp-json\/wp\/v2\/users\/2000"}],"replies":[{"embeddable":true,"href":"https:\/\/maiglobal.org\/pt\/wp-json\/wp\/v2\/comments?post=23781"}],"version-history":[{"count":6,"href":"https:\/\/maiglobal.org\/pt\/wp-json\/wp\/v2\/pages\/23781\/revisions"}],"predecessor-version":[{"id":23787,"href":"https:\/\/maiglobal.org\/pt\/wp-json\/wp\/v2\/pages\/23781\/revisions\/23787"}],"wp:attachment":[{"href":"https:\/\/maiglobal.org\/pt\/wp-json\/wp\/v2\/media?parent=23781"}],"curies":[{"name":"wp","href":"https:\/\/api.w.org\/{rel}","templated":true}]}}