{"id":24156,"date":"2026-04-07T15:51:24","date_gmt":"2026-04-07T20:51:24","guid":{"rendered":"https:\/\/maiglobal.org\/?page_id=24156"},"modified":"2026-04-07T16:04:34","modified_gmt":"2026-04-07T21:04:34","slug":"fortaleciendo-a-las-editoriales-cristianas-chile","status":"publish","type":"page","link":"https:\/\/maiglobal.org\/pt\/fortaleciendo-a-las-editoriales-cristianas-chile\/","title":{"rendered":"Fortaleciendo a las editoriales cristianas (Chile)"},"content":{"rendered":"<div id=\"fb-root\"><\/div>\n\t\t<div data-elementor-type=\"wp-page\" data-elementor-id=\"24156\" class=\"elementor elementor-24156\" data-elementor-post-type=\"page\">\n\t\t\t\t<div class=\"elementor-element elementor-element-2406e47 e-flex e-con-boxed e-con e-parent\" data-id=\"2406e47\" data-element_type=\"container\">\n\t\t\t\t\t<div class=\"e-con-inner\">\n\t\t<div class=\"elementor-element elementor-element-8e2b20a e-con-full e-flex e-con e-child\" data-id=\"8e2b20a\" data-element_type=\"container\">\n\t\t\t\t<div class=\"elementor-element elementor-element-3b7aca2 elementor-widget elementor-widget-image\" data-id=\"3b7aca2\" data-element_type=\"widget\" data-widget_type=\"image.default\">\n\t\t\t\t\t\t\t\t\t\t\t\t\t\t\t\t<a href=\"https:\/\/docs.google.com\/forms\/d\/e\/1FAIpQLSctX3-LIe_XuI8qSzyEl1tLzRkud_ZqJQsMSkTlmu1NoF5C0Q\/viewform?usp=sharing&#038;ouid=112208522400951196644%20\">\n\t\t\t\t\t\t\t<img fetchpriority=\"high\" decoding=\"async\" width=\"768\" height=\"1024\" src=\"https:\/\/maiglobal.org\/wp-content\/uploads\/2026\/04\/MAI-CAPACITACION-CHILE-03-768x1024.jpg\" class=\"attachment-large size-large wp-image-24123\" alt=\"\" srcset=\"https:\/\/maiglobal.org\/wp-content\/uploads\/2026\/04\/MAI-CAPACITACION-CHILE-03-768x1024.jpg 768w, https:\/\/maiglobal.org\/wp-content\/uploads\/2026\/04\/MAI-CAPACITACION-CHILE-03-225x300.jpg 225w, https:\/\/maiglobal.org\/wp-content\/uploads\/2026\/04\/MAI-CAPACITACION-CHILE-03-300x400.jpg 300w, https:\/\/maiglobal.org\/wp-content\/uploads\/2026\/04\/MAI-CAPACITACION-CHILE-03-1152x1536.jpg 1152w, https:\/\/maiglobal.org\/wp-content\/uploads\/2026\/04\/MAI-CAPACITACION-CHILE-03-1536x2048.jpg 1536w, https:\/\/maiglobal.org\/wp-content\/uploads\/2026\/04\/MAI-CAPACITACION-CHILE-03-9x12.jpg 9w, https:\/\/maiglobal.org\/wp-content\/uploads\/2026\/04\/MAI-CAPACITACION-CHILE-03-600x800.jpg 600w, https:\/\/maiglobal.org\/wp-content\/uploads\/2026\/04\/MAI-CAPACITACION-CHILE-03-scaled.jpg 1920w\" sizes=\"(max-width: 768px) 100vw, 768px\" \/>\t\t\t\t\t\t\t\t<\/a>\n\t\t\t\t\t\t\t\t\t\t\t\t\t\t\t<\/div>\n\t\t\t\t<div class=\"elementor-element elementor-element-a8c6b01 elementor-align-justify elementor-widget elementor-widget-button\" data-id=\"a8c6b01\" data-element_type=\"widget\" data-widget_type=\"button.default\">\n\t\t\t\t\t\t\t\t\t\t<a class=\"elementor-button elementor-button-link elementor-size-lg\" href=\"https:\/\/docs.google.com\/forms\/d\/e\/1FAIpQLSctX3-LIe_XuI8qSzyEl1tLzRkud_ZqJQsMSkTlmu1NoF5C0Q\/viewform?usp=sharing&#038;ouid=112208522400951196644%20\">\n\t\t\t\t\t\t<span class=\"elementor-button-content-wrapper\">\n\t\t\t\t\t\t\t\t\t<span class=\"elementor-button-text\">REG\u00cdSTRESE\u00a011 DE MAYO EN CHILE<\/span>\n\t\t\t\t\t<\/span>\n\t\t\t\t\t<\/a>\n\t\t\t\t\t\t\t\t<\/div>\n\t\t\t\t<\/div>\n\t\t<div class=\"elementor-element elementor-element-4722e9c e-con-full e-flex e-con e-child\" data-id=\"4722e9c\" data-element_type=\"container\">\n\t\t\t\t<div class=\"elementor-element elementor-element-0f37229 elementor-widget elementor-widget-text-editor\" data-id=\"0f37229\" data-element_type=\"widget\" data-widget_type=\"text-editor.default\">\n\t\t\t\t\t\t\t\t\t<h2><strong>Fortaleciendo a las editoriales cristianas (Chile)<\/strong><\/h2><p>Una jornada para que aprendas a lograr la sostenibilidad financiera y crear dise\u00f1os eficaces.\u00a0<\/p><p><strong>11 de mayo de 2026<\/strong>\u00a0 \u00a0I\u00a0 \u00a09:30 a. m. &#8211; 4 p. m.<\/p><p><strong>Ram\u00f3n Rocha<\/strong> compartir\u00e1 ejemplos de planificaci\u00f3n estrat\u00e9gica y analizar\u00e1 c\u00f3mo establecer directrices para lograr la excelencia en las \u00e1reas editorial, de marketing, distribuci\u00f3n, finanzas y liderazgo.<\/p><p><strong>Jos\u00e9 Carlos Guti\u00e9rrez M.<\/strong> hablar\u00e1 sobre el tema \u00abCreaci\u00f3n de dise\u00f1os e im\u00e1genes atractivas y eficaces\u00bb. Pod\u00e9s traer proyectos de dise\u00f1o reales en los que est\u00e9s trabajando para que te asesoren al respecto.<\/p><p><strong>Inscr\u00edbase antes del 8 de mayo. <\/strong>Para m\u00e1s informaci\u00f3n, ponte en contacto con\u00a0<a href=\"mailto:mai-americalatina@maiglobal.org\">mai-americalatina@maiglobal.org<\/a>.\u00a0<\/p>\t\t\t\t\t\t\t\t<\/div>\n\t\t\t\t<\/div>\n\t\t\t\t\t<\/div>\n\t\t\t\t<\/div>\n\t\t\t\t<\/div>","protected":false},"excerpt":{"rendered":"<p>REG\u00cdSTRESE\u00a011 DE MAYO EN CHILE Fortaleciendo a las editoriales cristianas (Chile) Una jornada para que aprendas a lograr la sostenibilidad financiera y crear dise\u00f1os eficaces.\u00a0 11 de mayo de 2026\u00a0 \u00a0I\u00a0 \u00a09:30 a. m. &#8211; 4 p. m. Ram\u00f3n Rocha compartir\u00e1 ejemplos de planificaci\u00f3n estrat\u00e9gica y analizar\u00e1 c\u00f3mo establecer directrices para lograr la excelencia en [&hellip;]<\/p>","protected":false},"author":1998,"featured_media":0,"parent":0,"menu_order":0,"comment_status":"closed","ping_status":"closed","template":"","meta":{"give_campaign_id":0,"site-sidebar-layout":"no-sidebar","site-content-layout":"page-builder","ast-site-content-layout":"full-width-container","site-content-style":"default","site-sidebar-style":"default","ast-global-header-display":"","ast-banner-title-visibility":"","ast-main-header-display":"","ast-hfb-above-header-display":"","ast-hfb-below-header-display":"","ast-hfb-mobile-header-display":"","site-post-title":"disabled","ast-breadcrumbs-content":"","ast-featured-img":"disabled","footer-sml-layout":"","theme-transparent-header-meta":"","adv-header-id-meta":"","stick-header-meta":"","header-above-stick-meta":"","header-main-stick-meta":"","header-below-stick-meta":"","astra-migrate-meta-layouts":"default","ast-page-background-enabled":"default","ast-page-background-meta":{"desktop":{"background-color":"","background-image":"","background-repeat":"repeat","background-position":"center center","background-size":"auto","background-attachment":"scroll","background-type":"","background-media":"","overlay-type":"","overlay-color":"","overlay-opacity":"","overlay-gradient":""},"tablet":{"background-color":"","background-image":"","background-repeat":"repeat","background-position":"center center","background-size":"auto","background-attachment":"scroll","background-type":"","background-media":"","overlay-type":"","overlay-color":"","overlay-opacity":"","overlay-gradient":""},"mobile":{"background-color":"","background-image":"","background-repeat":"repeat","background-position":"center center","background-size":"auto","background-attachment":"scroll","background-type":"","background-media":"","overlay-type":"","overlay-color":"","overlay-opacity":"","overlay-gradient":""}},"ast-content-background-meta":{"desktop":{"background-color":"var(--ast-global-color-5)","background-image":"","background-repeat":"repeat","background-position":"center center","background-size":"auto","background-attachment":"scroll","background-type":"","background-media":"","overlay-type":"","overlay-color":"","overlay-opacity":"","overlay-gradient":""},"tablet":{"background-color":"var(--ast-global-color-5)","background-image":"","background-repeat":"repeat","background-position":"center center","background-size":"auto","background-attachment":"scroll","background-type":"","background-media":"","overlay-type":"","overlay-color":"","overlay-opacity":"","overlay-gradient":""},"mobile":{"background-color":"var(--ast-global-color-5)","background-image":"","background-repeat":"repeat","background-position":"center center","background-size":"auto","background-attachment":"scroll","background-type":"","background-media":"","overlay-type":"","overlay-color":"","overlay-opacity":"","overlay-gradient":""}},"iawp_total_views":1,"footnotes":""},"class_list":["post-24156","page","type-page","status-publish","hentry"],"yoast_head":"<!-- This site is optimized with the Yoast SEO plugin v26.9 - https:\/\/yoast.com\/product\/yoast-seo-wordpress\/ -->\n<title>Fortaleciendo a las editoriales cristianas (Chile) - Media Associates International<\/title>\n<meta name=\"robots\" content=\"index, follow, max-snippet:-1, max-image-preview:large, max-video-preview:-1\" \/>\n<link rel=\"canonical\" href=\"https:\/\/maiglobal.org\/pt\/fortaleciendo-a-las-editoriales-cristianas-chile\/\" \/>\n<meta property=\"og:locale\" content=\"pt_BR\" \/>\n<meta property=\"og:type\" content=\"article\" \/>\n<meta property=\"og:title\" content=\"Fortaleciendo a las editoriales cristianas (Chile) - Media Associates International\" \/>\n<meta property=\"og:description\" content=\"REG\u00cdSTRESE\u00a011 DE MAYO EN CHILE Fortaleciendo a las editoriales cristianas (Chile) Una jornada para que aprendas a lograr la sostenibilidad financiera y crear dise\u00f1os eficaces.\u00a0 11 de mayo de 2026\u00a0 \u00a0I\u00a0 \u00a09:30 a. m. &#8211; 4 p. m. Ram\u00f3n Rocha compartir\u00e1 ejemplos de planificaci\u00f3n estrat\u00e9gica y analizar\u00e1 c\u00f3mo establecer directrices para lograr la excelencia en [&hellip;]\" \/>\n<meta property=\"og:url\" content=\"https:\/\/maiglobal.org\/pt\/fortaleciendo-a-las-editoriales-cristianas-chile\/\" \/>\n<meta property=\"og:site_name\" content=\"Media Associates International\" \/>\n<meta property=\"article:modified_time\" content=\"2026-04-07T21:04:34+00:00\" \/>\n<meta property=\"og:image\" content=\"https:\/\/maiglobal.org\/wp-content\/uploads\/2026\/04\/MAI-CAPACITACION-CHILE-03-scaled.jpg\" \/>\n\t<meta property=\"og:image:width\" content=\"1920\" \/>\n\t<meta property=\"og:image:height\" content=\"2560\" \/>\n\t<meta property=\"og:image:type\" content=\"image\/jpeg\" \/>\n<meta name=\"twitter:card\" content=\"summary_large_image\" \/>\n<meta name=\"twitter:label1\" content=\"Est. tempo de leitura\" \/>\n\t<meta name=\"twitter:data1\" content=\"1 minuto\" \/>\n<script type=\"application\/ld+json\" class=\"yoast-schema-graph\">{\"@context\":\"https:\/\/schema.org\",\"@graph\":[{\"@type\":\"WebPage\",\"@id\":\"https:\/\/maiglobal.org\/fortaleciendo-a-las-editoriales-cristianas-chile\/\",\"url\":\"https:\/\/maiglobal.org\/fortaleciendo-a-las-editoriales-cristianas-chile\/\",\"name\":\"Fortaleciendo a las editoriales cristianas (Chile) - Media Associates International\",\"isPartOf\":{\"@id\":\"https:\/\/maiglobal.org\/#website\"},\"primaryImageOfPage\":{\"@id\":\"https:\/\/maiglobal.org\/fortaleciendo-a-las-editoriales-cristianas-chile\/#primaryimage\"},\"image\":{\"@id\":\"https:\/\/maiglobal.org\/fortaleciendo-a-las-editoriales-cristianas-chile\/#primaryimage\"},\"thumbnailUrl\":\"https:\/\/maiglobal.org\/wp-content\/uploads\/2026\/04\/MAI-CAPACITACION-CHILE-03-768x1024.jpg\",\"datePublished\":\"2026-04-07T20:51:24+00:00\",\"dateModified\":\"2026-04-07T21:04:34+00:00\",\"breadcrumb\":{\"@id\":\"https:\/\/maiglobal.org\/fortaleciendo-a-las-editoriales-cristianas-chile\/#breadcrumb\"},\"inLanguage\":\"pt-BR\",\"potentialAction\":[{\"@type\":\"ReadAction\",\"target\":[\"https:\/\/maiglobal.org\/fortaleciendo-a-las-editoriales-cristianas-chile\/\"]}]},{\"@type\":\"ImageObject\",\"inLanguage\":\"pt-BR\",\"@id\":\"https:\/\/maiglobal.org\/fortaleciendo-a-las-editoriales-cristianas-chile\/#primaryimage\",\"url\":\"https:\/\/maiglobal.org\/wp-content\/uploads\/2026\/04\/MAI-CAPACITACION-CHILE-03-768x1024.jpg\",\"contentUrl\":\"https:\/\/maiglobal.org\/wp-content\/uploads\/2026\/04\/MAI-CAPACITACION-CHILE-03-768x1024.jpg\"},{\"@type\":\"BreadcrumbList\",\"@id\":\"https:\/\/maiglobal.org\/fortaleciendo-a-las-editoriales-cristianas-chile\/#breadcrumb\",\"itemListElement\":[{\"@type\":\"ListItem\",\"position\":1,\"name\":\"Home\",\"item\":\"https:\/\/maiglobal.org\/\"},{\"@type\":\"ListItem\",\"position\":2,\"name\":\"Fortaleciendo a las editoriales cristianas (Chile)\"}]},{\"@type\":\"WebSite\",\"@id\":\"https:\/\/maiglobal.org\/#website\",\"url\":\"https:\/\/maiglobal.org\/\",\"name\":\"Media Associates International\",\"description\":\"The power of the written word transforms lives.\",\"publisher\":{\"@id\":\"https:\/\/maiglobal.org\/#organization\"},\"potentialAction\":[{\"@type\":\"SearchAction\",\"target\":{\"@type\":\"EntryPoint\",\"urlTemplate\":\"https:\/\/maiglobal.org\/?s={search_term_string}\"},\"query-input\":{\"@type\":\"PropertyValueSpecification\",\"valueRequired\":true,\"valueName\":\"search_term_string\"}}],\"inLanguage\":\"pt-BR\"},{\"@type\":\"Organization\",\"@id\":\"https:\/\/maiglobal.org\/#organization\",\"name\":\"Media Associates International\",\"url\":\"https:\/\/maiglobal.org\/\",\"logo\":{\"@type\":\"ImageObject\",\"inLanguage\":\"pt-BR\",\"@id\":\"https:\/\/maiglobal.org\/#\/schema\/logo\/image\/\",\"url\":\"https:\/\/maiglobal.org\/wp-content\/uploads\/2017\/01\/maismall.jpg\",\"contentUrl\":\"https:\/\/maiglobal.org\/wp-content\/uploads\/2017\/01\/maismall.jpg\",\"width\":145,\"height\":60,\"caption\":\"Media Associates International\"},\"image\":{\"@id\":\"https:\/\/maiglobal.org\/#\/schema\/logo\/image\/\"}}]}<\/script>\n<!-- \/ Yoast SEO plugin. -->","yoast_head_json":{"title":"Fortaleciendo a las editoriales cristianas (Chile) - Media Associates International","robots":{"index":"index","follow":"follow","max-snippet":"max-snippet:-1","max-image-preview":"max-image-preview:large","max-video-preview":"max-video-preview:-1"},"canonical":"https:\/\/maiglobal.org\/pt\/fortaleciendo-a-las-editoriales-cristianas-chile\/","og_locale":"pt_BR","og_type":"article","og_title":"Fortaleciendo a las editoriales cristianas (Chile) - Media Associates International","og_description":"REG\u00cdSTRESE\u00a011 DE MAYO EN CHILE Fortaleciendo a las editoriales cristianas (Chile) Una jornada para que aprendas a lograr la sostenibilidad financiera y crear dise\u00f1os eficaces.\u00a0 11 de mayo de 2026\u00a0 \u00a0I\u00a0 \u00a09:30 a. m. &#8211; 4 p. m. Ram\u00f3n Rocha compartir\u00e1 ejemplos de planificaci\u00f3n estrat\u00e9gica y analizar\u00e1 c\u00f3mo establecer directrices para lograr la excelencia en [&hellip;]","og_url":"https:\/\/maiglobal.org\/pt\/fortaleciendo-a-las-editoriales-cristianas-chile\/","og_site_name":"Media Associates International","article_modified_time":"2026-04-07T21:04:34+00:00","og_image":[{"width":1920,"height":2560,"url":"https:\/\/maiglobal.org\/wp-content\/uploads\/2026\/04\/MAI-CAPACITACION-CHILE-03-scaled.jpg","type":"image\/jpeg"}],"twitter_card":"summary_large_image","twitter_misc":{"Est. tempo de leitura":"1 minuto"},"schema":{"@context":"https:\/\/schema.org","@graph":[{"@type":"WebPage","@id":"https:\/\/maiglobal.org\/fortaleciendo-a-las-editoriales-cristianas-chile\/","url":"https:\/\/maiglobal.org\/fortaleciendo-a-las-editoriales-cristianas-chile\/","name":"Fortaleciendo a las editoriales cristianas (Chile) - Media Associates International","isPartOf":{"@id":"https:\/\/maiglobal.org\/#website"},"primaryImageOfPage":{"@id":"https:\/\/maiglobal.org\/fortaleciendo-a-las-editoriales-cristianas-chile\/#primaryimage"},"image":{"@id":"https:\/\/maiglobal.org\/fortaleciendo-a-las-editoriales-cristianas-chile\/#primaryimage"},"thumbnailUrl":"https:\/\/maiglobal.org\/wp-content\/uploads\/2026\/04\/MAI-CAPACITACION-CHILE-03-768x1024.jpg","datePublished":"2026-04-07T20:51:24+00:00","dateModified":"2026-04-07T21:04:34+00:00","breadcrumb":{"@id":"https:\/\/maiglobal.org\/fortaleciendo-a-las-editoriales-cristianas-chile\/#breadcrumb"},"inLanguage":"pt-BR","potentialAction":[{"@type":"ReadAction","target":["https:\/\/maiglobal.org\/fortaleciendo-a-las-editoriales-cristianas-chile\/"]}]},{"@type":"ImageObject","inLanguage":"pt-BR","@id":"https:\/\/maiglobal.org\/fortaleciendo-a-las-editoriales-cristianas-chile\/#primaryimage","url":"https:\/\/maiglobal.org\/wp-content\/uploads\/2026\/04\/MAI-CAPACITACION-CHILE-03-768x1024.jpg","contentUrl":"https:\/\/maiglobal.org\/wp-content\/uploads\/2026\/04\/MAI-CAPACITACION-CHILE-03-768x1024.jpg"},{"@type":"BreadcrumbList","@id":"https:\/\/maiglobal.org\/fortaleciendo-a-las-editoriales-cristianas-chile\/#breadcrumb","itemListElement":[{"@type":"ListItem","position":1,"name":"Home","item":"https:\/\/maiglobal.org\/"},{"@type":"ListItem","position":2,"name":"Fortaleciendo a las editoriales cristianas (Chile)"}]},{"@type":"WebSite","@id":"https:\/\/maiglobal.org\/#website","url":"https:\/\/maiglobal.org\/","name":"Media Associates International","description":"The power of the written word transforms lives.","publisher":{"@id":"https:\/\/maiglobal.org\/#organization"},"potentialAction":[{"@type":"SearchAction","target":{"@type":"EntryPoint","urlTemplate":"https:\/\/maiglobal.org\/?s={search_term_string}"},"query-input":{"@type":"PropertyValueSpecification","valueRequired":true,"valueName":"search_term_string"}}],"inLanguage":"pt-BR"},{"@type":"Organization","@id":"https:\/\/maiglobal.org\/#organization","name":"Media Associates International","url":"https:\/\/maiglobal.org\/","logo":{"@type":"ImageObject","inLanguage":"pt-BR","@id":"https:\/\/maiglobal.org\/#\/schema\/logo\/image\/","url":"https:\/\/maiglobal.org\/wp-content\/uploads\/2017\/01\/maismall.jpg","contentUrl":"https:\/\/maiglobal.org\/wp-content\/uploads\/2017\/01\/maismall.jpg","width":145,"height":60,"caption":"Media Associates International"},"image":{"@id":"https:\/\/maiglobal.org\/#\/schema\/logo\/image\/"}}]}},"campaignId":"","_links":{"self":[{"href":"https:\/\/maiglobal.org\/pt\/wp-json\/wp\/v2\/pages\/24156","targetHints":{"allow":["GET"]}}],"collection":[{"href":"https:\/\/maiglobal.org\/pt\/wp-json\/wp\/v2\/pages"}],"about":[{"href":"https:\/\/maiglobal.org\/pt\/wp-json\/wp\/v2\/types\/page"}],"author":[{"embeddable":true,"href":"https:\/\/maiglobal.org\/pt\/wp-json\/wp\/v2\/users\/1998"}],"replies":[{"embeddable":true,"href":"https:\/\/maiglobal.org\/pt\/wp-json\/wp\/v2\/comments?post=24156"}],"version-history":[{"count":9,"href":"https:\/\/maiglobal.org\/pt\/wp-json\/wp\/v2\/pages\/24156\/revisions"}],"predecessor-version":[{"id":24176,"href":"https:\/\/maiglobal.org\/pt\/wp-json\/wp\/v2\/pages\/24156\/revisions\/24176"}],"wp:attachment":[{"href":"https:\/\/maiglobal.org\/pt\/wp-json\/wp\/v2\/media?parent=24156"}],"curies":[{"name":"wp","href":"https:\/\/api.w.org\/{rel}","templated":true}]}}