{"id":15188,"date":"2024-02-22T12:48:07","date_gmt":"2024-02-22T18:48:07","guid":{"rendered":"https:\/\/maiglobal.org\/?page_id=15188"},"modified":"2024-04-01T14:35:24","modified_gmt":"2024-04-01T19:35:24","slug":"orar-por-littworld-2024","status":"publish","type":"page","link":"https:\/\/maiglobal.org\/zh\/orar-por-littworld-2024\/","title":{"rendered":"Orar por LittWorld 2024"},"content":{"rendered":"<div id=\"fb-root\"><\/div>\n\t\t<div data-elementor-type=\"wp-page\" data-elementor-id=\"15188\" class=\"elementor elementor-15188\" data-elementor-post-type=\"page\">\n\t\t\t\t\t\t<section class=\"elementor-section elementor-top-section elementor-element elementor-element-bf42af1 elementor-section-boxed elementor-section-height-default elementor-section-height-default\" data-id=\"bf42af1\" data-element_type=\"section\">\n\t\t\t\t\t\t<div class=\"elementor-container elementor-column-gap-default\">\n\t\t\t\t\t<div class=\"elementor-column elementor-col-100 elementor-top-column elementor-element elementor-element-abe2e49\" data-id=\"abe2e49\" data-element_type=\"column\">\n\t\t\t<div class=\"elementor-widget-wrap elementor-element-populated\">\n\t\t\t\t\t\t<div class=\"elementor-element elementor-element-ae7938e elementor-widget elementor-widget-image\" data-id=\"ae7938e\" data-element_type=\"widget\" data-widget_type=\"image.default\">\n\t\t\t\t\t\t\t\t\t\t\t\t\t\t\t<img fetchpriority=\"high\" decoding=\"async\" width=\"1200\" height=\"315\" src=\"https:\/\/maiglobal.org\/wp-content\/uploads\/2024\/02\/LittWorld-website-headings-2.png\" class=\"attachment-full size-full wp-image-15189\" alt=\"Orar por LittWorld 2024\" srcset=\"https:\/\/maiglobal.org\/wp-content\/uploads\/2024\/02\/LittWorld-website-headings-2.png 1200w, https:\/\/maiglobal.org\/wp-content\/uploads\/2024\/02\/LittWorld-website-headings-2-300x79.png 300w, https:\/\/maiglobal.org\/wp-content\/uploads\/2024\/02\/LittWorld-website-headings-2-600x158.png 600w, https:\/\/maiglobal.org\/wp-content\/uploads\/2024\/02\/LittWorld-website-headings-2-1024x269.png 1024w, https:\/\/maiglobal.org\/wp-content\/uploads\/2024\/02\/LittWorld-website-headings-2-768x202.png 768w\" sizes=\"(max-width: 1200px) 100vw, 1200px\" \/>\t\t\t\t\t\t\t\t\t\t\t\t\t\t\t<\/div>\n\t\t\t\t\t<\/div>\n\t\t<\/div>\n\t\t\t\t\t<\/div>\n\t\t<\/section>\n\t\t\t\t<section class=\"elementor-section elementor-top-section elementor-element elementor-element-76d3833 elementor-section-boxed elementor-section-height-default elementor-section-height-default\" data-id=\"76d3833\" data-element_type=\"section\">\n\t\t\t\t\t\t<div class=\"elementor-container elementor-column-gap-default\">\n\t\t\t\t\t<div class=\"elementor-column elementor-col-100 elementor-top-column elementor-element elementor-element-64f3984\" data-id=\"64f3984\" data-element_type=\"column\">\n\t\t\t<div class=\"elementor-widget-wrap elementor-element-populated\">\n\t\t\t\t\t\t<div class=\"elementor-element elementor-element-4cf647a elementor-widget elementor-widget-text-editor\" data-id=\"4cf647a\" data-element_type=\"widget\" data-widget_type=\"text-editor.default\">\n\t\t\t\t\t\t\t\t\t<p><em>\u00danase a nosotros en oraci\u00f3n. Que Dios use LittWorld 2024 para edificar una nueva generaci\u00f3n de comunicadores alrededor del mundo con el fin de extender el evangelio a trav\u00e9s de la palabra publicada.<\/em><\/p><h4><strong>Preparativos para la conferencia<\/strong><\/h4><p>Ore que Dios imparta su direcci\u00f3n y sabidur\u00eda en los preparativos de LittWorld 2024, que se llevar\u00e1 a cabo del 3 al 8 de noviembre en Puebla, M\u00e9xico (Salmo 127:1).<\/p><h4><strong>L\u00edderes de recursos<\/strong><\/h4><p>Ore por los expositores y l\u00edderes de talleres en la conferencia para que sus ense\u00f1anzas edifiquen y capaciten a los 200 participantes de 50 pa\u00edses (2 Tim. 2:2).<\/p><h4><strong>Becas <\/strong><\/h4><p>Muchos de los participantes necesitar\u00e1n ayuda financiera para poder viajar y asistir a la conferencia. Ore por la provisi\u00f3n del Dios para becas y por su gu\u00eda en la selecci\u00f3n de los beneficiarios de estas (2 Cor. 9:11-12).<\/p><h4><strong>Concurso de escritura<\/strong><\/h4><p>Ore por la entrega de muchos art\u00edculos excelentes tanto en ingl\u00e9s como en espa\u00f1ol en el concurso de escritura LittWorld 2024 (Ecl. 12:10).<\/p><h4><strong>Resultados<\/strong><\/h4><p>Ore para que Dios use LittWorld 2024 para edificar una nueva generaci\u00f3n de comunicadores cristianos con el fin de extender el evangelio a trav\u00e9s de la palabra publicada (Col. 4:3-4).<\/p>\t\t\t\t\t\t\t\t<\/div>\n\t\t\t\t\t<\/div>\n\t\t<\/div>\n\t\t\t\t\t<\/div>\n\t\t<\/section>\n\t\t\t\t<section class=\"elementor-section elementor-top-section elementor-element elementor-element-61e9654 elementor-section-boxed elementor-section-height-default elementor-section-height-default\" data-id=\"61e9654\" data-element_type=\"section\">\n\t\t\t\t\t\t<div class=\"elementor-container elementor-column-gap-default\">\n\t\t\t\t\t<div class=\"elementor-column elementor-col-33 elementor-top-column elementor-element elementor-element-b592d4a\" data-id=\"b592d4a\" data-element_type=\"column\">\n\t\t\t<div class=\"elementor-widget-wrap elementor-element-populated\">\n\t\t\t\t\t\t<div class=\"elementor-element elementor-element-5ce912b elementor-align-justify elementor-widget elementor-widget-button\" data-id=\"5ce912b\" data-element_type=\"widget\" data-widget_type=\"button.default\">\n\t\t\t\t\t\t\t\t\t\t<a class=\"elementor-button elementor-button-link elementor-size-lg\" href=\"https:\/\/www.eventbee.com\/v\/littworld-2024\/event?eid=214912434#\/tickets\">\n\t\t\t\t\t\t<span class=\"elementor-button-content-wrapper\">\n\t\t\t\t\t\t\t\t\t<span class=\"elementor-button-text\">REG\u00cdSTRESE PARA LITTWORLD<\/span>\n\t\t\t\t\t<\/span>\n\t\t\t\t\t<\/a>\n\t\t\t\t\t\t\t\t<\/div>\n\t\t\t\t\t<\/div>\n\t\t<\/div>\n\t\t\t\t<div class=\"elementor-column elementor-col-33 elementor-top-column elementor-element elementor-element-73243af\" data-id=\"73243af\" data-element_type=\"column\">\n\t\t\t<div class=\"elementor-widget-wrap elementor-element-populated\">\n\t\t\t\t\t\t<div class=\"elementor-element elementor-element-0417c1b elementor-align-justify elementor-widget elementor-widget-button\" data-id=\"0417c1b\" data-element_type=\"widget\" data-widget_type=\"button.default\">\n\t\t\t\t\t\t\t\t\t\t<a class=\"elementor-button elementor-button-link elementor-size-lg\" href=\"https:\/\/maiglobal.org\/zh\/oradores-de-littworld-2024\/\">\n\t\t\t\t\t\t<span class=\"elementor-button-content-wrapper\">\n\t\t\t\t\t\t\t\t\t<span class=\"elementor-button-text\">ORADORES DE LITTWORLD<\/span>\n\t\t\t\t\t<\/span>\n\t\t\t\t\t<\/a>\n\t\t\t\t\t\t\t\t<\/div>\n\t\t\t\t\t<\/div>\n\t\t<\/div>\n\t\t\t\t<div class=\"elementor-column elementor-col-33 elementor-top-column elementor-element elementor-element-2407844\" data-id=\"2407844\" data-element_type=\"column\">\n\t\t\t<div class=\"elementor-widget-wrap elementor-element-populated\">\n\t\t\t\t\t\t<div class=\"elementor-element elementor-element-cc85557 elementor-align-justify elementor-widget elementor-widget-button\" data-id=\"cc85557\" data-element_type=\"widget\" data-widget_type=\"button.default\">\n\t\t\t\t\t\t\t\t\t\t<a class=\"elementor-button elementor-button-link elementor-size-lg\" href=\"https:\/\/maiglobal.org\/zh\/concurso-literario-littworld-2024-spanish\/\">\n\t\t\t\t\t\t<span class=\"elementor-button-content-wrapper\">\n\t\t\t\t\t\t\t\t\t<span class=\"elementor-button-text\">CONCURSO LITERARIO<\/span>\n\t\t\t\t\t<\/span>\n\t\t\t\t\t<\/a>\n\t\t\t\t\t\t\t\t<\/div>\n\t\t\t\t\t<\/div>\n\t\t<\/div>\n\t\t\t\t\t<\/div>\n\t\t<\/section>\n\t\t\t\t<\/div>","protected":false},"excerpt":{"rendered":"<p>\u00danase a nosotros en oraci\u00f3n. Que Dios use LittWorld 2024 para edificar una nueva generaci\u00f3n de comunicadores alrededor del mundo con el fin de extender el evangelio a trav\u00e9s de la palabra publicada. Preparativos para la conferencia Ore que Dios imparta su direcci\u00f3n y sabidur\u00eda en los preparativos de LittWorld 2024, que se llevar\u00e1 a [&hellip;]<\/p>","protected":false},"author":7,"featured_media":0,"parent":0,"menu_order":0,"comment_status":"closed","ping_status":"closed","template":"","meta":{"give_campaign_id":0,"site-sidebar-layout":"no-sidebar","site-content-layout":"page-builder","ast-site-content-layout":"","site-content-style":"default","site-sidebar-style":"default","ast-global-header-display":"","ast-banner-title-visibility":"","ast-main-header-display":"","ast-hfb-above-header-display":"","ast-hfb-below-header-display":"","ast-hfb-mobile-header-display":"","site-post-title":"disabled","ast-breadcrumbs-content":"","ast-featured-img":"disabled","footer-sml-layout":"","theme-transparent-header-meta":"","adv-header-id-meta":"","stick-header-meta":"","header-above-stick-meta":"","header-main-stick-meta":"","header-below-stick-meta":"","astra-migrate-meta-layouts":"default","ast-page-background-enabled":"default","ast-page-background-meta":{"desktop":{"background-color":"","background-image":"","background-repeat":"repeat","background-position":"center center","background-size":"auto","background-attachment":"scroll","background-type":"","background-media":"","overlay-type":"","overlay-color":"","overlay-opacity":"","overlay-gradient":""},"tablet":{"background-color":"","background-image":"","background-repeat":"repeat","background-position":"center center","background-size":"auto","background-attachment":"scroll","background-type":"","background-media":"","overlay-type":"","overlay-color":"","overlay-opacity":"","overlay-gradient":""},"mobile":{"background-color":"","background-image":"","background-repeat":"repeat","background-position":"center center","background-size":"auto","background-attachment":"scroll","background-type":"","background-media":"","overlay-type":"","overlay-color":"","overlay-opacity":"","overlay-gradient":""}},"ast-content-background-meta":{"desktop":{"background-color":"var(--ast-global-color-5)","background-image":"","background-repeat":"repeat","background-position":"center center","background-size":"auto","background-attachment":"scroll","background-type":"","background-media":"","overlay-type":"","overlay-color":"","overlay-opacity":"","overlay-gradient":""},"tablet":{"background-color":"var(--ast-global-color-5)","background-image":"","background-repeat":"repeat","background-position":"center center","background-size":"auto","background-attachment":"scroll","background-type":"","background-media":"","overlay-type":"","overlay-color":"","overlay-opacity":"","overlay-gradient":""},"mobile":{"background-color":"var(--ast-global-color-5)","background-image":"","background-repeat":"repeat","background-position":"center center","background-size":"auto","background-attachment":"scroll","background-type":"","background-media":"","overlay-type":"","overlay-color":"","overlay-opacity":"","overlay-gradient":""}},"iawp_total_views":45,"footnotes":""},"class_list":["post-15188","page","type-page","status-publish","hentry"],"yoast_head":"<!-- This site is optimized with the Yoast SEO plugin v26.9 - https:\/\/yoast.com\/product\/yoast-seo-wordpress\/ -->\n<title>Orar por LittWorld 2024 - Media Associates International<\/title>\n<meta name=\"robots\" content=\"index, follow, max-snippet:-1, max-image-preview:large, max-video-preview:-1\" \/>\n<link rel=\"canonical\" href=\"https:\/\/maiglobal.org\/zh\/orar-por-littworld-2024\/\" \/>\n<meta property=\"og:locale\" content=\"zh_CN\" \/>\n<meta property=\"og:type\" content=\"article\" \/>\n<meta property=\"og:title\" content=\"Orar por LittWorld 2024 - Media Associates International\" \/>\n<meta property=\"og:description\" content=\"\u00danase a nosotros en oraci\u00f3n. Que Dios use LittWorld 2024 para edificar una nueva generaci\u00f3n de comunicadores alrededor del mundo con el fin de extender el evangelio a trav\u00e9s de la palabra publicada. Preparativos para la conferencia Ore que Dios imparta su direcci\u00f3n y sabidur\u00eda en los preparativos de LittWorld 2024, que se llevar\u00e1 a [&hellip;]\" \/>\n<meta property=\"og:url\" content=\"https:\/\/maiglobal.org\/zh\/orar-por-littworld-2024\/\" \/>\n<meta property=\"og:site_name\" content=\"Media Associates International\" \/>\n<meta property=\"article:modified_time\" content=\"2024-04-01T19:35:24+00:00\" \/>\n<meta property=\"og:image\" content=\"https:\/\/maiglobal.org\/wp-content\/uploads\/2024\/02\/LittWorld-website-headings-2.png\" \/>\n<meta name=\"twitter:card\" content=\"summary_large_image\" \/>\n<meta name=\"twitter:label1\" content=\"\u9884\u8ba1\u9605\u8bfb\u65f6\u95f4\" \/>\n\t<meta name=\"twitter:data1\" content=\"2 \u5206\" \/>\n<script type=\"application\/ld+json\" class=\"yoast-schema-graph\">{\"@context\":\"https:\/\/schema.org\",\"@graph\":[{\"@type\":\"WebPage\",\"@id\":\"https:\/\/maiglobal.org\/orar-por-littworld-2024\/\",\"url\":\"https:\/\/maiglobal.org\/orar-por-littworld-2024\/\",\"name\":\"Orar por LittWorld 2024 - Media Associates International\",\"isPartOf\":{\"@id\":\"https:\/\/maiglobal.org\/#website\"},\"primaryImageOfPage\":{\"@id\":\"https:\/\/maiglobal.org\/orar-por-littworld-2024\/#primaryimage\"},\"image\":{\"@id\":\"https:\/\/maiglobal.org\/orar-por-littworld-2024\/#primaryimage\"},\"thumbnailUrl\":\"https:\/\/maiglobal.org\/wp-content\/uploads\/2024\/02\/LittWorld-website-headings-2.png\",\"datePublished\":\"2024-02-22T18:48:07+00:00\",\"dateModified\":\"2024-04-01T19:35:24+00:00\",\"breadcrumb\":{\"@id\":\"https:\/\/maiglobal.org\/orar-por-littworld-2024\/#breadcrumb\"},\"inLanguage\":\"zh-Hans\",\"potentialAction\":[{\"@type\":\"ReadAction\",\"target\":[\"https:\/\/maiglobal.org\/orar-por-littworld-2024\/\"]}]},{\"@type\":\"ImageObject\",\"inLanguage\":\"zh-Hans\",\"@id\":\"https:\/\/maiglobal.org\/orar-por-littworld-2024\/#primaryimage\",\"url\":\"https:\/\/maiglobal.org\/wp-content\/uploads\/2024\/02\/LittWorld-website-headings-2.png\",\"contentUrl\":\"https:\/\/maiglobal.org\/wp-content\/uploads\/2024\/02\/LittWorld-website-headings-2.png\"},{\"@type\":\"BreadcrumbList\",\"@id\":\"https:\/\/maiglobal.org\/orar-por-littworld-2024\/#breadcrumb\",\"itemListElement\":[{\"@type\":\"ListItem\",\"position\":1,\"name\":\"Home\",\"item\":\"https:\/\/maiglobal.org\/\"},{\"@type\":\"ListItem\",\"position\":2,\"name\":\"Orar por LittWorld 2024\"}]},{\"@type\":\"WebSite\",\"@id\":\"https:\/\/maiglobal.org\/#website\",\"url\":\"https:\/\/maiglobal.org\/\",\"name\":\"Media Associates International\",\"description\":\"The power of the written word transforms lives.\",\"publisher\":{\"@id\":\"https:\/\/maiglobal.org\/#organization\"},\"potentialAction\":[{\"@type\":\"SearchAction\",\"target\":{\"@type\":\"EntryPoint\",\"urlTemplate\":\"https:\/\/maiglobal.org\/?s={search_term_string}\"},\"query-input\":{\"@type\":\"PropertyValueSpecification\",\"valueRequired\":true,\"valueName\":\"search_term_string\"}}],\"inLanguage\":\"zh-Hans\"},{\"@type\":\"Organization\",\"@id\":\"https:\/\/maiglobal.org\/#organization\",\"name\":\"Media Associates International\",\"url\":\"https:\/\/maiglobal.org\/\",\"logo\":{\"@type\":\"ImageObject\",\"inLanguage\":\"zh-Hans\",\"@id\":\"https:\/\/maiglobal.org\/#\/schema\/logo\/image\/\",\"url\":\"https:\/\/maiglobal.org\/wp-content\/uploads\/2017\/01\/maismall.jpg\",\"contentUrl\":\"https:\/\/maiglobal.org\/wp-content\/uploads\/2017\/01\/maismall.jpg\",\"width\":145,\"height\":60,\"caption\":\"Media Associates International\"},\"image\":{\"@id\":\"https:\/\/maiglobal.org\/#\/schema\/logo\/image\/\"}}]}<\/script>\n<!-- \/ Yoast SEO plugin. -->","yoast_head_json":{"title":"Orar por LittWorld 2024 - Media Associates International","robots":{"index":"index","follow":"follow","max-snippet":"max-snippet:-1","max-image-preview":"max-image-preview:large","max-video-preview":"max-video-preview:-1"},"canonical":"https:\/\/maiglobal.org\/zh\/orar-por-littworld-2024\/","og_locale":"zh_CN","og_type":"article","og_title":"Orar por LittWorld 2024 - Media Associates International","og_description":"\u00danase a nosotros en oraci\u00f3n. Que Dios use LittWorld 2024 para edificar una nueva generaci\u00f3n de comunicadores alrededor del mundo con el fin de extender el evangelio a trav\u00e9s de la palabra publicada. Preparativos para la conferencia Ore que Dios imparta su direcci\u00f3n y sabidur\u00eda en los preparativos de LittWorld 2024, que se llevar\u00e1 a [&hellip;]","og_url":"https:\/\/maiglobal.org\/zh\/orar-por-littworld-2024\/","og_site_name":"Media Associates International","article_modified_time":"2024-04-01T19:35:24+00:00","og_image":[{"url":"https:\/\/maiglobal.org\/wp-content\/uploads\/2024\/02\/LittWorld-website-headings-2.png","type":"","width":"","height":""}],"twitter_card":"summary_large_image","twitter_misc":{"\u9884\u8ba1\u9605\u8bfb\u65f6\u95f4":"2 \u5206"},"schema":{"@context":"https:\/\/schema.org","@graph":[{"@type":"WebPage","@id":"https:\/\/maiglobal.org\/orar-por-littworld-2024\/","url":"https:\/\/maiglobal.org\/orar-por-littworld-2024\/","name":"Orar por LittWorld 2024 - Media Associates International","isPartOf":{"@id":"https:\/\/maiglobal.org\/#website"},"primaryImageOfPage":{"@id":"https:\/\/maiglobal.org\/orar-por-littworld-2024\/#primaryimage"},"image":{"@id":"https:\/\/maiglobal.org\/orar-por-littworld-2024\/#primaryimage"},"thumbnailUrl":"https:\/\/maiglobal.org\/wp-content\/uploads\/2024\/02\/LittWorld-website-headings-2.png","datePublished":"2024-02-22T18:48:07+00:00","dateModified":"2024-04-01T19:35:24+00:00","breadcrumb":{"@id":"https:\/\/maiglobal.org\/orar-por-littworld-2024\/#breadcrumb"},"inLanguage":"zh-Hans","potentialAction":[{"@type":"ReadAction","target":["https:\/\/maiglobal.org\/orar-por-littworld-2024\/"]}]},{"@type":"ImageObject","inLanguage":"zh-Hans","@id":"https:\/\/maiglobal.org\/orar-por-littworld-2024\/#primaryimage","url":"https:\/\/maiglobal.org\/wp-content\/uploads\/2024\/02\/LittWorld-website-headings-2.png","contentUrl":"https:\/\/maiglobal.org\/wp-content\/uploads\/2024\/02\/LittWorld-website-headings-2.png"},{"@type":"BreadcrumbList","@id":"https:\/\/maiglobal.org\/orar-por-littworld-2024\/#breadcrumb","itemListElement":[{"@type":"ListItem","position":1,"name":"Home","item":"https:\/\/maiglobal.org\/"},{"@type":"ListItem","position":2,"name":"Orar por LittWorld 2024"}]},{"@type":"WebSite","@id":"https:\/\/maiglobal.org\/#website","url":"https:\/\/maiglobal.org\/","name":"Media Associates International","description":"The power of the written word transforms lives.","publisher":{"@id":"https:\/\/maiglobal.org\/#organization"},"potentialAction":[{"@type":"SearchAction","target":{"@type":"EntryPoint","urlTemplate":"https:\/\/maiglobal.org\/?s={search_term_string}"},"query-input":{"@type":"PropertyValueSpecification","valueRequired":true,"valueName":"search_term_string"}}],"inLanguage":"zh-Hans"},{"@type":"Organization","@id":"https:\/\/maiglobal.org\/#organization","name":"Media Associates International","url":"https:\/\/maiglobal.org\/","logo":{"@type":"ImageObject","inLanguage":"zh-Hans","@id":"https:\/\/maiglobal.org\/#\/schema\/logo\/image\/","url":"https:\/\/maiglobal.org\/wp-content\/uploads\/2017\/01\/maismall.jpg","contentUrl":"https:\/\/maiglobal.org\/wp-content\/uploads\/2017\/01\/maismall.jpg","width":145,"height":60,"caption":"Media Associates International"},"image":{"@id":"https:\/\/maiglobal.org\/#\/schema\/logo\/image\/"}}]}},"campaignId":"","_links":{"self":[{"href":"https:\/\/maiglobal.org\/zh\/wp-json\/wp\/v2\/pages\/15188","targetHints":{"allow":["GET"]}}],"collection":[{"href":"https:\/\/maiglobal.org\/zh\/wp-json\/wp\/v2\/pages"}],"about":[{"href":"https:\/\/maiglobal.org\/zh\/wp-json\/wp\/v2\/types\/page"}],"author":[{"embeddable":true,"href":"https:\/\/maiglobal.org\/zh\/wp-json\/wp\/v2\/users\/7"}],"replies":[{"embeddable":true,"href":"https:\/\/maiglobal.org\/zh\/wp-json\/wp\/v2\/comments?post=15188"}],"version-history":[{"count":6,"href":"https:\/\/maiglobal.org\/zh\/wp-json\/wp\/v2\/pages\/15188\/revisions"}],"predecessor-version":[{"id":15482,"href":"https:\/\/maiglobal.org\/zh\/wp-json\/wp\/v2\/pages\/15188\/revisions\/15482"}],"wp:attachment":[{"href":"https:\/\/maiglobal.org\/zh\/wp-json\/wp\/v2\/media?parent=15188"}],"curies":[{"name":"wp","href":"https:\/\/api.w.org\/{rel}","templated":true}]}}