{"id":20663,"date":"2025-12-04T14:57:28","date_gmt":"2025-12-04T20:57:28","guid":{"rendered":"https:\/\/maiglobal.org\/?page_id=20663"},"modified":"2025-12-04T14:57:28","modified_gmt":"2025-12-04T20:57:28","slug":"jeremy","status":"publish","type":"page","link":"https:\/\/maiglobal.org\/zh\/jeremy\/","title":{"rendered":"\u6770\u91cc\u7c73"},"content":{"rendered":"<div id=\"fb-root\"><\/div>\n\t\t<div data-elementor-type=\"wp-page\" data-elementor-id=\"20663\" class=\"elementor elementor-20663\" data-elementor-post-type=\"page\">\n\t\t\t\t<div class=\"elementor-element elementor-element-35fc2f3 e-flex e-con-boxed e-con e-parent\" data-id=\"35fc2f3\" data-element_type=\"container\">\n\t\t\t\t\t<div class=\"e-con-inner\">\n\t\t\t\t<div class=\"elementor-element elementor-element-bbe8adc elementor-widget elementor-widget-link-in-bio\" data-id=\"bbe8adc\" data-element_type=\"widget\" data-widget_type=\"link-in-bio.default\">\n\t\t\t\t<div class=\"elementor-widget-container\">\n\t\t\t\t\t\t\t<div class=\"e-link-in-bio e-link-in-bio\">\n\t\t\t<div class=\"e-link-in-bio__content\">\n\n\t\t\t\t\t\t<div class=\"e-link-in-bio__identity\">\n\t\t\t\t\t\t\t\t\t<div class=\"e-link-in-bio__identity-image e-link-in-bio__identity-image-profile has-style-circle\">\n\t\t\t\t\t\t\t<img decoding=\"async\" width=\"200\" height=\"200\" src=\"https:\/\/maiglobal.org\/wp-content\/uploads\/2025\/09\/1-2.png\" class=\"e-link-in-bio__identity-image-element\" alt=\"\" srcset=\"https:\/\/maiglobal.org\/wp-content\/uploads\/2025\/09\/1-2.png 200w, https:\/\/maiglobal.org\/wp-content\/uploads\/2025\/09\/1-2-150x150.png 150w, https:\/\/maiglobal.org\/wp-content\/uploads\/2025\/09\/1-2-100x100.png 100w\" sizes=\"(max-width: 200px) 100vw, 200px\" \/>\t\t\t\t\t\t\t\t\t\t\t\t\t<\/div>\n\t\t\t\t\t\t\t<\/div>\n\t\t\t\t\t<div class=\"e-link-in-bio__bio\">\n\t\t\t\t<h2 class=\"e-link-in-bio__heading\">Jeremy Ng&#039;ang&#039;a<\/h2>\t\t\t\t<h3 class=\"e-link-in-bio__title\">Organization | Ediprint Communications<\/h3>\t\t\t\t\t\t\t\t<p class=\"e-link-in-bio__description\">Ediprint Communications is a print-based service provider that is engaged in a wide range of activities, principally consultancy, in the field of publishing with the aims of providing the highest standard of service and products to potential client(s). Vision A world dominated by highest-quality printed word Background Ediprint Communications was registered in 2006 in Kenya primarily to provide consultancy services in publishing. Since then it has seen many publications roll out in many subjects ranging from educational material to corporate profiles. It has also been used to synergise expertise in the various areas of print production as to offer a \u201cone-stop shop\u201d in publishing solutions thereby enabling clients to save on time and financial resources as well as reap logistical benefits. Target groups As a commercial enterprise the target groups include corporate clients, publishing houses and individual authors. Services Research (academic and non-academic); Writing (articles, reports, biographies, profiles, proposals, etc); Rapporteuring (conference and seminar reporting); Translation (reports, manuals, books, etc); Transcription (English, Kiswahili, G\u0129k\u0169y\u0169); Commissioning publishing projects; Editorial (structural, substantive editing, copyediting, mechanical and proofreading); Indexing; Page design and layout; and Printing consultancy.<\/p>\t\t\t<\/div>\n\t\t\t\t\t<div class=\"e-link-in-bio__icons has-size-small\">\n\t\t\t\t\t\t\t<div class=\"e-link-in-bio__icon is-size-small\">\n\t\t\t\t\t<a href=\"https:\/\/x.com\/ediprint\" target=\"_blank\" rel=\"noopener \" aria-label=\"X (Twitter)\" class=\"e-link-in-bio__icon-link\">\n\t\t\t\t\t\t<span class=\"e-link-in-bio__icon-svg\">\n\t\t\t\t\t\t\t<i aria-hidden=\"true\" class=\"fab fa-x-twitter\"><\/i>\t\t\t\t\t\t<\/span>\n\t\t\t\t\t\t\t\t\t\t\t<\/a>\n\t\t\t\t<\/div>\n\t\t\t\t\t\t\t<div class=\"e-link-in-bio__icon is-size-small\">\n\t\t\t\t\t<a aria-label=\"Email\" class=\"e-link-in-bio__icon-link\" href=\"mailto:josue.teme@gmail.com\">\n\t\t\t\t\t\t<span class=\"e-link-in-bio__icon-svg\">\n\t\t\t\t\t\t\t<i aria-hidden=\"true\" class=\"fas fa-envelope\"><\/i>\t\t\t\t\t\t<\/span>\n\t\t\t\t\t\t\t\t\t\t\t<\/a>\n\t\t\t\t<\/div>\n\t\t\t\t\t\t\t<div class=\"e-link-in-bio__icon is-size-small\">\n\t\t\t\t\t<a aria-label=\"WhatsApp\" class=\"e-link-in-bio__icon-link\" href=\"https:\/\/wa.me\/+223%2090%2040%2056%2042\u00a0\">\n\t\t\t\t\t\t<span class=\"e-link-in-bio__icon-svg\">\n\t\t\t\t\t\t\t<i aria-hidden=\"true\" class=\"fab fa-whatsapp\"><\/i>\t\t\t\t\t\t<\/span>\n\t\t\t\t\t\t\t\t\t\t\t<\/a>\n\t\t\t\t<\/div>\n\t\t\t\t\t<\/div>\n\t\t\n\t\t<div class=\"e-link-in-bio__ctas has-type-button\">\n\t\t\t\t\t\t\t<a target=\"_blank\" rel=\"noopener \" class=\"e-link-in-bio__cta is-type-button has-corners-rounded\" href=\"\">\n\t\t\t\t\t\t\t\t\t\t<span class=\"e-link-in-bio__cta-text\">\n\t\t\t\t\t\t\t\t\t\t\t<\/span>\n\t\t\t\t<\/a>\n\t\t\t\t\t<\/div>\n\t\t\n\t\t\t<\/div>\n\t\t\t<div class=\"e-link-in-bio__bg\">\n\t\t\t\t<div class=\"e-link-in-bio__bg-overlay\"><\/div>\n\t\t\t<\/div>\n\t\t<\/div>\n\t\t\t\t\t\t<\/div>\n\t\t\t\t<\/div>\n\t\t\t\t\t<\/div>\n\t\t\t\t<\/div>\n\t\t\t\t<\/div>","protected":false},"excerpt":{"rendered":"<p>Jeremy Ng&#8217;ang&#8217;a Organization | Ediprint Communications Ediprint Communications is a print-based service provider that is engaged in a wide range of activities, principally consultancy, in the field of publishing with the aims of providing the highest standard of service and products to potential client(s). Vision A world dominated by highest-quality printed word Background Ediprint Communications [&hellip;]<\/p>","protected":false},"author":2000,"featured_media":0,"parent":0,"menu_order":0,"comment_status":"closed","ping_status":"closed","template":"","meta":{"give_campaign_id":0,"site-sidebar-layout":"no-sidebar","site-content-layout":"page-builder","ast-site-content-layout":"full-width-container","site-content-style":"unboxed","site-sidebar-style":"unboxed","ast-global-header-display":"","ast-banner-title-visibility":"","ast-main-header-display":"","ast-hfb-above-header-display":"","ast-hfb-below-header-display":"","ast-hfb-mobile-header-display":"","site-post-title":"disabled","ast-breadcrumbs-content":"","ast-featured-img":"disabled","footer-sml-layout":"","theme-transparent-header-meta":"default","adv-header-id-meta":"","stick-header-meta":"","header-above-stick-meta":"","header-main-stick-meta":"","header-below-stick-meta":"","astra-migrate-meta-layouts":"set","ast-page-background-enabled":"default","ast-page-background-meta":{"desktop":{"background-color":"","background-image":"","background-repeat":"repeat","background-position":"center center","background-size":"auto","background-attachment":"scroll","background-type":"","background-media":"","overlay-type":"","overlay-color":"","overlay-opacity":"","overlay-gradient":""},"tablet":{"background-color":"","background-image":"","background-repeat":"repeat","background-position":"center center","background-size":"auto","background-attachment":"scroll","background-type":"","background-media":"","overlay-type":"","overlay-color":"","overlay-opacity":"","overlay-gradient":""},"mobile":{"background-color":"","background-image":"","background-repeat":"repeat","background-position":"center center","background-size":"auto","background-attachment":"scroll","background-type":"","background-media":"","overlay-type":"","overlay-color":"","overlay-opacity":"","overlay-gradient":""}},"ast-content-background-meta":{"desktop":{"background-color":"var(--ast-global-color-5)","background-image":"","background-repeat":"repeat","background-position":"center center","background-size":"auto","background-attachment":"scroll","background-type":"","background-media":"","overlay-type":"","overlay-color":"","overlay-opacity":"","overlay-gradient":""},"tablet":{"background-color":"var(--ast-global-color-5)","background-image":"","background-repeat":"repeat","background-position":"center center","background-size":"auto","background-attachment":"scroll","background-type":"","background-media":"","overlay-type":"","overlay-color":"","overlay-opacity":"","overlay-gradient":""},"mobile":{"background-color":"var(--ast-global-color-5)","background-image":"","background-repeat":"repeat","background-position":"center center","background-size":"auto","background-attachment":"scroll","background-type":"","background-media":"","overlay-type":"","overlay-color":"","overlay-opacity":"","overlay-gradient":""}},"iawp_total_views":8,"footnotes":""},"class_list":["post-20663","page","type-page","status-publish","hentry"],"yoast_head":"<!-- This site is optimized with the Yoast SEO plugin v26.9 - https:\/\/yoast.com\/product\/yoast-seo-wordpress\/ -->\n<title>Jeremy - Media Associates International<\/title>\n<meta name=\"robots\" content=\"index, follow, max-snippet:-1, max-image-preview:large, max-video-preview:-1\" \/>\n<link rel=\"canonical\" href=\"https:\/\/maiglobal.org\/zh\/jeremy\/\" \/>\n<meta property=\"og:locale\" content=\"zh_CN\" \/>\n<meta property=\"og:type\" content=\"article\" \/>\n<meta property=\"og:title\" content=\"Jeremy - Media Associates International\" \/>\n<meta property=\"og:description\" content=\"Jeremy Ng&#8217;ang&#8217;a Organization | Ediprint Communications Ediprint Communications is a print-based service provider that is engaged in a wide range of activities, principally consultancy, in the field of publishing with the aims of providing the highest standard of service and products to potential client(s). Vision A world dominated by highest-quality printed word Background Ediprint Communications [&hellip;]\" \/>\n<meta property=\"og:url\" content=\"https:\/\/maiglobal.org\/zh\/jeremy\/\" \/>\n<meta property=\"og:site_name\" content=\"Media Associates International\" \/>\n<meta property=\"og:image\" content=\"https:\/\/maiglobal.org\/wp-content\/uploads\/2025\/09\/1-2.png\" \/>\n<meta name=\"twitter:card\" content=\"summary_large_image\" \/>\n<meta name=\"twitter:label1\" content=\"\u9884\u8ba1\u9605\u8bfb\u65f6\u95f4\" \/>\n\t<meta name=\"twitter:data1\" content=\"2 \u5206\" \/>\n<script type=\"application\/ld+json\" class=\"yoast-schema-graph\">{\"@context\":\"https:\/\/schema.org\",\"@graph\":[{\"@type\":\"WebPage\",\"@id\":\"https:\/\/maiglobal.org\/jeremy\/\",\"url\":\"https:\/\/maiglobal.org\/jeremy\/\",\"name\":\"Jeremy - Media Associates International\",\"isPartOf\":{\"@id\":\"https:\/\/maiglobal.org\/#website\"},\"primaryImageOfPage\":{\"@id\":\"https:\/\/maiglobal.org\/jeremy\/#primaryimage\"},\"image\":{\"@id\":\"https:\/\/maiglobal.org\/jeremy\/#primaryimage\"},\"thumbnailUrl\":\"https:\/\/maiglobal.org\/wp-content\/uploads\/2025\/09\/1-2.png\",\"datePublished\":\"2025-12-04T20:57:28+00:00\",\"breadcrumb\":{\"@id\":\"https:\/\/maiglobal.org\/jeremy\/#breadcrumb\"},\"inLanguage\":\"zh-Hans\",\"potentialAction\":[{\"@type\":\"ReadAction\",\"target\":[\"https:\/\/maiglobal.org\/jeremy\/\"]}]},{\"@type\":\"ImageObject\",\"inLanguage\":\"zh-Hans\",\"@id\":\"https:\/\/maiglobal.org\/jeremy\/#primaryimage\",\"url\":\"https:\/\/maiglobal.org\/wp-content\/uploads\/2025\/09\/1-2.png\",\"contentUrl\":\"https:\/\/maiglobal.org\/wp-content\/uploads\/2025\/09\/1-2.png\"},{\"@type\":\"BreadcrumbList\",\"@id\":\"https:\/\/maiglobal.org\/jeremy\/#breadcrumb\",\"itemListElement\":[{\"@type\":\"ListItem\",\"position\":1,\"name\":\"Home\",\"item\":\"https:\/\/maiglobal.org\/\"},{\"@type\":\"ListItem\",\"position\":2,\"name\":\"Jeremy\"}]},{\"@type\":\"WebSite\",\"@id\":\"https:\/\/maiglobal.org\/#website\",\"url\":\"https:\/\/maiglobal.org\/\",\"name\":\"Media Associates International\",\"description\":\"The power of the written word transforms lives.\",\"publisher\":{\"@id\":\"https:\/\/maiglobal.org\/#organization\"},\"potentialAction\":[{\"@type\":\"SearchAction\",\"target\":{\"@type\":\"EntryPoint\",\"urlTemplate\":\"https:\/\/maiglobal.org\/?s={search_term_string}\"},\"query-input\":{\"@type\":\"PropertyValueSpecification\",\"valueRequired\":true,\"valueName\":\"search_term_string\"}}],\"inLanguage\":\"zh-Hans\"},{\"@type\":\"Organization\",\"@id\":\"https:\/\/maiglobal.org\/#organization\",\"name\":\"Media Associates International\",\"url\":\"https:\/\/maiglobal.org\/\",\"logo\":{\"@type\":\"ImageObject\",\"inLanguage\":\"zh-Hans\",\"@id\":\"https:\/\/maiglobal.org\/#\/schema\/logo\/image\/\",\"url\":\"https:\/\/maiglobal.org\/wp-content\/uploads\/2017\/01\/maismall.jpg\",\"contentUrl\":\"https:\/\/maiglobal.org\/wp-content\/uploads\/2017\/01\/maismall.jpg\",\"width\":145,\"height\":60,\"caption\":\"Media Associates International\"},\"image\":{\"@id\":\"https:\/\/maiglobal.org\/#\/schema\/logo\/image\/\"}}]}<\/script>\n<!-- \/ Yoast SEO plugin. -->","yoast_head_json":{"title":"Jeremy - Media Associates International","robots":{"index":"index","follow":"follow","max-snippet":"max-snippet:-1","max-image-preview":"max-image-preview:large","max-video-preview":"max-video-preview:-1"},"canonical":"https:\/\/maiglobal.org\/zh\/jeremy\/","og_locale":"zh_CN","og_type":"article","og_title":"Jeremy - Media Associates International","og_description":"Jeremy Ng&#8217;ang&#8217;a Organization | Ediprint Communications Ediprint Communications is a print-based service provider that is engaged in a wide range of activities, principally consultancy, in the field of publishing with the aims of providing the highest standard of service and products to potential client(s). Vision A world dominated by highest-quality printed word Background Ediprint Communications [&hellip;]","og_url":"https:\/\/maiglobal.org\/zh\/jeremy\/","og_site_name":"Media Associates International","og_image":[{"url":"https:\/\/maiglobal.org\/wp-content\/uploads\/2025\/09\/1-2.png","type":"","width":"","height":""}],"twitter_card":"summary_large_image","twitter_misc":{"\u9884\u8ba1\u9605\u8bfb\u65f6\u95f4":"2 \u5206"},"schema":{"@context":"https:\/\/schema.org","@graph":[{"@type":"WebPage","@id":"https:\/\/maiglobal.org\/jeremy\/","url":"https:\/\/maiglobal.org\/jeremy\/","name":"Jeremy - Media Associates International","isPartOf":{"@id":"https:\/\/maiglobal.org\/#website"},"primaryImageOfPage":{"@id":"https:\/\/maiglobal.org\/jeremy\/#primaryimage"},"image":{"@id":"https:\/\/maiglobal.org\/jeremy\/#primaryimage"},"thumbnailUrl":"https:\/\/maiglobal.org\/wp-content\/uploads\/2025\/09\/1-2.png","datePublished":"2025-12-04T20:57:28+00:00","breadcrumb":{"@id":"https:\/\/maiglobal.org\/jeremy\/#breadcrumb"},"inLanguage":"zh-Hans","potentialAction":[{"@type":"ReadAction","target":["https:\/\/maiglobal.org\/jeremy\/"]}]},{"@type":"ImageObject","inLanguage":"zh-Hans","@id":"https:\/\/maiglobal.org\/jeremy\/#primaryimage","url":"https:\/\/maiglobal.org\/wp-content\/uploads\/2025\/09\/1-2.png","contentUrl":"https:\/\/maiglobal.org\/wp-content\/uploads\/2025\/09\/1-2.png"},{"@type":"BreadcrumbList","@id":"https:\/\/maiglobal.org\/jeremy\/#breadcrumb","itemListElement":[{"@type":"ListItem","position":1,"name":"Home","item":"https:\/\/maiglobal.org\/"},{"@type":"ListItem","position":2,"name":"Jeremy"}]},{"@type":"WebSite","@id":"https:\/\/maiglobal.org\/#website","url":"https:\/\/maiglobal.org\/","name":"Media Associates International","description":"The power of the written word transforms lives.","publisher":{"@id":"https:\/\/maiglobal.org\/#organization"},"potentialAction":[{"@type":"SearchAction","target":{"@type":"EntryPoint","urlTemplate":"https:\/\/maiglobal.org\/?s={search_term_string}"},"query-input":{"@type":"PropertyValueSpecification","valueRequired":true,"valueName":"search_term_string"}}],"inLanguage":"zh-Hans"},{"@type":"Organization","@id":"https:\/\/maiglobal.org\/#organization","name":"Media Associates International","url":"https:\/\/maiglobal.org\/","logo":{"@type":"ImageObject","inLanguage":"zh-Hans","@id":"https:\/\/maiglobal.org\/#\/schema\/logo\/image\/","url":"https:\/\/maiglobal.org\/wp-content\/uploads\/2017\/01\/maismall.jpg","contentUrl":"https:\/\/maiglobal.org\/wp-content\/uploads\/2017\/01\/maismall.jpg","width":145,"height":60,"caption":"Media Associates International"},"image":{"@id":"https:\/\/maiglobal.org\/#\/schema\/logo\/image\/"}}]}},"campaignId":"","_links":{"self":[{"href":"https:\/\/maiglobal.org\/zh\/wp-json\/wp\/v2\/pages\/20663","targetHints":{"allow":["GET"]}}],"collection":[{"href":"https:\/\/maiglobal.org\/zh\/wp-json\/wp\/v2\/pages"}],"about":[{"href":"https:\/\/maiglobal.org\/zh\/wp-json\/wp\/v2\/types\/page"}],"author":[{"embeddable":true,"href":"https:\/\/maiglobal.org\/zh\/wp-json\/wp\/v2\/users\/2000"}],"replies":[{"embeddable":true,"href":"https:\/\/maiglobal.org\/zh\/wp-json\/wp\/v2\/comments?post=20663"}],"version-history":[{"count":4,"href":"https:\/\/maiglobal.org\/zh\/wp-json\/wp\/v2\/pages\/20663\/revisions"}],"predecessor-version":[{"id":20690,"href":"https:\/\/maiglobal.org\/zh\/wp-json\/wp\/v2\/pages\/20663\/revisions\/20690"}],"wp:attachment":[{"href":"https:\/\/maiglobal.org\/zh\/wp-json\/wp\/v2\/media?parent=20663"}],"curies":[{"name":"wp","href":"https:\/\/api.w.org\/{rel}","templated":true}]}}