{"id":23409,"date":"2026-02-04T15:34:18","date_gmt":"2026-02-04T21:34:18","guid":{"rendered":"https:\/\/maiglobal.org\/?page_id=23409"},"modified":"2026-04-06T16:23:26","modified_gmt":"2026-04-06T21:23:26","slug":"upcoming-webinars-spanish","status":"publish","type":"page","link":"https:\/\/maiglobal.org\/zh\/upcoming-webinars-spanish\/","title":{"rendered":"Upcoming Webinars &#8211; Spanish"},"content":{"rendered":"<div id=\"fb-root\"><\/div>\n\t\t<div data-elementor-type=\"wp-page\" data-elementor-id=\"23409\" class=\"elementor elementor-23409\" data-elementor-post-type=\"page\">\n\t\t\t\t\t\t<section class=\"elementor-section elementor-top-section elementor-element elementor-element-0d1470a newTitle elementor-section-boxed elementor-section-height-default elementor-section-height-default\" data-id=\"0d1470a\" data-element_type=\"section\" data-settings=\"{&quot;background_background&quot;:&quot;classic&quot;}\">\n\t\t\t\t\t\t\t<div class=\"elementor-background-overlay\"><\/div>\n\t\t\t\t\t\t\t<div class=\"elementor-container elementor-column-gap-default\">\n\t\t\t\t\t<div class=\"elementor-column elementor-col-100 elementor-top-column elementor-element elementor-element-cad53c3\" data-id=\"cad53c3\" data-element_type=\"column\">\n\t\t\t<div class=\"elementor-widget-wrap elementor-element-populated\">\n\t\t\t\t\t\t<div class=\"elementor-element elementor-element-49518b3 elementor-widget elementor-widget-heading\" data-id=\"49518b3\" data-element_type=\"widget\" data-widget_type=\"heading.default\">\n\t\t\t\t\t<h2 class=\"elementor-heading-title elementor-size-default\">Webinars - Spanish<\/h2>\t\t\t\t<\/div>\n\t\t\t\t\t<\/div>\n\t\t<\/div>\n\t\t\t\t\t<\/div>\n\t\t<\/section>\n\t\t<div class=\"elementor-element elementor-element-33e1f40 e-flex e-con-boxed e-con e-parent\" data-id=\"33e1f40\" data-element_type=\"container\">\n\t\t\t\t\t<div class=\"e-con-inner\">\n\t\t\t\t<div class=\"elementor-element elementor-element-cb9f275 elementor-widget elementor-widget-spacer\" data-id=\"cb9f275\" data-element_type=\"widget\" data-widget_type=\"spacer.default\">\n\t\t\t\t\t\t\t<div class=\"elementor-spacer\">\n\t\t\t<div class=\"elementor-spacer-inner\"><\/div>\n\t\t<\/div>\n\t\t\t\t\t\t<\/div>\n\t\t\t\t\t<\/div>\n\t\t\t\t<\/div>\n\t\t\t\t<section class=\"elementor-section elementor-top-section elementor-element elementor-element-90bd0a7 elementor-section-boxed elementor-section-height-default elementor-section-height-default\" data-id=\"90bd0a7\" data-element_type=\"section\">\n\t\t\t\t\t\t<div class=\"elementor-container elementor-column-gap-default\">\n\t\t\t\t\t<div class=\"elementor-column elementor-col-100 elementor-top-column elementor-element elementor-element-1d0447f\" data-id=\"1d0447f\" data-element_type=\"column\">\n\t\t\t<div class=\"elementor-widget-wrap elementor-element-populated\">\n\t\t\t\t\t\t<div class=\"elementor-element elementor-element-aaf5ca3 elementor-widget elementor-widget-heading\" data-id=\"aaf5ca3\" data-element_type=\"widget\" data-widget_type=\"heading.default\">\n\t\t\t\t\t<h1 class=\"elementor-heading-title elementor-size-default\">Pr\u00f3ximos seminarios web<\/h1>\t\t\t\t<\/div>\n\t\t\t\t<div class=\"elementor-element elementor-element-dbd0749 elementor-widget-divider--view-line elementor-widget elementor-widget-divider\" data-id=\"dbd0749\" data-element_type=\"widget\" data-widget_type=\"divider.default\">\n\t\t\t\t\t\t\t<div class=\"elementor-divider\">\n\t\t\t<span class=\"elementor-divider-separator\">\n\t\t\t\t\t\t<\/span>\n\t\t<\/div>\n\t\t\t\t\t\t<\/div>\n\t\t\t\t\t<\/div>\n\t\t<\/div>\n\t\t\t\t\t<\/div>\n\t\t<\/section>\n\t\t<div class=\"elementor-element elementor-element-33ddff4 e-flex e-con-boxed e-con e-parent\" data-id=\"33ddff4\" data-element_type=\"container\">\n\t\t\t\t\t<div class=\"e-con-inner\">\n\t\t<div class=\"elementor-element elementor-element-011475e e-con-full e-flex e-con e-child\" data-id=\"011475e\" data-element_type=\"container\">\n\t\t\t\t<div class=\"elementor-element elementor-element-2535294 elementor-widget elementor-widget-image\" data-id=\"2535294\" data-element_type=\"widget\" data-widget_type=\"image.default\">\n\t\t\t\t\t\t\t\t\t\t\t\t\t\t\t\t<a href=\"https:\/\/us02web.zoom.us\/webinar\/register\/WN_LfieYygDRoGIIS8s0gKqWw\">\n\t\t\t\t\t\t\t<img fetchpriority=\"high\" decoding=\"async\" width=\"1890\" height=\"2363\" src=\"https:\/\/maiglobal.org\/wp-content\/uploads\/2026\/04\/MAI-LATAM-ABRIL-2026-ok.jpg\" class=\"attachment-full size-full wp-image-24135\" alt=\"\" srcset=\"https:\/\/maiglobal.org\/wp-content\/uploads\/2026\/04\/MAI-LATAM-ABRIL-2026-ok.jpg 1890w, https:\/\/maiglobal.org\/wp-content\/uploads\/2026\/04\/MAI-LATAM-ABRIL-2026-ok-240x300.jpg 240w, https:\/\/maiglobal.org\/wp-content\/uploads\/2026\/04\/MAI-LATAM-ABRIL-2026-ok-819x1024.jpg 819w, https:\/\/maiglobal.org\/wp-content\/uploads\/2026\/04\/MAI-LATAM-ABRIL-2026-ok-768x960.jpg 768w, https:\/\/maiglobal.org\/wp-content\/uploads\/2026\/04\/MAI-LATAM-ABRIL-2026-ok-1229x1536.jpg 1229w, https:\/\/maiglobal.org\/wp-content\/uploads\/2026\/04\/MAI-LATAM-ABRIL-2026-ok-1638x2048.jpg 1638w, https:\/\/maiglobal.org\/wp-content\/uploads\/2026\/04\/MAI-LATAM-ABRIL-2026-ok-10x12.jpg 10w, https:\/\/maiglobal.org\/wp-content\/uploads\/2026\/04\/MAI-LATAM-ABRIL-2026-ok-300x375.jpg 300w, https:\/\/maiglobal.org\/wp-content\/uploads\/2026\/04\/MAI-LATAM-ABRIL-2026-ok-600x750.jpg 600w\" sizes=\"(max-width: 1890px) 100vw, 1890px\" \/>\t\t\t\t\t\t\t\t<\/a>\n\t\t\t\t\t\t\t\t\t\t\t\t\t\t\t<\/div>\n\t\t\t\t<div class=\"elementor-element elementor-element-6a09a66 elementor-align-justify elementor-widget elementor-widget-button\" data-id=\"6a09a66\" data-element_type=\"widget\" data-widget_type=\"button.default\">\n\t\t\t\t\t\t\t\t\t\t<a class=\"elementor-button elementor-button-link elementor-size-lg\" href=\"https:\/\/us02web.zoom.us\/webinar\/register\/WN_LfieYygDRoGIIS8s0gKqWw\">\n\t\t\t\t\t\t<span class=\"elementor-button-content-wrapper\">\n\t\t\t\t\t\t\t\t\t<span class=\"elementor-button-text\">INSCR\u00cdBETE EN EL SEMINARIO WEB<\/span>\n\t\t\t\t\t<\/span>\n\t\t\t\t\t<\/a>\n\t\t\t\t\t\t\t\t<\/div>\n\t\t\t\t<\/div>\n\t\t<div class=\"elementor-element elementor-element-111f8e9 e-con-full e-flex e-con e-child\" data-id=\"111f8e9\" data-element_type=\"container\">\n\t\t\t\t<div class=\"elementor-element elementor-element-71995eb elementor-widget elementor-widget-text-editor\" data-id=\"71995eb\" data-element_type=\"widget\" data-widget_type=\"text-editor.default\">\n\t\t\t\t\t\t\t\t\t<h3><a href=\"https:\/\/us02web.zoom.us\/webinar\/register\/WN_LfieYygDRoGIIS8s0gKqWw\"><strong>\u00abArte y disciplina: El desaf\u00edo de escribir\u00bb<\/strong><\/a><\/h3><h3><strong style=\"font-size: 18px; font-style: inherit; color: #7a7a7a;\">\u00a0<\/strong><\/h3><p>El trabajo de escribir requiere esfuerzo y perseverancia. Cuando logramos organizar adecuadamente nuestra labor, el proceso de escribir se torna m\u00e1s llevadero y gratificante.<\/p><p>Chris te compartir\u00e1 algunos sencillos principios que ordenan este trabajo y ayudan a invertir con eficiencia los recursos de quien escribe. Al finalizar la exposici\u00f3n habr\u00e1 un tiempo para compartir con \u00e9l preguntas e inquietudes.<\/p><p>Sobre el orador:<\/p><p><strong>Christopher Shaw<\/strong>, nacido en Argentina, fue el director general de Desarrollo Cristiano Internacional, una organizaci\u00f3n que prove\u00eda apoyo y recursos a pastores y l\u00edderes en Am\u00e9rica Latina. Durante diez a\u00f1os, fue el director editorial de la revista\u00a0<em>Apuntes Pastorales<\/em>. Complet\u00f3, en 1982, estudios en Teolog\u00eda en el Instituto B\u00edblico Buenos Aires. Obtuvo, en 1985, una maestr\u00eda en Formaci\u00f3n y Discipulado y, en 1989, un doctorado en Misiones del Seminario Teol\u00f3gico Fuller en Los \u00c1ngeles, California.\u00a0<\/p><p>Durante m\u00e1s de cuarenta a\u00f1os, Christopher ha trabajado en el ministerio de formaci\u00f3n de l\u00edderes, viajando extensamente por Am\u00e9rica Latina para participar en seminarios, cursos y conferencias. En la actualidad, su trabajo es acompa\u00f1ar a pastores en procesos de mentor\u00eda y asesor\u00eda.\u00a0<\/p><p>Es el autor de cuatro libros:\u00a0<em>Alza tus ojos<\/em>\u00a0(2005),\u00a0<em>Dios en sandalias<\/em>\u00a0(2009),\u00a0<em>De d\u00eda y de noche<\/em>\u00a0(2017), que invitan a una reflexi\u00f3n diaria basados en un texto de la Palabra. En la actualidad se encuentra en el proceso de revisi\u00f3n final de un nuevo libro,\u00a0<em>Vida por contagio<\/em>, que intenta explorar el misterio de la transformaci\u00f3n. Trabaj\u00f3, adem\u00e1s, con Alex y Nathalia Campos en el libro\u00a0<em>Ens\u00e9\u00f1ame a amar<\/em>\u00a0(2019). Est\u00e1 casado con Ruth, con quien comparte cinco hijos y dos nietos. Reside en Buenos Aires, Argentina.<\/p><p>Sobre la moderadora:<\/p><p><strong>Cintia Peralta Martin<\/strong>\u00a0es licenciada en Ciencias para la Familia,\u00a0consejera\u00a0familiar y escritora. Junto a su esposo, Gonzalo, lidera\u00a0<strong>Colegas del Orden\u00ae,<\/strong>\u00a0un proyecto orientado a acompa\u00f1ar a las familias en la b\u00fasqueda de equilibrio, orden y plenitud. Su trabajo se ha materializado en la publicaci\u00f3n de los libros:\u00a0<em>\u00a1Chau desorden!<\/em>\u00a0(2020) y\u00a0<em>Bit\u00e1cora del orden<\/em>\u00a0(2024). Adem\u00e1s, brinda talleres, capacitaciones y asesor\u00edas personalizadas.\u00a0Actualmente desarrolla un proyecto de literatura infantil con enfoque en valores b\u00edblicos, ampliando su misi\u00f3n de acompa\u00f1ar a las familias en las distintas etapas de la vida.<\/p><p><strong>D\u00eda y horario:<\/strong><\/p><p>21 de abril de 2026 &#8211; 6 p. m. (M\u00e9xico Central) \/ 9 p. m. (Argentina)<\/p><p><strong>Contactos:<\/strong><\/p><p>Christopher Shaw:\u00a0<a href=\"mailto:directordci@gmail.com\">directordci@gmail.com<\/a><\/p><p>Cintia Peralta Martin:\u00a0<a href=\"mailto:cintiaperaltamartin@gmail.com\">cintiaperaltamartin@gmail.com<\/a><\/p>\t\t\t\t\t\t\t\t<\/div>\n\t\t\t\t<\/div>\n\t\t\t\t\t<\/div>\n\t\t\t\t<\/div>\n\t\t\t\t<\/div>","protected":false},"excerpt":{"rendered":"<p>Webinars &#8211; Spanish Pr\u00f3ximos seminarios web INSCR\u00cdBETE EN EL SEMINARIO WEB \u00abArte y disciplina: El desaf\u00edo de escribir\u00bb \u00a0 El trabajo de escribir requiere esfuerzo y perseverancia. Cuando logramos organizar adecuadamente nuestra labor, el proceso de escribir se torna m\u00e1s llevadero y gratificante. Chris te compartir\u00e1 algunos sencillos principios que ordenan este trabajo y ayudan [&hellip;]<\/p>","protected":false},"author":1998,"featured_media":0,"parent":0,"menu_order":0,"comment_status":"closed","ping_status":"closed","template":"","meta":{"give_campaign_id":0,"site-sidebar-layout":"no-sidebar","site-content-layout":"page-builder","ast-site-content-layout":"full-width-container","site-content-style":"default","site-sidebar-style":"default","ast-global-header-display":"","ast-banner-title-visibility":"","ast-main-header-display":"","ast-hfb-above-header-display":"","ast-hfb-below-header-display":"","ast-hfb-mobile-header-display":"","site-post-title":"disabled","ast-breadcrumbs-content":"","ast-featured-img":"disabled","footer-sml-layout":"","theme-transparent-header-meta":"","adv-header-id-meta":"","stick-header-meta":"","header-above-stick-meta":"","header-main-stick-meta":"","header-below-stick-meta":"","astra-migrate-meta-layouts":"default","ast-page-background-enabled":"default","ast-page-background-meta":{"desktop":{"background-color":"","background-image":"","background-repeat":"repeat","background-position":"center center","background-size":"auto","background-attachment":"scroll","background-type":"","background-media":"","overlay-type":"","overlay-color":"","overlay-opacity":"","overlay-gradient":""},"tablet":{"background-color":"","background-image":"","background-repeat":"repeat","background-position":"center center","background-size":"auto","background-attachment":"scroll","background-type":"","background-media":"","overlay-type":"","overlay-color":"","overlay-opacity":"","overlay-gradient":""},"mobile":{"background-color":"","background-image":"","background-repeat":"repeat","background-position":"center center","background-size":"auto","background-attachment":"scroll","background-type":"","background-media":"","overlay-type":"","overlay-color":"","overlay-opacity":"","overlay-gradient":""}},"ast-content-background-meta":{"desktop":{"background-color":"var(--ast-global-color-5)","background-image":"","background-repeat":"repeat","background-position":"center center","background-size":"auto","background-attachment":"scroll","background-type":"","background-media":"","overlay-type":"","overlay-color":"","overlay-opacity":"","overlay-gradient":""},"tablet":{"background-color":"var(--ast-global-color-5)","background-image":"","background-repeat":"repeat","background-position":"center center","background-size":"auto","background-attachment":"scroll","background-type":"","background-media":"","overlay-type":"","overlay-color":"","overlay-opacity":"","overlay-gradient":""},"mobile":{"background-color":"var(--ast-global-color-5)","background-image":"","background-repeat":"repeat","background-position":"center center","background-size":"auto","background-attachment":"scroll","background-type":"","background-media":"","overlay-type":"","overlay-color":"","overlay-opacity":"","overlay-gradient":""}},"iawp_total_views":31,"footnotes":""},"class_list":["post-23409","page","type-page","status-publish","hentry"],"yoast_head":"<!-- This site is optimized with the Yoast SEO plugin v26.9 - https:\/\/yoast.com\/product\/yoast-seo-wordpress\/ -->\n<title>Upcoming Webinars - Spanish - Media Associates International<\/title>\n<meta name=\"robots\" content=\"index, follow, max-snippet:-1, max-image-preview:large, max-video-preview:-1\" \/>\n<link rel=\"canonical\" href=\"https:\/\/maiglobal.org\/zh\/upcoming-webinars-spanish\/\" \/>\n<meta property=\"og:locale\" content=\"zh_CN\" \/>\n<meta property=\"og:type\" content=\"article\" \/>\n<meta property=\"og:title\" content=\"Upcoming Webinars - Spanish - Media Associates International\" \/>\n<meta property=\"og:description\" content=\"Webinars &#8211; Spanish Pr\u00f3ximos seminarios web INSCR\u00cdBETE EN EL SEMINARIO WEB \u00abArte y disciplina: El desaf\u00edo de escribir\u00bb \u00a0 El trabajo de escribir requiere esfuerzo y perseverancia. Cuando logramos organizar adecuadamente nuestra labor, el proceso de escribir se torna m\u00e1s llevadero y gratificante. Chris te compartir\u00e1 algunos sencillos principios que ordenan este trabajo y ayudan [&hellip;]\" \/>\n<meta property=\"og:url\" content=\"https:\/\/maiglobal.org\/zh\/upcoming-webinars-spanish\/\" \/>\n<meta property=\"og:site_name\" content=\"Media Associates International\" \/>\n<meta property=\"article:modified_time\" content=\"2026-04-06T21:23:26+00:00\" \/>\n<meta property=\"og:image\" content=\"https:\/\/maiglobal.org\/wp-content\/uploads\/2026\/04\/MAI-LATAM-ABRIL-2026-ok.jpg\" \/>\n\t<meta property=\"og:image:width\" content=\"1890\" \/>\n\t<meta property=\"og:image:height\" content=\"2363\" \/>\n\t<meta property=\"og:image:type\" content=\"image\/jpeg\" \/>\n<meta name=\"twitter:card\" content=\"summary_large_image\" \/>\n<meta name=\"twitter:label1\" content=\"\u9884\u8ba1\u9605\u8bfb\u65f6\u95f4\" \/>\n\t<meta name=\"twitter:data1\" content=\"2 \u5206\" \/>\n<script type=\"application\/ld+json\" class=\"yoast-schema-graph\">{\"@context\":\"https:\/\/schema.org\",\"@graph\":[{\"@type\":\"WebPage\",\"@id\":\"https:\/\/maiglobal.org\/upcoming-webinars-spanish\/\",\"url\":\"https:\/\/maiglobal.org\/upcoming-webinars-spanish\/\",\"name\":\"Upcoming Webinars - Spanish - Media Associates International\",\"isPartOf\":{\"@id\":\"https:\/\/maiglobal.org\/#website\"},\"primaryImageOfPage\":{\"@id\":\"https:\/\/maiglobal.org\/upcoming-webinars-spanish\/#primaryimage\"},\"image\":{\"@id\":\"https:\/\/maiglobal.org\/upcoming-webinars-spanish\/#primaryimage\"},\"thumbnailUrl\":\"https:\/\/maiglobal.org\/wp-content\/uploads\/2026\/04\/MAI-LATAM-ABRIL-2026-ok.jpg\",\"datePublished\":\"2026-02-04T21:34:18+00:00\",\"dateModified\":\"2026-04-06T21:23:26+00:00\",\"breadcrumb\":{\"@id\":\"https:\/\/maiglobal.org\/upcoming-webinars-spanish\/#breadcrumb\"},\"inLanguage\":\"zh-Hans\",\"potentialAction\":[{\"@type\":\"ReadAction\",\"target\":[\"https:\/\/maiglobal.org\/upcoming-webinars-spanish\/\"]}]},{\"@type\":\"ImageObject\",\"inLanguage\":\"zh-Hans\",\"@id\":\"https:\/\/maiglobal.org\/upcoming-webinars-spanish\/#primaryimage\",\"url\":\"https:\/\/maiglobal.org\/wp-content\/uploads\/2026\/04\/MAI-LATAM-ABRIL-2026-ok.jpg\",\"contentUrl\":\"https:\/\/maiglobal.org\/wp-content\/uploads\/2026\/04\/MAI-LATAM-ABRIL-2026-ok.jpg\"},{\"@type\":\"BreadcrumbList\",\"@id\":\"https:\/\/maiglobal.org\/upcoming-webinars-spanish\/#breadcrumb\",\"itemListElement\":[{\"@type\":\"ListItem\",\"position\":1,\"name\":\"Home\",\"item\":\"https:\/\/maiglobal.org\/\"},{\"@type\":\"ListItem\",\"position\":2,\"name\":\"Upcoming Webinars &#8211; Spanish\"}]},{\"@type\":\"WebSite\",\"@id\":\"https:\/\/maiglobal.org\/#website\",\"url\":\"https:\/\/maiglobal.org\/\",\"name\":\"Media Associates International\",\"description\":\"The power of the written word transforms lives.\",\"publisher\":{\"@id\":\"https:\/\/maiglobal.org\/#organization\"},\"potentialAction\":[{\"@type\":\"SearchAction\",\"target\":{\"@type\":\"EntryPoint\",\"urlTemplate\":\"https:\/\/maiglobal.org\/?s={search_term_string}\"},\"query-input\":{\"@type\":\"PropertyValueSpecification\",\"valueRequired\":true,\"valueName\":\"search_term_string\"}}],\"inLanguage\":\"zh-Hans\"},{\"@type\":\"Organization\",\"@id\":\"https:\/\/maiglobal.org\/#organization\",\"name\":\"Media Associates International\",\"url\":\"https:\/\/maiglobal.org\/\",\"logo\":{\"@type\":\"ImageObject\",\"inLanguage\":\"zh-Hans\",\"@id\":\"https:\/\/maiglobal.org\/#\/schema\/logo\/image\/\",\"url\":\"https:\/\/maiglobal.org\/wp-content\/uploads\/2017\/01\/maismall.jpg\",\"contentUrl\":\"https:\/\/maiglobal.org\/wp-content\/uploads\/2017\/01\/maismall.jpg\",\"width\":145,\"height\":60,\"caption\":\"Media Associates International\"},\"image\":{\"@id\":\"https:\/\/maiglobal.org\/#\/schema\/logo\/image\/\"}}]}<\/script>\n<!-- \/ Yoast SEO plugin. -->","yoast_head_json":{"title":"Upcoming Webinars - Spanish - Media Associates International","robots":{"index":"index","follow":"follow","max-snippet":"max-snippet:-1","max-image-preview":"max-image-preview:large","max-video-preview":"max-video-preview:-1"},"canonical":"https:\/\/maiglobal.org\/zh\/upcoming-webinars-spanish\/","og_locale":"zh_CN","og_type":"article","og_title":"Upcoming Webinars - Spanish - Media Associates International","og_description":"Webinars &#8211; Spanish Pr\u00f3ximos seminarios web INSCR\u00cdBETE EN EL SEMINARIO WEB \u00abArte y disciplina: El desaf\u00edo de escribir\u00bb \u00a0 El trabajo de escribir requiere esfuerzo y perseverancia. Cuando logramos organizar adecuadamente nuestra labor, el proceso de escribir se torna m\u00e1s llevadero y gratificante. Chris te compartir\u00e1 algunos sencillos principios que ordenan este trabajo y ayudan [&hellip;]","og_url":"https:\/\/maiglobal.org\/zh\/upcoming-webinars-spanish\/","og_site_name":"Media Associates International","article_modified_time":"2026-04-06T21:23:26+00:00","og_image":[{"width":1890,"height":2363,"url":"https:\/\/maiglobal.org\/wp-content\/uploads\/2026\/04\/MAI-LATAM-ABRIL-2026-ok.jpg","type":"image\/jpeg"}],"twitter_card":"summary_large_image","twitter_misc":{"\u9884\u8ba1\u9605\u8bfb\u65f6\u95f4":"2 \u5206"},"schema":{"@context":"https:\/\/schema.org","@graph":[{"@type":"WebPage","@id":"https:\/\/maiglobal.org\/upcoming-webinars-spanish\/","url":"https:\/\/maiglobal.org\/upcoming-webinars-spanish\/","name":"Upcoming Webinars - Spanish - Media Associates International","isPartOf":{"@id":"https:\/\/maiglobal.org\/#website"},"primaryImageOfPage":{"@id":"https:\/\/maiglobal.org\/upcoming-webinars-spanish\/#primaryimage"},"image":{"@id":"https:\/\/maiglobal.org\/upcoming-webinars-spanish\/#primaryimage"},"thumbnailUrl":"https:\/\/maiglobal.org\/wp-content\/uploads\/2026\/04\/MAI-LATAM-ABRIL-2026-ok.jpg","datePublished":"2026-02-04T21:34:18+00:00","dateModified":"2026-04-06T21:23:26+00:00","breadcrumb":{"@id":"https:\/\/maiglobal.org\/upcoming-webinars-spanish\/#breadcrumb"},"inLanguage":"zh-Hans","potentialAction":[{"@type":"ReadAction","target":["https:\/\/maiglobal.org\/upcoming-webinars-spanish\/"]}]},{"@type":"ImageObject","inLanguage":"zh-Hans","@id":"https:\/\/maiglobal.org\/upcoming-webinars-spanish\/#primaryimage","url":"https:\/\/maiglobal.org\/wp-content\/uploads\/2026\/04\/MAI-LATAM-ABRIL-2026-ok.jpg","contentUrl":"https:\/\/maiglobal.org\/wp-content\/uploads\/2026\/04\/MAI-LATAM-ABRIL-2026-ok.jpg"},{"@type":"BreadcrumbList","@id":"https:\/\/maiglobal.org\/upcoming-webinars-spanish\/#breadcrumb","itemListElement":[{"@type":"ListItem","position":1,"name":"Home","item":"https:\/\/maiglobal.org\/"},{"@type":"ListItem","position":2,"name":"Upcoming Webinars &#8211; Spanish"}]},{"@type":"WebSite","@id":"https:\/\/maiglobal.org\/#website","url":"https:\/\/maiglobal.org\/","name":"Media Associates International","description":"The power of the written word transforms lives.","publisher":{"@id":"https:\/\/maiglobal.org\/#organization"},"potentialAction":[{"@type":"SearchAction","target":{"@type":"EntryPoint","urlTemplate":"https:\/\/maiglobal.org\/?s={search_term_string}"},"query-input":{"@type":"PropertyValueSpecification","valueRequired":true,"valueName":"search_term_string"}}],"inLanguage":"zh-Hans"},{"@type":"Organization","@id":"https:\/\/maiglobal.org\/#organization","name":"Media Associates International","url":"https:\/\/maiglobal.org\/","logo":{"@type":"ImageObject","inLanguage":"zh-Hans","@id":"https:\/\/maiglobal.org\/#\/schema\/logo\/image\/","url":"https:\/\/maiglobal.org\/wp-content\/uploads\/2017\/01\/maismall.jpg","contentUrl":"https:\/\/maiglobal.org\/wp-content\/uploads\/2017\/01\/maismall.jpg","width":145,"height":60,"caption":"Media Associates International"},"image":{"@id":"https:\/\/maiglobal.org\/#\/schema\/logo\/image\/"}}]}},"campaignId":"","_links":{"self":[{"href":"https:\/\/maiglobal.org\/zh\/wp-json\/wp\/v2\/pages\/23409","targetHints":{"allow":["GET"]}}],"collection":[{"href":"https:\/\/maiglobal.org\/zh\/wp-json\/wp\/v2\/pages"}],"about":[{"href":"https:\/\/maiglobal.org\/zh\/wp-json\/wp\/v2\/types\/page"}],"author":[{"embeddable":true,"href":"https:\/\/maiglobal.org\/zh\/wp-json\/wp\/v2\/users\/1998"}],"replies":[{"embeddable":true,"href":"https:\/\/maiglobal.org\/zh\/wp-json\/wp\/v2\/comments?post=23409"}],"version-history":[{"count":12,"href":"https:\/\/maiglobal.org\/zh\/wp-json\/wp\/v2\/pages\/23409\/revisions"}],"predecessor-version":[{"id":24138,"href":"https:\/\/maiglobal.org\/zh\/wp-json\/wp\/v2\/pages\/23409\/revisions\/24138"}],"wp:attachment":[{"href":"https:\/\/maiglobal.org\/zh\/wp-json\/wp\/v2\/media?parent=23409"}],"curies":[{"name":"wp","href":"https:\/\/api.w.org\/{rel}","templated":true}]}}