{"id":23762,"date":"2026-03-09T05:02:33","date_gmt":"2026-03-09T10:02:33","guid":{"rendered":"https:\/\/maiglobal.org\/?page_id=23762"},"modified":"2026-04-07T16:06:41","modified_gmt":"2026-04-07T21:06:41","slug":"fortaleciendo-a-las-editoriales-cristianas","status":"publish","type":"page","link":"https:\/\/maiglobal.org\/zh\/fortaleciendo-a-las-editoriales-cristianas\/","title":{"rendered":"Fortaleciendo a las editoriales cristianas"},"content":{"rendered":"<div id=\"fb-root\"><\/div>\n\t\t<div data-elementor-type=\"wp-page\" data-elementor-id=\"23762\" class=\"elementor elementor-23762\" data-elementor-post-type=\"page\">\n\t\t\t\t<div class=\"elementor-element elementor-element-9c8d5bc e-flex e-con-boxed e-con e-parent\" data-id=\"9c8d5bc\" data-element_type=\"container\">\n\t\t\t\t\t<div class=\"e-con-inner\">\n\t\t\t\t<div class=\"elementor-element elementor-element-1e519de elementor-widget elementor-widget-spacer\" data-id=\"1e519de\" data-element_type=\"widget\" data-widget_type=\"spacer.default\">\n\t\t\t\t\t\t\t<div class=\"elementor-spacer\">\n\t\t\t<div class=\"elementor-spacer-inner\"><\/div>\n\t\t<\/div>\n\t\t\t\t\t\t<\/div>\n\t\t\t\t\t<\/div>\n\t\t\t\t<\/div>\n\t\t<div class=\"elementor-element elementor-element-53f6aea e-flex e-con-boxed e-con e-parent\" data-id=\"53f6aea\" data-element_type=\"container\">\n\t\t\t\t\t<div class=\"e-con-inner\">\n\t\t<div class=\"elementor-element elementor-element-dcbb628 e-con-full e-flex e-con e-child\" data-id=\"dcbb628\" data-element_type=\"container\">\n\t\t\t\t<div class=\"elementor-element elementor-element-b58b7a1 elementor-widget elementor-widget-image\" data-id=\"b58b7a1\" data-element_type=\"widget\" data-widget_type=\"image.default\">\n\t\t\t\t\t\t\t\t\t\t\t\t\t\t\t\t<a href=\"https:\/\/docs.google.com\/forms\/d\/e\/1FAIpQLSdu2Uzi_-sYi7MYloPYPoKhBt1-gIbd9z2kOY9FaLe0zqDrSg\/viewform?usp=sharing&#038;ouid=112208522400951196644%20\">\n\t\t\t\t\t\t\t<img fetchpriority=\"high\" decoding=\"async\" width=\"768\" height=\"1024\" src=\"https:\/\/maiglobal.org\/wp-content\/uploads\/2026\/04\/MAI-CAPACITACION-ARGENTINA-OK-02-768x1024.jpg\" class=\"attachment-large size-large wp-image-24124\" alt=\"\" srcset=\"https:\/\/maiglobal.org\/wp-content\/uploads\/2026\/04\/MAI-CAPACITACION-ARGENTINA-OK-02-768x1024.jpg 768w, https:\/\/maiglobal.org\/wp-content\/uploads\/2026\/04\/MAI-CAPACITACION-ARGENTINA-OK-02-225x300.jpg 225w, https:\/\/maiglobal.org\/wp-content\/uploads\/2026\/04\/MAI-CAPACITACION-ARGENTINA-OK-02-300x400.jpg 300w, https:\/\/maiglobal.org\/wp-content\/uploads\/2026\/04\/MAI-CAPACITACION-ARGENTINA-OK-02-1152x1536.jpg 1152w, https:\/\/maiglobal.org\/wp-content\/uploads\/2026\/04\/MAI-CAPACITACION-ARGENTINA-OK-02-1536x2048.jpg 1536w, https:\/\/maiglobal.org\/wp-content\/uploads\/2026\/04\/MAI-CAPACITACION-ARGENTINA-OK-02-9x12.jpg 9w, https:\/\/maiglobal.org\/wp-content\/uploads\/2026\/04\/MAI-CAPACITACION-ARGENTINA-OK-02-600x800.jpg 600w, https:\/\/maiglobal.org\/wp-content\/uploads\/2026\/04\/MAI-CAPACITACION-ARGENTINA-OK-02-scaled.jpg 1920w\" sizes=\"(max-width: 768px) 100vw, 768px\" \/>\t\t\t\t\t\t\t\t<\/a>\n\t\t\t\t\t\t\t\t\t\t\t\t\t\t\t<\/div>\n\t\t\t\t<div class=\"elementor-element elementor-element-75b5174 elementor-align-justify elementor-widget elementor-widget-button\" data-id=\"75b5174\" data-element_type=\"widget\" data-widget_type=\"button.default\">\n\t\t\t\t\t\t\t\t\t\t<a class=\"elementor-button elementor-button-link elementor-size-lg\" href=\"https:\/\/docs.google.com\/forms\/d\/e\/1FAIpQLSdu2Uzi_-sYi7MYloPYPoKhBt1-gIbd9z2kOY9FaLe0zqDrSg\/viewform?usp=sharing&#038;ouid=112208522400951196644%20\">\n\t\t\t\t\t\t<span class=\"elementor-button-content-wrapper\">\n\t\t\t\t\t\t\t\t\t<span class=\"elementor-button-text\">\u00a0REG\u00cdSTRESE\u00a015 DE MAYO EN ARGENTINA<\/span>\n\t\t\t\t\t<\/span>\n\t\t\t\t\t<\/a>\n\t\t\t\t\t\t\t\t<\/div>\n\t\t\t\t<\/div>\n\t\t<div class=\"elementor-element elementor-element-fdaaf4e e-con-full e-flex e-con e-child\" data-id=\"fdaaf4e\" data-element_type=\"container\">\n\t\t\t\t<div class=\"elementor-element elementor-element-87e7f7d elementor-widget elementor-widget-text-editor\" data-id=\"87e7f7d\" data-element_type=\"widget\" data-widget_type=\"text-editor.default\">\n\t\t\t\t\t\t\t\t\t<h2><strong>Fortaleciendo a las editoriales cristianas<\/strong><\/h2><p>Una jornada para que aprendas a lograr la sostenibilidad financiera y crear dise\u00f1os eficaces.<\/p><p><strong>15 de mayo de 2026<\/strong>\u00a0 \u00a0I\u00a0 \u00a08:30 a. m. &#8211; 4 p. m.<br \/>Alianza Cristiana y Misionera Argentina<\/p><p><strong>Ram\u00f3n Rocha<\/strong> compartir\u00e1 ejemplos de planificaci\u00f3n estrat\u00e9gica y analizar\u00e1 c\u00f3mo establecer directrices para lograr la excelencia en las \u00e1reas editorial, de marketing, distribuci\u00f3n, finanzas y liderazgo.<\/p><p><strong>Jos\u00e9 Carlos Guti\u00e9rrez M.<\/strong> hablar\u00e1 sobre el tema \u00abCreaci\u00f3n de dise\u00f1os e im\u00e1genes atractivas y eficaces\u00bb. Pod\u00e9s traer proyectos de dise\u00f1o reales en los que est\u00e9s trabajando para que te asesoren al respecto.<\/p><p><strong>Inscr\u00edbase antes del 8 de mayo. <\/strong>Para m\u00e1s informaci\u00f3n, ponte en contacto con\u00a0<a href=\"mailto:mai-americalatina@maiglobal.org\">mai-americalatina@maiglobal.org<\/a>.\u00a0<\/p>\t\t\t\t\t\t\t\t<\/div>\n\t\t\t\t<\/div>\n\t\t\t\t\t<\/div>\n\t\t\t\t<\/div>\n\t\t\t\t<\/div>","protected":false},"excerpt":{"rendered":"<p>\u00a0REG\u00cdSTRESE\u00a015 DE MAYO EN ARGENTINA Fortaleciendo a las editoriales cristianas Una jornada para que aprendas a lograr la sostenibilidad financiera y crear dise\u00f1os eficaces. 15 de mayo de 2026\u00a0 \u00a0I\u00a0 \u00a08:30 a. m. &#8211; 4 p. m.Alianza Cristiana y Misionera Argentina Ram\u00f3n Rocha compartir\u00e1 ejemplos de planificaci\u00f3n estrat\u00e9gica y analizar\u00e1 c\u00f3mo establecer directrices para lograr [&hellip;]<\/p>","protected":false},"author":2000,"featured_media":0,"parent":0,"menu_order":0,"comment_status":"closed","ping_status":"closed","template":"","meta":{"give_campaign_id":0,"site-sidebar-layout":"no-sidebar","site-content-layout":"page-builder","ast-site-content-layout":"full-width-container","site-content-style":"unboxed","site-sidebar-style":"unboxed","ast-global-header-display":"","ast-banner-title-visibility":"","ast-main-header-display":"","ast-hfb-above-header-display":"","ast-hfb-below-header-display":"","ast-hfb-mobile-header-display":"","site-post-title":"disabled","ast-breadcrumbs-content":"","ast-featured-img":"disabled","footer-sml-layout":"","theme-transparent-header-meta":"default","adv-header-id-meta":"","stick-header-meta":"","header-above-stick-meta":"","header-main-stick-meta":"","header-below-stick-meta":"","astra-migrate-meta-layouts":"set","ast-page-background-enabled":"default","ast-page-background-meta":{"desktop":{"background-color":"","background-image":"","background-repeat":"repeat","background-position":"center center","background-size":"auto","background-attachment":"scroll","background-type":"","background-media":"","overlay-type":"","overlay-color":"","overlay-opacity":"","overlay-gradient":""},"tablet":{"background-color":"","background-image":"","background-repeat":"repeat","background-position":"center center","background-size":"auto","background-attachment":"scroll","background-type":"","background-media":"","overlay-type":"","overlay-color":"","overlay-opacity":"","overlay-gradient":""},"mobile":{"background-color":"","background-image":"","background-repeat":"repeat","background-position":"center center","background-size":"auto","background-attachment":"scroll","background-type":"","background-media":"","overlay-type":"","overlay-color":"","overlay-opacity":"","overlay-gradient":""}},"ast-content-background-meta":{"desktop":{"background-color":"var(--ast-global-color-5)","background-image":"","background-repeat":"repeat","background-position":"center center","background-size":"auto","background-attachment":"scroll","background-type":"","background-media":"","overlay-type":"","overlay-color":"","overlay-opacity":"","overlay-gradient":""},"tablet":{"background-color":"var(--ast-global-color-5)","background-image":"","background-repeat":"repeat","background-position":"center center","background-size":"auto","background-attachment":"scroll","background-type":"","background-media":"","overlay-type":"","overlay-color":"","overlay-opacity":"","overlay-gradient":""},"mobile":{"background-color":"var(--ast-global-color-5)","background-image":"","background-repeat":"repeat","background-position":"center center","background-size":"auto","background-attachment":"scroll","background-type":"","background-media":"","overlay-type":"","overlay-color":"","overlay-opacity":"","overlay-gradient":""}},"iawp_total_views":43,"footnotes":""},"class_list":["post-23762","page","type-page","status-publish","hentry"],"yoast_head":"<!-- This site is optimized with the Yoast SEO plugin v26.9 - https:\/\/yoast.com\/product\/yoast-seo-wordpress\/ -->\n<title>Fortaleciendo a las editoriales cristianas - Media Associates International<\/title>\n<meta name=\"description\" content=\"Fortaleciendo a las editoriales cristianas: Una jornada para aprender a lograr la sostenibilidad financiera y crear dise\u00f1os eficaces.\" \/>\n<meta name=\"robots\" content=\"index, follow, max-snippet:-1, max-image-preview:large, max-video-preview:-1\" \/>\n<link rel=\"canonical\" href=\"https:\/\/maiglobal.org\/zh\/fortaleciendo-a-las-editoriales-cristianas\/\" \/>\n<meta property=\"og:locale\" content=\"zh_CN\" \/>\n<meta property=\"og:type\" content=\"article\" \/>\n<meta property=\"og:title\" content=\"Fortaleciendo a las editoriales cristianas - Media Associates International\" \/>\n<meta property=\"og:description\" content=\"Fortaleciendo a las editoriales cristianas: Una jornada para aprender a lograr la sostenibilidad financiera y crear dise\u00f1os eficaces.\" \/>\n<meta property=\"og:url\" content=\"https:\/\/maiglobal.org\/zh\/fortaleciendo-a-las-editoriales-cristianas\/\" \/>\n<meta property=\"og:site_name\" content=\"Media Associates International\" \/>\n<meta property=\"article:modified_time\" content=\"2026-04-07T21:06:41+00:00\" \/>\n<meta property=\"og:image\" content=\"https:\/\/maiglobal.org\/wp-content\/uploads\/2026\/04\/MAI-CAPACITACION-ARGENTINA-OK-02-scaled.jpg\" \/>\n\t<meta property=\"og:image:width\" content=\"1920\" \/>\n\t<meta property=\"og:image:height\" content=\"2560\" \/>\n\t<meta property=\"og:image:type\" content=\"image\/jpeg\" \/>\n<meta name=\"twitter:card\" content=\"summary_large_image\" \/>\n<meta name=\"twitter:label1\" content=\"\u9884\u8ba1\u9605\u8bfb\u65f6\u95f4\" \/>\n\t<meta name=\"twitter:data1\" content=\"1 \u5206\" \/>\n<script type=\"application\/ld+json\" class=\"yoast-schema-graph\">{\"@context\":\"https:\/\/schema.org\",\"@graph\":[{\"@type\":\"WebPage\",\"@id\":\"https:\/\/maiglobal.org\/fortaleciendo-a-las-editoriales-cristianas\/\",\"url\":\"https:\/\/maiglobal.org\/fortaleciendo-a-las-editoriales-cristianas\/\",\"name\":\"Fortaleciendo a las editoriales cristianas - Media Associates International\",\"isPartOf\":{\"@id\":\"https:\/\/maiglobal.org\/#website\"},\"primaryImageOfPage\":{\"@id\":\"https:\/\/maiglobal.org\/fortaleciendo-a-las-editoriales-cristianas\/#primaryimage\"},\"image\":{\"@id\":\"https:\/\/maiglobal.org\/fortaleciendo-a-las-editoriales-cristianas\/#primaryimage\"},\"thumbnailUrl\":\"https:\/\/maiglobal.org\/wp-content\/uploads\/2026\/04\/MAI-CAPACITACION-ARGENTINA-OK-02-768x1024.jpg\",\"datePublished\":\"2026-03-09T10:02:33+00:00\",\"dateModified\":\"2026-04-07T21:06:41+00:00\",\"description\":\"Fortaleciendo a las editoriales cristianas: Una jornada para aprender a lograr la sostenibilidad financiera y crear dise\u00f1os eficaces.\",\"breadcrumb\":{\"@id\":\"https:\/\/maiglobal.org\/fortaleciendo-a-las-editoriales-cristianas\/#breadcrumb\"},\"inLanguage\":\"zh-Hans\",\"potentialAction\":[{\"@type\":\"ReadAction\",\"target\":[\"https:\/\/maiglobal.org\/fortaleciendo-a-las-editoriales-cristianas\/\"]}]},{\"@type\":\"ImageObject\",\"inLanguage\":\"zh-Hans\",\"@id\":\"https:\/\/maiglobal.org\/fortaleciendo-a-las-editoriales-cristianas\/#primaryimage\",\"url\":\"https:\/\/maiglobal.org\/wp-content\/uploads\/2026\/04\/MAI-CAPACITACION-ARGENTINA-OK-02-768x1024.jpg\",\"contentUrl\":\"https:\/\/maiglobal.org\/wp-content\/uploads\/2026\/04\/MAI-CAPACITACION-ARGENTINA-OK-02-768x1024.jpg\"},{\"@type\":\"BreadcrumbList\",\"@id\":\"https:\/\/maiglobal.org\/fortaleciendo-a-las-editoriales-cristianas\/#breadcrumb\",\"itemListElement\":[{\"@type\":\"ListItem\",\"position\":1,\"name\":\"Home\",\"item\":\"https:\/\/maiglobal.org\/\"},{\"@type\":\"ListItem\",\"position\":2,\"name\":\"Fortaleciendo a las editoriales cristianas\"}]},{\"@type\":\"WebSite\",\"@id\":\"https:\/\/maiglobal.org\/#website\",\"url\":\"https:\/\/maiglobal.org\/\",\"name\":\"Media Associates International\",\"description\":\"The power of the written word transforms lives.\",\"publisher\":{\"@id\":\"https:\/\/maiglobal.org\/#organization\"},\"potentialAction\":[{\"@type\":\"SearchAction\",\"target\":{\"@type\":\"EntryPoint\",\"urlTemplate\":\"https:\/\/maiglobal.org\/?s={search_term_string}\"},\"query-input\":{\"@type\":\"PropertyValueSpecification\",\"valueRequired\":true,\"valueName\":\"search_term_string\"}}],\"inLanguage\":\"zh-Hans\"},{\"@type\":\"Organization\",\"@id\":\"https:\/\/maiglobal.org\/#organization\",\"name\":\"Media Associates International\",\"url\":\"https:\/\/maiglobal.org\/\",\"logo\":{\"@type\":\"ImageObject\",\"inLanguage\":\"zh-Hans\",\"@id\":\"https:\/\/maiglobal.org\/#\/schema\/logo\/image\/\",\"url\":\"https:\/\/maiglobal.org\/wp-content\/uploads\/2017\/01\/maismall.jpg\",\"contentUrl\":\"https:\/\/maiglobal.org\/wp-content\/uploads\/2017\/01\/maismall.jpg\",\"width\":145,\"height\":60,\"caption\":\"Media Associates International\"},\"image\":{\"@id\":\"https:\/\/maiglobal.org\/#\/schema\/logo\/image\/\"}}]}<\/script>\n<!-- \/ Yoast SEO plugin. -->","yoast_head_json":{"title":"Fortaleciendo a las editoriales cristianas - Media Associates International","description":"Fortaleciendo a las editoriales cristianas: Una jornada para aprender a lograr la sostenibilidad financiera y crear dise\u00f1os eficaces.","robots":{"index":"index","follow":"follow","max-snippet":"max-snippet:-1","max-image-preview":"max-image-preview:large","max-video-preview":"max-video-preview:-1"},"canonical":"https:\/\/maiglobal.org\/zh\/fortaleciendo-a-las-editoriales-cristianas\/","og_locale":"zh_CN","og_type":"article","og_title":"Fortaleciendo a las editoriales cristianas - Media Associates International","og_description":"Fortaleciendo a las editoriales cristianas: Una jornada para aprender a lograr la sostenibilidad financiera y crear dise\u00f1os eficaces.","og_url":"https:\/\/maiglobal.org\/zh\/fortaleciendo-a-las-editoriales-cristianas\/","og_site_name":"Media Associates International","article_modified_time":"2026-04-07T21:06:41+00:00","og_image":[{"width":1920,"height":2560,"url":"https:\/\/maiglobal.org\/wp-content\/uploads\/2026\/04\/MAI-CAPACITACION-ARGENTINA-OK-02-scaled.jpg","type":"image\/jpeg"}],"twitter_card":"summary_large_image","twitter_misc":{"\u9884\u8ba1\u9605\u8bfb\u65f6\u95f4":"1 \u5206"},"schema":{"@context":"https:\/\/schema.org","@graph":[{"@type":"WebPage","@id":"https:\/\/maiglobal.org\/fortaleciendo-a-las-editoriales-cristianas\/","url":"https:\/\/maiglobal.org\/fortaleciendo-a-las-editoriales-cristianas\/","name":"Fortaleciendo a las editoriales cristianas - Media Associates International","isPartOf":{"@id":"https:\/\/maiglobal.org\/#website"},"primaryImageOfPage":{"@id":"https:\/\/maiglobal.org\/fortaleciendo-a-las-editoriales-cristianas\/#primaryimage"},"image":{"@id":"https:\/\/maiglobal.org\/fortaleciendo-a-las-editoriales-cristianas\/#primaryimage"},"thumbnailUrl":"https:\/\/maiglobal.org\/wp-content\/uploads\/2026\/04\/MAI-CAPACITACION-ARGENTINA-OK-02-768x1024.jpg","datePublished":"2026-03-09T10:02:33+00:00","dateModified":"2026-04-07T21:06:41+00:00","description":"Fortaleciendo a las editoriales cristianas: Una jornada para aprender a lograr la sostenibilidad financiera y crear dise\u00f1os eficaces.","breadcrumb":{"@id":"https:\/\/maiglobal.org\/fortaleciendo-a-las-editoriales-cristianas\/#breadcrumb"},"inLanguage":"zh-Hans","potentialAction":[{"@type":"ReadAction","target":["https:\/\/maiglobal.org\/fortaleciendo-a-las-editoriales-cristianas\/"]}]},{"@type":"ImageObject","inLanguage":"zh-Hans","@id":"https:\/\/maiglobal.org\/fortaleciendo-a-las-editoriales-cristianas\/#primaryimage","url":"https:\/\/maiglobal.org\/wp-content\/uploads\/2026\/04\/MAI-CAPACITACION-ARGENTINA-OK-02-768x1024.jpg","contentUrl":"https:\/\/maiglobal.org\/wp-content\/uploads\/2026\/04\/MAI-CAPACITACION-ARGENTINA-OK-02-768x1024.jpg"},{"@type":"BreadcrumbList","@id":"https:\/\/maiglobal.org\/fortaleciendo-a-las-editoriales-cristianas\/#breadcrumb","itemListElement":[{"@type":"ListItem","position":1,"name":"Home","item":"https:\/\/maiglobal.org\/"},{"@type":"ListItem","position":2,"name":"Fortaleciendo a las editoriales cristianas"}]},{"@type":"WebSite","@id":"https:\/\/maiglobal.org\/#website","url":"https:\/\/maiglobal.org\/","name":"Media Associates International","description":"The power of the written word transforms lives.","publisher":{"@id":"https:\/\/maiglobal.org\/#organization"},"potentialAction":[{"@type":"SearchAction","target":{"@type":"EntryPoint","urlTemplate":"https:\/\/maiglobal.org\/?s={search_term_string}"},"query-input":{"@type":"PropertyValueSpecification","valueRequired":true,"valueName":"search_term_string"}}],"inLanguage":"zh-Hans"},{"@type":"Organization","@id":"https:\/\/maiglobal.org\/#organization","name":"Media Associates International","url":"https:\/\/maiglobal.org\/","logo":{"@type":"ImageObject","inLanguage":"zh-Hans","@id":"https:\/\/maiglobal.org\/#\/schema\/logo\/image\/","url":"https:\/\/maiglobal.org\/wp-content\/uploads\/2017\/01\/maismall.jpg","contentUrl":"https:\/\/maiglobal.org\/wp-content\/uploads\/2017\/01\/maismall.jpg","width":145,"height":60,"caption":"Media Associates International"},"image":{"@id":"https:\/\/maiglobal.org\/#\/schema\/logo\/image\/"}}]}},"campaignId":"","_links":{"self":[{"href":"https:\/\/maiglobal.org\/zh\/wp-json\/wp\/v2\/pages\/23762","targetHints":{"allow":["GET"]}}],"collection":[{"href":"https:\/\/maiglobal.org\/zh\/wp-json\/wp\/v2\/pages"}],"about":[{"href":"https:\/\/maiglobal.org\/zh\/wp-json\/wp\/v2\/types\/page"}],"author":[{"embeddable":true,"href":"https:\/\/maiglobal.org\/zh\/wp-json\/wp\/v2\/users\/2000"}],"replies":[{"embeddable":true,"href":"https:\/\/maiglobal.org\/zh\/wp-json\/wp\/v2\/comments?post=23762"}],"version-history":[{"count":40,"href":"https:\/\/maiglobal.org\/zh\/wp-json\/wp\/v2\/pages\/23762\/revisions"}],"predecessor-version":[{"id":24179,"href":"https:\/\/maiglobal.org\/zh\/wp-json\/wp\/v2\/pages\/23762\/revisions\/24179"}],"wp:attachment":[{"href":"https:\/\/maiglobal.org\/zh\/wp-json\/wp\/v2\/media?parent=23762"}],"curies":[{"name":"wp","href":"https:\/\/api.w.org\/{rel}","templated":true}]}}